{"id":257,"date":"2025-12-08T22:15:56","date_gmt":"2025-12-08T22:15:56","guid":{"rendered":"https:\/\/palletways.online\/de\/?page_id=257"},"modified":"2026-02-26T17:13:05","modified_gmt":"2026-02-26T17:13:05","slug":"ueber-uns","status":"publish","type":"page","link":"https:\/\/palletways.online\/de\/ueber-uns\/","title":{"rendered":"\u00dcber Uns"},"content":{"rendered":"\n<div class=\"wp-block-cover\" style=\"margin-bottom:var(--wp--preset--spacing--4-xl);padding-top:var(--wp--preset--spacing--4-xl);padding-bottom:var(--wp--preset--spacing--4-xl);min-height:30svh;aspect-ratio:unset;\"><img loading=\"lazy\" decoding=\"async\" width=\"1024\" height=\"587\" class=\"wp-block-cover__image-background wp-image-531 size-large\" alt=\"\" src=\"https:\/\/palletways.online\/de\/wp-content\/uploads\/sites\/7\/2026\/01\/Lorry-PW-1024x587.jpeg\" style=\"object-position:81% 78%\" data-object-fit=\"cover\" data-object-position=\"81% 78%\" srcset=\"https:\/\/palletways.online\/de\/wp-content\/uploads\/sites\/7\/2026\/01\/Lorry-PW-1024x587.jpeg 1024w, https:\/\/palletways.online\/de\/wp-content\/uploads\/sites\/7\/2026\/01\/Lorry-PW-300x172.jpeg 300w, https:\/\/palletways.online\/de\/wp-content\/uploads\/sites\/7\/2026\/01\/Lorry-PW-768x440.jpeg 768w, https:\/\/palletways.online\/de\/wp-content\/uploads\/sites\/7\/2026\/01\/Lorry-PW-1536x881.jpeg 1536w, https:\/\/palletways.online\/de\/wp-content\/uploads\/sites\/7\/2026\/01\/Lorry-PW-600x344.jpeg 600w, https:\/\/palletways.online\/de\/wp-content\/uploads\/sites\/7\/2026\/01\/Lorry-PW.jpeg 1765w\" sizes=\"auto, (max-width: 1024px) 100vw, 1024px\" \/><span aria-hidden=\"true\" class=\"wp-block-cover__background has-black-background-color has-background-dim-40 has-background-dim\"><\/span><div class=\"wp-block-cover__inner-container has-global-padding is-layout-constrained wp-block-cover-is-layout-constrained\">\n<div class=\"wp-block-group has-global-padding is-layout-constrained wp-block-group-is-layout-constrained\">\n<div class=\"wp-block-columns is-layout-flex wp-container-core-columns-is-layout-28f84493 wp-block-columns-is-layout-flex\">\n<div class=\"wp-block-column is-vertically-aligned-center is-layout-flow wp-container-core-column-is-layout-86b72393 wp-block-column-is-layout-flow\">\n<ol itemscope itemtype=\"https:\/\/schema.org\/BreadcrumbList\" class=\"wp-elements-e4c33ec0092b97fff79b6b3421a6e1af wp-block-the-framework-breadcrumbs has-text-color has-white-color\">\n    <li itemprop=\"itemListElement\" itemscope itemtype=\"https:\/\/schema.org\/ListItem\"><a style=\"--accent-text: var(--wp--preset--color--white);\" itemscope itemtype=\"https:\/\/schema.org\/WebPage\" itemprop=\"item\" itemid=\"https:\/\/palletways.online\/de\" href=\"https:\/\/palletways.online\/de\"><span itemprop=\"name\">Palletways Online Germany<\/span><\/a><meta itemprop=\"position\" content=\"1\" \/><\/li><svg width=\"8\" height=\"14\" viewBox=\"0 0 8 14\" fill=\"none\" xmlns=\"http:\/\/www.w3.org\/2000\/svg\"><path d=\"M6.59241 0.333374L1.40723 13.6667\" stroke=\"currentColor\" stroke-width=\"1.5\"\/><\/svg><li itemprop=\"itemListElement\" itemscope itemtype=\"https:\/\/schema.org\/ListItem\"><span itemprop=\"name\">Seite<\/span><meta itemprop=\"position\" content=\"2\" \/><\/li><\/ol>\n\n\n\n<div class=\"wp-block-group has-global-padding is-content-justification-left is-layout-constrained wp-container-core-group-is-layout-74cbbf86 wp-block-group-is-layout-constrained\">\n<h1 class=\"wp-block-heading has-white-color has-text-color has-link-color wp-elements-ec79050fba4863e762dad91b665edf20\">Willkommen bei Palletways Online<\/h1>\n\n\n\n<p class=\"has-white-color has-text-color has-link-color wp-elements-792061880f8c7e5e2018facc639ab14a\">Palletways Online ist die schnelle, einfache und kosteng\u00fcnstige M\u00f6glichkeit, Paletten innerhalb Europas zu versenden, ohne dass ein Gesch\u00e4ftsvertrag erforderlich ist. Ganz gleich, ob Sie als Privatperson einen gro\u00dfen Artikel zur\u00fccksenden oder als kleines Unternehmen Waren an Kunden versenden \u2013 unsere Online-Plattform macht den Palettenversand einfach und stressfrei.<\/p>\n<\/div>\n<\/div>\n\n\n\n<div class=\"wp-block-column is-vertically-aligned-center is-layout-flow wp-block-column-is-layout-flow\"><\/div>\n<\/div>\n<\/div>\n<\/div><\/div>\n\n\n\n<div class=\"wp-block-group has-global-padding is-layout-constrained wp-container-core-group-is-layout-822991c2 wp-block-group-is-layout-constrained\" style=\"margin-top:var(--wp--preset--spacing--3-xl);margin-bottom:var(--wp--preset--spacing--3-xl);padding-top:0\">\n<div class=\"wp-block-group has-global-padding is-layout-constrained wp-container-core-group-is-layout-92ef7b19 wp-block-group-is-layout-constrained\">\n<h2 class=\"wp-block-heading has-text-align-center has-text-color has-link-color wp-elements-638aeb6f793ca82d340752a1dfb601e6\" style=\"--accent-text: #003875; color:#003875;margin-bottom:var(--wp--preset--spacing--xl)\">Wir sind keine weitere Vergleichswebsite<\/h2>\n<\/div>\n\n\n\n<div class=\"wp-block-columns is-layout-flex wp-container-core-columns-is-layout-28f84493 wp-block-columns-is-layout-flex\">\n<div class=\"wp-block-column is-vertically-aligned-center is-layout-flow wp-block-column-is-layout-flow\">\n<p class=\"has-body-l-font-size\">Sie sind direkt mit dem Palletways-Netzwerk verbunden, dem vertrauensw\u00fcrdigsten Palettenversandnetzwerk Europas. Wir bieten denselben zuverl\u00e4ssigen Service, den auch gro\u00dfe Unternehmen nutzen, ohne dass ein festgelegtes w\u00f6chentliches Palettenvolumen erforderlich ist. <\/p>\n\n\n\n<p class=\"has-body-l-font-size\">Sie k\u00f6nnen jederzeit einmalige Sendungen verschicken und dabei auf die Effizienz und das Know-how eines erstklassigen Logistiknetzwerks zur\u00fcckgreifen.<\/p>\n<\/div>\n\n\n\n<div class=\"wp-block-column is-vertically-aligned-center is-layout-flow wp-block-column-is-layout-flow\">\n<figure class=\"wp-block-image size-full\"><img loading=\"lazy\" decoding=\"async\" width=\"2560\" height=\"1280\" src=\"https:\/\/palletways.online\/de\/wp-content\/uploads\/sites\/7\/2026\/01\/Palletways_Online_FAQ_NBG_Op1-scaled.jpg\" alt=\"\" class=\"wp-image-562\" style=\"aspect-ratio:4\/3;object-fit:cover\" srcset=\"https:\/\/palletways.online\/de\/wp-content\/uploads\/sites\/7\/2026\/01\/Palletways_Online_FAQ_NBG_Op1-scaled.jpg 2560w, https:\/\/palletways.online\/de\/wp-content\/uploads\/sites\/7\/2026\/01\/Palletways_Online_FAQ_NBG_Op1-300x150.jpg 300w, https:\/\/palletways.online\/de\/wp-content\/uploads\/sites\/7\/2026\/01\/Palletways_Online_FAQ_NBG_Op1-1024x512.jpg 1024w, https:\/\/palletways.online\/de\/wp-content\/uploads\/sites\/7\/2026\/01\/Palletways_Online_FAQ_NBG_Op1-768x384.jpg 768w, https:\/\/palletways.online\/de\/wp-content\/uploads\/sites\/7\/2026\/01\/Palletways_Online_FAQ_NBG_Op1-1536x768.jpg 1536w, https:\/\/palletways.online\/de\/wp-content\/uploads\/sites\/7\/2026\/01\/Palletways_Online_FAQ_NBG_Op1-2048x1024.jpg 2048w, https:\/\/palletways.online\/de\/wp-content\/uploads\/sites\/7\/2026\/01\/Palletways_Online_FAQ_NBG_Op1-600x300.jpg 600w\" sizes=\"auto, (max-width: 2560px) 100vw, 2560px\" \/><\/figure>\n<\/div>\n<\/div>\n\n\n\n<div class=\"wp-block-columns is-layout-flex wp-container-core-columns-is-layout-28f84493 wp-block-columns-is-layout-flex\">\n<div class=\"wp-block-column is-vertically-aligned-center is-layout-flow wp-block-column-is-layout-flow\">\n<figure class=\"wp-block-image size-full\"><img loading=\"lazy\" decoding=\"async\" width=\"800\" height=\"600\" src=\"https:\/\/palletways.online\/de\/wp-content\/uploads\/sites\/7\/2026\/01\/17th-Palletways-Online.jpg\" alt=\"\" class=\"wp-image-563\" style=\"aspect-ratio:4\/3;object-fit:contain\" srcset=\"https:\/\/palletways.online\/de\/wp-content\/uploads\/sites\/7\/2026\/01\/17th-Palletways-Online.jpg 800w, https:\/\/palletways.online\/de\/wp-content\/uploads\/sites\/7\/2026\/01\/17th-Palletways-Online-300x225.jpg 300w, https:\/\/palletways.online\/de\/wp-content\/uploads\/sites\/7\/2026\/01\/17th-Palletways-Online-768x576.jpg 768w, https:\/\/palletways.online\/de\/wp-content\/uploads\/sites\/7\/2026\/01\/17th-Palletways-Online-600x450.jpg 600w\" sizes=\"auto, (max-width: 800px) 100vw, 800px\" \/><\/figure>\n<\/div>\n\n\n\n<div class=\"wp-block-column is-vertically-aligned-center is-layout-flow wp-block-column-is-layout-flow\">\n<p class=\"has-body-l-font-size\">Mit unserem benutzerfreundlichen Buchungssystem erhalten Sie sofort ein Angebot und k\u00f6nnen mit nur wenigen Klicks eine Palette versenden. Nach der Buchung haben Sie vollst\u00e4ndige Transparenz \u00fcber den gesamten Transportweg von der Abholung bis zur Zustellung, sodass Sie immer wissen, wo sich Ihre Palette befindet.<\/p>\n\n\n\n<p class=\"has-body-l-font-size\">Bei Palletways Online verbinden wir die Zuverl\u00e4ssigkeit eines gro\u00dfen Netzwerks mit der Flexibilit\u00e4t eines kleinen Unternehmens und bieten Ihnen eine vertrauensw\u00fcrdige, kosteng\u00fcnstige L\u00f6sung f\u00fcr jede Palettenlieferung. Wir bieten flexible Palettengr\u00f6\u00dfen, sodass Sie nur f\u00fcr den Platz bezahlen, den Sie ben\u00f6tigen, und sind spezialisiert auf:<\/p>\n\n\n\n<ul class=\"wp-block-list has-body-l-font-size\">\n<li>Einmalige Palettensendungen<\/li>\n\n\n\n<li>R\u00fccksendungen gro\u00dfer Artikel f\u00fcr Einzelh\u00e4ndler <\/li>\n\n\n\n<li>Lieferungen f\u00fcr kleine und wachsende Unternehmen&nbsp;<\/li>\n<\/ul>\n<\/div>\n<\/div>\n<\/div>\n\n\n\n<div class=\"wp-block-group has-global-padding is-layout-constrained wp-block-group-is-layout-constrained\" style=\"margin-bottom:var(--wp--preset--spacing--xxl)\">\n<div class=\"wp-block-group has-neutral-100-background-color has-background has-global-padding is-layout-constrained wp-block-group-is-layout-constrained\" style=\"border-radius:1rem;margin-top:var(--wp--preset--spacing--5-xl);margin-bottom:var(--wp--preset--spacing--xl);padding-top:var(--wp--preset--spacing--xxl);padding-bottom:var(--wp--preset--spacing--xxl)\">\n<div class=\"wp-block-group has-global-padding is-layout-constrained wp-container-core-group-is-layout-70f4fdbb wp-block-group-is-layout-constrained\">\n<h2 class=\"wp-block-heading has-text-align-center has-text-color has-link-color wp-elements-e6041e323db21ffb14692d863707ce94\" style=\"--accent-text: #003875; color:#003875;margin-bottom:var(--wp--preset--spacing--xl)\">Mit uns ist die Palettenlieferung so einfach wie der Versand eines Pakets<\/h2>\n<\/div>\n\n\n\n<div class=\"wp-block-group has-global-padding is-layout-constrained wp-container-core-group-is-layout-f36bc466 wp-block-group-is-layout-constrained\">\n<p class=\"has-text-align-left has-body-l-font-size\">Mit T\u00fcr-zu-T\u00fcr-Service, ohne versteckte Geb\u00fchren und mit kompetentem Kundensupport macht Palletways Online die Palettenlieferung zum Kinderspiel. Ganz gleich, ob Sie etwas Gro\u00dfes, Sperriges oder einfach nur zu Schweres f\u00fcr einen Paketdienst versenden m\u00f6chten \u2013 wir machen es einfach, transparent und erschwinglich.<\/p>\n\n\n\n<p class=\"has-text-align-left has-body-l-font-size\">Schlie\u00dfen Sie sich Tausenden zufriedener Kunden an, die Palletways Online f\u00fcr schnellen, kosteng\u00fcnstigen Palettenversand vertrauen \u2013 dank der St\u00e4rke, Zuverl\u00e4ssigkeit und Reichweite des Palletways-Netzwerks.<\/p>\n\n\n\n<p class=\"has-text-align-left has-body-l-font-size\">Erleben Sie schnelle, erschwingliche und stressfreie Palettenlieferungen mit Palletways Online, der intelligenteren Art, Paletten zu versenden, ohne dass Sie ein Gesch\u00e4ftskonto oder einen Handelsvertrag ben\u00f6tigen.<\/p>\n\n\n\n<p class=\"has-body-l-font-size\"><\/p>\n\n\n\n<div class=\"wp-block-buttons is-content-justification-center is-layout-flex wp-container-core-buttons-is-layout-a89b3969 wp-block-buttons-is-layout-flex\">\n<div class=\"wp-block-button  is-style-primary\"><a style=\"\" class=\"wp-block-button __link wp-element-button\" href=\"https:\/\/palletways.online\/de\/\">Angebot f\u00fcr Palettenversand einholen<\/a><\/div>\n<\/div>\n<\/div>\n<\/div>\n<\/div>\n","protected":false},"excerpt":{"rendered":"<p>Wir sind keine weitere Vergleichswebsite Sie sind direkt mit dem Palletways-Netzwerk verbunden, dem vertrauensw\u00fcrdigsten Palettenversandnetzwerk Europas. Wir bieten denselben zuverl\u00e4ssigen Service, den auch gro\u00dfe Unternehmen nutzen, ohne dass ein festgelegtes w\u00f6chentliches Palettenvolumen erforderlich ist. Sie k\u00f6nnen jederzeit einmalige Sendungen verschicken und dabei auf die Effizienz und das Know-how eines erstklassigen Logistiknetzwerks zur\u00fcckgreifen. Mit unserem benutzerfreundlichen [&hellip;]<\/p>\n","protected":false},"author":1,"featured_media":292,"parent":0,"menu_order":0,"comment_status":"closed","ping_status":"closed","template":"","meta":{"view_count":83,"faq_page":false,"footnotes":""},"class_list":["post-257","page","type-page","status-publish","has-post-thumbnail","hentry"],"yoast_head":"<!-- This site is optimized with the Yoast SEO plugin v27.2 - https:\/\/yoast.com\/product\/yoast-seo-wordpress\/ -->\n<title>\u00dcber Uns - Palletways Online Germany<\/title>\n<meta name=\"robots\" content=\"index, follow, max-snippet:-1, max-image-preview:large, max-video-preview:-1\" \/>\n<link rel=\"canonical\" href=\"https:\/\/palletways.online\/de\/ueber-uns\/\" \/>\n<meta property=\"og:locale\" content=\"de_DE\" \/>\n<meta property=\"og:type\" content=\"article\" \/>\n<meta property=\"og:title\" content=\"\u00dcber Uns - Palletways Online Germany\" \/>\n<meta property=\"og:description\" content=\"Wir sind keine weitere Vergleichswebsite Sie sind direkt mit dem Palletways-Netzwerk verbunden, dem vertrauensw\u00fcrdigsten Palettenversandnetzwerk Europas. Wir bieten denselben zuverl\u00e4ssigen Service, den auch gro\u00dfe Unternehmen nutzen, ohne dass ein festgelegtes w\u00f6chentliches Palettenvolumen erforderlich ist. Sie k\u00f6nnen jederzeit einmalige Sendungen verschicken und dabei auf die Effizienz und das Know-how eines erstklassigen Logistiknetzwerks zur\u00fcckgreifen. Mit unserem benutzerfreundlichen [&hellip;]\" \/>\n<meta property=\"og:url\" content=\"https:\/\/palletways.online\/de\/ueber-uns\/\" \/>\n<meta property=\"og:site_name\" content=\"Palletways Online Germany\" \/>\n<meta property=\"article:modified_time\" content=\"2026-02-26T17:13:05+00:00\" \/>\n<meta property=\"og:image\" content=\"https:\/\/palletways.online\/de\/wp-content\/uploads\/sites\/7\/2025\/12\/GOaytAwzPsblh5v6Pwolj5skfVoXwWvy-2000x761-1-1024x390-1.jpg\" \/>\n\t<meta property=\"og:image:width\" content=\"1024\" \/>\n\t<meta property=\"og:image:height\" content=\"390\" \/>\n\t<meta property=\"og:image:type\" content=\"image\/jpeg\" \/>\n<meta name=\"twitter:card\" content=\"summary_large_image\" \/>\n<meta name=\"twitter:label1\" content=\"Gesch\u00e4tzte Lesezeit\" \/>\n\t<meta name=\"twitter:data1\" content=\"3\u00a0Minuten\" \/>\n<script type=\"application\/ld+json\" class=\"yoast-schema-graph\">{\"@context\":\"https:\/\/schema.org\",\"@graph\":[{\"@type\":\"WebPage\",\"@id\":\"https:\/\/palletways.online\/de\/ueber-uns\/\",\"url\":\"https:\/\/palletways.online\/de\/ueber-uns\/\",\"name\":\"\u00dcber Uns - Palletways Online Germany\",\"isPartOf\":{\"@id\":\"https:\/\/palletways.online\/de\/#website\"},\"primaryImageOfPage\":{\"@id\":\"https:\/\/palletways.online\/de\/ueber-uns\/#primaryimage\"},\"image\":{\"@id\":\"https:\/\/palletways.online\/de\/ueber-uns\/#primaryimage\"},\"thumbnailUrl\":\"https:\/\/palletways.online\/de\/wp-content\/uploads\/sites\/7\/2025\/12\/GOaytAwzPsblh5v6Pwolj5skfVoXwWvy-2000x761-1-1024x390-1.jpg\",\"datePublished\":\"2025-12-08T22:15:56+00:00\",\"dateModified\":\"2026-02-26T17:13:05+00:00\",\"breadcrumb\":{\"@id\":\"https:\/\/palletways.online\/de\/ueber-uns\/#breadcrumb\"},\"inLanguage\":\"de\",\"potentialAction\":[{\"@type\":\"ReadAction\",\"target\":[\"https:\/\/palletways.online\/de\/ueber-uns\/\"]}]},{\"@type\":\"ImageObject\",\"inLanguage\":\"de\",\"@id\":\"https:\/\/palletways.online\/de\/ueber-uns\/#primaryimage\",\"url\":\"https:\/\/palletways.online\/de\/wp-content\/uploads\/sites\/7\/2025\/12\/GOaytAwzPsblh5v6Pwolj5skfVoXwWvy-2000x761-1-1024x390-1.jpg\",\"contentUrl\":\"https:\/\/palletways.online\/de\/wp-content\/uploads\/sites\/7\/2025\/12\/GOaytAwzPsblh5v6Pwolj5skfVoXwWvy-2000x761-1-1024x390-1.jpg\",\"width\":1024,\"height\":390},{\"@type\":\"BreadcrumbList\",\"@id\":\"https:\/\/palletways.online\/de\/ueber-uns\/#breadcrumb\",\"itemListElement\":[{\"@type\":\"ListItem\",\"position\":1,\"name\":\"Home\",\"item\":\"https:\/\/palletways.online\/de\/\"},{\"@type\":\"ListItem\",\"position\":2,\"name\":\"\u00dcber Uns\"}]},{\"@type\":\"WebSite\",\"@id\":\"https:\/\/palletways.online\/de\/#website\",\"url\":\"https:\/\/palletways.online\/de\/\",\"name\":\"Palletways Online\",\"description\":\"\",\"publisher\":{\"@id\":\"https:\/\/palletways.online\/de\/#organization\"},\"potentialAction\":[{\"@type\":\"SearchAction\",\"target\":{\"@type\":\"EntryPoint\",\"urlTemplate\":\"https:\/\/palletways.online\/de\/?s={search_term_string}\"},\"query-input\":{\"@type\":\"PropertyValueSpecification\",\"valueRequired\":true,\"valueName\":\"search_term_string\"}}],\"inLanguage\":\"de\"},{\"@type\":\"Organization\",\"@id\":\"https:\/\/palletways.online\/de\/#organization\",\"name\":\"Palletways Online\",\"url\":\"https:\/\/palletways.online\/de\/\",\"logo\":{\"@type\":\"ImageObject\",\"inLanguage\":\"de\",\"@id\":\"https:\/\/palletways.online\/de\/#\/schema\/logo\/image\/\",\"url\":\"https:\/\/palletways.online\/de\/wp-content\/uploads\/sites\/7\/2025\/11\/palletways-blue-logo-1.png\",\"contentUrl\":\"https:\/\/palletways.online\/de\/wp-content\/uploads\/sites\/7\/2025\/11\/palletways-blue-logo-1.png\",\"width\":1845,\"height\":693,\"caption\":\"Palletways Online\"},\"image\":{\"@id\":\"https:\/\/palletways.online\/de\/#\/schema\/logo\/image\/\"}}]}<\/script>\n<!-- \/ Yoast SEO plugin. -->","yoast_head_json":{"title":"\u00dcber Uns - Palletways Online Germany","robots":{"index":"index","follow":"follow","max-snippet":"max-snippet:-1","max-image-preview":"max-image-preview:large","max-video-preview":"max-video-preview:-1"},"canonical":"https:\/\/palletways.online\/de\/ueber-uns\/","og_locale":"de_DE","og_type":"article","og_title":"\u00dcber Uns - Palletways Online Germany","og_description":"Wir sind keine weitere Vergleichswebsite Sie sind direkt mit dem Palletways-Netzwerk verbunden, dem vertrauensw\u00fcrdigsten Palettenversandnetzwerk Europas. Wir bieten denselben zuverl\u00e4ssigen Service, den auch gro\u00dfe Unternehmen nutzen, ohne dass ein festgelegtes w\u00f6chentliches Palettenvolumen erforderlich ist. Sie k\u00f6nnen jederzeit einmalige Sendungen verschicken und dabei auf die Effizienz und das Know-how eines erstklassigen Logistiknetzwerks zur\u00fcckgreifen. Mit unserem benutzerfreundlichen [&hellip;]","og_url":"https:\/\/palletways.online\/de\/ueber-uns\/","og_site_name":"Palletways Online Germany","article_modified_time":"2026-02-26T17:13:05+00:00","og_image":[{"width":1024,"height":390,"url":"https:\/\/palletways.online\/de\/wp-content\/uploads\/sites\/7\/2025\/12\/GOaytAwzPsblh5v6Pwolj5skfVoXwWvy-2000x761-1-1024x390-1.jpg","type":"image\/jpeg"}],"twitter_card":"summary_large_image","twitter_misc":{"Gesch\u00e4tzte Lesezeit":"3\u00a0Minuten"},"schema":{"@context":"https:\/\/schema.org","@graph":[{"@type":"WebPage","@id":"https:\/\/palletways.online\/de\/ueber-uns\/","url":"https:\/\/palletways.online\/de\/ueber-uns\/","name":"\u00dcber Uns - Palletways Online Germany","isPartOf":{"@id":"https:\/\/palletways.online\/de\/#website"},"primaryImageOfPage":{"@id":"https:\/\/palletways.online\/de\/ueber-uns\/#primaryimage"},"image":{"@id":"https:\/\/palletways.online\/de\/ueber-uns\/#primaryimage"},"thumbnailUrl":"https:\/\/palletways.online\/de\/wp-content\/uploads\/sites\/7\/2025\/12\/GOaytAwzPsblh5v6Pwolj5skfVoXwWvy-2000x761-1-1024x390-1.jpg","datePublished":"2025-12-08T22:15:56+00:00","dateModified":"2026-02-26T17:13:05+00:00","breadcrumb":{"@id":"https:\/\/palletways.online\/de\/ueber-uns\/#breadcrumb"},"inLanguage":"de","potentialAction":[{"@type":"ReadAction","target":["https:\/\/palletways.online\/de\/ueber-uns\/"]}]},{"@type":"ImageObject","inLanguage":"de","@id":"https:\/\/palletways.online\/de\/ueber-uns\/#primaryimage","url":"https:\/\/palletways.online\/de\/wp-content\/uploads\/sites\/7\/2025\/12\/GOaytAwzPsblh5v6Pwolj5skfVoXwWvy-2000x761-1-1024x390-1.jpg","contentUrl":"https:\/\/palletways.online\/de\/wp-content\/uploads\/sites\/7\/2025\/12\/GOaytAwzPsblh5v6Pwolj5skfVoXwWvy-2000x761-1-1024x390-1.jpg","width":1024,"height":390},{"@type":"BreadcrumbList","@id":"https:\/\/palletways.online\/de\/ueber-uns\/#breadcrumb","itemListElement":[{"@type":"ListItem","position":1,"name":"Home","item":"https:\/\/palletways.online\/de\/"},{"@type":"ListItem","position":2,"name":"\u00dcber Uns"}]},{"@type":"WebSite","@id":"https:\/\/palletways.online\/de\/#website","url":"https:\/\/palletways.online\/de\/","name":"Palletways Online","description":"","publisher":{"@id":"https:\/\/palletways.online\/de\/#organization"},"potentialAction":[{"@type":"SearchAction","target":{"@type":"EntryPoint","urlTemplate":"https:\/\/palletways.online\/de\/?s={search_term_string}"},"query-input":{"@type":"PropertyValueSpecification","valueRequired":true,"valueName":"search_term_string"}}],"inLanguage":"de"},{"@type":"Organization","@id":"https:\/\/palletways.online\/de\/#organization","name":"Palletways Online","url":"https:\/\/palletways.online\/de\/","logo":{"@type":"ImageObject","inLanguage":"de","@id":"https:\/\/palletways.online\/de\/#\/schema\/logo\/image\/","url":"https:\/\/palletways.online\/de\/wp-content\/uploads\/sites\/7\/2025\/11\/palletways-blue-logo-1.png","contentUrl":"https:\/\/palletways.online\/de\/wp-content\/uploads\/sites\/7\/2025\/11\/palletways-blue-logo-1.png","width":1845,"height":693,"caption":"Palletways Online"},"image":{"@id":"https:\/\/palletways.online\/de\/#\/schema\/logo\/image\/"}}]}},"_links":{"self":[{"href":"https:\/\/palletways.online\/de\/wp-json\/wp\/v2\/pages\/257","targetHints":{"allow":["GET"]}}],"collection":[{"href":"https:\/\/palletways.online\/de\/wp-json\/wp\/v2\/pages"}],"about":[{"href":"https:\/\/palletways.online\/de\/wp-json\/wp\/v2\/types\/page"}],"author":[{"embeddable":true,"href":"https:\/\/palletways.online\/de\/wp-json\/wp\/v2\/users\/1"}],"replies":[{"embeddable":true,"href":"https:\/\/palletways.online\/de\/wp-json\/wp\/v2\/comments?post=257"}],"version-history":[{"count":10,"href":"https:\/\/palletways.online\/de\/wp-json\/wp\/v2\/pages\/257\/revisions"}],"predecessor-version":[{"id":733,"href":"https:\/\/palletways.online\/de\/wp-json\/wp\/v2\/pages\/257\/revisions\/733"}],"wp:featuredmedia":[{"embeddable":true,"href":"https:\/\/palletways.online\/de\/wp-json\/wp\/v2\/media\/292"}],"wp:attachment":[{"href":"https:\/\/palletways.online\/de\/wp-json\/wp\/v2\/media?parent=257"}],"curies":[{"name":"wp","href":"https:\/\/api.w.org\/{rel}","templated":true}]}}