{"id":37,"date":"2025-11-17T00:31:27","date_gmt":"2025-11-17T00:31:27","guid":{"rendered":"http:\/\/palletways.online\/de\/?page_id=37"},"modified":"2026-02-27T11:44:05","modified_gmt":"2026-02-27T11:44:05","slug":"warum-wir","status":"publish","type":"page","link":"https:\/\/palletways.online\/de\/warum-wir\/","title":{"rendered":"Wieso wir?"},"content":{"rendered":"\n<div class=\"wp-block-cover\" style=\"margin-bottom:var(--wp--preset--spacing--3-xl);padding-top:var(--wp--preset--spacing--4-xl);padding-bottom:var(--wp--preset--spacing--4-xl);min-height:30svh;aspect-ratio:unset;\"><img loading=\"lazy\" decoding=\"async\" width=\"1024\" height=\"587\" class=\"wp-block-cover__image-background wp-image-531 size-large\" alt=\"\" src=\"https:\/\/palletways.online\/de\/wp-content\/uploads\/sites\/7\/2026\/01\/Lorry-PW-1024x587.jpeg\" style=\"object-position:81% 78%\" data-object-fit=\"cover\" data-object-position=\"81% 78%\" srcset=\"https:\/\/palletways.online\/de\/wp-content\/uploads\/sites\/7\/2026\/01\/Lorry-PW-1024x587.jpeg 1024w, https:\/\/palletways.online\/de\/wp-content\/uploads\/sites\/7\/2026\/01\/Lorry-PW-300x172.jpeg 300w, https:\/\/palletways.online\/de\/wp-content\/uploads\/sites\/7\/2026\/01\/Lorry-PW-768x440.jpeg 768w, https:\/\/palletways.online\/de\/wp-content\/uploads\/sites\/7\/2026\/01\/Lorry-PW-1536x881.jpeg 1536w, https:\/\/palletways.online\/de\/wp-content\/uploads\/sites\/7\/2026\/01\/Lorry-PW-600x344.jpeg 600w, https:\/\/palletways.online\/de\/wp-content\/uploads\/sites\/7\/2026\/01\/Lorry-PW.jpeg 1765w\" sizes=\"auto, (max-width: 1024px) 100vw, 1024px\" \/><span aria-hidden=\"true\" class=\"wp-block-cover__background has-black-background-color has-background-dim-40 has-background-dim\"><\/span><div class=\"wp-block-cover__inner-container has-global-padding is-layout-constrained wp-block-cover-is-layout-constrained\">\n<div class=\"wp-block-group has-global-padding is-layout-constrained wp-block-group-is-layout-constrained\">\n<div class=\"wp-block-columns is-layout-flex wp-container-core-columns-is-layout-28f84493 wp-block-columns-is-layout-flex\">\n<div class=\"wp-block-column is-vertically-aligned-center is-layout-flow wp-container-core-column-is-layout-86b72393 wp-block-column-is-layout-flow\">\n<ol itemscope itemtype=\"https:\/\/schema.org\/BreadcrumbList\" class=\"wp-elements-e4c33ec0092b97fff79b6b3421a6e1af wp-block-the-framework-breadcrumbs has-text-color has-white-color\">\n    <li itemprop=\"itemListElement\" itemscope itemtype=\"https:\/\/schema.org\/ListItem\"><a style=\"--accent-text: var(--wp--preset--color--white);\" itemscope itemtype=\"https:\/\/schema.org\/WebPage\" itemprop=\"item\" itemid=\"https:\/\/palletways.online\/de\" href=\"https:\/\/palletways.online\/de\"><span itemprop=\"name\">Palletways Online Germany<\/span><\/a><meta itemprop=\"position\" content=\"1\" \/><\/li><svg width=\"8\" height=\"14\" viewBox=\"0 0 8 14\" fill=\"none\" xmlns=\"http:\/\/www.w3.org\/2000\/svg\"><path d=\"M6.59241 0.333374L1.40723 13.6667\" stroke=\"currentColor\" stroke-width=\"1.5\"\/><\/svg><li itemprop=\"itemListElement\" itemscope itemtype=\"https:\/\/schema.org\/ListItem\"><span itemprop=\"name\">Seite<\/span><meta itemprop=\"position\" content=\"2\" \/><\/li><\/ol>\n\n\n\n<div class=\"wp-block-group has-global-padding is-content-justification-left is-layout-constrained wp-container-core-group-is-layout-74cbbf86 wp-block-group-is-layout-constrained\"><h1 class=\"has-text-align-left has-link-color wp-elements-dc70db3f2266c7b6256c1c82fbe804c4 wp-block-post-title has-text-color has-white-color\">Wieso wir?<\/h1>\n\n<div class=\"has-link-color wp-elements-3c3c06fb318883fa267eb5bde7d8ec55 wp-block-post-excerpt has-text-color has-white-color has-body-font-size\"><p class=\"wp-block-post-excerpt__excerpt\">F\u00fcr einen schnellen und g\u00fcnstigen Palettenversand durch Deutschland w\u00e4hlen Sie Palletways Online. Wir bieten landesweit Palettenlieferungen am n\u00e4chsten Tag und Economy-Lieferungen mit vollst\u00e4ndiger Sendungsverfolgung, einer voraussichtlichen Lieferzeit von 2 Stunden und einer freundlichen Abholung vor Ort. So einfach ist Palettenversand. <\/p><\/div><\/div>\n<\/div>\n\n\n\n<div class=\"wp-block-column is-vertically-aligned-center is-layout-flow wp-block-column-is-layout-flow\"><\/div>\n<\/div>\n<\/div>\n<\/div><\/div>\n\n\n\n<div class=\"wp-block-group has-global-padding is-layout-constrained wp-container-core-group-is-layout-5e152caa wp-block-group-is-layout-constrained\" style=\"margin-bottom:var(--wp--preset--spacing--4-xl)\">\n<div class=\"wp-block-group has-global-padding is-layout-constrained wp-container-core-group-is-layout-f36bc466 wp-block-group-is-layout-constrained\">\n<h2 class=\"wp-block-heading has-text-align-center has-secondary-color has-text-color has-link-color wp-elements-0e51ebdd8c2e33eddac916c040530810\">Warum eine Palette mit uns versenden?<\/h2>\n\n\n\n<p class=\"has-text-align-center\">F\u00fcr einen schnellen und g\u00fcnstigen Palettenversand durch Deutschland w\u00e4hlen Sie Palletways Online. Wir bieten landesweit Palettenlieferungen am n\u00e4chsten Tag und Economy-Lieferungen mit vollst\u00e4ndiger Sendungsverfolgung, einer voraussichtlichen Lieferzeit von 2 Stunden und einer freundlichen Abholung vor Ort. So einfach ist Palettenversand.<\/p>\n<\/div>\n\n\n\n<div class=\"wp-block-group has-global-padding is-layout-constrained wp-container-core-group-is-layout-704e782a wp-block-group-is-layout-constrained\">\n<div class=\"wp-block-group is-layout-grid wp-container-core-group-is-layout-29271053 wp-block-group-is-layout-grid\">\n<div style=\"--grid-tablet-column-span:1;--grid-tablet-row-span:1;--grid-mobile-column-span:2;--grid-mobile-row-span:1\" class=\"wp-block-the-framework-grid-cell is-layout-flex wp-container-the-framework-grid-cell-is-layout-d5da30a0 wp-block-the-framework-grid-cell-is-layout-flex\">\n<div class=\"wp-block-group has-neutral-200-background-color has-background is-vertical is-content-justification-center is-layout-flex wp-container-core-group-is-layout-1af53e0b wp-block-group-is-layout-flex\" style=\"border-radius:1rem;min-height:100%;padding-top:var(--wp--preset--spacing--lg);padding-right:var(--wp--preset--spacing--xl);padding-bottom:var(--wp--preset--spacing--lg);padding-left:var(--wp--preset--spacing--xl)\">\n<h5 class=\"wp-block-heading has-text-align-center has-secondary-color has-text-color has-link-color wp-elements-81d1477bc113abc3e9c52f6a2a109421\">Von Kunden gesch\u00e4tzt<\/h5>\n\n\n\n<p class=\"has-text-align-center\">Unsere freundlichen Fahrer, unser hilfsbereites Support-Team und unser zuverl\u00e4ssiges Netzwerk machen Palletways Online zur ersten Wahl f\u00fcr Palettenversand. Wir erhalten hervorragendes Feedback von unseren Nutzern.<\/p>\n<\/div>\n<\/div>\n\n\n\n<div style=\"--grid-tablet-column-span:1;--grid-tablet-row-span:1;--grid-mobile-column-span:2;--grid-mobile-row-span:1\" class=\"wp-block-the-framework-grid-cell is-layout-flex wp-container-the-framework-grid-cell-is-layout-d5da30a0 wp-block-the-framework-grid-cell-is-layout-flex\">\n<div class=\"wp-block-group has-neutral-200-background-color has-background is-vertical is-content-justification-center is-layout-flex wp-container-core-group-is-layout-1af53e0b wp-block-group-is-layout-flex\" style=\"border-radius:1rem;min-height:100%;padding-top:var(--wp--preset--spacing--lg);padding-right:var(--wp--preset--spacing--xl);padding-bottom:var(--wp--preset--spacing--lg);padding-left:var(--wp--preset--spacing--xl)\">\n<h5 class=\"wp-block-heading has-text-align-center has-secondary-color has-text-color has-link-color wp-elements-1acb28c846e2542374c98568c59de551\">Abholung und Zustellung am n\u00e4chsten Tag<\/h5>\n\n\n\n<p class=\"has-text-align-center\">Sie m\u00fcssen eine Palette schnell versenden? W\u00e4hlen Sie die Abholung und Zustellung am n\u00e4chsten Tag f\u00fcr die meisten Postleitzahlen im Vereinigten K\u00f6nigreich. Unsere lokalen Depots bearbeiten t\u00e4glich Tausende von Sendungen \u2013 das bedeutet, dass Ihre Sendung schnell \u00fcber unser etabliertes Palletways-Netzwerk transportiert wird. Wir bieten auch flexible zeitgesteuerte Dienste wie die Zustellung am Vormittag an.<\/p>\n<\/div>\n<\/div>\n\n\n\n<div style=\"--grid-tablet-column-span:1;--grid-tablet-row-span:1;--grid-mobile-column-span:2;--grid-mobile-row-span:1\" class=\"wp-block-the-framework-grid-cell is-layout-flex wp-container-the-framework-grid-cell-is-layout-d5da30a0 wp-block-the-framework-grid-cell-is-layout-flex\">\n<div class=\"wp-block-group has-neutral-200-background-color has-background is-vertical is-content-justification-center is-layout-flex wp-container-core-group-is-layout-1af53e0b wp-block-group-is-layout-flex\" style=\"border-radius:1rem;min-height:100%;padding-top:var(--wp--preset--spacing--lg);padding-right:var(--wp--preset--spacing--xl);padding-bottom:var(--wp--preset--spacing--lg);padding-left:var(--wp--preset--spacing--xl)\">\n<h5 class=\"wp-block-heading has-text-align-center has-secondary-color has-text-color has-link-color wp-elements-78b8f946342e4addcc16044c80a282a9\">Live-ETA innerhalb von 2 Stunden f\u00fcr Ihre Sicherheit<\/h5>\n\n\n\n<p class=\"has-text-align-center\">Wir wissen, wie wichtig das Timing ist. Deshalb bieten wir Ihnen f\u00fcr Ihre Lieferungen ein Zeitfenster von 2 Stunden f\u00fcr die voraussichtliche Ankunftszeit (ETA). Sie m\u00fcssen nicht mehr auf die Lieferung warten; Sie und Ihr Empf\u00e4nger k\u00f6nnen den Tag mit Zuversicht planen.<\/p>\n<\/div>\n<\/div>\n\n\n\n<div style=\"--grid-tablet-column-span:1;--grid-tablet-row-span:1;--grid-mobile-column-span:2;--grid-mobile-row-span:1\" class=\"wp-block-the-framework-grid-cell is-layout-flex wp-container-the-framework-grid-cell-is-layout-d5da30a0 wp-block-the-framework-grid-cell-is-layout-flex\">\n<div class=\"wp-block-group has-neutral-200-background-color has-background is-vertical is-content-justification-center is-layout-flex wp-container-core-group-is-layout-1af53e0b wp-block-group-is-layout-flex\" style=\"border-radius:1rem;min-height:100%;padding-top:var(--wp--preset--spacing--lg);padding-right:var(--wp--preset--spacing--xl);padding-bottom:var(--wp--preset--spacing--lg);padding-left:var(--wp--preset--spacing--xl)\">\n<h5 class=\"wp-block-heading has-text-align-center has-secondary-color has-text-color has-link-color wp-elements-dadc462f53ee57df30c99f8f143aa88d\">Vollst\u00e4ndige Sendungsverfolgung \u00fcber das Palletways-Portal<\/h5>\n\n\n\n<p class=\"has-text-align-center\">Bleiben Sie mit unserem vollst\u00e4ndig nachverfolgbaren Service \u00fcber jeden Schritt auf dem Laufenden und profitieren Sie von vollst\u00e4ndiger Transparenz und Sicherheit. Von der Abholung bis zur Zustellung k\u00f6nnen Sie im Palletways-Portal Live-Statusaktualisierungen, voraussichtliche Ankunftszeiten und Zustellnachweise einsehen.<\/p>\n<\/div>\n<\/div>\n\n\n\n<div style=\"--grid-tablet-column-span:1;--grid-tablet-row-span:1;--grid-mobile-column-span:2;--grid-mobile-row-span:1\" class=\"wp-block-the-framework-grid-cell is-layout-flex wp-container-the-framework-grid-cell-is-layout-d5da30a0 wp-block-the-framework-grid-cell-is-layout-flex\">\n<div class=\"wp-block-group has-neutral-200-background-color has-background is-vertical is-content-justification-center is-layout-flex wp-container-core-group-is-layout-1af53e0b wp-block-group-is-layout-flex\" style=\"border-radius:1rem;min-height:100%;padding-top:var(--wp--preset--spacing--lg);padding-right:var(--wp--preset--spacing--xl);padding-bottom:var(--wp--preset--spacing--lg);padding-left:var(--wp--preset--spacing--xl)\">\n<h5 class=\"wp-block-heading has-text-align-center has-secondary-color has-text-color has-link-color wp-elements-644a0592097c30847f2caa9f4a5dc9ea\">Einfache Online-Buchung<\/h5>\n\n\n\n<p class=\"has-text-align-center\">Der Versand Ihrer Palette k\u00f6nnte nicht einfacher sein. Teilen Sie uns einfach die Abmessungen Ihrer Palette sowie die Abhol- und Lieferadresse mit, und wir k\u00fcmmern uns um den Rest. Unser System findet sofort die beste Route und erstellt ein wettbewerbsf\u00e4higes Angebot, wodurch Sie Zeit und M\u00fche sparen.<\/p>\n<\/div>\n<\/div>\n\n\n\n<div style=\"--grid-tablet-column-span:1;--grid-tablet-row-span:1;--grid-mobile-column-span:2;--grid-mobile-row-span:1\" class=\"wp-block-the-framework-grid-cell is-layout-flex wp-container-the-framework-grid-cell-is-layout-d5da30a0 wp-block-the-framework-grid-cell-is-layout-flex\">\n<div class=\"wp-block-group has-neutral-200-background-color has-background is-vertical is-content-justification-center is-layout-flex wp-container-core-group-is-layout-1af53e0b wp-block-group-is-layout-flex\" style=\"border-radius:1rem;min-height:100%;padding-top:var(--wp--preset--spacing--lg);padding-right:var(--wp--preset--spacing--xl);padding-bottom:var(--wp--preset--spacing--lg);padding-left:var(--wp--preset--spacing--xl)\">\n<h5 class=\"wp-block-heading has-text-align-center has-secondary-color has-text-color has-link-color wp-elements-39ee6b4e4a9d0adfd46094a6ff615b55\">Erleben Sie den Unterschied \u2013 versenden Sie eine Palette mit Palletways Online<\/h5>\n\n\n\n<p class=\"has-text-align-center\">Schlie\u00dfen Sie sich Tausenden von Kunden an, die bereits auf Palletways Online f\u00fcr schnellen und zuverl\u00e4ssigen Palettenversand vertrauen. Von Lieferungen am n\u00e4chsten Tag \u00fcber genaue Sendungsverfolgung bis hin zu au\u00dfergew\u00f6hnlichem Support \u2013 Sie werden sehen, warum wir so hoch bewertet werden.<\/p>\n<\/div>\n<\/div>\n\n\n\n<div style=\"--grid-column-span:2\" class=\"wp-block-the-framework-grid-cell wp-container-content-06a31fd9 is-layout-flex wp-container-the-framework-grid-cell-is-layout-d5da30a0 wp-block-the-framework-grid-cell-is-layout-flex\">\n<div class=\"wp-block-group has-neutral-200-background-color has-background has-global-padding is-layout-constrained wp-container-core-group-is-layout-2410ff92 wp-block-group-is-layout-constrained\" style=\"border-radius:1rem;padding-top:var(--wp--preset--spacing--lg);padding-right:var(--wp--preset--spacing--xl);padding-bottom:var(--wp--preset--spacing--lg);padding-left:var(--wp--preset--spacing--xl)\">\n<h5 class=\"wp-block-heading has-text-align-center has-secondary-color has-text-color has-link-color wp-elements-f6c3de18a711bb6194a7c9f274b43c7b\">Unterst\u00fctzt durch das Palletways-Netzwerk<\/h5>\n\n\n\n<p class=\"has-text-align-center\">Ihre Paletten werden \u00fcber das Palletways-Netzwerk transportiert, das seit mehr als 30 Jahren besteht. Jedes Mitglied hat sich hohen Servicestandards verpflichtet und sorgt daf\u00fcr, dass Ihre Palette in jeder Phase sorgf\u00e4ltig behandelt wird.<\/p>\n\n\n\n<p class=\"has-text-align-center\">Unsere Fahrer sind bekannt f\u00fcr ihre Professionalit\u00e4t, Freundlichkeit und Hilfsbereitschaft und sorgen f\u00fcr ein au\u00dfergew\u00f6hnliches Erlebnis von der Haust\u00fcr bis zum Depot.\u00a0<\/p>\n<\/div>\n<\/div>\n<\/div>\n<\/div>\n\n\n\n<div class=\"wp-block-buttons is-vertical is-content-justification-center is-layout-flex wp-container-core-buttons-is-layout-b1fecf6e wp-block-buttons-is-layout-flex\">\n<div class=\"wp-block-button  is-style-primary\"><a style=\"\" class=\"wp-block-button __link wp-element-button\" href=\"https:\/\/palletways.online\/de\/\">Angebot f\u00fcr Palettenversand einholen<\/a><\/div>\n<\/div>\n<\/div>\n","protected":false},"excerpt":{"rendered":"<p>F\u00fcr einen schnellen und g\u00fcnstigen Palettenversand durch Deutschland w\u00e4hlen Sie Palletways Online. Wir bieten landesweit Palettenlieferungen am n\u00e4chsten Tag und Economy-Lieferungen mit vollst\u00e4ndiger Sendungsverfolgung, einer voraussichtlichen Lieferzeit von 2 Stunden und einer freundlichen Abholung vor Ort. So einfach ist Palettenversand.<\/p>\n","protected":false},"author":1,"featured_media":0,"parent":0,"menu_order":0,"comment_status":"closed","ping_status":"closed","template":"","meta":{"view_count":75,"faq_page":false,"footnotes":""},"class_list":["post-37","page","type-page","status-publish","hentry"],"yoast_head":"<!-- This site is optimized with the Yoast SEO plugin v27.2 - https:\/\/yoast.com\/product\/yoast-seo-wordpress\/ -->\n<title>Why choose Palletways Online | Trusted UK pallet delivery experts<\/title>\n<meta name=\"description\" content=\"Find out why customers ship a pallet with Palletways Online. From next-day pallet delivery to 2-hour ETAs and full tracking, you can count on us.\" \/>\n<meta name=\"robots\" content=\"index, follow, max-snippet:-1, max-image-preview:large, max-video-preview:-1\" \/>\n<link rel=\"canonical\" href=\"https:\/\/palletways.online\/de\/warum-wir\/\" \/>\n<meta property=\"og:locale\" content=\"de_DE\" \/>\n<meta property=\"og:type\" content=\"article\" \/>\n<meta property=\"og:title\" content=\"Why choose Palletways Online | Trusted UK pallet delivery experts\" \/>\n<meta property=\"og:description\" content=\"Find out why customers ship a pallet with Palletways Online. From next-day pallet delivery to 2-hour ETAs and full tracking, you can count on us.\" \/>\n<meta property=\"og:url\" content=\"https:\/\/palletways.online\/de\/warum-wir\/\" \/>\n<meta property=\"og:site_name\" content=\"Palletways Online Germany\" \/>\n<meta property=\"article:modified_time\" content=\"2026-02-27T11:44:05+00:00\" \/>\n<meta name=\"twitter:card\" content=\"summary_large_image\" \/>\n<meta name=\"twitter:label1\" content=\"Gesch\u00e4tzte Lesezeit\" \/>\n\t<meta name=\"twitter:data1\" content=\"3\u00a0Minuten\" \/>\n<script type=\"application\/ld+json\" class=\"yoast-schema-graph\">{\"@context\":\"https:\/\/schema.org\",\"@graph\":[{\"@type\":\"WebPage\",\"@id\":\"https:\/\/palletways.online\/de\/warum-wir\/\",\"url\":\"https:\/\/palletways.online\/de\/warum-wir\/\",\"name\":\"Why choose Palletways Online | Trusted UK pallet delivery experts\",\"isPartOf\":{\"@id\":\"https:\/\/palletways.online\/de\/#website\"},\"datePublished\":\"2025-11-17T00:31:27+00:00\",\"dateModified\":\"2026-02-27T11:44:05+00:00\",\"description\":\"Find out why customers ship a pallet with Palletways Online. From next-day pallet delivery to 2-hour ETAs and full tracking, you can count on us.\",\"breadcrumb\":{\"@id\":\"https:\/\/palletways.online\/de\/warum-wir\/#breadcrumb\"},\"inLanguage\":\"de\",\"potentialAction\":[{\"@type\":\"ReadAction\",\"target\":[\"https:\/\/palletways.online\/de\/warum-wir\/\"]}]},{\"@type\":\"BreadcrumbList\",\"@id\":\"https:\/\/palletways.online\/de\/warum-wir\/#breadcrumb\",\"itemListElement\":[{\"@type\":\"ListItem\",\"position\":1,\"name\":\"Home\",\"item\":\"https:\/\/palletways.online\/de\/\"},{\"@type\":\"ListItem\",\"position\":2,\"name\":\"Wieso wir?\"}]},{\"@type\":\"WebSite\",\"@id\":\"https:\/\/palletways.online\/de\/#website\",\"url\":\"https:\/\/palletways.online\/de\/\",\"name\":\"Palletways Online\",\"description\":\"\",\"publisher\":{\"@id\":\"https:\/\/palletways.online\/de\/#organization\"},\"potentialAction\":[{\"@type\":\"SearchAction\",\"target\":{\"@type\":\"EntryPoint\",\"urlTemplate\":\"https:\/\/palletways.online\/de\/?s={search_term_string}\"},\"query-input\":{\"@type\":\"PropertyValueSpecification\",\"valueRequired\":true,\"valueName\":\"search_term_string\"}}],\"inLanguage\":\"de\"},{\"@type\":\"Organization\",\"@id\":\"https:\/\/palletways.online\/de\/#organization\",\"name\":\"Palletways Online\",\"url\":\"https:\/\/palletways.online\/de\/\",\"logo\":{\"@type\":\"ImageObject\",\"inLanguage\":\"de\",\"@id\":\"https:\/\/palletways.online\/de\/#\/schema\/logo\/image\/\",\"url\":\"https:\/\/palletways.online\/de\/wp-content\/uploads\/sites\/7\/2025\/11\/palletways-blue-logo-1.png\",\"contentUrl\":\"https:\/\/palletways.online\/de\/wp-content\/uploads\/sites\/7\/2025\/11\/palletways-blue-logo-1.png\",\"width\":1845,\"height\":693,\"caption\":\"Palletways Online\"},\"image\":{\"@id\":\"https:\/\/palletways.online\/de\/#\/schema\/logo\/image\/\"}}]}<\/script>\n<!-- \/ Yoast SEO plugin. -->","yoast_head_json":{"title":"Why choose Palletways Online | Trusted UK pallet delivery experts","description":"Find out why customers ship a pallet with Palletways Online. From next-day pallet delivery to 2-hour ETAs and full tracking, you can count on us.","robots":{"index":"index","follow":"follow","max-snippet":"max-snippet:-1","max-image-preview":"max-image-preview:large","max-video-preview":"max-video-preview:-1"},"canonical":"https:\/\/palletways.online\/de\/warum-wir\/","og_locale":"de_DE","og_type":"article","og_title":"Why choose Palletways Online | Trusted UK pallet delivery experts","og_description":"Find out why customers ship a pallet with Palletways Online. From next-day pallet delivery to 2-hour ETAs and full tracking, you can count on us.","og_url":"https:\/\/palletways.online\/de\/warum-wir\/","og_site_name":"Palletways Online Germany","article_modified_time":"2026-02-27T11:44:05+00:00","twitter_card":"summary_large_image","twitter_misc":{"Gesch\u00e4tzte Lesezeit":"3\u00a0Minuten"},"schema":{"@context":"https:\/\/schema.org","@graph":[{"@type":"WebPage","@id":"https:\/\/palletways.online\/de\/warum-wir\/","url":"https:\/\/palletways.online\/de\/warum-wir\/","name":"Why choose Palletways Online | Trusted UK pallet delivery experts","isPartOf":{"@id":"https:\/\/palletways.online\/de\/#website"},"datePublished":"2025-11-17T00:31:27+00:00","dateModified":"2026-02-27T11:44:05+00:00","description":"Find out why customers ship a pallet with Palletways Online. From next-day pallet delivery to 2-hour ETAs and full tracking, you can count on us.","breadcrumb":{"@id":"https:\/\/palletways.online\/de\/warum-wir\/#breadcrumb"},"inLanguage":"de","potentialAction":[{"@type":"ReadAction","target":["https:\/\/palletways.online\/de\/warum-wir\/"]}]},{"@type":"BreadcrumbList","@id":"https:\/\/palletways.online\/de\/warum-wir\/#breadcrumb","itemListElement":[{"@type":"ListItem","position":1,"name":"Home","item":"https:\/\/palletways.online\/de\/"},{"@type":"ListItem","position":2,"name":"Wieso wir?"}]},{"@type":"WebSite","@id":"https:\/\/palletways.online\/de\/#website","url":"https:\/\/palletways.online\/de\/","name":"Palletways Online","description":"","publisher":{"@id":"https:\/\/palletways.online\/de\/#organization"},"potentialAction":[{"@type":"SearchAction","target":{"@type":"EntryPoint","urlTemplate":"https:\/\/palletways.online\/de\/?s={search_term_string}"},"query-input":{"@type":"PropertyValueSpecification","valueRequired":true,"valueName":"search_term_string"}}],"inLanguage":"de"},{"@type":"Organization","@id":"https:\/\/palletways.online\/de\/#organization","name":"Palletways Online","url":"https:\/\/palletways.online\/de\/","logo":{"@type":"ImageObject","inLanguage":"de","@id":"https:\/\/palletways.online\/de\/#\/schema\/logo\/image\/","url":"https:\/\/palletways.online\/de\/wp-content\/uploads\/sites\/7\/2025\/11\/palletways-blue-logo-1.png","contentUrl":"https:\/\/palletways.online\/de\/wp-content\/uploads\/sites\/7\/2025\/11\/palletways-blue-logo-1.png","width":1845,"height":693,"caption":"Palletways Online"},"image":{"@id":"https:\/\/palletways.online\/de\/#\/schema\/logo\/image\/"}}]}},"_links":{"self":[{"href":"https:\/\/palletways.online\/de\/wp-json\/wp\/v2\/pages\/37","targetHints":{"allow":["GET"]}}],"collection":[{"href":"https:\/\/palletways.online\/de\/wp-json\/wp\/v2\/pages"}],"about":[{"href":"https:\/\/palletways.online\/de\/wp-json\/wp\/v2\/types\/page"}],"author":[{"embeddable":true,"href":"https:\/\/palletways.online\/de\/wp-json\/wp\/v2\/users\/1"}],"replies":[{"embeddable":true,"href":"https:\/\/palletways.online\/de\/wp-json\/wp\/v2\/comments?post=37"}],"version-history":[{"count":10,"href":"https:\/\/palletways.online\/de\/wp-json\/wp\/v2\/pages\/37\/revisions"}],"predecessor-version":[{"id":758,"href":"https:\/\/palletways.online\/de\/wp-json\/wp\/v2\/pages\/37\/revisions\/758"}],"wp:attachment":[{"href":"https:\/\/palletways.online\/de\/wp-json\/wp\/v2\/media?parent=37"}],"curies":[{"name":"wp","href":"https:\/\/api.w.org\/{rel}","templated":true}]}}