{"id":39,"date":"2025-11-17T00:39:32","date_gmt":"2025-11-17T00:39:32","guid":{"rendered":"http:\/\/palletways.online\/de\/?page_id=39"},"modified":"2026-02-27T09:37:23","modified_gmt":"2026-02-27T09:37:23","slug":"sperrgut-versenden","status":"publish","type":"page","link":"https:\/\/palletways.online\/de\/sperrgut-versenden\/","title":{"rendered":"Gro\u00dfe und sperrige Gegenst\u00e4nde einfach versenden"},"content":{"rendered":"\n<div class=\"wp-block-cover\" style=\"margin-bottom:var(--wp--preset--spacing--4-xl);padding-top:var(--wp--preset--spacing--4-xl);padding-bottom:var(--wp--preset--spacing--4-xl);min-height:30svh;aspect-ratio:unset;\"><img loading=\"lazy\" decoding=\"async\" width=\"1024\" height=\"587\" class=\"wp-block-cover__image-background wp-image-531 size-large\" alt=\"\" src=\"https:\/\/palletways.online\/de\/wp-content\/uploads\/sites\/7\/2026\/01\/Lorry-PW-1024x587.jpeg\" style=\"object-position:81% 78%\" data-object-fit=\"cover\" data-object-position=\"81% 78%\" srcset=\"https:\/\/palletways.online\/de\/wp-content\/uploads\/sites\/7\/2026\/01\/Lorry-PW-1024x587.jpeg 1024w, https:\/\/palletways.online\/de\/wp-content\/uploads\/sites\/7\/2026\/01\/Lorry-PW-300x172.jpeg 300w, https:\/\/palletways.online\/de\/wp-content\/uploads\/sites\/7\/2026\/01\/Lorry-PW-768x440.jpeg 768w, https:\/\/palletways.online\/de\/wp-content\/uploads\/sites\/7\/2026\/01\/Lorry-PW-1536x881.jpeg 1536w, https:\/\/palletways.online\/de\/wp-content\/uploads\/sites\/7\/2026\/01\/Lorry-PW-600x344.jpeg 600w, https:\/\/palletways.online\/de\/wp-content\/uploads\/sites\/7\/2026\/01\/Lorry-PW.jpeg 1765w\" sizes=\"auto, (max-width: 1024px) 100vw, 1024px\" \/><span aria-hidden=\"true\" class=\"wp-block-cover__background has-black-background-color has-background-dim-40 has-background-dim\"><\/span><div class=\"wp-block-cover__inner-container has-global-padding is-layout-constrained wp-block-cover-is-layout-constrained\">\n<div class=\"wp-block-group has-global-padding is-layout-constrained wp-block-group-is-layout-constrained\">\n<div class=\"wp-block-columns is-layout-flex wp-container-core-columns-is-layout-28f84493 wp-block-columns-is-layout-flex\">\n<div class=\"wp-block-column is-vertically-aligned-center is-layout-flow wp-container-core-column-is-layout-86b72393 wp-block-column-is-layout-flow\">\n<ol itemscope itemtype=\"https:\/\/schema.org\/BreadcrumbList\" class=\"wp-elements-e4c33ec0092b97fff79b6b3421a6e1af wp-block-the-framework-breadcrumbs has-text-color has-white-color\">\n    <li itemprop=\"itemListElement\" itemscope itemtype=\"https:\/\/schema.org\/ListItem\"><a style=\"--accent-text: var(--wp--preset--color--white);\" itemscope itemtype=\"https:\/\/schema.org\/WebPage\" itemprop=\"item\" itemid=\"https:\/\/palletways.online\/de\" href=\"https:\/\/palletways.online\/de\"><span itemprop=\"name\">Palletways Online Germany<\/span><\/a><meta itemprop=\"position\" content=\"1\" \/><\/li><svg width=\"8\" height=\"14\" viewBox=\"0 0 8 14\" fill=\"none\" xmlns=\"http:\/\/www.w3.org\/2000\/svg\"><path d=\"M6.59241 0.333374L1.40723 13.6667\" stroke=\"currentColor\" stroke-width=\"1.5\"\/><\/svg><li itemprop=\"itemListElement\" itemscope itemtype=\"https:\/\/schema.org\/ListItem\"><span itemprop=\"name\">Seite<\/span><meta itemprop=\"position\" content=\"2\" \/><\/li><\/ol>\n\n\n\n<div class=\"wp-block-group has-global-padding is-content-justification-left is-layout-constrained wp-container-core-group-is-layout-74cbbf86 wp-block-group-is-layout-constrained\">\n<h1 class=\"wp-block-heading has-white-color has-text-color has-link-color wp-elements-fd5870ffeaedb6021d72f386c06aba6c\">Gro\u00dfe und sperrige Gegenst\u00e4nde einfach versenden&nbsp;<\/h1>\n\n\n\n<p class=\"has-white-color has-text-color has-link-color wp-elements-48b0c9da596c093151c69450013856fe\">Haben Sie etwas, das f\u00fcr Paketdienste zu gro\u00df ist? Ob M\u00f6bel, Haushaltsger\u00e4te oder andere schwere, sperrige Gegenst\u00e4nde \u2013 Palettenlieferungen sind die einfachste M\u00f6glichkeit, diese abzuholen und \u00fcberall in Deutschland zuzustellen. Palletways Online macht es Ihnen leicht: Buchen Sie online, wir holen ab und Ihr gro\u00dfes Paket wird sicher zugestellt.<\/p>\n<\/div>\n<\/div>\n\n\n\n<div class=\"wp-block-column is-vertically-aligned-center is-layout-flow wp-block-column-is-layout-flow\"><\/div>\n<\/div>\n<\/div>\n<\/div><\/div>\n\n\n\n<div class=\"wp-block-group has-global-padding is-layout-constrained wp-block-group-is-layout-constrained\">\n<div class=\"wp-block-group has-global-padding is-content-justification-center is-layout-constrained wp-container-core-group-is-layout-b9e76259 wp-block-group-is-layout-constrained\">\n<h3 class=\"wp-block-heading has-text-align-center has-secondary-color has-text-color has-link-color wp-elements-6dfa1fedd52238d829cc4b725afb4b1a\">Zu gro\u00df f\u00fcr einen Kurierdienst? Hier ist die L\u00f6sung<\/h3>\n\n\n\n<p class=\"has-text-align-center\">Die meisten Paketdienste haben strenge Gr\u00f6\u00dfen- und Gewichtsbeschr\u00e4nkungen. Alles, was schwerer als etwa 30 kg ist oder zu gro\u00df f\u00fcr ein F\u00f6rderband ist, wird in der Regel abgelehnt oder mit teuren Zuschl\u00e4gen versehen. Hier kommt die Palettenlieferung ins Spiel. Unser Netzwerk ist darauf ausgelegt, sperrige und schwere G\u00fcter zu transportieren, von Viertelpaletten bis hin zu \u00fcbergro\u00dfen Lieferungen, und bietet Ihnen eine zuverl\u00e4ssige M\u00f6glichkeit, das zu versenden, was andere nicht k\u00f6nnen.<\/p>\n<\/div>\n<\/div>\n\n\n\n<div class=\"wp-block-group has-global-padding is-layout-constrained wp-container-core-group-is-layout-67bf69b7 wp-block-group-is-layout-constrained\" style=\"margin-top:var(--wp--preset--spacing--3-xl);margin-bottom:var(--wp--preset--spacing--3-xl);padding-top:0\">\n<div class=\"wp-block-columns is-layout-flex wp-container-core-columns-is-layout-28f84493 wp-block-columns-is-layout-flex\">\n<div class=\"wp-block-column is-vertically-aligned-center is-layout-flow wp-block-column-is-layout-flow\">\n<h4 class=\"wp-block-heading has-text-align-left has-text-color has-link-color wp-elements-b3ee419f8ce7f55618d00bcfc43f8eef\" style=\"--accent-text: #003875; color:#003875;margin-bottom:var(--wp--preset--spacing--xl)\">H\u00e4ufig versendete gro\u00dfe Artikel<\/h4>\n\n\n\n<p>Jeden Tag nutzen Menschen Palletways Online, um gro\u00dfe und schwere Artikel zu versenden, die von Standardkurieren einfach nicht angenommen werden. Zu den h\u00e4ufigsten geh\u00f6ren:<\/p>\n\n\n\n<div class=\"wp-block-group is-nowrap is-layout-flex wp-container-core-group-is-layout-75b88fce wp-block-group-is-layout-flex\">\n<div style=\"--size:24px;width:24px;height:24px;flex:0 1 24px\" class=\"wp-block-the-framework-icon animation-none shrink-0\"><span><\/span><\/div>\n\n\n\n<p>Sofas, Sessel und andere M\u00f6bel<\/p>\n<\/div>\n\n\n\n<div class=\"wp-block-group is-nowrap is-layout-flex wp-container-core-group-is-layout-75b88fce wp-block-group-is-layout-flex\">\n<div style=\"--size:24px;width:24px;height:24px;flex:0 1 24px\" class=\"wp-block-the-framework-icon animation-none shrink-0\"><span><\/span><\/div>\n\n\n\n<p>Badewannen, Badezimmerausstattungen und sperrige Sanit\u00e4rartikel<\/p>\n<\/div>\n\n\n\n<div class=\"wp-block-group is-nowrap is-layout-flex wp-container-core-group-is-layout-75b88fce wp-block-group-is-layout-flex\">\n<div style=\"--size:24px;width:24px;height:24px;flex:0 1 24px\" class=\"wp-block-the-framework-icon animation-none shrink-0\"><span><\/span><\/div>\n\n\n\n<p>K\u00fcchenarbeitsplatten, M\u00f6bel zum Selbstaufbau und DIY-Artikel<\/p>\n<\/div>\n\n\n\n<div class=\"wp-block-group is-nowrap is-layout-flex wp-container-core-group-is-layout-75b88fce wp-block-group-is-layout-flex\">\n<div style=\"--size:24px;width:24px;height:24px;flex:0 1 24px\" class=\"wp-block-the-framework-icon animation-none shrink-0\"><span><\/span><\/div>\n\n\n\n<p>Gartenger\u00e4te, Ausr\u00fcstung und \u00fcbergro\u00dfe Pakete<\/p>\n<\/div>\n\n\n\n<p>Wenn Sie sich fragen, wie Sie ein Sofa versenden, DIY-Artikel verschicken oder eine Badewanne zur\u00fccksenden k\u00f6nnen, ist die Palettenlieferung die Antwort.<\/p>\n<\/div>\n\n\n\n<div class=\"wp-block-column is-vertically-aligned-center is-layout-flow wp-block-column-is-layout-flow\">\n<figure class=\"wp-block-image size-full\"><img loading=\"lazy\" decoding=\"async\" width=\"1024\" height=\"681\" src=\"https:\/\/palletways.online\/de\/wp-content\/uploads\/sites\/7\/2025\/12\/11th-June-1024x681-1.jpg\" alt=\"\" class=\"wp-image-291\" style=\"aspect-ratio:4\/3;object-fit:cover\" srcset=\"https:\/\/palletways.online\/de\/wp-content\/uploads\/sites\/7\/2025\/12\/11th-June-1024x681-1.jpg 1024w, https:\/\/palletways.online\/de\/wp-content\/uploads\/sites\/7\/2025\/12\/11th-June-1024x681-1-300x200.jpg 300w, https:\/\/palletways.online\/de\/wp-content\/uploads\/sites\/7\/2025\/12\/11th-June-1024x681-1-768x511.jpg 768w, https:\/\/palletways.online\/de\/wp-content\/uploads\/sites\/7\/2025\/12\/11th-June-1024x681-1-600x399.jpg 600w\" sizes=\"auto, (max-width: 1024px) 100vw, 1024px\" \/><\/figure>\n<\/div>\n<\/div>\n\n\n\n<div class=\"reverse-columns\"><div class=\"wp-block-columns is-layout-flex wp-container-core-columns-is-layout-28f84493 wp-block-columns-is-layout-flex\">\n<div class=\"wp-block-column is-vertically-aligned-center is-layout-flow wp-block-column-is-layout-flow\">\n<figure class=\"wp-block-image size-large\"><img loading=\"lazy\" decoding=\"async\" width=\"1024\" height=\"693\" src=\"https:\/\/palletways.online\/de\/wp-content\/uploads\/sites\/7\/2025\/12\/hero-screenshot-1-1024x693.png\" alt=\"\" class=\"wp-image-272\" style=\"aspect-ratio:4\/3;object-fit:cover\" srcset=\"https:\/\/palletways.online\/de\/wp-content\/uploads\/sites\/7\/2025\/12\/hero-screenshot-1-1024x693.png 1024w, https:\/\/palletways.online\/de\/wp-content\/uploads\/sites\/7\/2025\/12\/hero-screenshot-1-300x203.png 300w, https:\/\/palletways.online\/de\/wp-content\/uploads\/sites\/7\/2025\/12\/hero-screenshot-1-768x520.png 768w, https:\/\/palletways.online\/de\/wp-content\/uploads\/sites\/7\/2025\/12\/hero-screenshot-1-600x406.png 600w, https:\/\/palletways.online\/de\/wp-content\/uploads\/sites\/7\/2025\/12\/hero-screenshot-1.png 1280w\" sizes=\"auto, (max-width: 1024px) 100vw, 1024px\" \/><\/figure>\n<\/div>\n\n\n\n<div class=\"wp-block-column is-vertically-aligned-center is-layout-flow wp-block-column-is-layout-flow\">\n<h4 class=\"wp-block-heading has-text-align-left has-text-color has-link-color wp-elements-a403b1cbd1bb50265be8f806bdc32921\" style=\"--accent-text: #003875; color:#003875;margin-bottom:var(--wp--preset--spacing--xl)\">So funktioniert es<\/h4>\n\n\n\n<p>Der Versand eines sperrigen Artikels mit Palletways Online ist ganz einfach:<\/p>\n\n\n\n<ol start=\"1\" style=\"margin-left:-20px\" class=\"wp-block-list\">\n<li>Online buchen \u2013 geben Sie Ihre Abhol- und Lieferpostleitzahlen ein, um sofort einen Preis zu erhalten.<\/li>\n<\/ol>\n\n\n\n<ol start=\"2\" style=\"margin-left:-20px\" class=\"wp-block-list\">\n<li>Wir holen ab \u2013 wir bieten eine Palettenabholung am n\u00e4chsten Tag und andere Optionen, die zu Ihrem Zeitplan passen.<\/li>\n<\/ol>\n\n\n\n<ol start=\"3\" style=\"margin-left:-20px\" class=\"wp-block-list\">\n<li>Wir liefern \u2013 Sie erhalten regelm\u00e4\u00dfig Updates zum Transport Ihrer Palette und einen Liefernachweis.<\/li>\n<\/ol>\n\n\n\n<p>Wenn es gro\u00df, schwer oder unhandlich ist, k\u00fcmmern wir uns darum.<\/p>\n<\/div>\n<\/div><\/div>\n\n\n\n<div class=\"wp-block-columns is-layout-flex wp-container-core-columns-is-layout-28f84493 wp-block-columns-is-layout-flex\">\n<div class=\"wp-block-column is-vertically-aligned-center is-layout-flow wp-block-column-is-layout-flow\">\n<h4 class=\"wp-block-heading has-text-align-left has-text-color has-link-color wp-elements-e4b4a9cc07176194367fb05b9eb789fd\" style=\"--accent-text: #003875; color:#003875;margin-bottom:var(--wp--preset--spacing--xl)\">Erschwinglich, zuverl\u00e4ssig und schnell<\/h4>\n\n\n\n<p>Die Wahl des Palettenversands f\u00fcr \u00fcbergro\u00dfe Artikel gibt Ihnen Sicherheit und hilft Ihnen, im Vergleich zu Spezialkurieren Geld zu sparen. Mit Palletways Online profitieren Sie von:<\/p>\n\n\n\n<div class=\"wp-block-group is-nowrap is-layout-flex wp-container-core-group-is-layout-75b88fce wp-block-group-is-layout-flex\">\n<div style=\"--size:24px;width:24px;height:24px;flex:0 1 24px\" class=\"wp-block-the-framework-icon animation-up shrink-0\"><span><\/span><\/div>\n\n\n\n<p>Erschwinglichen Optionen \u2013 dank des marktf\u00fchrenden Service von Palletways.<\/p>\n<\/div>\n\n\n\n<div class=\"wp-block-group is-nowrap is-layout-flex wp-container-core-group-is-layout-75b88fce wp-block-group-is-layout-flex\">\n<div style=\"--size:24px;width:24px;height:24px;flex:0 1 24px\" class=\"wp-block-the-framework-icon animation-up shrink-0\"><span><\/span><\/div>\n\n\n\n<p>Sicherer Handhabung \u2013 Ihre Waren werden auf einer Palette festgezurrt, um das Risiko von Besch\u00e4digungen zu verringern.<\/p>\n<\/div>\n\n\n\n<div class=\"wp-block-group is-nowrap is-layout-flex wp-container-core-group-is-layout-75b88fce wp-block-group-is-layout-flex\">\n<div style=\"--size:24px;width:24px;height:24px;flex:0 1 24px\" class=\"wp-block-the-framework-icon animation-up shrink-0\"><span><\/span><\/div>\n\n\n\n<p>Landesweiter Abdeckung \u2013 Abholungen von \u00fcberall in Deutschland.<\/p>\n<\/div>\n\n\n\n<div class=\"wp-block-group is-nowrap is-layout-flex wp-container-core-group-is-layout-75b88fce wp-block-group-is-layout-flex\">\n<div style=\"--size:24px;width:24px;height:24px;flex:0 1 24px\" class=\"wp-block-the-framework-icon animation-up shrink-0\"><span><\/span><\/div>\n\n\n\n<p>Problemlose Buchung \u2013 schnelle Online-Angebote ohne Notwendigkeit eines Kontos.<\/p>\n<\/div>\n<\/div>\n\n\n\n<div class=\"wp-block-column is-vertically-aligned-center is-layout-flow wp-block-column-is-layout-flow\">\n<figure class=\"wp-block-image size-full is-style-default\"><img loading=\"lazy\" decoding=\"async\" width=\"800\" height=\"800\" src=\"https:\/\/palletways.online\/de\/wp-content\/uploads\/sites\/7\/2026\/02\/3-Square-2.jpg\" alt=\"\" class=\"wp-image-651\" srcset=\"https:\/\/palletways.online\/de\/wp-content\/uploads\/sites\/7\/2026\/02\/3-Square-2.jpg 800w, https:\/\/palletways.online\/de\/wp-content\/uploads\/sites\/7\/2026\/02\/3-Square-2-300x300.jpg 300w, https:\/\/palletways.online\/de\/wp-content\/uploads\/sites\/7\/2026\/02\/3-Square-2-150x150.jpg 150w, https:\/\/palletways.online\/de\/wp-content\/uploads\/sites\/7\/2026\/02\/3-Square-2-768x768.jpg 768w, https:\/\/palletways.online\/de\/wp-content\/uploads\/sites\/7\/2026\/02\/3-Square-2-600x600.jpg 600w, https:\/\/palletways.online\/de\/wp-content\/uploads\/sites\/7\/2026\/02\/3-Square-2-100x100.jpg 100w\" sizes=\"auto, (max-width: 800px) 100vw, 800px\" \/><\/figure>\n<\/div>\n<\/div>\n\n\n\n<div class=\"wp-block-group has-global-padding is-layout-constrained wp-block-group-is-layout-constrained\" style=\"margin-bottom:var(--wp--preset--spacing--xxl)\">\n<div class=\"wp-block-group has-neutral-100-background-color has-background has-global-padding is-layout-constrained wp-container-core-group-is-layout-2fb6fc15 wp-block-group-is-layout-constrained\" style=\"border-radius:1rem;margin-top:var(--wp--preset--spacing--5-xl);margin-bottom:var(--wp--preset--spacing--xl);padding-top:var(--wp--preset--spacing--xxl);padding-right:var(--wp--preset--spacing--lg);padding-bottom:var(--wp--preset--spacing--xxl);padding-left:var(--wp--preset--spacing--lg)\">\n<h2 class=\"wp-block-heading has-text-align-center has-text-color has-link-color wp-elements-bc582f6cb9206d4567f2975cb2711a12\" style=\"--accent-text: #003875; color:#003875;margin-bottom:var(--wp--preset--spacing--xl)\">Sind Sie bereit, Ihren gro\u00dfen Artikel zu versenden?<\/h2>\n\n\n\n<div class=\"wp-block-group has-global-padding is-layout-constrained wp-container-core-group-is-layout-f36bc466 wp-block-group-is-layout-constrained\">\n<p class=\"has-text-align-left has-body-l-font-size\">Qu\u00e4len Sie sich nicht mit \u00fcbergro\u00dfen Kurieren oder fragen Sie sich nicht, wie Sie Ihre schweren G\u00fcter transportieren sollen. Erweitern Sie Ihren Markt \u00fcber Ihre Region hinaus mit Palletways Online! Wir machen den Versand sperriger Artikel einfach, erschwinglich und sicher.<\/p>\n\n\n\n<div class=\"wp-block-buttons is-content-justification-center is-layout-flex wp-container-core-buttons-is-layout-a89b3969 wp-block-buttons-is-layout-flex\">\n<div class=\"wp-block-button  is-style-primary\"><a style=\"\" class=\"wp-block-button __link wp-element-button\" href=\"https:\/\/palletways.online\/de\/\">Angebot f\u00fcr Palettenversand einholen<\/a><\/div>\n<\/div>\n<\/div>\n<\/div>\n<\/div>\n<\/div>\n","protected":false},"excerpt":{"rendered":"<p>Zu gro\u00df f\u00fcr einen Kurierdienst? Hier ist die L\u00f6sung Die meisten Paketdienste haben strenge Gr\u00f6\u00dfen- und Gewichtsbeschr\u00e4nkungen. Alles, was schwerer als etwa 30 kg ist oder zu gro\u00df f\u00fcr ein F\u00f6rderband ist, wird in der Regel abgelehnt oder mit teuren Zuschl\u00e4gen versehen. Hier kommt die Palettenlieferung ins Spiel. Unser Netzwerk ist darauf ausgelegt, sperrige und [&hellip;]<\/p>\n","protected":false},"author":1,"featured_media":0,"parent":0,"menu_order":0,"comment_status":"closed","ping_status":"closed","template":"","meta":{"view_count":65,"faq_page":false,"footnotes":""},"class_list":["post-39","page","type-page","status-publish","hentry"],"yoast_head":"<!-- This site is optimized with the Yoast SEO plugin v27.2 - https:\/\/yoast.com\/product\/yoast-seo-wordpress\/ -->\n<title>Gro\u00dfe und sperrige Gegenst\u00e4nde einfach versenden - Palletways Online Germany<\/title>\n<meta name=\"robots\" content=\"index, follow, max-snippet:-1, max-image-preview:large, max-video-preview:-1\" \/>\n<link rel=\"canonical\" href=\"https:\/\/palletways.online\/de\/sperrgut-versenden\/\" \/>\n<meta property=\"og:locale\" content=\"de_DE\" \/>\n<meta property=\"og:type\" content=\"article\" \/>\n<meta property=\"og:title\" content=\"Gro\u00dfe und sperrige Gegenst\u00e4nde einfach versenden - Palletways Online Germany\" \/>\n<meta property=\"og:description\" content=\"Zu gro\u00df f\u00fcr einen Kurierdienst? Hier ist die L\u00f6sung Die meisten Paketdienste haben strenge Gr\u00f6\u00dfen- und Gewichtsbeschr\u00e4nkungen. Alles, was schwerer als etwa 30 kg ist oder zu gro\u00df f\u00fcr ein F\u00f6rderband ist, wird in der Regel abgelehnt oder mit teuren Zuschl\u00e4gen versehen. Hier kommt die Palettenlieferung ins Spiel. Unser Netzwerk ist darauf ausgelegt, sperrige und [&hellip;]\" \/>\n<meta property=\"og:url\" content=\"https:\/\/palletways.online\/de\/sperrgut-versenden\/\" \/>\n<meta property=\"og:site_name\" content=\"Palletways Online Germany\" \/>\n<meta property=\"article:modified_time\" content=\"2026-02-27T09:37:23+00:00\" \/>\n<meta property=\"og:image\" content=\"https:\/\/palletways.online\/de\/wp-content\/uploads\/sites\/7\/2026\/01\/Lorry-PW.jpeg\" \/>\n\t<meta property=\"og:image:width\" content=\"1765\" \/>\n\t<meta property=\"og:image:height\" content=\"1012\" \/>\n\t<meta property=\"og:image:type\" content=\"image\/jpeg\" \/>\n<meta name=\"twitter:card\" content=\"summary_large_image\" \/>\n<meta name=\"twitter:label1\" content=\"Gesch\u00e4tzte Lesezeit\" \/>\n\t<meta name=\"twitter:data1\" content=\"4\u00a0Minuten\" \/>\n<script type=\"application\/ld+json\" class=\"yoast-schema-graph\">{\"@context\":\"https:\/\/schema.org\",\"@graph\":[{\"@type\":\"WebPage\",\"@id\":\"https:\/\/palletways.online\/de\/sperrgut-versenden\/\",\"url\":\"https:\/\/palletways.online\/de\/sperrgut-versenden\/\",\"name\":\"Gro\u00dfe und sperrige Gegenst\u00e4nde einfach versenden - Palletways Online Germany\",\"isPartOf\":{\"@id\":\"https:\/\/palletways.online\/de\/#website\"},\"primaryImageOfPage\":{\"@id\":\"https:\/\/palletways.online\/de\/sperrgut-versenden\/#primaryimage\"},\"image\":{\"@id\":\"https:\/\/palletways.online\/de\/sperrgut-versenden\/#primaryimage\"},\"thumbnailUrl\":\"https:\/\/palletways.online\/de\/wp-content\/uploads\/sites\/7\/2026\/01\/Lorry-PW-1024x587.jpeg\",\"datePublished\":\"2025-11-17T00:39:32+00:00\",\"dateModified\":\"2026-02-27T09:37:23+00:00\",\"breadcrumb\":{\"@id\":\"https:\/\/palletways.online\/de\/sperrgut-versenden\/#breadcrumb\"},\"inLanguage\":\"de\",\"potentialAction\":[{\"@type\":\"ReadAction\",\"target\":[\"https:\/\/palletways.online\/de\/sperrgut-versenden\/\"]}]},{\"@type\":\"ImageObject\",\"inLanguage\":\"de\",\"@id\":\"https:\/\/palletways.online\/de\/sperrgut-versenden\/#primaryimage\",\"url\":\"https:\/\/palletways.online\/de\/wp-content\/uploads\/sites\/7\/2026\/01\/Lorry-PW.jpeg\",\"contentUrl\":\"https:\/\/palletways.online\/de\/wp-content\/uploads\/sites\/7\/2026\/01\/Lorry-PW.jpeg\",\"width\":1765,\"height\":1012},{\"@type\":\"BreadcrumbList\",\"@id\":\"https:\/\/palletways.online\/de\/sperrgut-versenden\/#breadcrumb\",\"itemListElement\":[{\"@type\":\"ListItem\",\"position\":1,\"name\":\"Home\",\"item\":\"https:\/\/palletways.online\/de\/\"},{\"@type\":\"ListItem\",\"position\":2,\"name\":\"Gro\u00dfe und sperrige Gegenst\u00e4nde einfach versenden\"}]},{\"@type\":\"WebSite\",\"@id\":\"https:\/\/palletways.online\/de\/#website\",\"url\":\"https:\/\/palletways.online\/de\/\",\"name\":\"Palletways Online\",\"description\":\"\",\"publisher\":{\"@id\":\"https:\/\/palletways.online\/de\/#organization\"},\"potentialAction\":[{\"@type\":\"SearchAction\",\"target\":{\"@type\":\"EntryPoint\",\"urlTemplate\":\"https:\/\/palletways.online\/de\/?s={search_term_string}\"},\"query-input\":{\"@type\":\"PropertyValueSpecification\",\"valueRequired\":true,\"valueName\":\"search_term_string\"}}],\"inLanguage\":\"de\"},{\"@type\":\"Organization\",\"@id\":\"https:\/\/palletways.online\/de\/#organization\",\"name\":\"Palletways Online\",\"url\":\"https:\/\/palletways.online\/de\/\",\"logo\":{\"@type\":\"ImageObject\",\"inLanguage\":\"de\",\"@id\":\"https:\/\/palletways.online\/de\/#\/schema\/logo\/image\/\",\"url\":\"https:\/\/palletways.online\/de\/wp-content\/uploads\/sites\/7\/2025\/11\/palletways-blue-logo-1.png\",\"contentUrl\":\"https:\/\/palletways.online\/de\/wp-content\/uploads\/sites\/7\/2025\/11\/palletways-blue-logo-1.png\",\"width\":1845,\"height\":693,\"caption\":\"Palletways Online\"},\"image\":{\"@id\":\"https:\/\/palletways.online\/de\/#\/schema\/logo\/image\/\"}}]}<\/script>\n<!-- \/ Yoast SEO plugin. -->","yoast_head_json":{"title":"Gro\u00dfe und sperrige Gegenst\u00e4nde einfach versenden - Palletways Online Germany","robots":{"index":"index","follow":"follow","max-snippet":"max-snippet:-1","max-image-preview":"max-image-preview:large","max-video-preview":"max-video-preview:-1"},"canonical":"https:\/\/palletways.online\/de\/sperrgut-versenden\/","og_locale":"de_DE","og_type":"article","og_title":"Gro\u00dfe und sperrige Gegenst\u00e4nde einfach versenden - Palletways Online Germany","og_description":"Zu gro\u00df f\u00fcr einen Kurierdienst? Hier ist die L\u00f6sung Die meisten Paketdienste haben strenge Gr\u00f6\u00dfen- und Gewichtsbeschr\u00e4nkungen. Alles, was schwerer als etwa 30 kg ist oder zu gro\u00df f\u00fcr ein F\u00f6rderband ist, wird in der Regel abgelehnt oder mit teuren Zuschl\u00e4gen versehen. Hier kommt die Palettenlieferung ins Spiel. Unser Netzwerk ist darauf ausgelegt, sperrige und [&hellip;]","og_url":"https:\/\/palletways.online\/de\/sperrgut-versenden\/","og_site_name":"Palletways Online Germany","article_modified_time":"2026-02-27T09:37:23+00:00","og_image":[{"width":1765,"height":1012,"url":"https:\/\/palletways.online\/de\/wp-content\/uploads\/sites\/7\/2026\/01\/Lorry-PW.jpeg","type":"image\/jpeg"}],"twitter_card":"summary_large_image","twitter_misc":{"Gesch\u00e4tzte Lesezeit":"4\u00a0Minuten"},"schema":{"@context":"https:\/\/schema.org","@graph":[{"@type":"WebPage","@id":"https:\/\/palletways.online\/de\/sperrgut-versenden\/","url":"https:\/\/palletways.online\/de\/sperrgut-versenden\/","name":"Gro\u00dfe und sperrige Gegenst\u00e4nde einfach versenden - Palletways Online Germany","isPartOf":{"@id":"https:\/\/palletways.online\/de\/#website"},"primaryImageOfPage":{"@id":"https:\/\/palletways.online\/de\/sperrgut-versenden\/#primaryimage"},"image":{"@id":"https:\/\/palletways.online\/de\/sperrgut-versenden\/#primaryimage"},"thumbnailUrl":"https:\/\/palletways.online\/de\/wp-content\/uploads\/sites\/7\/2026\/01\/Lorry-PW-1024x587.jpeg","datePublished":"2025-11-17T00:39:32+00:00","dateModified":"2026-02-27T09:37:23+00:00","breadcrumb":{"@id":"https:\/\/palletways.online\/de\/sperrgut-versenden\/#breadcrumb"},"inLanguage":"de","potentialAction":[{"@type":"ReadAction","target":["https:\/\/palletways.online\/de\/sperrgut-versenden\/"]}]},{"@type":"ImageObject","inLanguage":"de","@id":"https:\/\/palletways.online\/de\/sperrgut-versenden\/#primaryimage","url":"https:\/\/palletways.online\/de\/wp-content\/uploads\/sites\/7\/2026\/01\/Lorry-PW.jpeg","contentUrl":"https:\/\/palletways.online\/de\/wp-content\/uploads\/sites\/7\/2026\/01\/Lorry-PW.jpeg","width":1765,"height":1012},{"@type":"BreadcrumbList","@id":"https:\/\/palletways.online\/de\/sperrgut-versenden\/#breadcrumb","itemListElement":[{"@type":"ListItem","position":1,"name":"Home","item":"https:\/\/palletways.online\/de\/"},{"@type":"ListItem","position":2,"name":"Gro\u00dfe und sperrige Gegenst\u00e4nde einfach versenden"}]},{"@type":"WebSite","@id":"https:\/\/palletways.online\/de\/#website","url":"https:\/\/palletways.online\/de\/","name":"Palletways Online","description":"","publisher":{"@id":"https:\/\/palletways.online\/de\/#organization"},"potentialAction":[{"@type":"SearchAction","target":{"@type":"EntryPoint","urlTemplate":"https:\/\/palletways.online\/de\/?s={search_term_string}"},"query-input":{"@type":"PropertyValueSpecification","valueRequired":true,"valueName":"search_term_string"}}],"inLanguage":"de"},{"@type":"Organization","@id":"https:\/\/palletways.online\/de\/#organization","name":"Palletways Online","url":"https:\/\/palletways.online\/de\/","logo":{"@type":"ImageObject","inLanguage":"de","@id":"https:\/\/palletways.online\/de\/#\/schema\/logo\/image\/","url":"https:\/\/palletways.online\/de\/wp-content\/uploads\/sites\/7\/2025\/11\/palletways-blue-logo-1.png","contentUrl":"https:\/\/palletways.online\/de\/wp-content\/uploads\/sites\/7\/2025\/11\/palletways-blue-logo-1.png","width":1845,"height":693,"caption":"Palletways Online"},"image":{"@id":"https:\/\/palletways.online\/de\/#\/schema\/logo\/image\/"}}]}},"_links":{"self":[{"href":"https:\/\/palletways.online\/de\/wp-json\/wp\/v2\/pages\/39","targetHints":{"allow":["GET"]}}],"collection":[{"href":"https:\/\/palletways.online\/de\/wp-json\/wp\/v2\/pages"}],"about":[{"href":"https:\/\/palletways.online\/de\/wp-json\/wp\/v2\/types\/page"}],"author":[{"embeddable":true,"href":"https:\/\/palletways.online\/de\/wp-json\/wp\/v2\/users\/1"}],"replies":[{"embeddable":true,"href":"https:\/\/palletways.online\/de\/wp-json\/wp\/v2\/comments?post=39"}],"version-history":[{"count":9,"href":"https:\/\/palletways.online\/de\/wp-json\/wp\/v2\/pages\/39\/revisions"}],"predecessor-version":[{"id":742,"href":"https:\/\/palletways.online\/de\/wp-json\/wp\/v2\/pages\/39\/revisions\/742"}],"wp:attachment":[{"href":"https:\/\/palletways.online\/de\/wp-json\/wp\/v2\/media?parent=39"}],"curies":[{"name":"wp","href":"https:\/\/api.w.org\/{rel}","templated":true}]}}