{"id":41,"date":"2025-11-17T00:39:23","date_gmt":"2025-11-17T00:39:23","guid":{"rendered":"http:\/\/palletways.online\/de\/?page_id=41"},"modified":"2026-02-26T17:12:05","modified_gmt":"2026-02-26T17:12:05","slug":"internationaler-palettenversand","status":"publish","type":"page","link":"https:\/\/palletways.online\/de\/internationaler-palettenversand\/","title":{"rendered":"Internationaler Palettentransport"},"content":{"rendered":"\n<div class=\"wp-block-cover\" style=\"margin-bottom:var(--wp--preset--spacing--4-xl);padding-top:var(--wp--preset--spacing--4-xl);padding-bottom:var(--wp--preset--spacing--4-xl);min-height:30svh;aspect-ratio:unset;\"><img loading=\"lazy\" decoding=\"async\" width=\"1024\" height=\"587\" class=\"wp-block-cover__image-background wp-image-531 size-large\" alt=\"\" src=\"https:\/\/palletways.online\/de\/wp-content\/uploads\/sites\/7\/2026\/01\/Lorry-PW-1024x587.jpeg\" style=\"object-position:81% 78%\" data-object-fit=\"cover\" data-object-position=\"81% 78%\" srcset=\"https:\/\/palletways.online\/de\/wp-content\/uploads\/sites\/7\/2026\/01\/Lorry-PW-1024x587.jpeg 1024w, https:\/\/palletways.online\/de\/wp-content\/uploads\/sites\/7\/2026\/01\/Lorry-PW-300x172.jpeg 300w, https:\/\/palletways.online\/de\/wp-content\/uploads\/sites\/7\/2026\/01\/Lorry-PW-768x440.jpeg 768w, https:\/\/palletways.online\/de\/wp-content\/uploads\/sites\/7\/2026\/01\/Lorry-PW-1536x881.jpeg 1536w, https:\/\/palletways.online\/de\/wp-content\/uploads\/sites\/7\/2026\/01\/Lorry-PW-600x344.jpeg 600w, https:\/\/palletways.online\/de\/wp-content\/uploads\/sites\/7\/2026\/01\/Lorry-PW.jpeg 1765w\" sizes=\"auto, (max-width: 1024px) 100vw, 1024px\" \/><span aria-hidden=\"true\" class=\"wp-block-cover__background has-black-background-color has-background-dim-40 has-background-dim\"><\/span><div class=\"wp-block-cover__inner-container has-global-padding is-layout-constrained wp-block-cover-is-layout-constrained\">\n<div class=\"wp-block-group has-global-padding is-layout-constrained wp-block-group-is-layout-constrained\">\n<div class=\"wp-block-columns is-layout-flex wp-container-core-columns-is-layout-28f84493 wp-block-columns-is-layout-flex\">\n<div class=\"wp-block-column is-vertically-aligned-center is-layout-flow wp-container-core-column-is-layout-86b72393 wp-block-column-is-layout-flow\">\n<ol itemscope itemtype=\"https:\/\/schema.org\/BreadcrumbList\" class=\"wp-elements-e4c33ec0092b97fff79b6b3421a6e1af wp-block-the-framework-breadcrumbs has-text-color has-white-color\">\n    <li itemprop=\"itemListElement\" itemscope itemtype=\"https:\/\/schema.org\/ListItem\"><a style=\"--accent-text: var(--wp--preset--color--white);\" itemscope itemtype=\"https:\/\/schema.org\/WebPage\" itemprop=\"item\" itemid=\"https:\/\/palletways.online\/de\" href=\"https:\/\/palletways.online\/de\"><span itemprop=\"name\">Palletways Online Germany<\/span><\/a><meta itemprop=\"position\" content=\"1\" \/><\/li><svg width=\"8\" height=\"14\" viewBox=\"0 0 8 14\" fill=\"none\" xmlns=\"http:\/\/www.w3.org\/2000\/svg\"><path d=\"M6.59241 0.333374L1.40723 13.6667\" stroke=\"currentColor\" stroke-width=\"1.5\"\/><\/svg><li itemprop=\"itemListElement\" itemscope itemtype=\"https:\/\/schema.org\/ListItem\"><span itemprop=\"name\">Seite<\/span><meta itemprop=\"position\" content=\"2\" \/><\/li><\/ol>\n\n\n\n<div class=\"wp-block-group has-global-padding is-content-justification-left is-layout-constrained wp-container-core-group-is-layout-74cbbf86 wp-block-group-is-layout-constrained\">\n<h1 class=\"wp-block-heading has-white-color has-text-color has-link-color wp-elements-a731af749662cdce988c01c01b9f5aca\">Internationaler Palettentransport<\/h1>\n\n\n\n<p class=\"has-white-color has-text-color has-link-color wp-elements-6aa25f46753fec21c25265a51e9312ff\">Bei Palletways Online ist der internationale Palettenversand einfach, erschwinglich und stressfrei. Ganz gleich, ob Sie Waren an einen Kunden in Frankreich versenden, M\u00f6bel nach Italien zur\u00fcckschicken oder Lagerbest\u00e4nde an einen Gesch\u00e4ftspartner in Deutschland liefern \u2013 wir machen es Ihnen leicht, Paletten sicher quer durch Europa zu versenden.<\/p>\n<\/div>\n<\/div>\n\n\n\n<div class=\"wp-block-column is-vertically-aligned-center is-layout-flow wp-block-column-is-layout-flow\"><\/div>\n<\/div>\n<\/div>\n<\/div><\/div>\n\n\n\n<div class=\"wp-block-group has-global-padding is-layout-constrained wp-block-group-is-layout-constrained\">\n<div class=\"wp-block-group has-global-padding is-content-justification-center is-layout-constrained wp-container-core-group-is-layout-b9e76259 wp-block-group-is-layout-constrained\">\n<h3 class=\"wp-block-heading has-text-align-center has-secondary-color has-text-color has-link-color wp-elements-5571e7b487fb2f3cbbc4a2d4cc62f3bf\">Versenden Sie Paletten ganz einfach quer durch Europa<\/h3>\n\n\n\n<p class=\"has-text-align-center\">Als Teil des Palletways-Netzwerks \u2013 Europas gr\u00f6\u00dftem und vertrauensw\u00fcrdigstem Palettenversandnetzwerk \u2013 verbinden wir Sie direkt mit \u00fcber 450 Depots in 25 europ\u00e4ischen L\u00e4ndern. Das bedeutet, dass Ihre Palette auf jedem Schritt des Weges von erfahrenen lokalen Experten abgefertigt wird, was eine schnelle, zuverl\u00e4ssige und kosteng\u00fcnstige Lieferung von T\u00fcr zu T\u00fcr gew\u00e4hrleistet.<\/p>\n<\/div>\n<\/div>\n\n\n\n<div class=\"wp-block-group has-global-padding is-layout-constrained wp-container-core-group-is-layout-67bf69b7 wp-block-group-is-layout-constrained\" style=\"margin-top:var(--wp--preset--spacing--3-xl);margin-bottom:var(--wp--preset--spacing--3-xl);padding-top:0\">\n<div class=\"wp-block-columns is-layout-flex wp-container-core-columns-is-layout-e9273599 wp-block-columns-is-layout-flex\" style=\"margin-bottom:var(--wp--preset--spacing--3-xl)\">\n<div class=\"wp-block-column is-vertically-aligned-center is-layout-flow wp-block-column-is-layout-flow\">\n<h4 class=\"wp-block-heading has-text-align-left has-text-color has-link-color wp-elements-3e264bd0b8d52b5849602fb8249a90a8\" style=\"--accent-text: #003875; color:#003875;margin-bottom:var(--wp--preset--spacing--xl)\">Warum sollten Sie sich f\u00fcr Palletways Online f\u00fcr den internationalen Versand entscheiden?<\/h4>\n\n\n\n<div class=\"wp-block-group is-nowrap is-layout-flex wp-container-core-group-is-layout-75b88fce wp-block-group-is-layout-flex\">\n<div style=\"--size:24px;width:24px;height:24px;flex:0 1 24px\" class=\"wp-block-the-framework-icon animation-none shrink-0\"><span><\/span><\/div>\n\n\n\n<p>Kein Gesch\u00e4ftskonto erforderlich \u2013 buchen Sie direkt online ohne bindenden Vertrag.<\/p>\n<\/div>\n\n\n\n<div class=\"wp-block-group is-nowrap is-layout-flex wp-container-core-group-is-layout-75b88fce wp-block-group-is-layout-flex\">\n<div style=\"--size:24px;width:24px;height:24px;flex:0 1 24px\" class=\"wp-block-the-framework-icon animation-none shrink-0\"><span><\/span><\/div>\n\n\n\n<p>Sofortige Preisangebote \u2013 erhalten Sie mit unserem benutzerfreundlichen Buchungstool innerhalb von Sekunden einen Preis.<\/p>\n<\/div>\n\n\n\n<div class=\"wp-block-group is-nowrap is-layout-flex wp-container-core-group-is-layout-75b88fce wp-block-group-is-layout-flex\">\n<div style=\"--size:24px;width:24px;height:24px;flex:0 1 24px\" class=\"wp-block-the-framework-icon animation-none shrink-0\"><span><\/span><\/div>\n\n\n\n<p>Transparente Preise \u2013 keine versteckten Geb\u00fchren oder unerwarteten Zuschl\u00e4ge.<\/p>\n<\/div>\n\n\n\n<div class=\"wp-block-group is-nowrap is-layout-flex wp-container-core-group-is-layout-75b88fce wp-block-group-is-layout-flex\">\n<div style=\"--size:24px;width:24px;height:24px;flex:0 1 24px\" class=\"wp-block-the-framework-icon animation-none shrink-0\"><span><\/span><\/div>\n\n\n\n<p>Vollst\u00e4ndige Sendungsverfolgung \u2013 verfolgen Sie Ihre Palette von der Abholung bis zur Zustellung mit vollst\u00e4ndiger Transparenz.<\/p>\n<\/div>\n\n\n\n<div class=\"wp-block-group is-nowrap is-layout-flex wp-container-core-group-is-layout-75b88fce wp-block-group-is-layout-flex\">\n<div style=\"--size:24px;width:24px;height:24px;flex:0 1 24px\" class=\"wp-block-the-framework-icon animation-none shrink-0\"><span><\/span><\/div>\n\n\n\n<p>Flexible Palettengr\u00f6\u00dfen \u2013 zahlen Sie nur f\u00fcr den Platz, den Sie ben\u00f6tigen.<\/p>\n<\/div>\n\n\n\n<p>Ideal f\u00fcr:<\/p>\n\n\n\n<div class=\"wp-block-group is-nowrap is-layout-flex wp-container-core-group-is-layout-75b88fce wp-block-group-is-layout-flex\">\n<div style=\"--size:24px;width:24px;height:24px;flex:0 1 24px\" class=\"wp-block-the-framework-icon animation-up shrink-0\"><span><\/span><\/div>\n\n\n\n<p>Kleine Unternehmen, die Produkte oder Lieferungen innerhalb Europas versenden<\/p>\n<\/div>\n\n\n\n<div class=\"wp-block-group is-nowrap is-layout-flex wp-container-core-group-is-layout-75b88fce wp-block-group-is-layout-flex\">\n<div style=\"--size:24px;width:24px;height:24px;flex:0 1 24px\" class=\"wp-block-the-framework-icon animation-up shrink-0\"><span><\/span><\/div>\n\n\n\n<p>Privatpersonen, die sperrige Gegenst\u00e4nde wie M\u00f6bel oder Haushaltswaren transportieren m\u00f6chten<\/p>\n<\/div>\n\n\n\n<div class=\"wp-block-group is-nowrap is-layout-flex wp-container-core-group-is-layout-75b88fce wp-block-group-is-layout-flex\">\n<div style=\"--size:24px;width:24px;height:24px;flex:0 1 24px\" class=\"wp-block-the-framework-icon animation-up shrink-0\"><span><\/span><\/div>\n\n\n\n<p>Online-H\u00e4ndler, die R\u00fccksendungen gro\u00dfer Artikel oder Kundenbestellungen im Ausland verwalten<\/p>\n<\/div>\n<\/div>\n\n\n\n<div class=\"wp-block-column is-vertically-aligned-center is-layout-flow wp-block-column-is-layout-flow\">\n<figure class=\"wp-block-image size-full\"><img decoding=\"async\" src=\"https:\/\/palletways.online\/de\/wp-content\/uploads\/sites\/7\/2026\/01\/EU-map-of-routes-SVG.svg\" alt=\"\" class=\"wp-image-558\" style=\"aspect-ratio:4\/3;object-fit:contain\" \/><\/figure>\n<\/div>\n<\/div>\n\n\n\n<div class=\"reverse-columns\"><div class=\"wp-block-columns is-layout-flex wp-container-core-columns-is-layout-28f84493 wp-block-columns-is-layout-flex\">\n<div class=\"wp-block-column is-vertically-aligned-center is-layout-flow wp-block-column-is-layout-flow\">\n<figure class=\"wp-block-image size-large\"><img loading=\"lazy\" decoding=\"async\" width=\"1024\" height=\"693\" src=\"https:\/\/palletways.online\/de\/wp-content\/uploads\/sites\/7\/2025\/12\/hero-screenshot-1-1024x693.png\" alt=\"\" class=\"wp-image-272\" style=\"aspect-ratio:4\/3;object-fit:cover\" srcset=\"https:\/\/palletways.online\/de\/wp-content\/uploads\/sites\/7\/2025\/12\/hero-screenshot-1-1024x693.png 1024w, https:\/\/palletways.online\/de\/wp-content\/uploads\/sites\/7\/2025\/12\/hero-screenshot-1-300x203.png 300w, https:\/\/palletways.online\/de\/wp-content\/uploads\/sites\/7\/2025\/12\/hero-screenshot-1-768x520.png 768w, https:\/\/palletways.online\/de\/wp-content\/uploads\/sites\/7\/2025\/12\/hero-screenshot-1-600x406.png 600w, https:\/\/palletways.online\/de\/wp-content\/uploads\/sites\/7\/2025\/12\/hero-screenshot-1.png 1280w\" sizes=\"auto, (max-width: 1024px) 100vw, 1024px\" \/><\/figure>\n<\/div>\n\n\n\n<div class=\"wp-block-column is-vertically-aligned-center is-layout-flow wp-block-column-is-layout-flow\">\n<h4 class=\"wp-block-heading has-text-align-left has-text-color has-link-color wp-elements-a403b1cbd1bb50265be8f806bdc32921\" style=\"--accent-text: #003875; color:#003875;margin-bottom:var(--wp--preset--spacing--xl)\">So funktioniert es<\/h4>\n\n\n\n<ol start=\"1\" style=\"margin-left:-20px\" class=\"wp-block-list\">\n<li>Angebot einholen \u2013 Geben Sie Ihre Abhol- und Lieferdaten ein, um sofort Ihren Preis zu erfahren.<\/li>\n<\/ol>\n\n\n\n<ol start=\"2\" style=\"margin-left:-20px\" class=\"wp-block-list\">\n<li>Online buchen \u2013 W\u00e4hlen Sie Ihre Palettengr\u00f6\u00dfe und das Abholdatum; kein Konto erforderlich.<\/li>\n<\/ol>\n\n\n\n<ol start=\"3\" style=\"margin-left:-20px\" class=\"wp-block-list\">\n<li>Verfolgen Sie Ihre Sendung \u2013 Bleiben Sie mit der Echtzeit-Sendungsverfolgung von Anfang bis Ende auf dem Laufenden.<\/li>\n<\/ol>\n<\/div>\n<\/div><\/div>\n\n\n\n<div class=\"wp-block-group has-global-padding is-layout-constrained wp-block-group-is-layout-constrained\" style=\"margin-bottom:var(--wp--preset--spacing--xxl)\">\n<div class=\"wp-block-group has-neutral-100-background-color has-background has-global-padding is-layout-constrained wp-container-core-group-is-layout-2fb6fc15 wp-block-group-is-layout-constrained\" style=\"border-radius:1rem;margin-top:var(--wp--preset--spacing--5-xl);margin-bottom:var(--wp--preset--spacing--xl);padding-top:var(--wp--preset--spacing--xxl);padding-right:var(--wp--preset--spacing--lg);padding-bottom:var(--wp--preset--spacing--xxl);padding-left:var(--wp--preset--spacing--lg)\">\n<h2 class=\"wp-block-heading has-text-align-center has-text-color has-link-color wp-elements-8ef3dd6629caafa2029c7c3f485c9931\" style=\"--accent-text: #003875; color:#003875;margin-bottom:var(--wp--preset--spacing--xl)\">Zuverl\u00e4ssige Lieferung in ganz Europa<\/h2>\n\n\n\n<div class=\"wp-block-group has-global-padding is-layout-constrained wp-container-core-group-is-layout-f36bc466 wp-block-group-is-layout-constrained\">\n<p class=\"has-text-align-left has-body-l-font-size\">Von Spanien bis Schweden, von Frankreich bis Finnland \u2013 unser umfangreiches Netzwerk sorgt daf\u00fcr, dass Ihre Paletten sicher und p\u00fcnktlich ihr Ziel erreichen. Jede Sendung profitiert von der jahrzehntelangen Logistikkompetenz von Palletways, sodass Sie Ihre Sendungen mit vollstem Vertrauen verschicken k\u00f6nnen.<\/p>\n\n\n\n<p class=\"has-text-align-left has-body-l-font-size\">Starten Sie noch heute mit dem internationalen Versand<br>Schlie\u00dfen Sie sich Tausenden von Kunden an, die Palletways Online f\u00fcr schnelle, flexible und kosteng\u00fcnstige Palettenlieferungen in ganz Europa vertrauen.<\/p>\n\n\n\n<div class=\"wp-block-buttons is-content-justification-center is-layout-flex wp-container-core-buttons-is-layout-a89b3969 wp-block-buttons-is-layout-flex\">\n<div class=\"wp-block-button  is-style-primary\"><a style=\"\" class=\"wp-block-button __link wp-element-button\" href=\"https:\/\/palletways.online\/de\/\">Angebot f\u00fcr Palettenversand einholen<\/a><\/div>\n<\/div>\n<\/div>\n<\/div>\n<\/div>\n<\/div>\n\n\n\n<p><\/p>\n","protected":false},"excerpt":{"rendered":"<p>Versenden Sie Paletten ganz einfach quer durch Europa Als Teil des Palletways-Netzwerks \u2013 Europas gr\u00f6\u00dftem und vertrauensw\u00fcrdigstem Palettenversandnetzwerk \u2013 verbinden wir Sie direkt mit \u00fcber 450 Depots in 25 europ\u00e4ischen L\u00e4ndern. Das bedeutet, dass Ihre Palette auf jedem Schritt des Weges von erfahrenen lokalen Experten abgefertigt wird, was eine schnelle, zuverl\u00e4ssige und kosteng\u00fcnstige Lieferung von [&hellip;]<\/p>\n","protected":false},"author":1,"featured_media":0,"parent":0,"menu_order":0,"comment_status":"closed","ping_status":"closed","template":"","meta":{"view_count":60,"faq_page":false,"footnotes":""},"class_list":["post-41","page","type-page","status-publish","hentry"],"yoast_head":"<!-- This site is optimized with the Yoast SEO plugin v27.2 - https:\/\/yoast.com\/product\/yoast-seo-wordpress\/ -->\n<title>Internationaler Palettentransport - Palletways Online Germany<\/title>\n<meta name=\"robots\" content=\"index, follow, max-snippet:-1, max-image-preview:large, max-video-preview:-1\" \/>\n<link rel=\"canonical\" href=\"https:\/\/palletways.online\/de\/internationaler-palettenversand\/\" \/>\n<meta property=\"og:locale\" content=\"de_DE\" \/>\n<meta property=\"og:type\" content=\"article\" \/>\n<meta property=\"og:title\" content=\"Internationaler Palettentransport - Palletways Online Germany\" \/>\n<meta property=\"og:description\" content=\"Versenden Sie Paletten ganz einfach quer durch Europa Als Teil des Palletways-Netzwerks \u2013 Europas gr\u00f6\u00dftem und vertrauensw\u00fcrdigstem Palettenversandnetzwerk \u2013 verbinden wir Sie direkt mit \u00fcber 450 Depots in 25 europ\u00e4ischen L\u00e4ndern. Das bedeutet, dass Ihre Palette auf jedem Schritt des Weges von erfahrenen lokalen Experten abgefertigt wird, was eine schnelle, zuverl\u00e4ssige und kosteng\u00fcnstige Lieferung von [&hellip;]\" \/>\n<meta property=\"og:url\" content=\"https:\/\/palletways.online\/de\/internationaler-palettenversand\/\" \/>\n<meta property=\"og:site_name\" content=\"Palletways Online Germany\" \/>\n<meta property=\"article:modified_time\" content=\"2026-02-26T17:12:05+00:00\" \/>\n<meta property=\"og:image\" content=\"https:\/\/palletways.online\/de\/wp-content\/uploads\/sites\/7\/2026\/01\/Lorry-PW.jpeg\" \/>\n\t<meta property=\"og:image:width\" content=\"1765\" \/>\n\t<meta property=\"og:image:height\" content=\"1012\" \/>\n\t<meta property=\"og:image:type\" content=\"image\/jpeg\" \/>\n<meta name=\"twitter:card\" content=\"summary_large_image\" \/>\n<meta name=\"twitter:label1\" content=\"Gesch\u00e4tzte Lesezeit\" \/>\n\t<meta name=\"twitter:data1\" content=\"3\u00a0Minuten\" \/>\n<script type=\"application\/ld+json\" class=\"yoast-schema-graph\">{\"@context\":\"https:\/\/schema.org\",\"@graph\":[{\"@type\":\"WebPage\",\"@id\":\"https:\/\/palletways.online\/de\/internationaler-palettenversand\/\",\"url\":\"https:\/\/palletways.online\/de\/internationaler-palettenversand\/\",\"name\":\"Internationaler Palettentransport - Palletways Online Germany\",\"isPartOf\":{\"@id\":\"https:\/\/palletways.online\/de\/#website\"},\"primaryImageOfPage\":{\"@id\":\"https:\/\/palletways.online\/de\/internationaler-palettenversand\/#primaryimage\"},\"image\":{\"@id\":\"https:\/\/palletways.online\/de\/internationaler-palettenversand\/#primaryimage\"},\"thumbnailUrl\":\"https:\/\/palletways.online\/de\/wp-content\/uploads\/sites\/7\/2026\/01\/Lorry-PW-1024x587.jpeg\",\"datePublished\":\"2025-11-17T00:39:23+00:00\",\"dateModified\":\"2026-02-26T17:12:05+00:00\",\"breadcrumb\":{\"@id\":\"https:\/\/palletways.online\/de\/internationaler-palettenversand\/#breadcrumb\"},\"inLanguage\":\"de\",\"potentialAction\":[{\"@type\":\"ReadAction\",\"target\":[\"https:\/\/palletways.online\/de\/internationaler-palettenversand\/\"]}]},{\"@type\":\"ImageObject\",\"inLanguage\":\"de\",\"@id\":\"https:\/\/palletways.online\/de\/internationaler-palettenversand\/#primaryimage\",\"url\":\"https:\/\/palletways.online\/de\/wp-content\/uploads\/sites\/7\/2026\/01\/Lorry-PW.jpeg\",\"contentUrl\":\"https:\/\/palletways.online\/de\/wp-content\/uploads\/sites\/7\/2026\/01\/Lorry-PW.jpeg\",\"width\":1765,\"height\":1012},{\"@type\":\"BreadcrumbList\",\"@id\":\"https:\/\/palletways.online\/de\/internationaler-palettenversand\/#breadcrumb\",\"itemListElement\":[{\"@type\":\"ListItem\",\"position\":1,\"name\":\"Home\",\"item\":\"https:\/\/palletways.online\/de\/\"},{\"@type\":\"ListItem\",\"position\":2,\"name\":\"Internationaler Palettentransport\"}]},{\"@type\":\"WebSite\",\"@id\":\"https:\/\/palletways.online\/de\/#website\",\"url\":\"https:\/\/palletways.online\/de\/\",\"name\":\"Palletways Online\",\"description\":\"\",\"publisher\":{\"@id\":\"https:\/\/palletways.online\/de\/#organization\"},\"potentialAction\":[{\"@type\":\"SearchAction\",\"target\":{\"@type\":\"EntryPoint\",\"urlTemplate\":\"https:\/\/palletways.online\/de\/?s={search_term_string}\"},\"query-input\":{\"@type\":\"PropertyValueSpecification\",\"valueRequired\":true,\"valueName\":\"search_term_string\"}}],\"inLanguage\":\"de\"},{\"@type\":\"Organization\",\"@id\":\"https:\/\/palletways.online\/de\/#organization\",\"name\":\"Palletways Online\",\"url\":\"https:\/\/palletways.online\/de\/\",\"logo\":{\"@type\":\"ImageObject\",\"inLanguage\":\"de\",\"@id\":\"https:\/\/palletways.online\/de\/#\/schema\/logo\/image\/\",\"url\":\"https:\/\/palletways.online\/de\/wp-content\/uploads\/sites\/7\/2025\/11\/palletways-blue-logo-1.png\",\"contentUrl\":\"https:\/\/palletways.online\/de\/wp-content\/uploads\/sites\/7\/2025\/11\/palletways-blue-logo-1.png\",\"width\":1845,\"height\":693,\"caption\":\"Palletways Online\"},\"image\":{\"@id\":\"https:\/\/palletways.online\/de\/#\/schema\/logo\/image\/\"}}]}<\/script>\n<!-- \/ Yoast SEO plugin. -->","yoast_head_json":{"title":"Internationaler Palettentransport - Palletways Online Germany","robots":{"index":"index","follow":"follow","max-snippet":"max-snippet:-1","max-image-preview":"max-image-preview:large","max-video-preview":"max-video-preview:-1"},"canonical":"https:\/\/palletways.online\/de\/internationaler-palettenversand\/","og_locale":"de_DE","og_type":"article","og_title":"Internationaler Palettentransport - Palletways Online Germany","og_description":"Versenden Sie Paletten ganz einfach quer durch Europa Als Teil des Palletways-Netzwerks \u2013 Europas gr\u00f6\u00dftem und vertrauensw\u00fcrdigstem Palettenversandnetzwerk \u2013 verbinden wir Sie direkt mit \u00fcber 450 Depots in 25 europ\u00e4ischen L\u00e4ndern. Das bedeutet, dass Ihre Palette auf jedem Schritt des Weges von erfahrenen lokalen Experten abgefertigt wird, was eine schnelle, zuverl\u00e4ssige und kosteng\u00fcnstige Lieferung von [&hellip;]","og_url":"https:\/\/palletways.online\/de\/internationaler-palettenversand\/","og_site_name":"Palletways Online Germany","article_modified_time":"2026-02-26T17:12:05+00:00","og_image":[{"width":1765,"height":1012,"url":"https:\/\/palletways.online\/de\/wp-content\/uploads\/sites\/7\/2026\/01\/Lorry-PW.jpeg","type":"image\/jpeg"}],"twitter_card":"summary_large_image","twitter_misc":{"Gesch\u00e4tzte Lesezeit":"3\u00a0Minuten"},"schema":{"@context":"https:\/\/schema.org","@graph":[{"@type":"WebPage","@id":"https:\/\/palletways.online\/de\/internationaler-palettenversand\/","url":"https:\/\/palletways.online\/de\/internationaler-palettenversand\/","name":"Internationaler Palettentransport - Palletways Online Germany","isPartOf":{"@id":"https:\/\/palletways.online\/de\/#website"},"primaryImageOfPage":{"@id":"https:\/\/palletways.online\/de\/internationaler-palettenversand\/#primaryimage"},"image":{"@id":"https:\/\/palletways.online\/de\/internationaler-palettenversand\/#primaryimage"},"thumbnailUrl":"https:\/\/palletways.online\/de\/wp-content\/uploads\/sites\/7\/2026\/01\/Lorry-PW-1024x587.jpeg","datePublished":"2025-11-17T00:39:23+00:00","dateModified":"2026-02-26T17:12:05+00:00","breadcrumb":{"@id":"https:\/\/palletways.online\/de\/internationaler-palettenversand\/#breadcrumb"},"inLanguage":"de","potentialAction":[{"@type":"ReadAction","target":["https:\/\/palletways.online\/de\/internationaler-palettenversand\/"]}]},{"@type":"ImageObject","inLanguage":"de","@id":"https:\/\/palletways.online\/de\/internationaler-palettenversand\/#primaryimage","url":"https:\/\/palletways.online\/de\/wp-content\/uploads\/sites\/7\/2026\/01\/Lorry-PW.jpeg","contentUrl":"https:\/\/palletways.online\/de\/wp-content\/uploads\/sites\/7\/2026\/01\/Lorry-PW.jpeg","width":1765,"height":1012},{"@type":"BreadcrumbList","@id":"https:\/\/palletways.online\/de\/internationaler-palettenversand\/#breadcrumb","itemListElement":[{"@type":"ListItem","position":1,"name":"Home","item":"https:\/\/palletways.online\/de\/"},{"@type":"ListItem","position":2,"name":"Internationaler Palettentransport"}]},{"@type":"WebSite","@id":"https:\/\/palletways.online\/de\/#website","url":"https:\/\/palletways.online\/de\/","name":"Palletways Online","description":"","publisher":{"@id":"https:\/\/palletways.online\/de\/#organization"},"potentialAction":[{"@type":"SearchAction","target":{"@type":"EntryPoint","urlTemplate":"https:\/\/palletways.online\/de\/?s={search_term_string}"},"query-input":{"@type":"PropertyValueSpecification","valueRequired":true,"valueName":"search_term_string"}}],"inLanguage":"de"},{"@type":"Organization","@id":"https:\/\/palletways.online\/de\/#organization","name":"Palletways Online","url":"https:\/\/palletways.online\/de\/","logo":{"@type":"ImageObject","inLanguage":"de","@id":"https:\/\/palletways.online\/de\/#\/schema\/logo\/image\/","url":"https:\/\/palletways.online\/de\/wp-content\/uploads\/sites\/7\/2025\/11\/palletways-blue-logo-1.png","contentUrl":"https:\/\/palletways.online\/de\/wp-content\/uploads\/sites\/7\/2025\/11\/palletways-blue-logo-1.png","width":1845,"height":693,"caption":"Palletways Online"},"image":{"@id":"https:\/\/palletways.online\/de\/#\/schema\/logo\/image\/"}}]}},"_links":{"self":[{"href":"https:\/\/palletways.online\/de\/wp-json\/wp\/v2\/pages\/41","targetHints":{"allow":["GET"]}}],"collection":[{"href":"https:\/\/palletways.online\/de\/wp-json\/wp\/v2\/pages"}],"about":[{"href":"https:\/\/palletways.online\/de\/wp-json\/wp\/v2\/types\/page"}],"author":[{"embeddable":true,"href":"https:\/\/palletways.online\/de\/wp-json\/wp\/v2\/users\/1"}],"replies":[{"embeddable":true,"href":"https:\/\/palletways.online\/de\/wp-json\/wp\/v2\/comments?post=41"}],"version-history":[{"count":10,"href":"https:\/\/palletways.online\/de\/wp-json\/wp\/v2\/pages\/41\/revisions"}],"predecessor-version":[{"id":732,"href":"https:\/\/palletways.online\/de\/wp-json\/wp\/v2\/pages\/41\/revisions\/732"}],"wp:attachment":[{"href":"https:\/\/palletways.online\/de\/wp-json\/wp\/v2\/media?parent=41"}],"curies":[{"name":"wp","href":"https:\/\/api.w.org\/{rel}","templated":true}]}}