{"id":48,"date":"2025-11-17T00:39:29","date_gmt":"2025-11-17T00:39:29","guid":{"rendered":"http:\/\/palletways.online\/de\/?page_id=48"},"modified":"2026-02-26T17:24:01","modified_gmt":"2026-02-26T17:24:01","slug":"palette-vorbereiten","status":"publish","type":"page","link":"https:\/\/palletways.online\/de\/palette-vorbereiten\/","title":{"rendered":"Vorbereitung Ihrer Palette"},"content":{"rendered":"\n<div class=\"wp-block-cover\" style=\"margin-bottom:var(--wp--preset--spacing--4-xl);padding-top:var(--wp--preset--spacing--4-xl);padding-bottom:var(--wp--preset--spacing--4-xl);min-height:30svh;aspect-ratio:unset;\"><img loading=\"lazy\" decoding=\"async\" width=\"1024\" height=\"587\" class=\"wp-block-cover__image-background wp-image-531 size-large\" alt=\"\" src=\"https:\/\/palletways.online\/de\/wp-content\/uploads\/sites\/7\/2026\/01\/Lorry-PW-1024x587.jpeg\" style=\"object-position:81% 78%\" data-object-fit=\"cover\" data-object-position=\"81% 78%\" srcset=\"https:\/\/palletways.online\/de\/wp-content\/uploads\/sites\/7\/2026\/01\/Lorry-PW-1024x587.jpeg 1024w, https:\/\/palletways.online\/de\/wp-content\/uploads\/sites\/7\/2026\/01\/Lorry-PW-300x172.jpeg 300w, https:\/\/palletways.online\/de\/wp-content\/uploads\/sites\/7\/2026\/01\/Lorry-PW-768x440.jpeg 768w, https:\/\/palletways.online\/de\/wp-content\/uploads\/sites\/7\/2026\/01\/Lorry-PW-1536x881.jpeg 1536w, https:\/\/palletways.online\/de\/wp-content\/uploads\/sites\/7\/2026\/01\/Lorry-PW-600x344.jpeg 600w, https:\/\/palletways.online\/de\/wp-content\/uploads\/sites\/7\/2026\/01\/Lorry-PW.jpeg 1765w\" sizes=\"auto, (max-width: 1024px) 100vw, 1024px\" \/><span aria-hidden=\"true\" class=\"wp-block-cover__background has-black-background-color has-background-dim-40 has-background-dim\"><\/span><div class=\"wp-block-cover__inner-container has-global-padding is-layout-constrained wp-block-cover-is-layout-constrained\">\n<div class=\"wp-block-group has-global-padding is-layout-constrained wp-block-group-is-layout-constrained\">\n<div class=\"wp-block-columns is-layout-flex wp-container-core-columns-is-layout-28f84493 wp-block-columns-is-layout-flex\">\n<div class=\"wp-block-column is-vertically-aligned-center is-layout-flow wp-container-core-column-is-layout-86b72393 wp-block-column-is-layout-flow\">\n<ol itemscope itemtype=\"https:\/\/schema.org\/BreadcrumbList\" class=\"wp-elements-e4c33ec0092b97fff79b6b3421a6e1af wp-block-the-framework-breadcrumbs has-text-color has-white-color\">\n    <li itemprop=\"itemListElement\" itemscope itemtype=\"https:\/\/schema.org\/ListItem\"><a style=\"--accent-text: var(--wp--preset--color--white);\" itemscope itemtype=\"https:\/\/schema.org\/WebPage\" itemprop=\"item\" itemid=\"https:\/\/palletways.online\/de\" href=\"https:\/\/palletways.online\/de\"><span itemprop=\"name\">Palletways Online Germany<\/span><\/a><meta itemprop=\"position\" content=\"1\" \/><\/li><svg width=\"8\" height=\"14\" viewBox=\"0 0 8 14\" fill=\"none\" xmlns=\"http:\/\/www.w3.org\/2000\/svg\"><path d=\"M6.59241 0.333374L1.40723 13.6667\" stroke=\"currentColor\" stroke-width=\"1.5\"\/><\/svg><li itemprop=\"itemListElement\" itemscope itemtype=\"https:\/\/schema.org\/ListItem\"><span itemprop=\"name\">Seite<\/span><meta itemprop=\"position\" content=\"2\" \/><\/li><\/ol>\n\n\n\n<div class=\"wp-block-group has-global-padding is-content-justification-left is-layout-constrained wp-container-core-group-is-layout-74cbbf86 wp-block-group-is-layout-constrained\">\n<h1 class=\"wp-block-heading has-white-color has-text-color has-link-color wp-elements-eac052332134c77f6faab53deed5c163\">Vorbereitung Ihrer Palette f\u00fcr die Abholung und Zustellung<\/h1>\n\n\n\n<p class=\"has-white-color has-text-color has-link-color wp-elements-f670b528fee037c92fca004524aed189\">Die richtige Vorbereitung Ihrer Palette ist unerl\u00e4sslich, um einen sicheren Transport durch das Palletways-Netzwerk zu gew\u00e4hrleisten. Befolgen Sie diese einfachen Schritte, um sicherzustellen, dass Ihre Palette transportf\u00e4hig, sicher und abholbereit ist.<\/p>\n\n\n\n<p class=\"has-white-color has-text-color has-link-color wp-elements-dcdefe85b6692305256026069ff6c25e\">Alle Paletten m\u00fcssen unserem Fahrer in einem f\u00fcr den Stra\u00dfentransport geeigneten Zustand \u00fcbergeben werden. Die Entscheidung des Fahrers \u00fcber die Transportf\u00e4higkeit der Palette ist endg\u00fcltig.<\/p>\n<\/div>\n<\/div>\n\n\n\n<div class=\"wp-block-column is-vertically-aligned-center is-layout-flow wp-block-column-is-layout-flow\"><\/div>\n<\/div>\n<\/div>\n<\/div><\/div>\n\n\n\n<div class=\"wp-block-group has-global-padding is-layout-constrained wp-block-group-is-layout-constrained\" style=\"margin-bottom:var(--wp--preset--spacing--4-xl)\">\n<div class=\"wp-block-columns is-layout-flex wp-container-core-columns-is-layout-f27e9562 wp-block-columns-is-layout-flex\">\n<div class=\"wp-block-column is-layout-flow wp-block-column-is-layout-flow\" style=\"flex-basis:25%\">\n<div class=\"wp-block-group has-global-padding is-layout-constrained wp-block-group-is-layout-constrained wp-container-3 is-position-sticky\" style=\"padding-top:var(--wp--preset--spacing--lg)\">\n<div class=\"wp-block-group has-border-color has-global-padding is-layout-constrained wp-container-core-group-is-layout-337b8cc2 wp-block-group-is-layout-constrained\" style=\"border-color:#74C043;border-width:2px;border-radius:0.6rem;padding-top:var(--wp--preset--spacing--lg);padding-right:var(--wp--preset--spacing--lg);padding-bottom:var(--wp--preset--spacing--lg);padding-left:var(--wp--preset--spacing--lg)\">\n<h6 class=\"wp-block-heading\">Themen<\/h6>\n\n\n\n<div class=\"wp-block-group has-global-padding is-layout-constrained wp-container-core-group-is-layout-53fa5211 wp-block-group-is-layout-constrained\" style=\"padding-left:var(--wp--preset--spacing--md)\">\n<h6 class=\"wp-block-heading has-secondary-color has-text-color has-link-color wp-elements-3764f8ba727b1d756d2b74b245b9f8f3\"><a style=\"--accent-text: var(--wp--preset--color--primary);\" href=\"#prepare-for-delivery\">Vorbereitung Ihrer Palette f\u00fcr die Abholung und Zustellung<\/a><\/h6>\n\n\n\n<div class=\"wp-block-group has-global-padding is-layout-constrained wp-container-core-group-is-layout-cd528046 wp-block-group-is-layout-constrained\" style=\"padding-left:var(--wp--preset--spacing--lg)\">\n<h6 class=\"wp-block-heading has-secondary-color has-text-color has-link-color has-body-font-size wp-elements-7ca37858f6af1e9354a265e6afccab3a\"><a style=\"--accent-text: var(--wp--preset--color--primary);\" href=\"#choose-pallet\">1. W\u00e4hlen Sie eine stabile, robuste Palette<\/a><\/h6>\n\n\n\n<h6 class=\"wp-block-heading has-secondary-color has-text-color has-link-color has-body-font-size wp-elements-19849fbab7b2c483d1c2653585acf10d\"><a style=\"--accent-text: var(--wp--preset--color--primary);\" href=\"#secure-goods\">2. Sichern und sch\u00fctzen Sie Ihre Waren<\/a><\/h6>\n\n\n\n<h6 class=\"wp-block-heading has-secondary-color has-text-color has-link-color has-body-font-size wp-elements-36e390a9e4365715c24525ceeaeca367\"><a style=\"--accent-text: var(--wp--preset--color--primary);\" href=\"#declare-weight\">3. Geben Sie das genaue Gewicht an<\/a><\/h6>\n\n\n\n<h6 class=\"wp-block-heading has-secondary-color has-text-color has-link-color has-body-font-size wp-elements-c4b603591e2acf33654e1761db7ee96e\"><a style=\"--accent-text: var(--wp--preset--color--primary);\" href=\"#label-pallet\">4. Beschriften Sie Ihre Palette deutlich<\/a><\/h6>\n\n\n\n<h6 class=\"wp-block-heading has-secondary-color has-text-color has-link-color has-body-font-size wp-elements-70b1793e79a2fa73bcf78f925470a9d8\"><a style=\"--accent-text: var(--wp--preset--color--primary);\" href=\"#max-pallet-weight\">5. Maximales Gewicht pro Palette<\/a><\/h6>\n<\/div>\n\n\n\n<h6 class=\"wp-block-heading has-secondary-color has-text-color has-link-color wp-elements-ccd71c8d863bac2a3c467c845646c5a2\"><a style=\"--accent-text: var(--wp--preset--color--secondary);\" href=\"#why-preparation-matters\">Warum die richtige Vorbereitung der Palette wichtig ist<\/a><\/h6>\n<\/div>\n<\/div>\n<\/div>\n<\/div>\n\n\n\n<div class=\"wp-block-column is-layout-flow wp-block-column-is-layout-flow\" style=\"padding-top:var(--wp--preset--spacing--lg);padding-bottom:var(--wp--preset--spacing--lg);flex-basis:75%\">\n<h3 class=\"wp-block-heading\" id=\"prepare-for-delivery\">So bereiten Sie eine Palette f\u00fcr den Versand vor<\/h3>\n\n\n\n<div id=\"choose-pallet\" class=\"wp-block-group has-global-padding is-layout-constrained wp-block-group-is-layout-constrained\">\n<h4 class=\"wp-block-heading\">1. W\u00e4hlen Sie eine stabile, robuste Palette<\/h4>\n\n\n\n<p>Wenn Sie eine Palette \u00fcber unser Versandnetzwerk in Deutschland versenden, stellen Sie sicher, dass Sie eine hochwertige Holzpalette verwenden, die stabil genug ist, um Ihre Waren zu tragen.<\/p>\n\n\n\n<p>Verwenden Sie eine robuste, unbesch\u00e4digte Palette, die mehreren Umschlagvorg\u00e4ngen standh\u00e4lt.<\/p>\n\n\n\n<p>Verwenden Sie f\u00fcr Abholungen oder Lieferungen mit Ladebordwand eine hochwertige 4-Wege-Palette.<\/p>\n\n\n\n<p>Die Waren d\u00fcrfen nicht \u00fcber die Kanten der Palettenbasis hinausragen. \u00dcberstehende Gegenst\u00e4nde k\u00f6nnen besch\u00e4digt werden und werden m\u00f6glicherweise nicht abgeholt.<\/p>\n\n\n\n<p>Wenn Ihre Palette besch\u00e4digt oder instabil ist, ersetzen Sie sie vor der Abholung, um Verz\u00f6gerungen zu vermeiden.<\/p>\n<\/div>\n\n\n\n<div id=\"secure-goods\" class=\"wp-block-group has-global-padding is-layout-constrained wp-block-group-is-layout-constrained\">\n<h4 class=\"wp-block-heading\">2. Sichern und sch\u00fctzen Sie Ihre Waren<\/h4>\n\n\n\n<p>Durch die richtige Sicherung Ihrer Waren stellen Sie sicher, dass diese sicher und unbesch\u00e4digt ankommen.<\/p>\n\n\n\n<p>Verwenden Sie starke Umreifungsb\u00e4nder oder Schrumpffolie, um die Waren fest auf der Palette zu befestigen.<\/p>\n\n\n\n<p>Wickeln Sie die Waren um die Palette herum und nicht nur um sie herum, um die Stabilit\u00e4t zu erh\u00f6hen.<\/p>\n\n\n\n<p>Paletten k\u00f6nnen Witterungseinfl\u00fcssen ausgesetzt sein. Wickeln Sie die Palette daher vollst\u00e4ndig ein, um sie vor Regen und Staub zu sch\u00fctzen.<\/p>\n\n\n\n<p>F\u00fchren Sie eine einfache Stabilit\u00e4tspr\u00fcfung durch: Wenn Sie die Ladung durch leichtes Dr\u00fccken bewegen oder kippen k\u00f6nnen, ist sie nicht sicher genug.<\/p>\n\n\n\n<p>Bei Halb- oder Viertelpaletten kennzeichnen Sie diese deutlich mit \u201eNicht stapeln\u201c, wenn das Stapeln zu Sch\u00e4den f\u00fchren k\u00f6nnte.<\/p>\n<\/div>\n\n\n\n<div id=\"declare-weight\" class=\"wp-block-group has-global-padding is-layout-constrained wp-block-group-is-layout-constrained\">\n<h4 class=\"wp-block-heading\">3. Geben Sie das genaue Gewicht an<\/h4>\n\n\n\n<p>Geben Sie immer das korrekte Gesamtgewicht Ihrer Palette an. Falsche Gewichtsangaben k\u00f6nnen zu Verz\u00f6gerungen, fehlgeschlagenen Abholungen oder Stornierungen f\u00fchren.<\/p>\n\n\n\n<p>Genaue Gewichtsangaben tragen auch dazu bei, eine sichere Handhabung innerhalb des Palletways-Netzwerks zu gew\u00e4hrleisten.<\/p>\n<\/div>\n\n\n\n<div id=\"label-pallet\" class=\"wp-block-group has-global-padding is-layout-constrained wp-block-group-is-layout-constrained\">\n<h4 class=\"wp-block-heading\">4. Beschriften Sie Ihre Palette deutlich<\/h4>\n\n\n\n<p>Eine deutliche Beschriftung stellt sicher, dass Ihre Palette ohne Verz\u00f6gerungen den richtigen Bestimmungsort erreicht.<\/p>\n\n\n\n<p>Bringen Sie Etiketten an mindestens zwei Seiten der Palette an.<\/p>\n\n\n\n<p>Geben Sie alle folgenden Angaben an:<\/p>\n\n\n\n<p>Vollst\u00e4ndiger Name und Adresse des Absenders<\/p>\n\n\n\n<p>Vollst\u00e4ndiger Name, Adresse und Postleitzahl des Empf\u00e4ngers<\/p>\n\n\n\n<p>Alle Referenznummern oder Kontaktdaten<\/p>\n\n\n\n<p>Gut beschriftete Paletten werden im Liefersystem in Gro\u00dfbritannien (ersetzen Sie dies durch Ihr Land) effizienter transportiert.<\/p>\n<\/div>\n\n\n\n<div id=\"max-pallet-weight\" class=\"wp-block-group has-global-padding is-layout-constrained wp-block-group-is-layout-constrained\">\n<h4 class=\"wp-block-heading\">5. Maximales Gewicht pro Palette<\/h4>\n\n\n\n<p>Achten Sie darauf, dass Ihre Palette das zul\u00e4ssige Maximalgewicht nicht \u00fcberschreitet, um Ablehnung oder Transportsch\u00e4den zu vermeiden. Die Abmessungen und Gewichtsgrenzen unserer Paletten finden Sie in unseren FAQs auf unserer Website.<\/p>\n<\/div>\n\n\n\n<div class=\"wp-block-group has-global-padding is-layout-constrained wp-block-group-is-layout-constrained\">\n<h3 class=\"wp-block-heading\" id=\"why-preparation-matters\">Warum die richtige Vorbereitung der Palette wichtig ist<\/h3>\n\n\n\n<p>Die Befolgung dieser Vorbereitungsschritte hilft Ihnen dabei:<\/p>\n\n\n\n<p>Sch\u00e4den w\u00e4hrend des Palettentransports zu vermeiden.<\/p>\n\n\n\n<p>Die Abhol- und Lieferzeiten zu verk\u00fcrzen.<\/p>\n\n\n\n<p>Sicherzustellen, dass Ihre Palette sicher durch das Palletways-Netzwerk in Deutschland transportiert wird.<\/p>\n\n\n\n<p>Wenn Sie sich die Zeit nehmen, Ihre Palette richtig vorzubereiten, k\u00f6nnen Sie eine reibungslose und zuverl\u00e4ssige Lieferung sicherstellen \u2013 unabh\u00e4ngig davon, ob Sie eine einzelne Palette versenden oder regelm\u00e4\u00dfige Palettenlieferungen in Deutschland organisieren.\u00a0<\/p>\n<\/div>\n<\/div>\n<\/div>\n<\/div>\n","protected":false},"excerpt":{"rendered":"<p>Themen Vorbereitung Ihrer Palette f\u00fcr die Abholung und Zustellung 1. W\u00e4hlen Sie eine stabile, robuste Palette 2. Sichern und sch\u00fctzen Sie Ihre Waren 3. Geben Sie das genaue Gewicht an 4. Beschriften Sie Ihre Palette deutlich 5. Maximales Gewicht pro Palette Warum die richtige Vorbereitung der Palette wichtig ist So bereiten Sie eine Palette f\u00fcr [&hellip;]<\/p>\n","protected":false},"author":1,"featured_media":0,"parent":0,"menu_order":0,"comment_status":"closed","ping_status":"closed","template":"","meta":{"view_count":69,"faq_page":false,"footnotes":""},"class_list":["post-48","page","type-page","status-publish","hentry"],"yoast_head":"<!-- This site is optimized with the Yoast SEO plugin v27.2 - https:\/\/yoast.com\/product\/yoast-seo-wordpress\/ -->\n<title>Vorbereitung Ihrer Palette - Palletways Online Germany<\/title>\n<meta name=\"robots\" content=\"index, follow, max-snippet:-1, max-image-preview:large, max-video-preview:-1\" \/>\n<link rel=\"canonical\" href=\"https:\/\/palletways.online\/de\/palette-vorbereiten\/\" \/>\n<meta property=\"og:locale\" content=\"de_DE\" \/>\n<meta property=\"og:type\" content=\"article\" \/>\n<meta property=\"og:title\" content=\"Vorbereitung Ihrer Palette - Palletways Online Germany\" \/>\n<meta property=\"og:description\" content=\"Themen Vorbereitung Ihrer Palette f\u00fcr die Abholung und Zustellung 1. W\u00e4hlen Sie eine stabile, robuste Palette 2. Sichern und sch\u00fctzen Sie Ihre Waren 3. Geben Sie das genaue Gewicht an 4. Beschriften Sie Ihre Palette deutlich 5. Maximales Gewicht pro Palette Warum die richtige Vorbereitung der Palette wichtig ist So bereiten Sie eine Palette f\u00fcr [&hellip;]\" \/>\n<meta property=\"og:url\" content=\"https:\/\/palletways.online\/de\/palette-vorbereiten\/\" \/>\n<meta property=\"og:site_name\" content=\"Palletways Online Germany\" \/>\n<meta property=\"article:modified_time\" content=\"2026-02-26T17:24:01+00:00\" \/>\n<meta property=\"og:image\" content=\"https:\/\/palletways.online\/de\/wp-content\/uploads\/sites\/7\/2026\/01\/Lorry-PW.jpeg\" \/>\n\t<meta property=\"og:image:width\" content=\"1765\" \/>\n\t<meta property=\"og:image:height\" content=\"1012\" \/>\n\t<meta property=\"og:image:type\" content=\"image\/jpeg\" \/>\n<meta name=\"twitter:card\" content=\"summary_large_image\" \/>\n<meta name=\"twitter:label1\" content=\"Gesch\u00e4tzte Lesezeit\" \/>\n\t<meta name=\"twitter:data1\" content=\"4\u00a0Minuten\" \/>\n<script type=\"application\/ld+json\" class=\"yoast-schema-graph\">{\"@context\":\"https:\/\/schema.org\",\"@graph\":[{\"@type\":\"WebPage\",\"@id\":\"https:\/\/palletways.online\/de\/palette-vorbereiten\/\",\"url\":\"https:\/\/palletways.online\/de\/palette-vorbereiten\/\",\"name\":\"Vorbereitung Ihrer Palette - Palletways Online Germany\",\"isPartOf\":{\"@id\":\"https:\/\/palletways.online\/de\/#website\"},\"primaryImageOfPage\":{\"@id\":\"https:\/\/palletways.online\/de\/palette-vorbereiten\/#primaryimage\"},\"image\":{\"@id\":\"https:\/\/palletways.online\/de\/palette-vorbereiten\/#primaryimage\"},\"thumbnailUrl\":\"https:\/\/palletways.online\/de\/wp-content\/uploads\/sites\/7\/2026\/01\/Lorry-PW-1024x587.jpeg\",\"datePublished\":\"2025-11-17T00:39:29+00:00\",\"dateModified\":\"2026-02-26T17:24:01+00:00\",\"breadcrumb\":{\"@id\":\"https:\/\/palletways.online\/de\/palette-vorbereiten\/#breadcrumb\"},\"inLanguage\":\"de\",\"potentialAction\":[{\"@type\":\"ReadAction\",\"target\":[\"https:\/\/palletways.online\/de\/palette-vorbereiten\/\"]}]},{\"@type\":\"ImageObject\",\"inLanguage\":\"de\",\"@id\":\"https:\/\/palletways.online\/de\/palette-vorbereiten\/#primaryimage\",\"url\":\"https:\/\/palletways.online\/de\/wp-content\/uploads\/sites\/7\/2026\/01\/Lorry-PW.jpeg\",\"contentUrl\":\"https:\/\/palletways.online\/de\/wp-content\/uploads\/sites\/7\/2026\/01\/Lorry-PW.jpeg\",\"width\":1765,\"height\":1012},{\"@type\":\"BreadcrumbList\",\"@id\":\"https:\/\/palletways.online\/de\/palette-vorbereiten\/#breadcrumb\",\"itemListElement\":[{\"@type\":\"ListItem\",\"position\":1,\"name\":\"Home\",\"item\":\"https:\/\/palletways.online\/de\/\"},{\"@type\":\"ListItem\",\"position\":2,\"name\":\"Vorbereitung Ihrer Palette\"}]},{\"@type\":\"WebSite\",\"@id\":\"https:\/\/palletways.online\/de\/#website\",\"url\":\"https:\/\/palletways.online\/de\/\",\"name\":\"Palletways Online\",\"description\":\"\",\"publisher\":{\"@id\":\"https:\/\/palletways.online\/de\/#organization\"},\"potentialAction\":[{\"@type\":\"SearchAction\",\"target\":{\"@type\":\"EntryPoint\",\"urlTemplate\":\"https:\/\/palletways.online\/de\/?s={search_term_string}\"},\"query-input\":{\"@type\":\"PropertyValueSpecification\",\"valueRequired\":true,\"valueName\":\"search_term_string\"}}],\"inLanguage\":\"de\"},{\"@type\":\"Organization\",\"@id\":\"https:\/\/palletways.online\/de\/#organization\",\"name\":\"Palletways Online\",\"url\":\"https:\/\/palletways.online\/de\/\",\"logo\":{\"@type\":\"ImageObject\",\"inLanguage\":\"de\",\"@id\":\"https:\/\/palletways.online\/de\/#\/schema\/logo\/image\/\",\"url\":\"https:\/\/palletways.online\/de\/wp-content\/uploads\/sites\/7\/2025\/11\/palletways-blue-logo-1.png\",\"contentUrl\":\"https:\/\/palletways.online\/de\/wp-content\/uploads\/sites\/7\/2025\/11\/palletways-blue-logo-1.png\",\"width\":1845,\"height\":693,\"caption\":\"Palletways Online\"},\"image\":{\"@id\":\"https:\/\/palletways.online\/de\/#\/schema\/logo\/image\/\"}}]}<\/script>\n<!-- \/ Yoast SEO plugin. -->","yoast_head_json":{"title":"Vorbereitung Ihrer Palette - Palletways Online Germany","robots":{"index":"index","follow":"follow","max-snippet":"max-snippet:-1","max-image-preview":"max-image-preview:large","max-video-preview":"max-video-preview:-1"},"canonical":"https:\/\/palletways.online\/de\/palette-vorbereiten\/","og_locale":"de_DE","og_type":"article","og_title":"Vorbereitung Ihrer Palette - Palletways Online Germany","og_description":"Themen Vorbereitung Ihrer Palette f\u00fcr die Abholung und Zustellung 1. W\u00e4hlen Sie eine stabile, robuste Palette 2. Sichern und sch\u00fctzen Sie Ihre Waren 3. Geben Sie das genaue Gewicht an 4. Beschriften Sie Ihre Palette deutlich 5. Maximales Gewicht pro Palette Warum die richtige Vorbereitung der Palette wichtig ist So bereiten Sie eine Palette f\u00fcr [&hellip;]","og_url":"https:\/\/palletways.online\/de\/palette-vorbereiten\/","og_site_name":"Palletways Online Germany","article_modified_time":"2026-02-26T17:24:01+00:00","og_image":[{"width":1765,"height":1012,"url":"https:\/\/palletways.online\/de\/wp-content\/uploads\/sites\/7\/2026\/01\/Lorry-PW.jpeg","type":"image\/jpeg"}],"twitter_card":"summary_large_image","twitter_misc":{"Gesch\u00e4tzte Lesezeit":"4\u00a0Minuten"},"schema":{"@context":"https:\/\/schema.org","@graph":[{"@type":"WebPage","@id":"https:\/\/palletways.online\/de\/palette-vorbereiten\/","url":"https:\/\/palletways.online\/de\/palette-vorbereiten\/","name":"Vorbereitung Ihrer Palette - Palletways Online Germany","isPartOf":{"@id":"https:\/\/palletways.online\/de\/#website"},"primaryImageOfPage":{"@id":"https:\/\/palletways.online\/de\/palette-vorbereiten\/#primaryimage"},"image":{"@id":"https:\/\/palletways.online\/de\/palette-vorbereiten\/#primaryimage"},"thumbnailUrl":"https:\/\/palletways.online\/de\/wp-content\/uploads\/sites\/7\/2026\/01\/Lorry-PW-1024x587.jpeg","datePublished":"2025-11-17T00:39:29+00:00","dateModified":"2026-02-26T17:24:01+00:00","breadcrumb":{"@id":"https:\/\/palletways.online\/de\/palette-vorbereiten\/#breadcrumb"},"inLanguage":"de","potentialAction":[{"@type":"ReadAction","target":["https:\/\/palletways.online\/de\/palette-vorbereiten\/"]}]},{"@type":"ImageObject","inLanguage":"de","@id":"https:\/\/palletways.online\/de\/palette-vorbereiten\/#primaryimage","url":"https:\/\/palletways.online\/de\/wp-content\/uploads\/sites\/7\/2026\/01\/Lorry-PW.jpeg","contentUrl":"https:\/\/palletways.online\/de\/wp-content\/uploads\/sites\/7\/2026\/01\/Lorry-PW.jpeg","width":1765,"height":1012},{"@type":"BreadcrumbList","@id":"https:\/\/palletways.online\/de\/palette-vorbereiten\/#breadcrumb","itemListElement":[{"@type":"ListItem","position":1,"name":"Home","item":"https:\/\/palletways.online\/de\/"},{"@type":"ListItem","position":2,"name":"Vorbereitung Ihrer Palette"}]},{"@type":"WebSite","@id":"https:\/\/palletways.online\/de\/#website","url":"https:\/\/palletways.online\/de\/","name":"Palletways Online","description":"","publisher":{"@id":"https:\/\/palletways.online\/de\/#organization"},"potentialAction":[{"@type":"SearchAction","target":{"@type":"EntryPoint","urlTemplate":"https:\/\/palletways.online\/de\/?s={search_term_string}"},"query-input":{"@type":"PropertyValueSpecification","valueRequired":true,"valueName":"search_term_string"}}],"inLanguage":"de"},{"@type":"Organization","@id":"https:\/\/palletways.online\/de\/#organization","name":"Palletways Online","url":"https:\/\/palletways.online\/de\/","logo":{"@type":"ImageObject","inLanguage":"de","@id":"https:\/\/palletways.online\/de\/#\/schema\/logo\/image\/","url":"https:\/\/palletways.online\/de\/wp-content\/uploads\/sites\/7\/2025\/11\/palletways-blue-logo-1.png","contentUrl":"https:\/\/palletways.online\/de\/wp-content\/uploads\/sites\/7\/2025\/11\/palletways-blue-logo-1.png","width":1845,"height":693,"caption":"Palletways Online"},"image":{"@id":"https:\/\/palletways.online\/de\/#\/schema\/logo\/image\/"}}]}},"_links":{"self":[{"href":"https:\/\/palletways.online\/de\/wp-json\/wp\/v2\/pages\/48","targetHints":{"allow":["GET"]}}],"collection":[{"href":"https:\/\/palletways.online\/de\/wp-json\/wp\/v2\/pages"}],"about":[{"href":"https:\/\/palletways.online\/de\/wp-json\/wp\/v2\/types\/page"}],"author":[{"embeddable":true,"href":"https:\/\/palletways.online\/de\/wp-json\/wp\/v2\/users\/1"}],"replies":[{"embeddable":true,"href":"https:\/\/palletways.online\/de\/wp-json\/wp\/v2\/comments?post=48"}],"version-history":[{"count":9,"href":"https:\/\/palletways.online\/de\/wp-json\/wp\/v2\/pages\/48\/revisions"}],"predecessor-version":[{"id":738,"href":"https:\/\/palletways.online\/de\/wp-json\/wp\/v2\/pages\/48\/revisions\/738"}],"wp:attachment":[{"href":"https:\/\/palletways.online\/de\/wp-json\/wp\/v2\/media?parent=48"}],"curies":[{"name":"wp","href":"https:\/\/api.w.org\/{rel}","templated":true}]}}