{"id":897,"date":"2026-04-17T14:38:14","date_gmt":"2026-04-17T12:38:14","guid":{"rendered":"https:\/\/palletways.online\/de\/?page_id=897"},"modified":"2026-04-17T14:38:15","modified_gmt":"2026-04-17T12:38:15","slug":"verbotene-gegenstaende","status":"publish","type":"page","link":"https:\/\/palletways.online\/de\/verbotene-gegenstaende\/","title":{"rendered":"Verbotene Gegenst\u00e4nde"},"content":{"rendered":"\n<div class=\"wp-block-cover\" style=\"margin-bottom:var(--wp--preset--spacing--4-xl);padding-top:var(--wp--preset--spacing--4-xl);padding-bottom:var(--wp--preset--spacing--4-xl);min-height:30svh;aspect-ratio:unset;\"><img loading=\"lazy\" decoding=\"async\" width=\"1024\" height=\"587\" class=\"wp-block-cover__image-background wp-image-531 size-large\" alt=\"\" src=\"https:\/\/palletways.online\/wp-content\/uploads\/2026\/01\/Lorry-PW-1024x587.jpeg\" style=\"object-position:81% 78%\" data-object-fit=\"cover\" data-object-position=\"81% 78%\" srcset=\"https:\/\/palletways.online\/de\/wp-content\/uploads\/sites\/7\/2026\/01\/Lorry-PW-1024x587.jpeg 1024w, https:\/\/palletways.online\/de\/wp-content\/uploads\/sites\/7\/2026\/01\/Lorry-PW-300x172.jpeg 300w, https:\/\/palletways.online\/de\/wp-content\/uploads\/sites\/7\/2026\/01\/Lorry-PW-768x440.jpeg 768w, https:\/\/palletways.online\/de\/wp-content\/uploads\/sites\/7\/2026\/01\/Lorry-PW-1536x881.jpeg 1536w, https:\/\/palletways.online\/de\/wp-content\/uploads\/sites\/7\/2026\/01\/Lorry-PW-600x344.jpeg 600w, https:\/\/palletways.online\/de\/wp-content\/uploads\/sites\/7\/2026\/01\/Lorry-PW.jpeg 1765w\" sizes=\"auto, (max-width: 1024px) 100vw, 1024px\" \/><span aria-hidden=\"true\" class=\"wp-block-cover__background has-black-background-color has-background-dim-40 has-background-dim\"><\/span><div class=\"wp-block-cover__inner-container has-global-padding is-layout-constrained wp-block-cover-is-layout-constrained\">\n<div class=\"wp-block-group has-global-padding is-layout-constrained wp-block-group-is-layout-constrained\">\n<div class=\"wp-block-columns is-layout-flex wp-container-core-columns-is-layout-28f84493 wp-block-columns-is-layout-flex\">\n<div class=\"wp-block-column is-vertically-aligned-center is-layout-flow wp-container-core-column-is-layout-86b72393 wp-block-column-is-layout-flow\">\n<ol itemscope itemtype=\"https:\/\/schema.org\/BreadcrumbList\" class=\"wp-elements-e4c33ec0092b97fff79b6b3421a6e1af wp-block-the-framework-breadcrumbs has-text-color has-white-color\">\n    <li itemprop=\"itemListElement\" itemscope itemtype=\"https:\/\/schema.org\/ListItem\"><a style=\"--accent-text: var(--wp--preset--color--white);\" itemscope itemtype=\"https:\/\/schema.org\/WebPage\" itemprop=\"item\" itemid=\"https:\/\/palletways.online\/de\" href=\"https:\/\/palletways.online\/de\"><span itemprop=\"name\">Palletways Online Germany<\/span><\/a><meta itemprop=\"position\" content=\"1\" \/><\/li><svg width=\"8\" height=\"14\" viewBox=\"0 0 8 14\" fill=\"none\" xmlns=\"http:\/\/www.w3.org\/2000\/svg\"><path d=\"M6.59241 0.333374L1.40723 13.6667\" stroke=\"currentColor\" stroke-width=\"1.5\"\/><\/svg><li itemprop=\"itemListElement\" itemscope itemtype=\"https:\/\/schema.org\/ListItem\"><span itemprop=\"name\">Seite<\/span><meta itemprop=\"position\" content=\"2\" \/><\/li><\/ol>\n\n\n\n<div class=\"wp-block-group has-global-padding is-content-justification-left is-layout-constrained wp-container-core-group-is-layout-74cbbf86 wp-block-group-is-layout-constrained\"><h1 class=\"wp-block-post-title\">Verbotene Gegenst\u00e4nde<\/h1><\/div>\n<\/div>\n\n\n\n<div class=\"wp-block-column is-vertically-aligned-center is-layout-flow wp-block-column-is-layout-flow\"><\/div>\n<\/div>\n<\/div>\n<\/div><\/div>\n\n\n\n<div class=\"wp-block-group has-global-padding is-layout-constrained wp-block-group-is-layout-constrained\">\n<p>Die folgenden Artikel (sowie jegliche Artikel die ihnen in Beschreibung oder Inhalt \u00e4hneln) d\u00fcrfen nicht transportiert werden.<\/p>\n\n\n\n<p>Jeder Auftrag einer Person, die einen solchen Artikel versendet, kann unangek\u00fcndigt storniert werden. F\u00fcr alle entstehenden Folgen und Kosten halten wir Sie haftbar:<\/p>\n\n\n\n<ul class=\"wp-block-list\">\n<li>Artikel Von au\u00dfergew\u00f6hnlichem Wert (Kunstwerke, Edelsteine, Edelmetalle)<\/li>\n\n\n\n<li>Geld, geldwerte Wertpapiere, begebbare Wertpapiere, unbenutzte Postwertzeichen sowie alles, was damit zusammenh\u00e4ngt<\/li>\n\n\n\n<li>Gefahrgut<\/li>\n\n\n\n<li>Elfenbein oder Elfenbeinprodukte<\/li>\n\n\n\n<li>Lebende Pflanzen oder Tiere<\/li>\n\n\n\n<li>Tierische Bestandteile, H\u00e4ute oder Felle<\/li>\n\n\n\n<li>Lithiumbatterien auch in Batteriebetriebenen Spielzeugen Und Laptops<\/li>\n\n\n\n<li>Motoren (auch Bei Abgelassenem \u00d6l)<\/li>\n\n\n\n<li>P\u00e4sse, Geburts- und Sterbeurkunden oder andere Original-Dokumente<\/li>\n\n\n\n<li>Pers\u00f6nliche Gegenst\u00e4nde oder Habseligkeiten<\/li>\n\n\n\n<li>Umzugsg\u00fcter<\/li>\n\n\n\n<li>Radioaktive Materialien, z. B. Rauchmelder und Leuchtzifferbl\u00e4tter (Auf Uhren, Weckern Usw.)<\/li>\n\n\n\n<li>Ru\u00df oder \u00c4hnliche Produkte<\/li>\n\n\n\n<li>Schl\u00fcssel und andere ver\u00e4u\u00dferbare Gegenst\u00e4nde von monet\u00e4rem oder pers\u00f6nlichem Wert<\/li>\n\n\n\n<li>Tabak und Tabakwaren<\/li>\n\n\n\n<li>Verderbliche G\u00fcter z. B. Tiefk\u00fchl-, K\u00fchl- Oder Frischeprodukte<\/li>\n\n\n\n<li>Glas<\/li>\n\n\n\n<li>Lose Ware<\/li>\n<\/ul>\n<\/div>\n","protected":false},"excerpt":{"rendered":"<p>Die folgenden Artikel (sowie jegliche Artikel die ihnen in Beschreibung oder Inhalt \u00e4hneln) d\u00fcrfen nicht transportiert werden. Jeder Auftrag einer Person, die einen solchen Artikel versendet, kann unangek\u00fcndigt storniert werden. F\u00fcr alle entstehenden Folgen und Kosten halten wir Sie haftbar:<\/p>\n","protected":false},"author":7,"featured_media":0,"parent":0,"menu_order":0,"comment_status":"closed","ping_status":"closed","template":"","meta":{"view_count":28,"faq_page":false,"footnotes":""},"class_list":["post-897","page","type-page","status-publish","hentry"],"yoast_head":"<!-- This site is optimized with the Yoast SEO plugin v27.2 - https:\/\/yoast.com\/product\/yoast-seo-wordpress\/ -->\n<title>Verbotene Gegenst\u00e4nde - Palletways Online Germany<\/title>\n<meta name=\"robots\" content=\"index, follow, max-snippet:-1, max-image-preview:large, max-video-preview:-1\" \/>\n<link rel=\"canonical\" href=\"https:\/\/palletways.online\/de\/verbotene-gegenstaende\/\" \/>\n<meta property=\"og:locale\" content=\"de_DE\" \/>\n<meta property=\"og:type\" content=\"article\" \/>\n<meta property=\"og:title\" content=\"Verbotene Gegenst\u00e4nde - Palletways Online Germany\" \/>\n<meta property=\"og:description\" content=\"Die folgenden Artikel (sowie jegliche Artikel die ihnen in Beschreibung oder Inhalt \u00e4hneln) d\u00fcrfen nicht transportiert werden. Jeder Auftrag einer Person, die einen solchen Artikel versendet, kann unangek\u00fcndigt storniert werden. F\u00fcr alle entstehenden Folgen und Kosten halten wir Sie haftbar:\" \/>\n<meta property=\"og:url\" content=\"https:\/\/palletways.online\/de\/verbotene-gegenstaende\/\" \/>\n<meta property=\"og:site_name\" content=\"Palletways Online Germany\" \/>\n<meta property=\"article:modified_time\" content=\"2026-04-17T12:38:15+00:00\" \/>\n<meta property=\"og:image\" content=\"https:\/\/palletways.online\/de\/wp-content\/uploads\/sites\/7\/2026\/01\/Lorry-PW.jpeg\" \/>\n\t<meta property=\"og:image:width\" content=\"1765\" \/>\n\t<meta property=\"og:image:height\" content=\"1012\" \/>\n\t<meta property=\"og:image:type\" content=\"image\/jpeg\" \/>\n<meta name=\"twitter:card\" content=\"summary_large_image\" \/>\n<meta name=\"twitter:label1\" content=\"Gesch\u00e4tzte Lesezeit\" \/>\n\t<meta name=\"twitter:data1\" content=\"1\u00a0Minute\" \/>\n<script type=\"application\/ld+json\" class=\"yoast-schema-graph\">{\"@context\":\"https:\/\/schema.org\",\"@graph\":[{\"@type\":\"WebPage\",\"@id\":\"https:\/\/palletways.online\/de\/verbotene-gegenstaende\/\",\"url\":\"https:\/\/palletways.online\/de\/verbotene-gegenstaende\/\",\"name\":\"Verbotene Gegenst\u00e4nde - Palletways Online Germany\",\"isPartOf\":{\"@id\":\"https:\/\/palletways.online\/de\/#website\"},\"primaryImageOfPage\":{\"@id\":\"https:\/\/palletways.online\/de\/verbotene-gegenstaende\/#primaryimage\"},\"image\":{\"@id\":\"https:\/\/palletways.online\/de\/verbotene-gegenstaende\/#primaryimage\"},\"thumbnailUrl\":\"https:\/\/palletways.online\/wp-content\/uploads\/2026\/01\/Lorry-PW-1024x587.jpeg\",\"datePublished\":\"2026-04-17T12:38:14+00:00\",\"dateModified\":\"2026-04-17T12:38:15+00:00\",\"breadcrumb\":{\"@id\":\"https:\/\/palletways.online\/de\/verbotene-gegenstaende\/#breadcrumb\"},\"inLanguage\":\"de\",\"potentialAction\":[{\"@type\":\"ReadAction\",\"target\":[\"https:\/\/palletways.online\/de\/verbotene-gegenstaende\/\"]}]},{\"@type\":\"ImageObject\",\"inLanguage\":\"de\",\"@id\":\"https:\/\/palletways.online\/de\/verbotene-gegenstaende\/#primaryimage\",\"url\":\"https:\/\/palletways.online\/wp-content\/uploads\/2026\/01\/Lorry-PW-1024x587.jpeg\",\"contentUrl\":\"https:\/\/palletways.online\/wp-content\/uploads\/2026\/01\/Lorry-PW-1024x587.jpeg\"},{\"@type\":\"BreadcrumbList\",\"@id\":\"https:\/\/palletways.online\/de\/verbotene-gegenstaende\/#breadcrumb\",\"itemListElement\":[{\"@type\":\"ListItem\",\"position\":1,\"name\":\"Home\",\"item\":\"https:\/\/palletways.online\/de\/\"},{\"@type\":\"ListItem\",\"position\":2,\"name\":\"Verbotene Gegenst\u00e4nde\"}]},{\"@type\":\"WebSite\",\"@id\":\"https:\/\/palletways.online\/de\/#website\",\"url\":\"https:\/\/palletways.online\/de\/\",\"name\":\"Palletways Online\",\"description\":\"\",\"publisher\":{\"@id\":\"https:\/\/palletways.online\/de\/#organization\"},\"potentialAction\":[{\"@type\":\"SearchAction\",\"target\":{\"@type\":\"EntryPoint\",\"urlTemplate\":\"https:\/\/palletways.online\/de\/?s={search_term_string}\"},\"query-input\":{\"@type\":\"PropertyValueSpecification\",\"valueRequired\":true,\"valueName\":\"search_term_string\"}}],\"inLanguage\":\"de\"},{\"@type\":\"Organization\",\"@id\":\"https:\/\/palletways.online\/de\/#organization\",\"name\":\"Palletways Online\",\"url\":\"https:\/\/palletways.online\/de\/\",\"logo\":{\"@type\":\"ImageObject\",\"inLanguage\":\"de\",\"@id\":\"https:\/\/palletways.online\/de\/#\/schema\/logo\/image\/\",\"url\":\"https:\/\/palletways.online\/de\/wp-content\/uploads\/sites\/7\/2025\/11\/palletways-blue-logo-1.png\",\"contentUrl\":\"https:\/\/palletways.online\/de\/wp-content\/uploads\/sites\/7\/2025\/11\/palletways-blue-logo-1.png\",\"width\":1845,\"height\":693,\"caption\":\"Palletways Online\"},\"image\":{\"@id\":\"https:\/\/palletways.online\/de\/#\/schema\/logo\/image\/\"}}]}<\/script>\n<!-- \/ Yoast SEO plugin. -->","yoast_head_json":{"title":"Verbotene Gegenst\u00e4nde - Palletways Online Germany","robots":{"index":"index","follow":"follow","max-snippet":"max-snippet:-1","max-image-preview":"max-image-preview:large","max-video-preview":"max-video-preview:-1"},"canonical":"https:\/\/palletways.online\/de\/verbotene-gegenstaende\/","og_locale":"de_DE","og_type":"article","og_title":"Verbotene Gegenst\u00e4nde - Palletways Online Germany","og_description":"Die folgenden Artikel (sowie jegliche Artikel die ihnen in Beschreibung oder Inhalt \u00e4hneln) d\u00fcrfen nicht transportiert werden. Jeder Auftrag einer Person, die einen solchen Artikel versendet, kann unangek\u00fcndigt storniert werden. F\u00fcr alle entstehenden Folgen und Kosten halten wir Sie haftbar:","og_url":"https:\/\/palletways.online\/de\/verbotene-gegenstaende\/","og_site_name":"Palletways Online Germany","article_modified_time":"2026-04-17T12:38:15+00:00","og_image":[{"width":1765,"height":1012,"url":"https:\/\/palletways.online\/de\/wp-content\/uploads\/sites\/7\/2026\/01\/Lorry-PW.jpeg","type":"image\/jpeg"}],"twitter_card":"summary_large_image","twitter_misc":{"Gesch\u00e4tzte Lesezeit":"1\u00a0Minute"},"schema":{"@context":"https:\/\/schema.org","@graph":[{"@type":"WebPage","@id":"https:\/\/palletways.online\/de\/verbotene-gegenstaende\/","url":"https:\/\/palletways.online\/de\/verbotene-gegenstaende\/","name":"Verbotene Gegenst\u00e4nde - Palletways Online Germany","isPartOf":{"@id":"https:\/\/palletways.online\/de\/#website"},"primaryImageOfPage":{"@id":"https:\/\/palletways.online\/de\/verbotene-gegenstaende\/#primaryimage"},"image":{"@id":"https:\/\/palletways.online\/de\/verbotene-gegenstaende\/#primaryimage"},"thumbnailUrl":"https:\/\/palletways.online\/wp-content\/uploads\/2026\/01\/Lorry-PW-1024x587.jpeg","datePublished":"2026-04-17T12:38:14+00:00","dateModified":"2026-04-17T12:38:15+00:00","breadcrumb":{"@id":"https:\/\/palletways.online\/de\/verbotene-gegenstaende\/#breadcrumb"},"inLanguage":"de","potentialAction":[{"@type":"ReadAction","target":["https:\/\/palletways.online\/de\/verbotene-gegenstaende\/"]}]},{"@type":"ImageObject","inLanguage":"de","@id":"https:\/\/palletways.online\/de\/verbotene-gegenstaende\/#primaryimage","url":"https:\/\/palletways.online\/wp-content\/uploads\/2026\/01\/Lorry-PW-1024x587.jpeg","contentUrl":"https:\/\/palletways.online\/wp-content\/uploads\/2026\/01\/Lorry-PW-1024x587.jpeg"},{"@type":"BreadcrumbList","@id":"https:\/\/palletways.online\/de\/verbotene-gegenstaende\/#breadcrumb","itemListElement":[{"@type":"ListItem","position":1,"name":"Home","item":"https:\/\/palletways.online\/de\/"},{"@type":"ListItem","position":2,"name":"Verbotene Gegenst\u00e4nde"}]},{"@type":"WebSite","@id":"https:\/\/palletways.online\/de\/#website","url":"https:\/\/palletways.online\/de\/","name":"Palletways Online","description":"","publisher":{"@id":"https:\/\/palletways.online\/de\/#organization"},"potentialAction":[{"@type":"SearchAction","target":{"@type":"EntryPoint","urlTemplate":"https:\/\/palletways.online\/de\/?s={search_term_string}"},"query-input":{"@type":"PropertyValueSpecification","valueRequired":true,"valueName":"search_term_string"}}],"inLanguage":"de"},{"@type":"Organization","@id":"https:\/\/palletways.online\/de\/#organization","name":"Palletways Online","url":"https:\/\/palletways.online\/de\/","logo":{"@type":"ImageObject","inLanguage":"de","@id":"https:\/\/palletways.online\/de\/#\/schema\/logo\/image\/","url":"https:\/\/palletways.online\/de\/wp-content\/uploads\/sites\/7\/2025\/11\/palletways-blue-logo-1.png","contentUrl":"https:\/\/palletways.online\/de\/wp-content\/uploads\/sites\/7\/2025\/11\/palletways-blue-logo-1.png","width":1845,"height":693,"caption":"Palletways Online"},"image":{"@id":"https:\/\/palletways.online\/de\/#\/schema\/logo\/image\/"}}]}},"_links":{"self":[{"href":"https:\/\/palletways.online\/de\/wp-json\/wp\/v2\/pages\/897","targetHints":{"allow":["GET"]}}],"collection":[{"href":"https:\/\/palletways.online\/de\/wp-json\/wp\/v2\/pages"}],"about":[{"href":"https:\/\/palletways.online\/de\/wp-json\/wp\/v2\/types\/page"}],"author":[{"embeddable":true,"href":"https:\/\/palletways.online\/de\/wp-json\/wp\/v2\/users\/7"}],"replies":[{"embeddable":true,"href":"https:\/\/palletways.online\/de\/wp-json\/wp\/v2\/comments?post=897"}],"version-history":[{"count":1,"href":"https:\/\/palletways.online\/de\/wp-json\/wp\/v2\/pages\/897\/revisions"}],"predecessor-version":[{"id":898,"href":"https:\/\/palletways.online\/de\/wp-json\/wp\/v2\/pages\/897\/revisions\/898"}],"wp:attachment":[{"href":"https:\/\/palletways.online\/de\/wp-json\/wp\/v2\/media?parent=897"}],"curies":[{"name":"wp","href":"https:\/\/api.w.org\/{rel}","templated":true}]}}