{"id":307,"date":"2026-02-18T00:26:58","date_gmt":"2026-02-18T00:26:58","guid":{"rendered":"https:\/\/palletways.online\/es\/?page_id=307"},"modified":"2026-04-24T15:14:26","modified_gmt":"2026-04-24T13:14:26","slug":"articulos-prohibidos","status":"publish","type":"page","link":"https:\/\/palletways.online\/es\/en\/articulos-prohibidos\/","title":{"rendered":"Art\u00edculos Prohibidos"},"content":{"rendered":"\n<div class=\"wp-block-cover\" style=\"margin-bottom:var(--wp--preset--spacing--4-xl);padding-top:var(--wp--preset--spacing--4-xl);padding-bottom:var(--wp--preset--spacing--4-xl);min-height:30svh;aspect-ratio:unset;\"><img decoding=\"async\" class=\"wp-block-cover__image-background wp-image-531 size-large\" alt=\"\" src=\"https:\/\/palletways.online\/wp-content\/uploads\/2026\/01\/Lorry-PW-1024x587.jpeg\" style=\"object-position:81% 78%\" data-object-fit=\"cover\" data-object-position=\"81% 78%\"\/><span aria-hidden=\"true\" class=\"wp-block-cover__background has-black-background-color has-background-dim-40 has-background-dim\"><\/span><div class=\"wp-block-cover__inner-container has-global-padding is-layout-constrained wp-block-cover-is-layout-constrained\">\n<div class=\"wp-block-group has-global-padding is-layout-constrained wp-block-group-is-layout-constrained\">\n<div class=\"wp-block-columns is-layout-flex wp-container-core-columns-is-layout-28f84493 wp-block-columns-is-layout-flex\">\n<div class=\"wp-block-column is-vertically-aligned-center is-layout-flow wp-container-core-column-is-layout-86b72393 wp-block-column-is-layout-flow\">\n<ol itemscope itemtype=\"https:\/\/schema.org\/BreadcrumbList\" class=\"wp-elements-e4c33ec0092b97fff79b6b3421a6e1af wp-block-the-framework-breadcrumbs has-text-color has-white-color\">\n    <li itemprop=\"itemListElement\" itemscope itemtype=\"https:\/\/schema.org\/ListItem\"><a style=\"--accent-text: var(--wp--preset--color--white);\" itemscope itemtype=\"https:\/\/schema.org\/WebPage\" itemprop=\"item\" itemid=\"https:\/\/palletways.online\/es\" href=\"https:\/\/palletways.online\/es\"><span itemprop=\"name\">Palletways Online Iberia<\/span><\/a><meta itemprop=\"position\" content=\"1\" \/><\/li><svg width=\"8\" height=\"14\" viewBox=\"0 0 8 14\" fill=\"none\" xmlns=\"http:\/\/www.w3.org\/2000\/svg\"><path d=\"M6.59241 0.333374L1.40723 13.6667\" stroke=\"currentColor\" stroke-width=\"1.5\"\/><\/svg><li itemprop=\"itemListElement\" itemscope itemtype=\"https:\/\/schema.org\/ListItem\"><span itemprop=\"name\">P\u00e1gina<\/span><meta itemprop=\"position\" content=\"2\" \/><\/li><\/ol>\n\n\n\n<div class=\"wp-block-group has-global-padding is-content-justification-left is-layout-constrained wp-container-core-group-is-layout-74cbbf86 wp-block-group-is-layout-constrained\"><h1 class=\"wp-block-post-title\">Art\u00edculos Prohibidos<\/h1><\/div>\n<\/div>\n\n\n\n<div class=\"wp-block-column is-vertically-aligned-center is-layout-flow wp-block-column-is-layout-flow\"><\/div>\n<\/div>\n<\/div>\n<\/div><\/div>\n\n\n\n<div class=\"wp-block-group has-global-padding is-layout-constrained wp-block-group-is-layout-constrained\">\n<p><strong>Lista de art\u00edculos prohibidos<\/strong><br><strong>HSF13 \u2013 Versi\u00f3n 1 (01\/01\/2023)<\/strong><\/p>\n\n\n\n<p>Los siguientes art\u00edculos (o cualquier otro de naturaleza o contenido similar) no pueden ser transportados a trav\u00e9s de la red en ninguno de nuestros servicios.<\/p>\n\n\n\n<p><strong>Fecha de aplicaci\u00f3n: 03\/01\/2023<\/strong><\/p>\n\n\n\n<p><strong>Art\u00edculos prohibidos:<\/strong><\/p>\n\n\n\n<ul class=\"wp-block-list\">\n<li>Sangre y derivados<\/li>\n\n\n\n<li>Carbono negro o productos similares<\/li>\n\n\n\n<li>Dinero en efectivo, tarjetas de cr\u00e9dito o d\u00e9bito<\/li>\n\n\n\n<li>Motores (sin aprobaci\u00f3n previa)<\/li>\n\n\n\n<li>Cajas de cambios \/ transmisiones (sin aprobaci\u00f3n previa)<\/li>\n\n\n\n<li>Explosivos (por ejemplo: fuegos artificiales, bengalas, munici\u00f3n, material de guerra y armas)<\/li>\n\n\n\n<li>L\u00edquidos inflamables<\/li>\n\n\n\n<li>S\u00f3lidos inflamables<\/li>\n\n\n\n<li>Gases (por ejemplo: aerosoles y bombonas de gas para camping)<\/li>\n\n\n\n<li>Mercanc\u00edas peligrosas<\/li>\n\n\n\n<li>\u00d3xido de calcio (UN1910)<\/li>\n\n\n\n<li>Restos humanos (excepto cenizas)<\/li>\n\n\n\n<li>Marfil o productos derivados del marfil<\/li>\n\n\n\n<li>Drogas ilegales<\/li>\n\n\n\n<li>Art\u00edculos que contengan sustancias inflamables o explosivas<\/li>\n\n\n\n<li>Bater\u00edas de litio (incluidas en dispositivos como juguetes o port\u00e1tiles) con capacidad superior a 100 Wh<\/li>\n\n\n\n<li>Ganado vivo<\/li>\n\n\n\n<li>Mercanc\u00edas perecederas (por ejemplo: alimentos congelados, refrigerados o frescos)<\/li>\n\n\n\n<li>Tabaco y productos del tabaco<\/li>\n\n\n\n<li>Sustancias t\u00f3xicas e infecciosas (por ejemplo: pesticidas, herbicidas y venenos)<\/li>\n\n\n\n<li>Armas (por ejemplo: armas de fuego, espadas y cuchillos)<\/li>\n<\/ul>\n\n\n\n<p><strong>Revisi\u00f3n:<\/strong><br>Esta lista se revisa anualmente, salvo que sea necesario a\u00f1adir nuevos art\u00edculos.<\/p>\n<\/div>\n","protected":false},"excerpt":{"rendered":"<p>Lista de art\u00edculos prohibidosHSF13 \u2013 Versi\u00f3n 1 (01\/01\/2023) Los siguientes art\u00edculos (o cualquier otro de naturaleza o contenido similar) no pueden ser transportados a trav\u00e9s de la red en ninguno de nuestros servicios. Fecha de aplicaci\u00f3n: 03\/01\/2023 Art\u00edculos prohibidos: Revisi\u00f3n:Esta lista se revisa anualmente, salvo que sea necesario a\u00f1adir nuevos art\u00edculos.<\/p>\n","protected":false},"author":2,"featured_media":0,"parent":0,"menu_order":0,"comment_status":"closed","ping_status":"closed","template":"","meta":{"view_count":105,"faq_page":false,"footnotes":""},"class_list":["post-307","page","type-page","status-publish","hentry"],"yoast_head":"<!-- This site is optimized with the Yoast SEO plugin v27.2 - https:\/\/yoast.com\/product\/yoast-seo-wordpress\/ -->\n<title>Art\u00edculos Prohibidos - Palletways Online Iberia<\/title>\n<meta name=\"robots\" content=\"index, follow, max-snippet:-1, max-image-preview:large, max-video-preview:-1\" \/>\n<link rel=\"canonical\" href=\"https:\/\/palletways.online\/es\/en\/articulos-prohibidos\/\" \/>\n<meta property=\"og:locale\" content=\"es_ES\" \/>\n<meta property=\"og:type\" content=\"article\" \/>\n<meta property=\"og:title\" content=\"Art\u00edculos Prohibidos - Palletways Online Iberia\" \/>\n<meta property=\"og:description\" content=\"Lista de art\u00edculos prohibidosHSF13 \u2013 Versi\u00f3n 1 (01\/01\/2023) Los siguientes art\u00edculos (o cualquier otro de naturaleza o contenido similar) no pueden ser transportados a trav\u00e9s de la red en ninguno de nuestros servicios. Fecha de aplicaci\u00f3n: 03\/01\/2023 Art\u00edculos prohibidos: Revisi\u00f3n:Esta lista se revisa anualmente, salvo que sea necesario a\u00f1adir nuevos art\u00edculos.\" \/>\n<meta property=\"og:url\" content=\"https:\/\/palletways.online\/es\/en\/articulos-prohibidos\/\" \/>\n<meta property=\"og:site_name\" content=\"Palletways Online Iberia\" \/>\n<meta property=\"article:modified_time\" content=\"2026-04-24T13:14:26+00:00\" \/>\n<meta name=\"twitter:card\" content=\"summary_large_image\" \/>\n<meta name=\"twitter:label1\" content=\"Tiempo de lectura\" \/>\n\t<meta name=\"twitter:data1\" content=\"2 minutos\" \/>\n<script type=\"application\/ld+json\" class=\"yoast-schema-graph\">{\"@context\":\"https:\/\/schema.org\",\"@graph\":[{\"@type\":\"WebPage\",\"@id\":\"https:\/\/palletways.online\/es\/en\/articulos-prohibidos\/\",\"url\":\"https:\/\/palletways.online\/es\/en\/articulos-prohibidos\/\",\"name\":\"Art\u00edculos Prohibidos - Palletways Online Iberia\",\"isPartOf\":{\"@id\":\"https:\/\/palletways.online\/es\/#website\"},\"primaryImageOfPage\":{\"@id\":\"https:\/\/palletways.online\/es\/en\/articulos-prohibidos\/#primaryimage\"},\"image\":{\"@id\":\"https:\/\/palletways.online\/es\/en\/articulos-prohibidos\/#primaryimage\"},\"thumbnailUrl\":\"https:\/\/palletways.online\/wp-content\/uploads\/2026\/01\/Lorry-PW-1024x587.jpeg\",\"datePublished\":\"2026-02-18T00:26:58+00:00\",\"dateModified\":\"2026-04-24T13:14:26+00:00\",\"breadcrumb\":{\"@id\":\"https:\/\/palletways.online\/es\/en\/articulos-prohibidos\/#breadcrumb\"},\"inLanguage\":\"es\",\"potentialAction\":[{\"@type\":\"ReadAction\",\"target\":[\"https:\/\/palletways.online\/es\/en\/articulos-prohibidos\/\"]}]},{\"@type\":\"ImageObject\",\"inLanguage\":\"es\",\"@id\":\"https:\/\/palletways.online\/es\/en\/articulos-prohibidos\/#primaryimage\",\"url\":\"https:\/\/palletways.online\/wp-content\/uploads\/2026\/01\/Lorry-PW-1024x587.jpeg\",\"contentUrl\":\"https:\/\/palletways.online\/wp-content\/uploads\/2026\/01\/Lorry-PW-1024x587.jpeg\"},{\"@type\":\"BreadcrumbList\",\"@id\":\"https:\/\/palletways.online\/es\/en\/articulos-prohibidos\/#breadcrumb\",\"itemListElement\":[{\"@type\":\"ListItem\",\"position\":1,\"name\":\"Home\",\"item\":\"https:\/\/palletways.online\/es\/\"},{\"@type\":\"ListItem\",\"position\":2,\"name\":\"Art\u00edculos Prohibidos\"}]},{\"@type\":\"WebSite\",\"@id\":\"https:\/\/palletways.online\/es\/#website\",\"url\":\"https:\/\/palletways.online\/es\/\",\"name\":\"Palletways Online Iberia\",\"description\":\"\",\"potentialAction\":[{\"@type\":\"SearchAction\",\"target\":{\"@type\":\"EntryPoint\",\"urlTemplate\":\"https:\/\/palletways.online\/es\/?s={search_term_string}\"},\"query-input\":{\"@type\":\"PropertyValueSpecification\",\"valueRequired\":true,\"valueName\":\"search_term_string\"}}],\"inLanguage\":\"es\"}]}<\/script>\n<!-- \/ Yoast SEO plugin. -->","yoast_head_json":{"title":"Art\u00edculos Prohibidos - Palletways Online Iberia","robots":{"index":"index","follow":"follow","max-snippet":"max-snippet:-1","max-image-preview":"max-image-preview:large","max-video-preview":"max-video-preview:-1"},"canonical":"https:\/\/palletways.online\/es\/en\/articulos-prohibidos\/","og_locale":"es_ES","og_type":"article","og_title":"Art\u00edculos Prohibidos - Palletways Online Iberia","og_description":"Lista de art\u00edculos prohibidosHSF13 \u2013 Versi\u00f3n 1 (01\/01\/2023) Los siguientes art\u00edculos (o cualquier otro de naturaleza o contenido similar) no pueden ser transportados a trav\u00e9s de la red en ninguno de nuestros servicios. Fecha de aplicaci\u00f3n: 03\/01\/2023 Art\u00edculos prohibidos: Revisi\u00f3n:Esta lista se revisa anualmente, salvo que sea necesario a\u00f1adir nuevos art\u00edculos.","og_url":"https:\/\/palletways.online\/es\/en\/articulos-prohibidos\/","og_site_name":"Palletways Online Iberia","article_modified_time":"2026-04-24T13:14:26+00:00","twitter_card":"summary_large_image","twitter_misc":{"Tiempo de lectura":"2 minutos"},"schema":{"@context":"https:\/\/schema.org","@graph":[{"@type":"WebPage","@id":"https:\/\/palletways.online\/es\/en\/articulos-prohibidos\/","url":"https:\/\/palletways.online\/es\/en\/articulos-prohibidos\/","name":"Art\u00edculos Prohibidos - Palletways Online Iberia","isPartOf":{"@id":"https:\/\/palletways.online\/es\/#website"},"primaryImageOfPage":{"@id":"https:\/\/palletways.online\/es\/en\/articulos-prohibidos\/#primaryimage"},"image":{"@id":"https:\/\/palletways.online\/es\/en\/articulos-prohibidos\/#primaryimage"},"thumbnailUrl":"https:\/\/palletways.online\/wp-content\/uploads\/2026\/01\/Lorry-PW-1024x587.jpeg","datePublished":"2026-02-18T00:26:58+00:00","dateModified":"2026-04-24T13:14:26+00:00","breadcrumb":{"@id":"https:\/\/palletways.online\/es\/en\/articulos-prohibidos\/#breadcrumb"},"inLanguage":"es","potentialAction":[{"@type":"ReadAction","target":["https:\/\/palletways.online\/es\/en\/articulos-prohibidos\/"]}]},{"@type":"ImageObject","inLanguage":"es","@id":"https:\/\/palletways.online\/es\/en\/articulos-prohibidos\/#primaryimage","url":"https:\/\/palletways.online\/wp-content\/uploads\/2026\/01\/Lorry-PW-1024x587.jpeg","contentUrl":"https:\/\/palletways.online\/wp-content\/uploads\/2026\/01\/Lorry-PW-1024x587.jpeg"},{"@type":"BreadcrumbList","@id":"https:\/\/palletways.online\/es\/en\/articulos-prohibidos\/#breadcrumb","itemListElement":[{"@type":"ListItem","position":1,"name":"Home","item":"https:\/\/palletways.online\/es\/"},{"@type":"ListItem","position":2,"name":"Art\u00edculos Prohibidos"}]},{"@type":"WebSite","@id":"https:\/\/palletways.online\/es\/#website","url":"https:\/\/palletways.online\/es\/","name":"Palletways Online Iberia","description":"","potentialAction":[{"@type":"SearchAction","target":{"@type":"EntryPoint","urlTemplate":"https:\/\/palletways.online\/es\/?s={search_term_string}"},"query-input":{"@type":"PropertyValueSpecification","valueRequired":true,"valueName":"search_term_string"}}],"inLanguage":"es"}]}},"lang":"en","translations":{"en":307},"pll_sync_post":[],"_links":{"self":[{"href":"https:\/\/palletways.online\/es\/wp-json\/wp\/v2\/pages\/307","targetHints":{"allow":["GET"]}}],"collection":[{"href":"https:\/\/palletways.online\/es\/wp-json\/wp\/v2\/pages"}],"about":[{"href":"https:\/\/palletways.online\/es\/wp-json\/wp\/v2\/types\/page"}],"author":[{"embeddable":true,"href":"https:\/\/palletways.online\/es\/wp-json\/wp\/v2\/users\/2"}],"replies":[{"embeddable":true,"href":"https:\/\/palletways.online\/es\/wp-json\/wp\/v2\/comments?post=307"}],"version-history":[{"count":5,"href":"https:\/\/palletways.online\/es\/wp-json\/wp\/v2\/pages\/307\/revisions"}],"predecessor-version":[{"id":1152,"href":"https:\/\/palletways.online\/es\/wp-json\/wp\/v2\/pages\/307\/revisions\/1152"}],"wp:attachment":[{"href":"https:\/\/palletways.online\/es\/wp-json\/wp\/v2\/media?parent=307"}],"curies":[{"name":"wp","href":"https:\/\/api.w.org\/{rel}","templated":true}]}}