{"id":506,"date":"2026-02-25T15:25:13","date_gmt":"2026-02-25T15:25:13","guid":{"rendered":"https:\/\/palletways.online\/es\/?page_id=506"},"modified":"2026-03-06T12:17:19","modified_gmt":"2026-03-06T12:17:19","slug":"sobre-nosotros","status":"publish","type":"page","link":"https:\/\/palletways.online\/es\/sobre-nosotros\/","title":{"rendered":"Sobre nosotros"},"content":{"rendered":"\n<div class=\"wp-block-cover\" style=\"margin-bottom:var(--wp--preset--spacing--4-xl);padding-top:var(--wp--preset--spacing--4-xl);padding-bottom:var(--wp--preset--spacing--4-xl);min-height:30svh;aspect-ratio:unset;\"><img decoding=\"async\" class=\"wp-block-cover__image-background wp-image-531 size-large\" alt=\"\" src=\"https:\/\/palletways.online\/wp-content\/uploads\/2026\/01\/Lorry-PW-1024x587.jpeg\" style=\"object-position:81% 78%\" data-object-fit=\"cover\" data-object-position=\"81% 78%\" \/><span aria-hidden=\"true\" class=\"wp-block-cover__background has-black-background-color has-background-dim-40 has-background-dim\"><\/span><div class=\"wp-block-cover__inner-container has-global-padding is-layout-constrained wp-block-cover-is-layout-constrained\">\n<div class=\"wp-block-group has-global-padding is-layout-constrained wp-block-group-is-layout-constrained\">\n<div class=\"wp-block-columns is-layout-flex wp-container-core-columns-is-layout-28f84493 wp-block-columns-is-layout-flex\">\n<div class=\"wp-block-column is-vertically-aligned-center is-layout-flow wp-container-core-column-is-layout-86b72393 wp-block-column-is-layout-flow\">\n<ol itemscope itemtype=\"https:\/\/schema.org\/BreadcrumbList\" class=\"wp-elements-e4c33ec0092b97fff79b6b3421a6e1af wp-block-the-framework-breadcrumbs has-text-color has-white-color\">\n    <li itemprop=\"itemListElement\" itemscope itemtype=\"https:\/\/schema.org\/ListItem\"><a style=\"--accent-text: var(--wp--preset--color--white);\" itemscope itemtype=\"https:\/\/schema.org\/WebPage\" itemprop=\"item\" itemid=\"https:\/\/palletways.online\/es\" href=\"https:\/\/palletways.online\/es\"><span itemprop=\"name\">Palletways Online Iberia<\/span><\/a><meta itemprop=\"position\" content=\"1\" \/><\/li><svg width=\"8\" height=\"14\" viewBox=\"0 0 8 14\" fill=\"none\" xmlns=\"http:\/\/www.w3.org\/2000\/svg\"><path d=\"M6.59241 0.333374L1.40723 13.6667\" stroke=\"currentColor\" stroke-width=\"1.5\"\/><\/svg><li itemprop=\"itemListElement\" itemscope itemtype=\"https:\/\/schema.org\/ListItem\"><span itemprop=\"name\">P\u00e1gina<\/span><meta itemprop=\"position\" content=\"2\" \/><\/li><\/ol>\n\n\n\n<div class=\"wp-block-group has-global-padding is-content-justification-left is-layout-constrained wp-container-core-group-is-layout-74cbbf86 wp-block-group-is-layout-constrained\">\n<h1 class=\"wp-block-heading has-white-color has-text-color has-link-color wp-elements-198c3b965f1407bc7634ab69ff0ecc73\">Bienvenido a Palletways Online<\/h1>\n\n\n\n<p class=\"has-white-color has-text-color has-link-color wp-elements-5c603a25f45f9bca492d159abc18d627\"><br><br><br>Palletways Online es la forma r\u00e1pida, sencilla y econ\u00f3mica de enviar pallets por toda Europa, sin necesidad de contrato comercial. Tanto si eres un particular que necesita devolver un art\u00edculo voluminoso como una peque\u00f1a empresa que env\u00eda mercanc\u00eda a sus clientes, nuestra plataforma online te permite gestionar el env\u00edo de pallets de forma f\u00e1cil y sin complicaciones.<\/p>\n<\/div>\n<\/div>\n\n\n\n<div class=\"wp-block-column is-vertically-aligned-center is-layout-flow wp-block-column-is-layout-flow\"><\/div>\n<\/div>\n<\/div>\n<\/div><\/div>\n\n\n\n<div class=\"wp-block-group has-global-padding is-layout-constrained wp-container-core-group-is-layout-822991c2 wp-block-group-is-layout-constrained\" style=\"margin-top:var(--wp--preset--spacing--3-xl);margin-bottom:var(--wp--preset--spacing--3-xl);padding-top:0\">\n<div class=\"wp-block-group has-global-padding is-layout-constrained wp-container-core-group-is-layout-92ef7b19 wp-block-group-is-layout-constrained\">\n<h2 class=\"wp-block-heading has-text-align-center has-text-color has-link-color wp-elements-a26e2c28f391b4cf607e379fcd6219ce\" style=\"--accent-text: #003875; color:#003875;margin-bottom:var(--wp--preset--spacing--xl)\">No somos un comparador m\u00e1s<\/h2>\n<\/div>\n\n\n\n<div class=\"wp-block-columns is-layout-flex wp-container-core-columns-is-layout-28f84493 wp-block-columns-is-layout-flex\">\n<div class=\"wp-block-column is-vertically-aligned-center is-layout-flow wp-block-column-is-layout-flow\">\n<p class=\"has-body-l-font-size\">Te conectamos directamente con Palletways, la red de transporte de pallets m\u00e1s fiable de Europa. Ofrecemos el mismo servicio de confianza que utilizan las grandes empresas, pero sin exigir vol\u00famenes m\u00ednimos ni contratos. Puedes realizar env\u00edos puntuales siempre que lo necesites, con el respaldo de una red log\u00edstica de primer nivel.<\/p>\n<\/div>\n\n\n\n<div class=\"wp-block-column is-vertically-aligned-center is-layout-flow wp-block-column-is-layout-flow\">\n<figure class=\"wp-block-image size-full\"><img decoding=\"async\" src=\"https:\/\/palletways.online\/wp-content\/uploads\/2026\/01\/Palletways_Online_FAQ_NBG_Op1-scaled.jpg\" alt=\"\" class=\"wp-image-562\" style=\"aspect-ratio:4\/3;object-fit:cover\" \/><\/figure>\n<\/div>\n<\/div>\n\n\n\n<div class=\"wp-block-columns is-layout-flex wp-container-core-columns-is-layout-28f84493 wp-block-columns-is-layout-flex\">\n<div class=\"wp-block-column is-vertically-aligned-center is-layout-flow wp-block-column-is-layout-flow\">\n<figure class=\"wp-block-image size-full\"><img decoding=\"async\" src=\"https:\/\/palletways.online\/wp-content\/uploads\/2026\/01\/17th-Palletways-Online.jpg\" alt=\"\" class=\"wp-image-563\" style=\"aspect-ratio:4\/3;object-fit:contain\" \/><\/figure>\n<\/div>\n\n\n\n<div class=\"wp-block-column is-vertically-aligned-center is-layout-flow wp-block-column-is-layout-flow\">\n<p class=\"has-body-l-font-size\">Gracias a nuestro sencillo sistema de reserva, puedes obtener un presupuesto instant\u00e1neo y enviar un pallet en solo unos clics. Una vez confirmada la reserva, tendr\u00e1s seguimiento completo desde la recogida hasta la entrega, para que siempre sepas d\u00f3nde est\u00e1 tu env\u00edo.<\/p>\n\n\n\n<p class=\"has-body-l-font-size\">En Palletways Online combinamos la fiabilidad de una gran red log\u00edstica con la flexibilidad que necesitan las peque\u00f1as empresas y los particulares, ofreciendo una soluci\u00f3n segura y rentable para cada env\u00edo de pallets. Adem\u00e1s, contamos con tama\u00f1os de pallet flexibles, para que solo pagues por el espacio que necesitas.<\/p>\n\n\n\n<p class=\"has-body-l-font-size\">Estamos especializados en:<\/p>\n\n\n\n<ul class=\"wp-block-list has-body-l-font-size\">\n<li>Env\u00edos puntuales de palles<\/li>\n\n\n\n<li>Devoluciones de art\u00edculos grandes para comercios y retailers<\/li>\n\n\n\n<li>Entregas para peque\u00f1as y medianas empresas en Espa\u00f1a y Europa<\/li>\n<\/ul>\n<\/div>\n<\/div>\n<\/div>\n\n\n\n<div class=\"wp-block-group has-global-padding is-layout-constrained wp-block-group-is-layout-constrained\" style=\"margin-bottom:var(--wp--preset--spacing--xxl)\">\n<div class=\"wp-block-group has-neutral-100-background-color has-background has-global-padding is-layout-constrained wp-block-group-is-layout-constrained\" style=\"border-radius:1rem;margin-top:var(--wp--preset--spacing--5-xl);margin-bottom:var(--wp--preset--spacing--xl);padding-top:var(--wp--preset--spacing--xxl);padding-bottom:var(--wp--preset--spacing--xxl)\">\n<div class=\"wp-block-group has-global-padding is-layout-constrained wp-container-core-group-is-layout-70f4fdbb wp-block-group-is-layout-constrained\">\n<h2 class=\"wp-block-heading has-text-align-center has-text-color has-link-color wp-elements-192fe63a0b6dd56e149ff3475a2e8d8b\" style=\"--accent-text: #003875; color:#003875;margin-bottom:var(--wp--preset--spacing--xl)\">Enviar un pallet es tan f\u00e1cil como enviar un paquete<\/h2>\n<\/div>\n\n\n\n<div class=\"wp-block-group has-global-padding is-layout-constrained wp-container-core-group-is-layout-f36bc466 wp-block-group-is-layout-constrained\">\n<p class=\"has-text-align-left has-body-l-font-size\">Con servicio puerta a puerta, sin costes ocultos y con atenci\u00f3n al cliente especializada, Palletways Online elimina la complejidad del transporte de pallets. Tanto si env\u00edas algo grande, voluminoso o demasiado pesado para un servicio de paqueter\u00eda tradicional, te ofrecemos una soluci\u00f3n simple, transparente y asequible.<\/p>\n\n\n\n<p class=\"has-body-l-font-size\">\u00danete a miles de clientes satisfechos que conf\u00edan en Palletways Online para env\u00edos de pallets r\u00e1pidos y econ\u00f3micos, respaldados por la solidez, fiabilidad y alcance de la red Palletways.<\/p>\n\n\n\n<p class=\"has-body-l-font-size\">Disfruta de un servicio de env\u00edo de pallets r\u00e1pido, econ\u00f3mico y sin complicaciones con Palletways Online: la forma m\u00e1s inteligente de enviar pallets sin necesidad de cuenta de empresa ni contrato comercial.<\/p>\n\n\n\n<div class=\"wp-block-buttons is-content-justification-center is-layout-flex wp-container-core-buttons-is-layout-a89b3969 wp-block-buttons-is-layout-flex\">\n<div class=\"wp-block-button  is-style-primary\"><a style=\"\" class=\"wp-block-button __link wp-element-button\" href=\"\/es\/#quote-form\">Env\u00eda un pallet ahora<\/a><\/div>\n<\/div>\n<\/div>\n<\/div>\n<\/div>\n","protected":false},"excerpt":{"rendered":"<p>No somos un comparador m\u00e1s Te conectamos directamente con Palletways, la red de transporte de pallets m\u00e1s fiable de Europa. Ofrecemos el mismo servicio de confianza que utilizan las grandes empresas, pero sin exigir vol\u00famenes m\u00ednimos ni contratos. Puedes realizar env\u00edos puntuales siempre que lo necesites, con el respaldo de una red log\u00edstica de primer [&hellip;]<\/p>\n","protected":false},"author":2,"featured_media":0,"parent":0,"menu_order":0,"comment_status":"closed","ping_status":"closed","template":"","meta":{"view_count":63,"faq_page":false,"footnotes":""},"class_list":["post-506","page","type-page","status-publish","hentry"],"yoast_head":"<!-- This site is optimized with the Yoast SEO plugin v27.2 - https:\/\/yoast.com\/product\/yoast-seo-wordpress\/ -->\n<title>Sobre nosotros - Palletways Online Iberia<\/title>\n<meta name=\"robots\" content=\"index, follow, max-snippet:-1, max-image-preview:large, max-video-preview:-1\" \/>\n<link rel=\"canonical\" href=\"https:\/\/palletways.online\/es\/sobre-nosotros\/\" \/>\n<meta property=\"og:locale\" content=\"es_ES\" \/>\n<meta property=\"og:type\" content=\"article\" \/>\n<meta property=\"og:title\" content=\"Sobre nosotros - Palletways Online Iberia\" \/>\n<meta property=\"og:description\" content=\"No somos un comparador m\u00e1s Te conectamos directamente con Palletways, la red de transporte de pallets m\u00e1s fiable de Europa. Ofrecemos el mismo servicio de confianza que utilizan las grandes empresas, pero sin exigir vol\u00famenes m\u00ednimos ni contratos. Puedes realizar env\u00edos puntuales siempre que lo necesites, con el respaldo de una red log\u00edstica de primer [&hellip;]\" \/>\n<meta property=\"og:url\" content=\"https:\/\/palletways.online\/es\/sobre-nosotros\/\" \/>\n<meta property=\"og:site_name\" content=\"Palletways Online Iberia\" \/>\n<meta property=\"article:modified_time\" content=\"2026-03-06T12:17:19+00:00\" \/>\n<meta name=\"twitter:card\" content=\"summary_large_image\" \/>\n<meta name=\"twitter:label1\" content=\"Tiempo de lectura\" \/>\n\t<meta name=\"twitter:data1\" content=\"3 minutos\" \/>\n<script type=\"application\/ld+json\" class=\"yoast-schema-graph\">{\"@context\":\"https:\/\/schema.org\",\"@graph\":[{\"@type\":\"WebPage\",\"@id\":\"https:\/\/palletways.online\/es\/sobre-nosotros\/\",\"url\":\"https:\/\/palletways.online\/es\/sobre-nosotros\/\",\"name\":\"Sobre nosotros - Palletways Online Iberia\",\"isPartOf\":{\"@id\":\"https:\/\/palletways.online\/es\/#website\"},\"primaryImageOfPage\":{\"@id\":\"https:\/\/palletways.online\/es\/sobre-nosotros\/#primaryimage\"},\"image\":{\"@id\":\"https:\/\/palletways.online\/es\/sobre-nosotros\/#primaryimage\"},\"thumbnailUrl\":\"https:\/\/palletways.online\/wp-content\/uploads\/2026\/01\/Lorry-PW-1024x587.jpeg\",\"datePublished\":\"2026-02-25T15:25:13+00:00\",\"dateModified\":\"2026-03-06T12:17:19+00:00\",\"breadcrumb\":{\"@id\":\"https:\/\/palletways.online\/es\/sobre-nosotros\/#breadcrumb\"},\"inLanguage\":\"es\",\"potentialAction\":[{\"@type\":\"ReadAction\",\"target\":[\"https:\/\/palletways.online\/es\/sobre-nosotros\/\"]}]},{\"@type\":\"ImageObject\",\"inLanguage\":\"es\",\"@id\":\"https:\/\/palletways.online\/es\/sobre-nosotros\/#primaryimage\",\"url\":\"https:\/\/palletways.online\/wp-content\/uploads\/2026\/01\/Lorry-PW-1024x587.jpeg\",\"contentUrl\":\"https:\/\/palletways.online\/wp-content\/uploads\/2026\/01\/Lorry-PW-1024x587.jpeg\"},{\"@type\":\"BreadcrumbList\",\"@id\":\"https:\/\/palletways.online\/es\/sobre-nosotros\/#breadcrumb\",\"itemListElement\":[{\"@type\":\"ListItem\",\"position\":1,\"name\":\"Home\",\"item\":\"https:\/\/palletways.online\/es\/\"},{\"@type\":\"ListItem\",\"position\":2,\"name\":\"Sobre nosotros\"}]},{\"@type\":\"WebSite\",\"@id\":\"https:\/\/palletways.online\/es\/#website\",\"url\":\"https:\/\/palletways.online\/es\/\",\"name\":\"Palletways Online Iberia\",\"description\":\"\",\"potentialAction\":[{\"@type\":\"SearchAction\",\"target\":{\"@type\":\"EntryPoint\",\"urlTemplate\":\"https:\/\/palletways.online\/es\/?s={search_term_string}\"},\"query-input\":{\"@type\":\"PropertyValueSpecification\",\"valueRequired\":true,\"valueName\":\"search_term_string\"}}],\"inLanguage\":\"es\"}]}<\/script>\n<!-- \/ Yoast SEO plugin. -->","yoast_head_json":{"title":"Sobre nosotros - Palletways Online Iberia","robots":{"index":"index","follow":"follow","max-snippet":"max-snippet:-1","max-image-preview":"max-image-preview:large","max-video-preview":"max-video-preview:-1"},"canonical":"https:\/\/palletways.online\/es\/sobre-nosotros\/","og_locale":"es_ES","og_type":"article","og_title":"Sobre nosotros - Palletways Online Iberia","og_description":"No somos un comparador m\u00e1s Te conectamos directamente con Palletways, la red de transporte de pallets m\u00e1s fiable de Europa. Ofrecemos el mismo servicio de confianza que utilizan las grandes empresas, pero sin exigir vol\u00famenes m\u00ednimos ni contratos. Puedes realizar env\u00edos puntuales siempre que lo necesites, con el respaldo de una red log\u00edstica de primer [&hellip;]","og_url":"https:\/\/palletways.online\/es\/sobre-nosotros\/","og_site_name":"Palletways Online Iberia","article_modified_time":"2026-03-06T12:17:19+00:00","twitter_card":"summary_large_image","twitter_misc":{"Tiempo de lectura":"3 minutos"},"schema":{"@context":"https:\/\/schema.org","@graph":[{"@type":"WebPage","@id":"https:\/\/palletways.online\/es\/sobre-nosotros\/","url":"https:\/\/palletways.online\/es\/sobre-nosotros\/","name":"Sobre nosotros - Palletways Online Iberia","isPartOf":{"@id":"https:\/\/palletways.online\/es\/#website"},"primaryImageOfPage":{"@id":"https:\/\/palletways.online\/es\/sobre-nosotros\/#primaryimage"},"image":{"@id":"https:\/\/palletways.online\/es\/sobre-nosotros\/#primaryimage"},"thumbnailUrl":"https:\/\/palletways.online\/wp-content\/uploads\/2026\/01\/Lorry-PW-1024x587.jpeg","datePublished":"2026-02-25T15:25:13+00:00","dateModified":"2026-03-06T12:17:19+00:00","breadcrumb":{"@id":"https:\/\/palletways.online\/es\/sobre-nosotros\/#breadcrumb"},"inLanguage":"es","potentialAction":[{"@type":"ReadAction","target":["https:\/\/palletways.online\/es\/sobre-nosotros\/"]}]},{"@type":"ImageObject","inLanguage":"es","@id":"https:\/\/palletways.online\/es\/sobre-nosotros\/#primaryimage","url":"https:\/\/palletways.online\/wp-content\/uploads\/2026\/01\/Lorry-PW-1024x587.jpeg","contentUrl":"https:\/\/palletways.online\/wp-content\/uploads\/2026\/01\/Lorry-PW-1024x587.jpeg"},{"@type":"BreadcrumbList","@id":"https:\/\/palletways.online\/es\/sobre-nosotros\/#breadcrumb","itemListElement":[{"@type":"ListItem","position":1,"name":"Home","item":"https:\/\/palletways.online\/es\/"},{"@type":"ListItem","position":2,"name":"Sobre nosotros"}]},{"@type":"WebSite","@id":"https:\/\/palletways.online\/es\/#website","url":"https:\/\/palletways.online\/es\/","name":"Palletways Online Iberia","description":"","potentialAction":[{"@type":"SearchAction","target":{"@type":"EntryPoint","urlTemplate":"https:\/\/palletways.online\/es\/?s={search_term_string}"},"query-input":{"@type":"PropertyValueSpecification","valueRequired":true,"valueName":"search_term_string"}}],"inLanguage":"es"}]}},"lang":"es","translations":{"es":506,"en":67},"pll_sync_post":[],"_links":{"self":[{"href":"https:\/\/palletways.online\/es\/wp-json\/wp\/v2\/pages\/506","targetHints":{"allow":["GET"]}}],"collection":[{"href":"https:\/\/palletways.online\/es\/wp-json\/wp\/v2\/pages"}],"about":[{"href":"https:\/\/palletways.online\/es\/wp-json\/wp\/v2\/types\/page"}],"author":[{"embeddable":true,"href":"https:\/\/palletways.online\/es\/wp-json\/wp\/v2\/users\/2"}],"replies":[{"embeddable":true,"href":"https:\/\/palletways.online\/es\/wp-json\/wp\/v2\/comments?post=506"}],"version-history":[{"count":5,"href":"https:\/\/palletways.online\/es\/wp-json\/wp\/v2\/pages\/506\/revisions"}],"predecessor-version":[{"id":723,"href":"https:\/\/palletways.online\/es\/wp-json\/wp\/v2\/pages\/506\/revisions\/723"}],"wp:attachment":[{"href":"https:\/\/palletways.online\/es\/wp-json\/wp\/v2\/media?parent=506"}],"curies":[{"name":"wp","href":"https:\/\/api.w.org\/{rel}","templated":true}]}}