{"id":528,"date":"2026-02-25T15:55:51","date_gmt":"2026-02-25T15:55:51","guid":{"rendered":"https:\/\/palletways.online\/es\/?page_id=528"},"modified":"2026-03-06T12:27:42","modified_gmt":"2026-03-06T12:27:42","slug":"por-que-elegirnos","status":"publish","type":"page","link":"https:\/\/palletways.online\/es\/por-que-elegirnos\/","title":{"rendered":"\u00bfPor qu\u00e9 elegirnos?"},"content":{"rendered":"\n<div class=\"wp-block-cover\" style=\"margin-bottom:var(--wp--preset--spacing--3-xl);padding-top:var(--wp--preset--spacing--4-xl);padding-bottom:var(--wp--preset--spacing--4-xl);min-height:30svh;aspect-ratio:unset;\"><img decoding=\"async\" class=\"wp-block-cover__image-background size-large\" alt=\"\" src=\"https:\/\/palletways.online\/es\/wp-content\/uploads\/2026\/01\/Lorry-PW-1024x587.jpeg\" style=\"object-position:81% 78%\" data-object-fit=\"cover\" data-object-position=\"81% 78%\"\/><span aria-hidden=\"true\" class=\"wp-block-cover__background has-black-background-color has-background-dim-40 has-background-dim\"><\/span><div class=\"wp-block-cover__inner-container has-global-padding is-layout-constrained wp-block-cover-is-layout-constrained\">\n<div class=\"wp-block-group has-global-padding is-layout-constrained wp-block-group-is-layout-constrained\">\n<div class=\"wp-block-columns is-layout-flex wp-container-core-columns-is-layout-28f84493 wp-block-columns-is-layout-flex\">\n<div class=\"wp-block-column is-vertically-aligned-center is-layout-flow wp-container-core-column-is-layout-86b72393 wp-block-column-is-layout-flow\">\n<ol itemscope itemtype=\"https:\/\/schema.org\/BreadcrumbList\" class=\"wp-elements-e4c33ec0092b97fff79b6b3421a6e1af wp-block-the-framework-breadcrumbs has-text-color has-white-color\">\n    <li itemprop=\"itemListElement\" itemscope itemtype=\"https:\/\/schema.org\/ListItem\"><a style=\"--accent-text: var(--wp--preset--color--white);\" itemscope itemtype=\"https:\/\/schema.org\/WebPage\" itemprop=\"item\" itemid=\"https:\/\/palletways.online\/es\" href=\"https:\/\/palletways.online\/es\"><span itemprop=\"name\">Palletways Online Iberia<\/span><\/a><meta itemprop=\"position\" content=\"1\" \/><\/li><svg width=\"8\" height=\"14\" viewBox=\"0 0 8 14\" fill=\"none\" xmlns=\"http:\/\/www.w3.org\/2000\/svg\"><path d=\"M6.59241 0.333374L1.40723 13.6667\" stroke=\"currentColor\" stroke-width=\"1.5\"\/><\/svg><li itemprop=\"itemListElement\" itemscope itemtype=\"https:\/\/schema.org\/ListItem\"><span itemprop=\"name\">P\u00e1gina<\/span><meta itemprop=\"position\" content=\"2\" \/><\/li><\/ol>\n\n\n\n<div class=\"wp-block-group has-global-padding is-content-justification-left is-layout-constrained wp-container-core-group-is-layout-74cbbf86 wp-block-group-is-layout-constrained\"><h1 class=\"has-text-align-left has-link-color wp-elements-dc70db3f2266c7b6256c1c82fbe804c4 wp-block-post-title has-text-color has-white-color\">\u00bfPor qu\u00e9 elegirnos?<\/h1>\n\n<div class=\"has-link-color wp-elements-3c3c06fb318883fa267eb5bde7d8ec55 wp-block-post-excerpt has-text-color has-white-color has-body-font-size\"><p class=\"wp-block-post-excerpt__excerpt\">Descubra por qu\u00e9 nuestros clientes env\u00edan palets con Palletways Online. Desde entregas al d\u00eda siguiente hasta tiempos de entrega estimados de 2 horas y seguimiento completo, puede contar con nosotros. <\/p><\/div><\/div>\n<\/div>\n\n\n\n<div class=\"wp-block-column is-vertically-aligned-center is-layout-flow wp-block-column-is-layout-flow\"><\/div>\n<\/div>\n<\/div>\n<\/div><\/div>\n\n\n\n<div class=\"wp-block-group has-global-padding is-layout-constrained wp-container-core-group-is-layout-5e152caa wp-block-group-is-layout-constrained\" style=\"margin-bottom:var(--wp--preset--spacing--4-xl)\">\n<div class=\"wp-block-group has-global-padding is-layout-constrained wp-container-core-group-is-layout-f36bc466 wp-block-group-is-layout-constrained\">\n<h2 class=\"wp-block-heading has-text-align-center has-secondary-color has-text-color has-link-color wp-elements-4324c56e825259806b269870b958576e\">\u00bfPor qu\u00e9 enviar tu pallet con nosotros?<\/h2>\n\n\n\n<p class=\"has-text-align-center\">Si buscas un servicio de env\u00edo de pallets r\u00e1pido y econ\u00f3mico, Palletways Online es la mejor opci\u00f3n. Ofrecemos env\u00edos expr\u00e9s con precios competitivos, con seguimiento completo, ventanas de entrega de 2 horas y recogida local a trav\u00e9s de nuestra red. El transporte de pallets, de forma sencilla.<\/p>\n<\/div>\n\n\n\n<div class=\"wp-block-group has-global-padding is-layout-constrained wp-container-core-group-is-layout-704e782a wp-block-group-is-layout-constrained\">\n<div class=\"wp-block-group is-layout-grid wp-container-core-group-is-layout-29271053 wp-block-group-is-layout-grid\">\n<div style=\"--grid-tablet-column-span:1;--grid-tablet-row-span:1;--grid-mobile-column-span:2;--grid-mobile-row-span:1\" class=\"wp-block-the-framework-grid-cell is-layout-flex wp-container-the-framework-grid-cell-is-layout-d5da30a0 wp-block-the-framework-grid-cell-is-layout-flex\">\n<div class=\"wp-block-group has-neutral-200-background-color has-background is-vertical is-content-justification-center is-layout-flex wp-container-core-group-is-layout-1af53e0b wp-block-group-is-layout-flex\" style=\"border-radius:1rem;min-height:100%;padding-top:var(--wp--preset--spacing--lg);padding-right:var(--wp--preset--spacing--xl);padding-bottom:var(--wp--preset--spacing--lg);padding-left:var(--wp--preset--spacing--xl)\">\n<h5 class=\"wp-block-heading has-text-align-center has-secondary-color has-text-color has-link-color wp-elements-8a3941566e2ee42c7c94d7320ae13ca5\">Recogida y entrega al d\u00eda siguiente<\/h5>\n\n\n\n<p class=\"has-text-align-center\">\u00bfNecesitas enviar un pallet urgente? Ofrecemos recogida y entrega al d\u00eda siguiente en la mayor\u00eda de los c\u00f3digos postales. Nuestros miembros locales gestionan miles de env\u00edos cada d\u00eda, lo que permite que tu mercanc\u00eda se mueva r\u00e1pidamente por la amplia red Palletways.<br>Tambi\u00e9n ofrecemos servicios con horario flexible, como la entrega por la ma\u00f1ana.<br><\/p>\n<\/div>\n<\/div>\n\n\n\n<div style=\"--grid-tablet-column-span:1;--grid-tablet-row-span:1;--grid-mobile-column-span:2;--grid-mobile-row-span:1\" class=\"wp-block-the-framework-grid-cell is-layout-flex wp-container-the-framework-grid-cell-is-layout-d5da30a0 wp-block-the-framework-grid-cell-is-layout-flex\">\n<div class=\"wp-block-group has-neutral-200-background-color has-background is-vertical is-content-justification-center is-layout-flex wp-container-core-group-is-layout-1af53e0b wp-block-group-is-layout-flex\" style=\"border-radius:1rem;min-height:100%;padding-top:var(--wp--preset--spacing--lg);padding-right:var(--wp--preset--spacing--xl);padding-bottom:var(--wp--preset--spacing--lg);padding-left:var(--wp--preset--spacing--xl)\">\n<h5 class=\"wp-block-heading has-text-align-center has-secondary-color has-text-color has-link-color wp-elements-c9fcb85201d54d80f63b396f7996c002\">Ventanas de entrega de 2 horas<\/h5>\n\n\n\n<p class=\"has-text-align-center\">Sabemos lo importante que es el tiempo. Por eso ofrecemos franjas de entrega de 2 horas con hora estimada de llegada, para que tanto t\u00fa como el destinatario pod\u00e1is organizar el d\u00eda con tranquilidad, sin esperas innecesarias.<\/p>\n<\/div>\n<\/div>\n\n\n\n<div style=\"--grid-tablet-column-span:1;--grid-tablet-row-span:1;--grid-mobile-column-span:2;--grid-mobile-row-span:1\" class=\"wp-block-the-framework-grid-cell is-layout-flex wp-container-the-framework-grid-cell-is-layout-d5da30a0 wp-block-the-framework-grid-cell-is-layout-flex\">\n<div class=\"wp-block-group has-neutral-200-background-color has-background is-vertical is-content-justification-center is-layout-flex wp-container-core-group-is-layout-1af53e0b wp-block-group-is-layout-flex\" style=\"border-radius:1rem;min-height:100%;padding-top:var(--wp--preset--spacing--lg);padding-right:var(--wp--preset--spacing--xl);padding-bottom:var(--wp--preset--spacing--lg);padding-left:var(--wp--preset--spacing--xl)\">\n<h5 class=\"wp-block-heading has-text-align-center has-secondary-color has-text-color has-link-color wp-elements-23008de368e3162534dc31da5281fbc4\">Seguimiento completo a trav\u00e9s del Portal Palletways<\/h5>\n\n\n\n<p class=\"has-text-align-center\">Mantente informado en todo momento gracias a nuestro seguimiento completo del env\u00edo. Desde la recogida hasta la entrega, podr\u00e1s consultar actualizaciones en tiempo real, la hora estimada de entrega y el comprobante de entrega en el Portal Palletways.<\/p>\n<\/div>\n<\/div>\n\n\n\n<div style=\"--grid-tablet-column-span:1;--grid-tablet-row-span:1;--grid-mobile-column-span:2;--grid-mobile-row-span:1\" class=\"wp-block-the-framework-grid-cell is-layout-flex wp-container-the-framework-grid-cell-is-layout-d5da30a0 wp-block-the-framework-grid-cell-is-layout-flex\">\n<div class=\"wp-block-group has-neutral-200-background-color has-background is-vertical is-content-justification-center is-layout-flex wp-container-core-group-is-layout-1af53e0b wp-block-group-is-layout-flex\" style=\"border-radius:1rem;min-height:100%;padding-top:var(--wp--preset--spacing--lg);padding-right:var(--wp--preset--spacing--xl);padding-bottom:var(--wp--preset--spacing--lg);padding-left:var(--wp--preset--spacing--xl)\">\n<h5 class=\"wp-block-heading has-text-align-center has-secondary-color has-text-color has-link-color wp-elements-7e3b3d9913449b3f9f3ea4435efea684\">Respaldados por la red Palletways<\/h5>\n\n\n\n<p class=\"has-text-align-center\">Tus pallets viajan dentro de la red Palletways, con m\u00e1s de 30 a\u00f1os de experiencia en el transporte de mercanc\u00eda paletizada. Cada miembro cumple altos est\u00e1ndares de calidad para asegurar que tu env\u00edo se manipule con el m\u00e1ximo cuidado en cada fase del proceso.<\/p>\n\n\n\n<p class=\"has-text-align-center\">Nuestros conductores destacan por su profesionalidad, cercan\u00eda y trato amable, ofreciendo una excelente experiencia desde la recogida hasta la entrega.<\/p>\n<\/div>\n<\/div>\n\n\n\n<div style=\"--grid-tablet-column-span:1;--grid-tablet-row-span:1;--grid-mobile-column-span:2;--grid-mobile-row-span:1\" class=\"wp-block-the-framework-grid-cell is-layout-flex wp-container-the-framework-grid-cell-is-layout-d5da30a0 wp-block-the-framework-grid-cell-is-layout-flex\">\n<div class=\"wp-block-group has-neutral-200-background-color has-background is-vertical is-content-justification-center is-layout-flex wp-container-core-group-is-layout-1af53e0b wp-block-group-is-layout-flex\" style=\"border-radius:1rem;min-height:100%;padding-top:var(--wp--preset--spacing--lg);padding-right:var(--wp--preset--spacing--xl);padding-bottom:var(--wp--preset--spacing--lg);padding-left:var(--wp--preset--spacing--xl)\">\n<h5 class=\"wp-block-heading has-text-align-center has-secondary-color has-text-color has-link-color wp-elements-a2bfc5e17812794c93e5bc595bae2b8a\">Reserva online f\u00e1cil y r\u00e1pida<\/h5>\n\n\n\n<p class=\"has-text-align-center\">Enviar un pallet no puede ser m\u00e1s sencillo. Solo tienes que indicar las dimensiones del pallet y las direcciones de recogida y entrega, y nosotros nos encargamos del resto. Nuestro sistema encuentra al instante la mejor ruta y te ofrece un presupuesto competitivo, ahorr\u00e1ndote tiempo y esfuerzo.<\/p>\n<\/div>\n<\/div>\n\n\n\n<div style=\"--grid-tablet-column-span:1;--grid-tablet-row-span:1;--grid-mobile-column-span:2;--grid-mobile-row-span:1\" class=\"wp-block-the-framework-grid-cell is-layout-flex wp-container-the-framework-grid-cell-is-layout-d5da30a0 wp-block-the-framework-grid-cell-is-layout-flex\">\n<div class=\"wp-block-group has-neutral-200-background-color has-background is-vertical is-content-justification-center is-layout-flex wp-container-core-group-is-layout-1af53e0b wp-block-group-is-layout-flex\" style=\"border-radius:1rem;min-height:100%;padding-top:var(--wp--preset--spacing--lg);padding-right:var(--wp--preset--spacing--xl);padding-bottom:var(--wp--preset--spacing--lg);padding-left:var(--wp--preset--spacing--xl)\">\n<h5 class=\"wp-block-heading has-text-align-center has-secondary-color has-text-color has-link-color wp-elements-bfb0da39ca5bfb348c9bfb76d149aa49\">Descubre la diferencia: env\u00eda tu pallet con Palletways Online<\/h5>\n\n\n\n<p class=\"has-text-align-center\">\u00danete a los miles de clientes que ya conf\u00edan en Palletways Online para un transporte de pallets r\u00e1pido, fiable y eficiente. Desde entregas al d\u00eda siguiente hasta seguimiento completo del env\u00edo y un servicio de atenci\u00f3n al cliente excepcional, descubrir\u00e1s por qu\u00e9 somos una de las opciones mejor valoradas.<\/p>\n<\/div>\n<\/div>\n\n\n\n<div style=\"--grid-column-span:2\" class=\"wp-block-the-framework-grid-cell wp-container-content-06a31fd9 is-layout-flex wp-container-the-framework-grid-cell-is-layout-d5da30a0 wp-block-the-framework-grid-cell-is-layout-flex\">\n<div class=\"wp-block-group has-neutral-200-background-color has-background has-global-padding is-layout-constrained wp-container-core-group-is-layout-2410ff92 wp-block-group-is-layout-constrained\" style=\"border-radius:1rem;padding-top:var(--wp--preset--spacing--lg);padding-right:var(--wp--preset--spacing--xl);padding-bottom:var(--wp--preset--spacing--lg);padding-left:var(--wp--preset--spacing--xl)\">\n<h5 class=\"wp-block-heading has-text-align-center has-secondary-color has-text-color has-link-color wp-elements-57aa37fc42d3639f237732b923109458\">Respaldado por la red Palletways<\/h5>\n\n\n\n<p class=\"has-text-align-center\">Tus pallets viajan a trav\u00e9s de la red Palletways, con m\u00e1s de 30 a\u00f1os de experiencia. Con m\u00e1s de 70 miembros independientes en Iberia (Espa\u00f1a y Portugal), la red combina cobertura nacional con experiencia local. Cada miembro cumple altos est\u00e1ndares de servicio, garantizando que tu pal\u00e9 se manipule con cuidado en cada etapa.<\/p>\n\n\n\n<p class=\"has-text-align-center\">Nuestros conductores destacan por su profesionalidad, amabilidad y disposici\u00f3n para ayudar, ofreciendo una excelente experiencia desde la recogida hasta la entrega.<\/p>\n<\/div>\n<\/div>\n<\/div>\n\n\n\n<div class=\"wp-block-buttons is-vertical is-content-justification-center is-layout-flex wp-container-core-buttons-is-layout-b1fecf6e wp-block-buttons-is-layout-flex\">\n<div class=\"wp-block-button  is-style-primary\"><a style=\"\" class=\"wp-block-button __link wp-element-button\" href=\"https:\/\/palletways.online\/es\/\">Solicita un presupuesto<\/a><\/div>\n\n\n\n<div class=\"wp-block-button arrow-icon has-icon icon-position-end  animation-right  is-style-link\"><a class=\"wp-block-button arrow-icon has-icon icon-position-end  animation-right __link wp-element-button\" href=\"https:\/\/palletways.online\/es\/transporte-nacional-de-pallets\/\" style=\"--icon: url(data:image\/svg+xml;base64,PHN2ZyB2aWV3Qm94PSIwIDAgMjQgMjQiIHhtbG5zPSJodHRwOi8vd3d3LnczLm9yZy8yMDAwL3N2ZyI+PHBhdGggZD0iTTIgMTJIMjJNMjIgMTJMMTIgMjEuNU0yMiAxMkwxMiAyLjUiIHN0cm9rZT0iY3VycmVudENvbG9yIiBzdHJva2Utd2lkdGg9IjEuNSIgc3Ryb2tlLWxpbmVjYXA9InJvdW5kIiBmaWxsPSJub25lIi8+PC9zdmc+);text-decoration:underline\">M\u00e1s informaci\u00f3n sobre el env\u00edo nacional de pallets<\/a><\/div>\n<\/div>\n<\/div>\n<\/div>\n","protected":false},"excerpt":{"rendered":"<p>Descubra por qu\u00e9 nuestros clientes env\u00edan palets con Palletways Online. Desde entregas al d\u00eda siguiente hasta tiempos de entrega estimados de 2 horas y seguimiento completo, puede contar con nosotros.<\/p>\n","protected":false},"author":2,"featured_media":0,"parent":0,"menu_order":0,"comment_status":"closed","ping_status":"closed","template":"","meta":{"view_count":52,"faq_page":false,"footnotes":""},"class_list":["post-528","page","type-page","status-publish","hentry"],"yoast_head":"<!-- This site is optimized with the Yoast SEO plugin v27.2 - https:\/\/yoast.com\/product\/yoast-seo-wordpress\/ -->\n<title>\u00bfPor qu\u00e9 elegirnos? - Palletways Online Iberia<\/title>\n<meta name=\"robots\" content=\"index, follow, max-snippet:-1, max-image-preview:large, max-video-preview:-1\" \/>\n<link rel=\"canonical\" href=\"https:\/\/palletways.online\/es\/por-que-elegirnos\/\" \/>\n<meta property=\"og:locale\" content=\"es_ES\" \/>\n<meta property=\"og:type\" content=\"article\" \/>\n<meta property=\"og:title\" content=\"\u00bfPor qu\u00e9 elegirnos? - Palletways Online Iberia\" \/>\n<meta property=\"og:description\" content=\"Descubra por qu\u00e9 nuestros clientes env\u00edan palets con Palletways Online. Desde entregas al d\u00eda siguiente hasta tiempos de entrega estimados de 2 horas y seguimiento completo, puede contar con nosotros.\" \/>\n<meta property=\"og:url\" content=\"https:\/\/palletways.online\/es\/por-que-elegirnos\/\" \/>\n<meta property=\"og:site_name\" content=\"Palletways Online Iberia\" \/>\n<meta property=\"article:modified_time\" content=\"2026-03-06T12:27:42+00:00\" \/>\n<meta name=\"twitter:card\" content=\"summary_large_image\" \/>\n<meta name=\"twitter:label1\" content=\"Tiempo de lectura\" \/>\n\t<meta name=\"twitter:data1\" content=\"3 minutos\" \/>\n<script type=\"application\/ld+json\" class=\"yoast-schema-graph\">{\"@context\":\"https:\/\/schema.org\",\"@graph\":[{\"@type\":\"WebPage\",\"@id\":\"https:\/\/palletways.online\/es\/por-que-elegirnos\/\",\"url\":\"https:\/\/palletways.online\/es\/por-que-elegirnos\/\",\"name\":\"\u00bfPor qu\u00e9 elegirnos? - Palletways Online Iberia\",\"isPartOf\":{\"@id\":\"https:\/\/palletways.online\/es\/#website\"},\"datePublished\":\"2026-02-25T15:55:51+00:00\",\"dateModified\":\"2026-03-06T12:27:42+00:00\",\"breadcrumb\":{\"@id\":\"https:\/\/palletways.online\/es\/por-que-elegirnos\/#breadcrumb\"},\"inLanguage\":\"es\",\"potentialAction\":[{\"@type\":\"ReadAction\",\"target\":[\"https:\/\/palletways.online\/es\/por-que-elegirnos\/\"]}]},{\"@type\":\"BreadcrumbList\",\"@id\":\"https:\/\/palletways.online\/es\/por-que-elegirnos\/#breadcrumb\",\"itemListElement\":[{\"@type\":\"ListItem\",\"position\":1,\"name\":\"Home\",\"item\":\"https:\/\/palletways.online\/es\/\"},{\"@type\":\"ListItem\",\"position\":2,\"name\":\"\u00bfPor qu\u00e9 elegirnos?\"}]},{\"@type\":\"WebSite\",\"@id\":\"https:\/\/palletways.online\/es\/#website\",\"url\":\"https:\/\/palletways.online\/es\/\",\"name\":\"Palletways Online Iberia\",\"description\":\"\",\"potentialAction\":[{\"@type\":\"SearchAction\",\"target\":{\"@type\":\"EntryPoint\",\"urlTemplate\":\"https:\/\/palletways.online\/es\/?s={search_term_string}\"},\"query-input\":{\"@type\":\"PropertyValueSpecification\",\"valueRequired\":true,\"valueName\":\"search_term_string\"}}],\"inLanguage\":\"es\"}]}<\/script>\n<!-- \/ Yoast SEO plugin. -->","yoast_head_json":{"title":"\u00bfPor qu\u00e9 elegirnos? - Palletways Online Iberia","robots":{"index":"index","follow":"follow","max-snippet":"max-snippet:-1","max-image-preview":"max-image-preview:large","max-video-preview":"max-video-preview:-1"},"canonical":"https:\/\/palletways.online\/es\/por-que-elegirnos\/","og_locale":"es_ES","og_type":"article","og_title":"\u00bfPor qu\u00e9 elegirnos? - Palletways Online Iberia","og_description":"Descubra por qu\u00e9 nuestros clientes env\u00edan palets con Palletways Online. Desde entregas al d\u00eda siguiente hasta tiempos de entrega estimados de 2 horas y seguimiento completo, puede contar con nosotros.","og_url":"https:\/\/palletways.online\/es\/por-que-elegirnos\/","og_site_name":"Palletways Online Iberia","article_modified_time":"2026-03-06T12:27:42+00:00","twitter_card":"summary_large_image","twitter_misc":{"Tiempo de lectura":"3 minutos"},"schema":{"@context":"https:\/\/schema.org","@graph":[{"@type":"WebPage","@id":"https:\/\/palletways.online\/es\/por-que-elegirnos\/","url":"https:\/\/palletways.online\/es\/por-que-elegirnos\/","name":"\u00bfPor qu\u00e9 elegirnos? - Palletways Online Iberia","isPartOf":{"@id":"https:\/\/palletways.online\/es\/#website"},"datePublished":"2026-02-25T15:55:51+00:00","dateModified":"2026-03-06T12:27:42+00:00","breadcrumb":{"@id":"https:\/\/palletways.online\/es\/por-que-elegirnos\/#breadcrumb"},"inLanguage":"es","potentialAction":[{"@type":"ReadAction","target":["https:\/\/palletways.online\/es\/por-que-elegirnos\/"]}]},{"@type":"BreadcrumbList","@id":"https:\/\/palletways.online\/es\/por-que-elegirnos\/#breadcrumb","itemListElement":[{"@type":"ListItem","position":1,"name":"Home","item":"https:\/\/palletways.online\/es\/"},{"@type":"ListItem","position":2,"name":"\u00bfPor qu\u00e9 elegirnos?"}]},{"@type":"WebSite","@id":"https:\/\/palletways.online\/es\/#website","url":"https:\/\/palletways.online\/es\/","name":"Palletways Online Iberia","description":"","potentialAction":[{"@type":"SearchAction","target":{"@type":"EntryPoint","urlTemplate":"https:\/\/palletways.online\/es\/?s={search_term_string}"},"query-input":{"@type":"PropertyValueSpecification","valueRequired":true,"valueName":"search_term_string"}}],"inLanguage":"es"}]}},"lang":"es","translations":{"es":528,"en":86},"pll_sync_post":[],"_links":{"self":[{"href":"https:\/\/palletways.online\/es\/wp-json\/wp\/v2\/pages\/528","targetHints":{"allow":["GET"]}}],"collection":[{"href":"https:\/\/palletways.online\/es\/wp-json\/wp\/v2\/pages"}],"about":[{"href":"https:\/\/palletways.online\/es\/wp-json\/wp\/v2\/types\/page"}],"author":[{"embeddable":true,"href":"https:\/\/palletways.online\/es\/wp-json\/wp\/v2\/users\/2"}],"replies":[{"embeddable":true,"href":"https:\/\/palletways.online\/es\/wp-json\/wp\/v2\/comments?post=528"}],"version-history":[{"count":5,"href":"https:\/\/palletways.online\/es\/wp-json\/wp\/v2\/pages\/528\/revisions"}],"predecessor-version":[{"id":725,"href":"https:\/\/palletways.online\/es\/wp-json\/wp\/v2\/pages\/528\/revisions\/725"}],"wp:attachment":[{"href":"https:\/\/palletways.online\/es\/wp-json\/wp\/v2\/media?parent=528"}],"curies":[{"name":"wp","href":"https:\/\/api.w.org\/{rel}","templated":true}]}}