{"id":530,"date":"2026-02-25T16:01:27","date_gmt":"2026-02-25T16:01:27","guid":{"rendered":"https:\/\/palletways.online\/es\/?page_id=530"},"modified":"2026-03-11T10:08:48","modified_gmt":"2026-03-11T10:08:48","slug":"envia-articulos-grandes","status":"publish","type":"page","link":"https:\/\/palletways.online\/es\/envia-articulos-grandes\/","title":{"rendered":"Env\u00eda art\u00edculos grandes"},"content":{"rendered":"\n<div class=\"wp-block-cover\" style=\"margin-bottom:var(--wp--preset--spacing--4-xl);padding-top:var(--wp--preset--spacing--4-xl);padding-bottom:var(--wp--preset--spacing--4-xl);min-height:30svh;aspect-ratio:unset;\"><img decoding=\"async\" class=\"wp-block-cover__image-background wp-image-531 size-large\" alt=\"\" src=\"https:\/\/palletways.online\/wp-content\/uploads\/2026\/01\/Lorry-PW-1024x587.jpeg\" style=\"object-position:81% 78%\" data-object-fit=\"cover\" data-object-position=\"81% 78%\" \/><span aria-hidden=\"true\" class=\"wp-block-cover__background has-black-background-color has-background-dim-40 has-background-dim\"><\/span><div class=\"wp-block-cover__inner-container has-global-padding is-layout-constrained wp-block-cover-is-layout-constrained\">\n<div class=\"wp-block-group has-global-padding is-layout-constrained wp-block-group-is-layout-constrained\">\n<div class=\"wp-block-columns is-layout-flex wp-container-core-columns-is-layout-28f84493 wp-block-columns-is-layout-flex\">\n<div class=\"wp-block-column is-vertically-aligned-center is-layout-flow wp-container-core-column-is-layout-86b72393 wp-block-column-is-layout-flow\">\n<ol itemscope itemtype=\"https:\/\/schema.org\/BreadcrumbList\" class=\"wp-elements-e4c33ec0092b97fff79b6b3421a6e1af wp-block-the-framework-breadcrumbs has-text-color has-white-color\">\n    <li itemprop=\"itemListElement\" itemscope itemtype=\"https:\/\/schema.org\/ListItem\"><a style=\"--accent-text: var(--wp--preset--color--white);\" itemscope itemtype=\"https:\/\/schema.org\/WebPage\" itemprop=\"item\" itemid=\"https:\/\/palletways.online\/es\" href=\"https:\/\/palletways.online\/es\"><span itemprop=\"name\">Palletways Online Iberia<\/span><\/a><meta itemprop=\"position\" content=\"1\" \/><\/li><svg width=\"8\" height=\"14\" viewBox=\"0 0 8 14\" fill=\"none\" xmlns=\"http:\/\/www.w3.org\/2000\/svg\"><path d=\"M6.59241 0.333374L1.40723 13.6667\" stroke=\"currentColor\" stroke-width=\"1.5\"\/><\/svg><li itemprop=\"itemListElement\" itemscope itemtype=\"https:\/\/schema.org\/ListItem\"><span itemprop=\"name\">P\u00e1gina<\/span><meta itemprop=\"position\" content=\"2\" \/><\/li><\/ol>\n\n\n\n<div class=\"wp-block-group has-global-padding is-content-justification-left is-layout-constrained wp-container-core-group-is-layout-74cbbf86 wp-block-group-is-layout-constrained\">\n<h1 class=\"wp-block-heading has-white-color has-text-color has-link-color wp-elements-146b9def668c1964c1c324a7be63ae0f\">Env\u00eda art\u00edculos grandes y voluminosos f\u00e1cilmente<\/h1>\n\n\n\n<p class=\"has-white-color has-text-color has-link-color wp-elements-b58b11611308e7c21cb899666caee947\">\u00bfTienes algo demasiado grande para un servicio de paqueter\u00eda? Ya sean muebles, electrodom\u00e9sticos u otros art\u00edculos pesados o de gran tama\u00f1o, el env\u00edo en pallet es la forma m\u00e1s sencilla de recogerlos y entregarlos en cualquier punto del pa\u00eds.<\/p>\n\n\n\n<p class=\"has-white-color has-text-color has-link-color wp-elements-d729dfca3b27473f70e9d4748b6b9222\">Con Palletways Online es muy f\u00e1cil: reservas online, recogemos tu env\u00edo y tu mercanc\u00eda llega de forma segura a su destino.<\/p>\n<\/div>\n<\/div>\n\n\n\n<div class=\"wp-block-column is-vertically-aligned-center is-layout-flow wp-block-column-is-layout-flow\"><\/div>\n<\/div>\n<\/div>\n<\/div><\/div>\n\n\n\n<div class=\"wp-block-group has-global-padding is-layout-constrained wp-block-group-is-layout-constrained\">\n<div class=\"wp-block-group has-global-padding is-content-justification-center is-layout-constrained wp-container-core-group-is-layout-b9e76259 wp-block-group-is-layout-constrained\">\n<h3 class=\"wp-block-heading has-text-align-center has-secondary-color has-text-color has-link-color wp-elements-5107c47bd1090a4c0f32e8bf926dcb17\">\u00bfDemasiado grande para la paqueter\u00eda? Tenemos la soluci\u00f3n<\/h3>\n\n\n\n<p class=\"has-text-align-center\">La mayor\u00eda de las empresas de mensajer\u00eda y paqueter\u00eda tienen l\u00edmites estrictos de tama\u00f1o y peso. Cualquier env\u00edo que supere los 30 kg o que no pueda pasar por una cinta transportadora suele ser rechazado o conlleva recargos elevados.<\/p>\n\n\n\n<p class=\"has-text-align-center\">Ah\u00ed es donde entra el transporte paletizado. Nuestra red est\u00e1 dise\u00f1ada para mover mercanc\u00eda voluminosa y pesada, desde pallets peque\u00f1os hasta env\u00edos sobredimensionados, ofreci\u00e9ndote una forma fiable y sencilla de enviar lo que otros no pueden.<br><\/p>\n<\/div>\n<\/div>\n\n\n\n<div class=\"wp-block-group has-global-padding is-layout-constrained wp-container-core-group-is-layout-67bf69b7 wp-block-group-is-layout-constrained\" style=\"margin-top:var(--wp--preset--spacing--3-xl);margin-bottom:var(--wp--preset--spacing--3-xl);padding-top:0\">\n<div class=\"wp-block-columns is-layout-flex wp-container-core-columns-is-layout-28f84493 wp-block-columns-is-layout-flex\">\n<div class=\"wp-block-column is-vertically-aligned-center is-layout-flow wp-block-column-is-layout-flow\">\n<h4 class=\"wp-block-heading has-text-align-left has-text-color has-link-color wp-elements-cbd8957b43728d0a870dc806259510db\" style=\"--accent-text: #003875; color:#003875;margin-bottom:var(--wp--preset--spacing--xl)\">Env\u00edos grandes que realizamos a diario<\/h4>\n\n\n\n<p>Cada d\u00eda, clientes de Palletways Online env\u00edan productos grandes y pesados que los servicios de mensajer\u00eda tradicionales no aceptan. Algunos de los m\u00e1s habituales son:<\/p>\n\n\n\n<div class=\"wp-block-group is-nowrap is-layout-flex wp-container-core-group-is-layout-75b88fce wp-block-group-is-layout-flex\">\n<div style=\"--size:24px;width:24px;height:24px;flex:0 1 24px\" class=\"wp-block-the-framework-icon animation-none shrink-0\"><span><\/span><\/div>\n\n\n\n<p>Sof\u00e1s, sillones y otros muebles<\/p>\n<\/div>\n\n\n\n<div class=\"wp-block-group is-nowrap is-layout-flex wp-container-core-group-is-layout-75b88fce wp-block-group-is-layout-flex\">\n<div style=\"--size:24px;width:24px;height:24px;flex:0 1 24px\" class=\"wp-block-the-framework-icon animation-none shrink-0\"><span><\/span><\/div>\n\n\n\n<p>Ba\u00f1eras, conjuntos de ba\u00f1o y devoluciones voluminosas de fontaner\u00eda<\/p>\n<\/div>\n\n\n\n<div class=\"wp-block-group is-nowrap is-layout-flex wp-container-core-group-is-layout-75b88fce wp-block-group-is-layout-flex\">\n<div style=\"--size:24px;width:24px;height:24px;flex:0 1 24px\" class=\"wp-block-the-framework-icon animation-none shrink-0\"><span><\/span><\/div>\n\n\n\n<p>Encimeras de cocina, muebles en kit y productos de bricolaje<\/p>\n<\/div>\n\n\n\n<div class=\"wp-block-group is-nowrap is-layout-flex wp-container-core-group-is-layout-75b88fce wp-block-group-is-layout-flex\">\n<div style=\"--size:24px;width:24px;height:24px;flex:0 1 24px\" class=\"wp-block-the-framework-icon animation-none shrink-0\"><span><\/span><\/div>\n\n\n\n<p>Herramientas de jard\u00edn, maquinaria y paquetes de gran tama\u00f1o<\/p>\n<\/div>\n\n\n\n<p>Si te preguntas c\u00f3mo enviar un sof\u00e1, c\u00f3mo transportar materiales de bricolaje o qu\u00e9 hacer con la devoluci\u00f3n de una ba\u00f1era, el transporte en pallet es la soluci\u00f3n.<\/p>\n<\/div>\n\n\n\n<div class=\"wp-block-column is-vertically-aligned-center is-layout-flow wp-block-column-is-layout-flow\">\n<figure class=\"wp-block-image size-full\"><img decoding=\"async\" src=\"https:\/\/palletways.online\/wp-content\/uploads\/2025\/12\/11th-June-1024x681-1.jpg\" alt=\"\" class=\"wp-image-291\" style=\"aspect-ratio:4\/3;object-fit:cover\" \/><\/figure>\n<\/div>\n<\/div>\n\n\n\n<div class=\"reverse-columns\"><div class=\"wp-block-columns is-layout-flex wp-container-core-columns-is-layout-28f84493 wp-block-columns-is-layout-flex\">\n<div class=\"wp-block-column is-vertically-aligned-center is-layout-flow wp-block-column-is-layout-flow\">\n<figure class=\"wp-block-image size-large\"><img decoding=\"async\" src=\"https:\/\/palletways.online\/wp-content\/uploads\/2025\/12\/hero-screenshot-1-1024x693.png\" alt=\"\" class=\"wp-image-272\" style=\"aspect-ratio:4\/3;object-fit:cover\" \/><\/figure>\n<\/div>\n\n\n\n<div class=\"wp-block-column is-vertically-aligned-center is-layout-flow wp-block-column-is-layout-flow\">\n<h4 class=\"wp-block-heading has-text-align-left has-text-color has-link-color wp-elements-b37528a2a25d8aa95970efbfc9e1c6e3\" style=\"--accent-text: #003875; color:#003875;margin-bottom:var(--wp--preset--spacing--xl)\">\u00bfC\u00f3mo funciona?<\/h4>\n\n\n\n<p>Enviar un art\u00edculo voluminoso con Palletways Online es muy sencillo:<\/p>\n\n\n\n<ol start=\"1\" style=\"margin-left:-20px\" class=\"wp-block-list\">\n<li><strong>Reserva online:<\/strong> introduce los c\u00f3digos postales de recogida y entrega y obt\u00e9n el precio al instante.<\/li>\n<\/ol>\n\n\n\n<ol start=\"2\" style=\"margin-left:-20px\" class=\"wp-block-list\">\n<li><strong>Recogemos la mercanc\u00eda:<\/strong> ofrecemos recogida de pallets al d\u00eda siguiente y otras opciones que se adaptan a tu agenda.<\/li>\n<\/ol>\n\n\n\n<ol start=\"3\" style=\"margin-left:-20px\" class=\"wp-block-list\">\n<li><strong>Entregamos tu env\u00edo:<\/strong> recibir\u00e1s seguimiento continuo y comprobante de entrega.<\/li>\n<\/ol>\n\n\n\n<p>Si es grande, pesado o dif\u00edcil de manejar, nosotros nos encargamos.<\/p>\n<\/div>\n<\/div><\/div>\n\n\n\n<div class=\"wp-block-columns is-layout-flex wp-container-core-columns-is-layout-28f84493 wp-block-columns-is-layout-flex\">\n<div class=\"wp-block-column is-vertically-aligned-center is-layout-flow wp-block-column-is-layout-flow\">\n<h4 class=\"wp-block-heading has-text-align-left has-text-color has-link-color wp-elements-b6dfaff407da95371acbf15b465e7680\" style=\"--accent-text: #003875; color:#003875;margin-bottom:var(--wp--preset--spacing--xl)\">Econ\u00f3mico, fiable y r\u00e1pido<\/h4>\n\n\n\n<p>Elegir el transporte paletizado para env\u00edos de gran tama\u00f1o te ofrece tranquilidad y un importante ahorro frente a los servicios de mensajer\u00eda especializados. Con Palletways Online disfrutas de:<\/p>\n\n\n\n<div class=\"wp-block-group is-nowrap is-layout-flex wp-container-core-group-is-layout-75b88fce wp-block-group-is-layout-flex\">\n<div style=\"--size:24px;width:24px;height:24px;flex:0 1 24px\" class=\"wp-block-the-framework-icon animation-up shrink-0\"><span><\/span><\/div>\n\n\n\n<p><strong>Opciones econ\u00f3micas:<\/strong> gracias a la red l\u00edder de Palletways.<\/p>\n<\/div>\n\n\n\n<div class=\"wp-block-group is-nowrap is-layout-flex wp-container-core-group-is-layout-75b88fce wp-block-group-is-layout-flex\">\n<div style=\"--size:24px;width:24px;height:24px;flex:0 1 24px\" class=\"wp-block-the-framework-icon animation-up shrink-0\"><span><\/span><\/div>\n\n\n\n<p><strong>Manipulaci\u00f3n segura: <\/strong>tu mercanc\u00eda viaja flejada sobre un pallet, reduciendo el riesgo de da\u00f1os.<\/p>\n<\/div>\n\n\n\n<div class=\"wp-block-group is-nowrap is-layout-flex wp-container-core-group-is-layout-75b88fce wp-block-group-is-layout-flex\">\n<div style=\"--size:24px;width:24px;height:24px;flex:0 1 24px\" class=\"wp-block-the-framework-icon animation-up shrink-0\"><span><\/span><\/div>\n\n\n\n<p><strong>Cobertura nacional:<\/strong> recogidas y entregas en todo el pa\u00eds.<\/p>\n<\/div>\n\n\n\n<div class=\"wp-block-group is-nowrap is-layout-flex wp-container-core-group-is-layout-75b88fce wp-block-group-is-layout-flex\">\n<div style=\"--size:24px;width:24px;height:24px;flex:0 1 24px\" class=\"wp-block-the-framework-icon animation-up shrink-0\"><span><\/span><\/div>\n\n\n\n<p><strong>Reserva sin complicaciones:<\/strong> presupuestos r\u00e1pidos online, sin necesidad de crear una cuenta.<\/p>\n<\/div>\n<\/div>\n\n\n\n<div class=\"wp-block-column is-vertically-aligned-center is-layout-flow wp-block-column-is-layout-flow\">\n<figure class=\"wp-block-image size-full\"><img loading=\"lazy\" decoding=\"async\" width=\"800\" height=\"800\" src=\"https:\/\/palletways.online\/es\/wp-content\/uploads\/sites\/6\/2026\/02\/3-Square-2.jpg\" alt=\"\" class=\"wp-image-94\" srcset=\"https:\/\/palletways.online\/es\/wp-content\/uploads\/sites\/6\/2026\/02\/3-Square-2.jpg 800w, https:\/\/palletways.online\/es\/wp-content\/uploads\/sites\/6\/2026\/02\/3-Square-2-300x300.jpg 300w, https:\/\/palletways.online\/es\/wp-content\/uploads\/sites\/6\/2026\/02\/3-Square-2-150x150.jpg 150w, https:\/\/palletways.online\/es\/wp-content\/uploads\/sites\/6\/2026\/02\/3-Square-2-768x768.jpg 768w, https:\/\/palletways.online\/es\/wp-content\/uploads\/sites\/6\/2026\/02\/3-Square-2-600x600.jpg 600w, https:\/\/palletways.online\/es\/wp-content\/uploads\/sites\/6\/2026\/02\/3-Square-2-100x100.jpg 100w\" sizes=\"auto, (max-width: 800px) 100vw, 800px\" \/><\/figure>\n<\/div>\n<\/div>\n\n\n\n<div class=\"wp-block-group has-global-padding is-layout-constrained wp-block-group-is-layout-constrained\" style=\"margin-bottom:var(--wp--preset--spacing--xxl)\">\n<div class=\"wp-block-group has-neutral-100-background-color has-background has-global-padding is-layout-constrained wp-container-core-group-is-layout-2fb6fc15 wp-block-group-is-layout-constrained\" style=\"border-radius:1rem;margin-top:var(--wp--preset--spacing--5-xl);margin-bottom:var(--wp--preset--spacing--xl);padding-top:var(--wp--preset--spacing--xxl);padding-right:var(--wp--preset--spacing--lg);padding-bottom:var(--wp--preset--spacing--xxl);padding-left:var(--wp--preset--spacing--lg)\">\n<h2 class=\"wp-block-heading has-text-align-center has-text-color has-link-color wp-elements-1a379d49eeca9dd4f0dab93c724ad300\" style=\"--accent-text: #003875; color:#003875;margin-bottom:var(--wp--preset--spacing--xl)\">\u00bfListo para enviar tu mercanc\u00eda de gran tama\u00f1o?<\/h2>\n\n\n\n<div class=\"wp-block-group has-global-padding is-layout-constrained wp-container-core-group-is-layout-f36bc466 wp-block-group-is-layout-constrained\">\n<p class=\"has-text-align-left has-body-l-font-size\">No pierdas tiempo con servicios de mensajer\u00eda que no aceptan env\u00edos voluminosos ni te compliques buscando c\u00f3mo transportar mercanc\u00eda pesada. Ampl\u00eda tu mercado m\u00e1s all\u00e1 de tu zona local con Palletways Online.<\/p>\n\n\n\n<p class=\"has-text-align-left has-body-l-font-size\">Hacemos que el env\u00edo de mercanc\u00eda voluminosa sea sencillo, econ\u00f3mico y seguro.<\/p>\n\n\n\n<div class=\"wp-block-buttons is-content-justification-center is-layout-flex wp-container-core-buttons-is-layout-a89b3969 wp-block-buttons-is-layout-flex\">\n<div class=\"wp-block-button  is-style-primary\"><a style=\"\" class=\"wp-block-button __link wp-element-button\" href=\"\/es\/#quote-form\">Solicita tu presupuesto de transporte en pallet<\/a><\/div>\n<\/div>\n<\/div>\n<\/div>\n<\/div>\n<\/div>\n","protected":false},"excerpt":{"rendered":"<p>\u00bfDemasiado grande para la paqueter\u00eda? Tenemos la soluci\u00f3n La mayor\u00eda de las empresas de mensajer\u00eda y paqueter\u00eda tienen l\u00edmites estrictos de tama\u00f1o y peso. Cualquier env\u00edo que supere los 30 kg o que no pueda pasar por una cinta transportadora suele ser rechazado o conlleva recargos elevados. Ah\u00ed es donde entra el transporte paletizado. Nuestra [&hellip;]<\/p>\n","protected":false},"author":2,"featured_media":0,"parent":0,"menu_order":0,"comment_status":"closed","ping_status":"closed","template":"","meta":{"view_count":46,"faq_page":false,"footnotes":""},"class_list":["post-530","page","type-page","status-publish","hentry"],"yoast_head":"<!-- This site is optimized with the Yoast SEO plugin v27.2 - https:\/\/yoast.com\/product\/yoast-seo-wordpress\/ -->\n<title>Env\u00eda art\u00edculos grandes - Palletways Online Iberia<\/title>\n<meta name=\"robots\" content=\"index, follow, max-snippet:-1, max-image-preview:large, max-video-preview:-1\" \/>\n<link rel=\"canonical\" href=\"https:\/\/palletways.online\/es\/envia-articulos-grandes\/\" \/>\n<meta property=\"og:locale\" content=\"es_ES\" \/>\n<meta property=\"og:type\" content=\"article\" \/>\n<meta property=\"og:title\" content=\"Env\u00eda art\u00edculos grandes - Palletways Online Iberia\" \/>\n<meta property=\"og:description\" content=\"\u00bfDemasiado grande para la paqueter\u00eda? Tenemos la soluci\u00f3n La mayor\u00eda de las empresas de mensajer\u00eda y paqueter\u00eda tienen l\u00edmites estrictos de tama\u00f1o y peso. Cualquier env\u00edo que supere los 30 kg o que no pueda pasar por una cinta transportadora suele ser rechazado o conlleva recargos elevados. Ah\u00ed es donde entra el transporte paletizado. Nuestra [&hellip;]\" \/>\n<meta property=\"og:url\" content=\"https:\/\/palletways.online\/es\/envia-articulos-grandes\/\" \/>\n<meta property=\"og:site_name\" content=\"Palletways Online Iberia\" \/>\n<meta property=\"article:modified_time\" content=\"2026-03-11T10:08:48+00:00\" \/>\n<meta name=\"twitter:card\" content=\"summary_large_image\" \/>\n<meta name=\"twitter:label1\" content=\"Tiempo de lectura\" \/>\n\t<meta name=\"twitter:data1\" content=\"3 minutos\" \/>\n<script type=\"application\/ld+json\" class=\"yoast-schema-graph\">{\"@context\":\"https:\/\/schema.org\",\"@graph\":[{\"@type\":\"WebPage\",\"@id\":\"https:\/\/palletways.online\/es\/envia-articulos-grandes\/\",\"url\":\"https:\/\/palletways.online\/es\/envia-articulos-grandes\/\",\"name\":\"Env\u00eda art\u00edculos grandes - Palletways Online Iberia\",\"isPartOf\":{\"@id\":\"https:\/\/palletways.online\/es\/#website\"},\"primaryImageOfPage\":{\"@id\":\"https:\/\/palletways.online\/es\/envia-articulos-grandes\/#primaryimage\"},\"image\":{\"@id\":\"https:\/\/palletways.online\/es\/envia-articulos-grandes\/#primaryimage\"},\"thumbnailUrl\":\"https:\/\/palletways.online\/wp-content\/uploads\/2026\/01\/Lorry-PW-1024x587.jpeg\",\"datePublished\":\"2026-02-25T16:01:27+00:00\",\"dateModified\":\"2026-03-11T10:08:48+00:00\",\"breadcrumb\":{\"@id\":\"https:\/\/palletways.online\/es\/envia-articulos-grandes\/#breadcrumb\"},\"inLanguage\":\"es\",\"potentialAction\":[{\"@type\":\"ReadAction\",\"target\":[\"https:\/\/palletways.online\/es\/envia-articulos-grandes\/\"]}]},{\"@type\":\"ImageObject\",\"inLanguage\":\"es\",\"@id\":\"https:\/\/palletways.online\/es\/envia-articulos-grandes\/#primaryimage\",\"url\":\"https:\/\/palletways.online\/wp-content\/uploads\/2026\/01\/Lorry-PW-1024x587.jpeg\",\"contentUrl\":\"https:\/\/palletways.online\/wp-content\/uploads\/2026\/01\/Lorry-PW-1024x587.jpeg\"},{\"@type\":\"BreadcrumbList\",\"@id\":\"https:\/\/palletways.online\/es\/envia-articulos-grandes\/#breadcrumb\",\"itemListElement\":[{\"@type\":\"ListItem\",\"position\":1,\"name\":\"Home\",\"item\":\"https:\/\/palletways.online\/es\/\"},{\"@type\":\"ListItem\",\"position\":2,\"name\":\"Env\u00eda art\u00edculos grandes\"}]},{\"@type\":\"WebSite\",\"@id\":\"https:\/\/palletways.online\/es\/#website\",\"url\":\"https:\/\/palletways.online\/es\/\",\"name\":\"Palletways Online Iberia\",\"description\":\"\",\"potentialAction\":[{\"@type\":\"SearchAction\",\"target\":{\"@type\":\"EntryPoint\",\"urlTemplate\":\"https:\/\/palletways.online\/es\/?s={search_term_string}\"},\"query-input\":{\"@type\":\"PropertyValueSpecification\",\"valueRequired\":true,\"valueName\":\"search_term_string\"}}],\"inLanguage\":\"es\"}]}<\/script>\n<!-- \/ Yoast SEO plugin. -->","yoast_head_json":{"title":"Env\u00eda art\u00edculos grandes - Palletways Online Iberia","robots":{"index":"index","follow":"follow","max-snippet":"max-snippet:-1","max-image-preview":"max-image-preview:large","max-video-preview":"max-video-preview:-1"},"canonical":"https:\/\/palletways.online\/es\/envia-articulos-grandes\/","og_locale":"es_ES","og_type":"article","og_title":"Env\u00eda art\u00edculos grandes - Palletways Online Iberia","og_description":"\u00bfDemasiado grande para la paqueter\u00eda? Tenemos la soluci\u00f3n La mayor\u00eda de las empresas de mensajer\u00eda y paqueter\u00eda tienen l\u00edmites estrictos de tama\u00f1o y peso. Cualquier env\u00edo que supere los 30 kg o que no pueda pasar por una cinta transportadora suele ser rechazado o conlleva recargos elevados. Ah\u00ed es donde entra el transporte paletizado. Nuestra [&hellip;]","og_url":"https:\/\/palletways.online\/es\/envia-articulos-grandes\/","og_site_name":"Palletways Online Iberia","article_modified_time":"2026-03-11T10:08:48+00:00","twitter_card":"summary_large_image","twitter_misc":{"Tiempo de lectura":"3 minutos"},"schema":{"@context":"https:\/\/schema.org","@graph":[{"@type":"WebPage","@id":"https:\/\/palletways.online\/es\/envia-articulos-grandes\/","url":"https:\/\/palletways.online\/es\/envia-articulos-grandes\/","name":"Env\u00eda art\u00edculos grandes - Palletways Online Iberia","isPartOf":{"@id":"https:\/\/palletways.online\/es\/#website"},"primaryImageOfPage":{"@id":"https:\/\/palletways.online\/es\/envia-articulos-grandes\/#primaryimage"},"image":{"@id":"https:\/\/palletways.online\/es\/envia-articulos-grandes\/#primaryimage"},"thumbnailUrl":"https:\/\/palletways.online\/wp-content\/uploads\/2026\/01\/Lorry-PW-1024x587.jpeg","datePublished":"2026-02-25T16:01:27+00:00","dateModified":"2026-03-11T10:08:48+00:00","breadcrumb":{"@id":"https:\/\/palletways.online\/es\/envia-articulos-grandes\/#breadcrumb"},"inLanguage":"es","potentialAction":[{"@type":"ReadAction","target":["https:\/\/palletways.online\/es\/envia-articulos-grandes\/"]}]},{"@type":"ImageObject","inLanguage":"es","@id":"https:\/\/palletways.online\/es\/envia-articulos-grandes\/#primaryimage","url":"https:\/\/palletways.online\/wp-content\/uploads\/2026\/01\/Lorry-PW-1024x587.jpeg","contentUrl":"https:\/\/palletways.online\/wp-content\/uploads\/2026\/01\/Lorry-PW-1024x587.jpeg"},{"@type":"BreadcrumbList","@id":"https:\/\/palletways.online\/es\/envia-articulos-grandes\/#breadcrumb","itemListElement":[{"@type":"ListItem","position":1,"name":"Home","item":"https:\/\/palletways.online\/es\/"},{"@type":"ListItem","position":2,"name":"Env\u00eda art\u00edculos grandes"}]},{"@type":"WebSite","@id":"https:\/\/palletways.online\/es\/#website","url":"https:\/\/palletways.online\/es\/","name":"Palletways Online Iberia","description":"","potentialAction":[{"@type":"SearchAction","target":{"@type":"EntryPoint","urlTemplate":"https:\/\/palletways.online\/es\/?s={search_term_string}"},"query-input":{"@type":"PropertyValueSpecification","valueRequired":true,"valueName":"search_term_string"}}],"inLanguage":"es"}]}},"lang":"es","translations":{"es":530,"en":90},"pll_sync_post":[],"_links":{"self":[{"href":"https:\/\/palletways.online\/es\/wp-json\/wp\/v2\/pages\/530","targetHints":{"allow":["GET"]}}],"collection":[{"href":"https:\/\/palletways.online\/es\/wp-json\/wp\/v2\/pages"}],"about":[{"href":"https:\/\/palletways.online\/es\/wp-json\/wp\/v2\/types\/page"}],"author":[{"embeddable":true,"href":"https:\/\/palletways.online\/es\/wp-json\/wp\/v2\/users\/2"}],"replies":[{"embeddable":true,"href":"https:\/\/palletways.online\/es\/wp-json\/wp\/v2\/comments?post=530"}],"version-history":[{"count":6,"href":"https:\/\/palletways.online\/es\/wp-json\/wp\/v2\/pages\/530\/revisions"}],"predecessor-version":[{"id":732,"href":"https:\/\/palletways.online\/es\/wp-json\/wp\/v2\/pages\/530\/revisions\/732"}],"wp:attachment":[{"href":"https:\/\/palletways.online\/es\/wp-json\/wp\/v2\/media?parent=530"}],"curies":[{"name":"wp","href":"https:\/\/api.w.org\/{rel}","templated":true}]}}