{"id":535,"date":"2026-02-25T16:10:51","date_gmt":"2026-02-25T16:10:51","guid":{"rendered":"https:\/\/palletways.online\/es\/?page_id=535"},"modified":"2026-02-26T15:28:44","modified_gmt":"2026-02-26T15:28:44","slug":"transporte-nacional-de-pallets","status":"publish","type":"page","link":"https:\/\/palletways.online\/es\/transporte-nacional-de-pallets\/","title":{"rendered":"Transporte nacional de pallets"},"content":{"rendered":"\n<div class=\"wp-block-cover\" style=\"margin-bottom:var(--wp--preset--spacing--3-xl);padding-top:var(--wp--preset--spacing--4-xl);padding-bottom:var(--wp--preset--spacing--4-xl);min-height:30svh;aspect-ratio:unset;\"><img decoding=\"async\" class=\"wp-block-cover__image-background wp-image-531 size-large\" alt=\"\" src=\"https:\/\/palletways.online\/wp-content\/uploads\/2026\/01\/Lorry-PW-1024x587.jpeg\" style=\"object-position:81% 78%\" data-object-fit=\"cover\" data-object-position=\"81% 78%\" \/><span aria-hidden=\"true\" class=\"wp-block-cover__background has-black-background-color has-background-dim-40 has-background-dim\"><\/span><div class=\"wp-block-cover__inner-container has-global-padding is-layout-constrained wp-block-cover-is-layout-constrained\">\n<div class=\"wp-block-group has-global-padding is-layout-constrained wp-block-group-is-layout-constrained\">\n<div class=\"wp-block-columns is-layout-flex wp-container-core-columns-is-layout-28f84493 wp-block-columns-is-layout-flex\">\n<div class=\"wp-block-column is-vertically-aligned-center is-layout-flow wp-container-core-column-is-layout-86b72393 wp-block-column-is-layout-flow\">\n<ol itemscope itemtype=\"https:\/\/schema.org\/BreadcrumbList\" class=\"wp-elements-e4c33ec0092b97fff79b6b3421a6e1af wp-block-the-framework-breadcrumbs has-text-color has-white-color\">\n    <li itemprop=\"itemListElement\" itemscope itemtype=\"https:\/\/schema.org\/ListItem\"><a style=\"--accent-text: var(--wp--preset--color--white);\" itemscope itemtype=\"https:\/\/schema.org\/WebPage\" itemprop=\"item\" itemid=\"https:\/\/palletways.online\/es\" href=\"https:\/\/palletways.online\/es\"><span itemprop=\"name\">Palletways Online Iberia<\/span><\/a><meta itemprop=\"position\" content=\"1\" \/><\/li><svg width=\"8\" height=\"14\" viewBox=\"0 0 8 14\" fill=\"none\" xmlns=\"http:\/\/www.w3.org\/2000\/svg\"><path d=\"M6.59241 0.333374L1.40723 13.6667\" stroke=\"currentColor\" stroke-width=\"1.5\"\/><\/svg><li itemprop=\"itemListElement\" itemscope itemtype=\"https:\/\/schema.org\/ListItem\"><span itemprop=\"name\">P\u00e1gina<\/span><meta itemprop=\"position\" content=\"2\" \/><\/li><\/ol>\n\n\n\n<div class=\"wp-block-group has-global-padding is-content-justification-left is-layout-constrained wp-container-core-group-is-layout-74cbbf86 wp-block-group-is-layout-constrained\">\n<h1 class=\"wp-block-heading\">Env\u00edos de pallets en Espa\u00f1a<\/h1>\n\n\n<div class=\"has-link-color wp-elements-3c3c06fb318883fa267eb5bde7d8ec55 wp-block-post-excerpt has-text-color has-white-color has-body-font-size\"><p class=\"wp-block-post-excerpt__excerpt\">Env\u00eda pallets de forma r\u00e1pida y fiable con Palletways Online. Cada env\u00edo es gestionado por la red Palletways, lo que garantiza que tu mercanc\u00eda se mueva a trav\u00e9s de un sistema nacional probado y eficiente. <\/p><\/div><\/div>\n<\/div>\n\n\n\n<div class=\"wp-block-column is-vertically-aligned-center is-layout-flow wp-block-column-is-layout-flow\"><\/div>\n<\/div>\n<\/div>\n<\/div><\/div>\n\n\n\n<div class=\"wp-block-group has-global-padding is-layout-constrained wp-container-core-group-is-layout-67bf69b7 wp-block-group-is-layout-constrained\" style=\"margin-top:var(--wp--preset--spacing--3-xl);margin-bottom:var(--wp--preset--spacing--3-xl);padding-top:0\">\n<div class=\"wp-block-columns is-layout-flex wp-container-core-columns-is-layout-28f84493 wp-block-columns-is-layout-flex\">\n<div class=\"wp-block-column is-vertically-aligned-center is-layout-flow wp-block-column-is-layout-flow\">\n<h4 class=\"wp-block-heading has-text-align-left has-text-color has-link-color wp-elements-1bd02ec695d4ecc3ab714c6426ddfd2d\" style=\"--accent-text: #003875; color:#003875;margin-bottom:var(--wp--preset--spacing--xl)\">\u00bfPor qu\u00e9 elegir Palletways Online para el env\u00edo de pallets en Espa\u00f1a?<\/h4>\n\n\n\n<div class=\"wp-block-group is-nowrap is-layout-flex wp-container-core-group-is-layout-75b88fce wp-block-group-is-layout-flex\">\n<div style=\"--size:24px;width:24px;height:24px;flex:0 1 24px\" class=\"wp-block-the-framework-icon animation-up shrink-0\"><span><\/span><\/div>\n\n\n\n<p><strong>Cobertura nacional en la que puedes confiar<\/strong> &#8211; Nuestra red est\u00e1 formada por m\u00e1s de 70 miembros y delegaciones independientes en toda Espa\u00f1a.&nbsp;&nbsp;<\/p>\n<\/div>\n\n\n\n<div class=\"wp-block-group is-nowrap is-layout-flex wp-container-core-group-is-layout-75b88fce wp-block-group-is-layout-flex\">\n<div style=\"--size:24px;width:24px;height:24px;flex:0 1 24px\" class=\"wp-block-the-framework-icon animation-up shrink-0\"><span><\/span><\/div>\n\n\n\n<p><strong>Confianza demostrada por nuestros clientes<\/strong> &#8211; Palletways y Palletways Online cuentan con una s\u00f3lida presencia en Trustpilot, con valoraciones altas de clientes reales.&nbsp;<\/p>\n<\/div>\n\n\n\n<div class=\"wp-block-group is-nowrap is-layout-flex wp-container-core-group-is-layout-75b88fce wp-block-group-is-layout-flex\">\n<div style=\"--size:24px;width:24px;height:24px;flex:0 1 24px\" class=\"wp-block-the-framework-icon animation-up shrink-0\"><span><\/span><\/div>\n\n\n\n<p><strong>Reserva online en solo unos minutos<\/strong> &#8211; Obt\u00e9n un presupuesto inmediato y contrata tu env\u00edo de forma r\u00e1pida y sencilla a trav\u00e9s de nuestra plataforma online.<\/p>\n<\/div>\n<\/div>\n\n\n\n<div class=\"wp-block-column is-vertically-aligned-center is-layout-flow wp-block-column-is-layout-flow\">\n<figure class=\"wp-block-image size-full\"><img decoding=\"async\" src=\"https:\/\/palletways.online\/wp-content\/uploads\/2026\/01\/fe511e30-207f-41ec-b935-c66e348f4f1c.jpg\" alt=\"\" class=\"wp-image-566\" style=\"aspect-ratio:4\/3;object-fit:cover\" \/><\/figure>\n<\/div>\n<\/div>\n\n\n\n<div class=\"reverse-columns\"><div class=\"wp-block-columns is-layout-flex wp-container-core-columns-is-layout-28f84493 wp-block-columns-is-layout-flex\">\n<div class=\"wp-block-column is-vertically-aligned-center is-layout-flow wp-block-column-is-layout-flow\">\n<figure class=\"wp-block-image size-full\"><img decoding=\"async\" src=\"https:\/\/palletways.online\/wp-content\/uploads\/2026\/01\/Palletways_Online_BIO_NBG_Op2.jpg\" alt=\"\" class=\"wp-image-565\" style=\"aspect-ratio:4\/3;object-fit:cover\" \/><\/figure>\n<\/div>\n\n\n\n<div class=\"wp-block-column is-vertically-aligned-center is-layout-flow wp-block-column-is-layout-flow\">\n<h4 class=\"wp-block-heading has-text-align-left has-text-color has-link-color wp-elements-c225c0fa5f45fba83236a5520b2190e9\" style=\"--accent-text: #003875; color:#003875;margin-bottom:var(--wp--preset--spacing--xl)\">\u00bfC\u00f3mo funciona nuestro servicio de env\u00edo de palLets?<\/h4>\n\n\n\n<ol start=\"1\" style=\"margin-left:-20px\" class=\"wp-block-list\">\n<li><strong>Obt\u00e9n un presupuesto al instante<\/strong> &#8211; Introduce las dimensiones del palLet, el peso y los c\u00f3digos postales de recogida y entrega.<\/li>\n<\/ol>\n\n\n\n<ol start=\"2\" style=\"margin-left:-20px\" class=\"wp-block-list\">\n<li><strong>Reserva y paga online<\/strong> &#8211; Elige el servicio que mejor se adapte a tus necesidades y completa la contrataci\u00f3n en pocos pasos.<\/li>\n<\/ol>\n\n\n\n<ol start=\"3\" style=\"margin-left:-20px\" class=\"wp-block-list\">\n<li><strong>Recogida desde tu depot local<\/strong> &#8211; Tu pallet es gestionado por un miembro local de la red Palletways.<\/li>\n<\/ol>\n\n\n\n<ol start=\"4\" style=\"margin-left:-20px\" class=\"wp-block-list\">\n<li><strong>Distribuci\u00f3n a trav\u00e9s de la red Palletways<\/strong> &#8211; Los pallets se mueven por nuestra red tipo hub &amp; spoke, optimizando rutas y tiempos de tr\u00e1nsito.&nbsp;&nbsp;<\/li>\n<\/ol>\n\n\n\n<ol start=\"5\" style=\"margin-left:-20px\" class=\"wp-block-list\">\n<li><strong>Entrega final<\/strong> &#8211; La delegaci\u00f3n de destino realiza la entrega, con seguimiento del env\u00edo durante todo el trayecto.<\/li>\n<\/ol>\n<\/div>\n<\/div><\/div>\n\n\n\n<div class=\"wp-block-columns is-layout-flex wp-container-core-columns-is-layout-28f84493 wp-block-columns-is-layout-flex\">\n<div class=\"wp-block-column is-vertically-aligned-center is-layout-flow wp-block-column-is-layout-flow\">\n<div class=\"wp-block-group has-global-padding is-layout-constrained wp-block-group-is-layout-constrained\" style=\"margin-bottom:var(--wp--preset--spacing--xxl)\">\n<h4 class=\"wp-block-heading has-text-align-left has-text-color has-link-color wp-elements-b3b0c80e00e11751cf5a596a6a40678b\" style=\"--accent-text: #003875; color:#003875;margin-bottom:var(--wp--preset--spacing--xl)\">Servicios que ofrecemos<\/h4>\n\n\n\n<div class=\"wp-block-group is-nowrap is-layout-flex wp-container-core-group-is-layout-75b88fce wp-block-group-is-layout-flex\">\n<div style=\"--size:24px;width:24px;height:24px;flex:0 1 24px\" class=\"wp-block-the-framework-icon animation-none shrink-0\"><span><\/span><\/div>\n\n\n\n<p><strong>Env\u00edo est\u00e1ndar de pallets<\/strong> &#8211; Servicios econ\u00f3micos con entrega al d\u00eda siguiente o en varios d\u00edas en toda Espa\u00f1a.&nbsp;<\/p>\n<\/div>\n\n\n\n<div class=\"wp-block-group is-nowrap is-layout-flex wp-container-core-group-is-layout-75b88fce wp-block-group-is-layout-flex\">\n<div style=\"--size:24px;width:24px;height:24px;flex:0 1 24px\" class=\"wp-block-the-framework-icon animation-none shrink-0\"><span><\/span><\/div>\n\n\n\n<p><strong>Servicios con horario concertado y plataforma elevadora<\/strong> &#8211; Ideales tanto para entregas a empresas como para env\u00edos entre particulares.<\/p>\n<\/div>\n\n\n\n<div class=\"wp-block-group is-nowrap is-layout-flex wp-container-core-group-is-layout-75b88fce wp-block-group-is-layout-flex\">\n<div style=\"--size:24px;width:24px;height:24px;flex:0 1 24px\" class=\"wp-block-the-framework-icon animation-none shrink-0\"><span><\/span><\/div>\n\n\n\n<p><strong>Servicios de exportaci\u00f3n internacional<\/strong> &#8211; Transporte fluido y sin complicaciones a trav\u00e9s de Europa gracias a la red Palletways.&nbsp;&nbsp;<\/p>\n<\/div>\n<\/div>\n\n\n\n<div class=\"wp-block-group has-global-padding is-layout-constrained wp-block-group-is-layout-constrained\">\n<h4 class=\"wp-block-heading has-text-align-left has-text-color has-link-color wp-elements-78b29edf1934ce1164757dca1021e287\" style=\"--accent-text: #003875; color:#003875;margin-bottom:var(--wp--preset--spacing--xl)\">Precios &amp; Presupuestos<\/h4>\n\n\n\n<p>Los precios dependen del tama\u00f1o del pallet, el peso y el c\u00f3digo postal de entrega.<\/p>\n\n\n\n<p>Utiliza nuestra herramienta de presupuesto inmediato para obtener un precio exacto y aplicar cualquier c\u00f3digo promocional durante el proceso de compra.<\/p>\n<\/div>\n<\/div>\n\n\n\n<div class=\"wp-block-column is-vertically-aligned-center is-layout-flow wp-block-column-is-layout-flow\">\n<figure class=\"wp-block-image alignleft size-full is-resized\"><img decoding=\"async\" src=\"https:\/\/palletways.online\/wp-content\/uploads\/2026\/01\/11th-Palletways-Online.jpg\" alt=\"\" class=\"wp-image-568\" style=\"width:569px;height:auto\" \/><\/figure>\n<\/div>\n<\/div>\n<\/div>\n\n\n\n<div class=\"wp-block-cover\" style=\"padding-right:var(--wp--preset--spacing--lg);padding-left:var(--wp--preset--spacing--lg)\"><img decoding=\"async\" class=\"wp-block-cover__image-background wp-image-30 size-large\" alt=\"\" src=\"https:\/\/palletways.online\/wp-content\/uploads\/2025\/11\/7062-Homepage-hero-image-5000-x-1746px-1-1-1024x358.jpg\" style=\"object-position:0% 50%\" data-object-fit=\"cover\" data-object-position=\"0% 50%\" \/><span aria-hidden=\"true\" class=\"wp-block-cover__background has-background-dim-40 has-background-dim\"><\/span><div class=\"wp-block-cover__inner-container is-layout-flow wp-block-cover-is-layout-flow\">\n<div class=\"wp-block-group is-style-default has-global-padding is-content-justification-center is-layout-constrained wp-block-group-is-layout-constrained\">\n<div class=\"wp-block-group has-global-padding is-content-justification-left is-layout-constrained wp-container-core-group-is-layout-12dd3699 wp-block-group-is-layout-constrained\">\n<div class=\"wp-block-group is-style-small has-global-padding is-content-justification-left is-layout-constrained wp-container-core-group-is-layout-74cbbf86 wp-block-group-is-layout-constrained\">\n<h2 class=\"wp-block-heading\">Confianza &amp; Fiabilidad<\/h2>\n\n\n\n<p>Con d\u00e9cadas de experiencia en log\u00edstica paletizada y miles de valoraciones positivas en Trustpilot, Palletways es una de las marcas m\u00e1s reconocidas y fiables del sector del transporte de pallets.<br>Esto te ofrece total tranquilidad al contratar tu env\u00edo con Palletways Online.<\/p>\n\n\n\n<p>Obt\u00e9n tu presupuesto al instante<\/p>\n\n\n\n<p>Introduce los c\u00f3digos postales de recogida y entrega, consulta precios y contrata tu env\u00edo online en solo unos minutos.<\/p>\n\n\n\n<div class=\"wp-block-buttons is-layout-flex wp-block-buttons-is-layout-flex\">\n<div class=\"wp-block-button \"><a style=\"\" class=\"wp-block-button __link wp-element-button\" href=\"https:\/\/palletways.online\/es\/\">Solicita tu presupuesto ahora<\/a><\/div>\n<\/div>\n<\/div>\n<\/div>\n<\/div>\n<\/div><\/div>\n\n\n\n<div class=\"wp-block-group has-global-padding is-layout-constrained wp-block-group-is-layout-constrained\" style=\"margin-top:var(--wp--preset--spacing--3-xl);margin-bottom:var(--wp--preset--spacing--5-xl)\">\n<h2 class=\"wp-block-heading has-text-align-center has-text-color has-link-color wp-elements-f6cdf18f4187d3bc7faf4d719e6d2f17\" style=\"--accent-text: #003875; color:#003875;margin-bottom:var(--wp--preset--spacing--3-xl)\">Preguntas frecuentes (FAQs)<\/h2>\n\n\n\n<div class=\"wp-block-group has-global-padding is-layout-constrained wp-container-core-group-is-layout-704e782a wp-block-group-is-layout-constrained\">\n<div class=\"wp-block-group is-vertical is-content-justification-stretch is-layout-flex wp-container-core-group-is-layout-4d8ef2ef wp-block-group-is-layout-flex\">\n<details class=\"wp-block-the-framework-accordion has-active-title has-active-background has-active-border-color icon-plus collapsed-borders w-full has-neutral-100-background-color has-background\" style=\"border-style:none;border-width:0px;--active-text-color:;--active-background-color:#F1F5F9;--active-link-color:;--border-top:1px\"><summary><span><h5 style=\"font-weight:400\">\u00bfCu\u00e1nto tarda un env\u00edo de pallets en Espa\u00f1a?<\/h5><\/span><span class=\"icon\"><\/span><\/summary><div class=\"details-content\"><div>\n\n<div class=\"wp-block-group has-global-padding is-content-justification-left is-layout-constrained wp-container-core-group-is-layout-c4d06299 wp-block-group-is-layout-constrained\">\n\n<p>Los plazos de entrega habituales son al d\u00eda siguiente o entre 2 y 3 d\u00edas laborables, en funci\u00f3n del servicio contratado y de los c\u00f3digos postales de recogida y entrega.<br>Utiliza la herramienta de presupuesto para conocer los tiempos exactos.<\/p>\n\n<\/div>\n\n<\/div><\/div><\/details>\n\n\n\n<details class=\"wp-block-the-framework-accordion has-active-title has-active-background has-active-border-color icon-plus collapsed-borders w-full has-neutral-100-background-color has-background\" style=\"border-style:none;border-width:0px;--active-text-color:;--active-background-color:#F1F5F9;--active-link-color:;--border-top:1px\"><summary><span><h5 style=\"font-weight:400\">\u00bfPuedo hacer seguimiento de mi env\u00edo?<\/h5><\/span><span class=\"icon\"><\/span><\/summary><div class=\"details-content\"><div>\n\n<div class=\"wp-block-group has-global-padding is-content-justification-left is-layout-constrained wp-container-core-group-is-layout-c4d06299 wp-block-group-is-layout-constrained\">\n\n<p>S\u00ed. Dispones de seguimiento completo desde la recogida hasta la entrega mediante un n\u00famero de referencia de 11 d\u00edgitos.<\/p>\n\n<\/div>\n\n<\/div><\/div><\/details>\n\n\n\n<details class=\"wp-block-the-framework-accordion has-active-title has-active-background has-active-border-color icon-plus collapsed-borders w-full has-neutral-100-background-color has-background\" style=\"border-style:none;border-width:0px;--active-text-color:;--active-background-color:#F1F5F9;--active-link-color:;--border-top:1px\"><summary><span><h5 style=\"font-weight:400\">\u00bfCubren todos los c\u00f3digos postales en Espa\u00f1a?<\/h5><\/span><span class=\"icon\"><\/span><\/summary><div class=\"details-content\"><div>\n\n<div class=\"wp-block-group has-global-padding is-content-justification-left is-layout-constrained wp-container-core-group-is-layout-c4d06299 wp-block-group-is-layout-constrained\">\n\n<p>S\u00ed. La red Palletways ofrece cobertura nacional, tanto en zonas urbanas como rurales, gracias a su red de delegaciones y a su sistema de distribuci\u00f3n en hubs.<\/p>\n\n<\/div>\n\n<\/div><\/div><\/details>\n<\/div>\n<\/div>\n\n\n\n<div class=\"wp-block-buttons is-content-justification-center is-layout-flex wp-container-core-buttons-is-layout-a89b3969 wp-block-buttons-is-layout-flex\">\n<div class=\"wp-block-button  is-style-primary\"><a style=\"\" class=\"wp-block-button __link wp-element-button\" href=\"https:\/\/palletways.online\/es\/faqs\/\">Leer m\u00e1s FAQs<\/a><\/div>\n<\/div>\n<\/div>\n\n\n\n<p><\/p>\n","protected":false},"excerpt":{"rendered":"<p>Env\u00eda pallets de forma r\u00e1pida y fiable con Palletways Online. Cada env\u00edo es gestionado por la red Palletways, lo que garantiza que tu mercanc\u00eda se mueva a trav\u00e9s de un sistema nacional probado y eficiente.<\/p>\n","protected":false},"author":2,"featured_media":0,"parent":0,"menu_order":0,"comment_status":"closed","ping_status":"closed","template":"","meta":{"view_count":47,"faq_page":false,"footnotes":""},"class_list":["post-535","page","type-page","status-publish","hentry"],"yoast_head":"<!-- This site is optimized with the Yoast SEO plugin v27.2 - https:\/\/yoast.com\/product\/yoast-seo-wordpress\/ -->\n<title>Transporte nacional de pallets - Palletways Online Iberia<\/title>\n<meta name=\"robots\" content=\"index, follow, max-snippet:-1, max-image-preview:large, max-video-preview:-1\" \/>\n<link rel=\"canonical\" href=\"https:\/\/palletways.online\/es\/transporte-nacional-de-pallets\/\" \/>\n<meta property=\"og:locale\" content=\"es_ES\" \/>\n<meta property=\"og:type\" content=\"article\" \/>\n<meta property=\"og:title\" content=\"Transporte nacional de pallets - Palletways Online Iberia\" \/>\n<meta property=\"og:description\" content=\"Env\u00eda pallets de forma r\u00e1pida y fiable con Palletways Online. Cada env\u00edo es gestionado por la red Palletways, lo que garantiza que tu mercanc\u00eda se mueva a trav\u00e9s de un sistema nacional probado y eficiente.\" \/>\n<meta property=\"og:url\" content=\"https:\/\/palletways.online\/es\/transporte-nacional-de-pallets\/\" \/>\n<meta property=\"og:site_name\" content=\"Palletways Online Iberia\" \/>\n<meta property=\"article:modified_time\" content=\"2026-02-26T15:28:44+00:00\" \/>\n<meta name=\"twitter:card\" content=\"summary_large_image\" \/>\n<meta name=\"twitter:label1\" content=\"Tiempo de lectura\" \/>\n\t<meta name=\"twitter:data1\" content=\"4 minutos\" \/>\n<script type=\"application\/ld+json\" class=\"yoast-schema-graph\">{\"@context\":\"https:\/\/schema.org\",\"@graph\":[{\"@type\":\"WebPage\",\"@id\":\"https:\/\/palletways.online\/es\/transporte-nacional-de-pallets\/\",\"url\":\"https:\/\/palletways.online\/es\/transporte-nacional-de-pallets\/\",\"name\":\"Transporte nacional de pallets - Palletways Online Iberia\",\"isPartOf\":{\"@id\":\"https:\/\/palletways.online\/es\/#website\"},\"primaryImageOfPage\":{\"@id\":\"https:\/\/palletways.online\/es\/transporte-nacional-de-pallets\/#primaryimage\"},\"image\":{\"@id\":\"https:\/\/palletways.online\/es\/transporte-nacional-de-pallets\/#primaryimage\"},\"thumbnailUrl\":\"https:\/\/palletways.online\/wp-content\/uploads\/2026\/01\/Lorry-PW-1024x587.jpeg\",\"datePublished\":\"2026-02-25T16:10:51+00:00\",\"dateModified\":\"2026-02-26T15:28:44+00:00\",\"breadcrumb\":{\"@id\":\"https:\/\/palletways.online\/es\/transporte-nacional-de-pallets\/#breadcrumb\"},\"inLanguage\":\"es\",\"potentialAction\":[{\"@type\":\"ReadAction\",\"target\":[\"https:\/\/palletways.online\/es\/transporte-nacional-de-pallets\/\"]}]},{\"@type\":\"ImageObject\",\"inLanguage\":\"es\",\"@id\":\"https:\/\/palletways.online\/es\/transporte-nacional-de-pallets\/#primaryimage\",\"url\":\"https:\/\/palletways.online\/wp-content\/uploads\/2026\/01\/Lorry-PW-1024x587.jpeg\",\"contentUrl\":\"https:\/\/palletways.online\/wp-content\/uploads\/2026\/01\/Lorry-PW-1024x587.jpeg\"},{\"@type\":\"BreadcrumbList\",\"@id\":\"https:\/\/palletways.online\/es\/transporte-nacional-de-pallets\/#breadcrumb\",\"itemListElement\":[{\"@type\":\"ListItem\",\"position\":1,\"name\":\"Home\",\"item\":\"https:\/\/palletways.online\/es\/\"},{\"@type\":\"ListItem\",\"position\":2,\"name\":\"Transporte nacional de pallets\"}]},{\"@type\":\"WebSite\",\"@id\":\"https:\/\/palletways.online\/es\/#website\",\"url\":\"https:\/\/palletways.online\/es\/\",\"name\":\"Palletways Online Iberia\",\"description\":\"\",\"potentialAction\":[{\"@type\":\"SearchAction\",\"target\":{\"@type\":\"EntryPoint\",\"urlTemplate\":\"https:\/\/palletways.online\/es\/?s={search_term_string}\"},\"query-input\":{\"@type\":\"PropertyValueSpecification\",\"valueRequired\":true,\"valueName\":\"search_term_string\"}}],\"inLanguage\":\"es\"}]}<\/script>\n<!-- \/ Yoast SEO plugin. -->","yoast_head_json":{"title":"Transporte nacional de pallets - Palletways Online Iberia","robots":{"index":"index","follow":"follow","max-snippet":"max-snippet:-1","max-image-preview":"max-image-preview:large","max-video-preview":"max-video-preview:-1"},"canonical":"https:\/\/palletways.online\/es\/transporte-nacional-de-pallets\/","og_locale":"es_ES","og_type":"article","og_title":"Transporte nacional de pallets - Palletways Online Iberia","og_description":"Env\u00eda pallets de forma r\u00e1pida y fiable con Palletways Online. Cada env\u00edo es gestionado por la red Palletways, lo que garantiza que tu mercanc\u00eda se mueva a trav\u00e9s de un sistema nacional probado y eficiente.","og_url":"https:\/\/palletways.online\/es\/transporte-nacional-de-pallets\/","og_site_name":"Palletways Online Iberia","article_modified_time":"2026-02-26T15:28:44+00:00","twitter_card":"summary_large_image","twitter_misc":{"Tiempo de lectura":"4 minutos"},"schema":{"@context":"https:\/\/schema.org","@graph":[{"@type":"WebPage","@id":"https:\/\/palletways.online\/es\/transporte-nacional-de-pallets\/","url":"https:\/\/palletways.online\/es\/transporte-nacional-de-pallets\/","name":"Transporte nacional de pallets - Palletways Online Iberia","isPartOf":{"@id":"https:\/\/palletways.online\/es\/#website"},"primaryImageOfPage":{"@id":"https:\/\/palletways.online\/es\/transporte-nacional-de-pallets\/#primaryimage"},"image":{"@id":"https:\/\/palletways.online\/es\/transporte-nacional-de-pallets\/#primaryimage"},"thumbnailUrl":"https:\/\/palletways.online\/wp-content\/uploads\/2026\/01\/Lorry-PW-1024x587.jpeg","datePublished":"2026-02-25T16:10:51+00:00","dateModified":"2026-02-26T15:28:44+00:00","breadcrumb":{"@id":"https:\/\/palletways.online\/es\/transporte-nacional-de-pallets\/#breadcrumb"},"inLanguage":"es","potentialAction":[{"@type":"ReadAction","target":["https:\/\/palletways.online\/es\/transporte-nacional-de-pallets\/"]}]},{"@type":"ImageObject","inLanguage":"es","@id":"https:\/\/palletways.online\/es\/transporte-nacional-de-pallets\/#primaryimage","url":"https:\/\/palletways.online\/wp-content\/uploads\/2026\/01\/Lorry-PW-1024x587.jpeg","contentUrl":"https:\/\/palletways.online\/wp-content\/uploads\/2026\/01\/Lorry-PW-1024x587.jpeg"},{"@type":"BreadcrumbList","@id":"https:\/\/palletways.online\/es\/transporte-nacional-de-pallets\/#breadcrumb","itemListElement":[{"@type":"ListItem","position":1,"name":"Home","item":"https:\/\/palletways.online\/es\/"},{"@type":"ListItem","position":2,"name":"Transporte nacional de pallets"}]},{"@type":"WebSite","@id":"https:\/\/palletways.online\/es\/#website","url":"https:\/\/palletways.online\/es\/","name":"Palletways Online Iberia","description":"","potentialAction":[{"@type":"SearchAction","target":{"@type":"EntryPoint","urlTemplate":"https:\/\/palletways.online\/es\/?s={search_term_string}"},"query-input":{"@type":"PropertyValueSpecification","valueRequired":true,"valueName":"search_term_string"}}],"inLanguage":"es"}]}},"lang":"es","translations":{"es":535,"en":108},"pll_sync_post":[],"_links":{"self":[{"href":"https:\/\/palletways.online\/es\/wp-json\/wp\/v2\/pages\/535","targetHints":{"allow":["GET"]}}],"collection":[{"href":"https:\/\/palletways.online\/es\/wp-json\/wp\/v2\/pages"}],"about":[{"href":"https:\/\/palletways.online\/es\/wp-json\/wp\/v2\/types\/page"}],"author":[{"embeddable":true,"href":"https:\/\/palletways.online\/es\/wp-json\/wp\/v2\/users\/2"}],"replies":[{"embeddable":true,"href":"https:\/\/palletways.online\/es\/wp-json\/wp\/v2\/comments?post=535"}],"version-history":[{"count":7,"href":"https:\/\/palletways.online\/es\/wp-json\/wp\/v2\/pages\/535\/revisions"}],"predecessor-version":[{"id":708,"href":"https:\/\/palletways.online\/es\/wp-json\/wp\/v2\/pages\/535\/revisions\/708"}],"wp:attachment":[{"href":"https:\/\/palletways.online\/es\/wp-json\/wp\/v2\/media?parent=535"}],"curies":[{"name":"wp","href":"https:\/\/api.w.org\/{rel}","templated":true}]}}