{"id":541,"date":"2026-02-25T16:20:08","date_gmt":"2026-02-25T16:20:08","guid":{"rendered":"https:\/\/palletways.online\/es\/?page_id=541"},"modified":"2026-02-26T16:07:27","modified_gmt":"2026-02-26T16:07:27","slug":"envios-internacionales-de-pallets","status":"publish","type":"page","link":"https:\/\/palletways.online\/es\/envios-internacionales-de-pallets\/","title":{"rendered":"Env\u00edos internacionales de pallets"},"content":{"rendered":"\n<div class=\"wp-block-cover\" style=\"margin-bottom:var(--wp--preset--spacing--4-xl);padding-top:var(--wp--preset--spacing--4-xl);padding-bottom:var(--wp--preset--spacing--4-xl);min-height:30svh;aspect-ratio:unset;\"><img decoding=\"async\" class=\"wp-block-cover__image-background wp-image-531 size-large\" alt=\"\" src=\"https:\/\/palletways.online\/wp-content\/uploads\/2026\/01\/Lorry-PW-1024x587.jpeg\" style=\"object-position:81% 78%\" data-object-fit=\"cover\" data-object-position=\"81% 78%\" \/><span aria-hidden=\"true\" class=\"wp-block-cover__background has-black-background-color has-background-dim-40 has-background-dim\"><\/span><div class=\"wp-block-cover__inner-container has-global-padding is-layout-constrained wp-block-cover-is-layout-constrained\">\n<div class=\"wp-block-group has-global-padding is-layout-constrained wp-block-group-is-layout-constrained\">\n<div class=\"wp-block-columns is-layout-flex wp-container-core-columns-is-layout-28f84493 wp-block-columns-is-layout-flex\">\n<div class=\"wp-block-column is-vertically-aligned-center is-layout-flow wp-container-core-column-is-layout-86b72393 wp-block-column-is-layout-flow\">\n<ol itemscope itemtype=\"https:\/\/schema.org\/BreadcrumbList\" class=\"wp-elements-e4c33ec0092b97fff79b6b3421a6e1af wp-block-the-framework-breadcrumbs has-text-color has-white-color\">\n    <li itemprop=\"itemListElement\" itemscope itemtype=\"https:\/\/schema.org\/ListItem\"><a style=\"--accent-text: var(--wp--preset--color--white);\" itemscope itemtype=\"https:\/\/schema.org\/WebPage\" itemprop=\"item\" itemid=\"https:\/\/palletways.online\/es\" href=\"https:\/\/palletways.online\/es\"><span itemprop=\"name\">Palletways Online Iberia<\/span><\/a><meta itemprop=\"position\" content=\"1\" \/><\/li><svg width=\"8\" height=\"14\" viewBox=\"0 0 8 14\" fill=\"none\" xmlns=\"http:\/\/www.w3.org\/2000\/svg\"><path d=\"M6.59241 0.333374L1.40723 13.6667\" stroke=\"currentColor\" stroke-width=\"1.5\"\/><\/svg><li itemprop=\"itemListElement\" itemscope itemtype=\"https:\/\/schema.org\/ListItem\"><span itemprop=\"name\">P\u00e1gina<\/span><meta itemprop=\"position\" content=\"2\" \/><\/li><\/ol>\n\n\n\n<div class=\"wp-block-group has-global-padding is-content-justification-left is-layout-constrained wp-container-core-group-is-layout-74cbbf86 wp-block-group-is-layout-constrained\">\n<h1 class=\"wp-block-heading has-white-color has-text-color has-link-color wp-elements-5dc4744b3b447d72500befe50cdbb7f5\">Env\u00edos internacionales de pallets<\/h1>\n\n\n\n<p class=\"has-white-color has-text-color has-link-color wp-elements-92e8bef5f04ccdd02ee52c720a3bcce4\">En Palletways Online, el transporte internacional de pallets es simple, econ\u00f3mico y sin complicaciones.<\/p>\n\n\n\n<p class=\"has-white-color has-text-color has-link-color wp-elements-36565214f458e8590e748d9c5de879d4\">Tanto si env\u00edas mercanc\u00eda a un cliente en Francia, devuelves muebles a Italia o transportas stock a un socio comercial en Alemania, te facilitamos el env\u00edo seguro de pallets a cualquier punto de Europa.<\/p>\n<\/div>\n<\/div>\n\n\n\n<div class=\"wp-block-column is-vertically-aligned-center is-layout-flow wp-block-column-is-layout-flow\"><\/div>\n<\/div>\n<\/div>\n<\/div><\/div>\n\n\n\n<div class=\"wp-block-group has-global-padding is-layout-constrained wp-block-group-is-layout-constrained\">\n<div class=\"wp-block-group has-global-padding is-content-justification-center is-layout-constrained wp-container-core-group-is-layout-b9e76259 wp-block-group-is-layout-constrained\">\n<h3 class=\"wp-block-heading has-text-align-center has-secondary-color has-text-color has-link-color wp-elements-668593465b18f8b779fc1db5c03a07fb\">Env\u00eda pallets por toda Europa de forma sencilla<\/h3>\n\n\n\n<p class=\"has-text-align-center\">Como parte de la red Palletways, la mayor y m\u00e1s fiable red de transporte paletizado de Europa, conectamos tu env\u00edo con m\u00e1s de 450 delegaciones en 25 pa\u00edses europeos. Esto garantiza que tu pallet sea gestionado por expertos locales en cada etapa, asegurando una entrega r\u00e1pida, fiable y rentable, puerta a puerta.<\/p>\n<\/div>\n<\/div>\n\n\n\n<div class=\"wp-block-group has-global-padding is-layout-constrained wp-container-core-group-is-layout-67bf69b7 wp-block-group-is-layout-constrained\" style=\"margin-top:var(--wp--preset--spacing--3-xl);margin-bottom:var(--wp--preset--spacing--3-xl);padding-top:0\">\n<div class=\"wp-block-columns is-layout-flex wp-container-core-columns-is-layout-e9273599 wp-block-columns-is-layout-flex\" style=\"margin-bottom:var(--wp--preset--spacing--3-xl)\">\n<div class=\"wp-block-column is-vertically-aligned-center is-layout-flow wp-block-column-is-layout-flow\">\n<h4 class=\"wp-block-heading has-text-align-left has-text-color has-link-color wp-elements-c0cc6f834c117091f04f41ff601e0cb8\" style=\"--accent-text: #003875; color:#003875;margin-bottom:var(--wp--preset--spacing--xl)\">\u00bfPor qu\u00e9 elegir Palletways Online para env\u00edos internacionales?<\/h4>\n\n\n\n<div class=\"wp-block-group is-nowrap is-layout-flex wp-container-core-group-is-layout-75b88fce wp-block-group-is-layout-flex\">\n<div style=\"--size:24px;width:24px;height:24px;flex:0 1 24px\" class=\"wp-block-the-framework-icon animation-none shrink-0\"><span><\/span><\/div>\n\n\n\n<p>Sin necesidad de cuenta de empresa&nbsp;&#8211; Reserva directamente online, sin contratos comerciales.&nbsp;<\/p>\n<\/div>\n\n\n\n<div class=\"wp-block-group is-nowrap is-layout-flex wp-container-core-group-is-layout-75b88fce wp-block-group-is-layout-flex\">\n<div style=\"--size:24px;width:24px;height:24px;flex:0 1 24px\" class=\"wp-block-the-framework-icon animation-none shrink-0\"><span><\/span><\/div>\n\n\n\n<p>Presupuestos inmediatos &#8211; Obt\u00e9n tu precio en segundos con nuestrasencilla herramienta de reserva.&nbsp;<\/p>\n<\/div>\n\n\n\n<div class=\"wp-block-group is-nowrap is-layout-flex wp-container-core-group-is-layout-75b88fce wp-block-group-is-layout-flex\">\n<div style=\"--size:24px;width:24px;height:24px;flex:0 1 24px\" class=\"wp-block-the-framework-icon animation-none shrink-0\"><span><\/span><\/div>\n\n\n\n<p>Precios transparentes &#8211; Sin costes ocultos ni recargos inesperados.&nbsp;<\/p>\n<\/div>\n\n\n\n<div class=\"wp-block-group is-nowrap is-layout-flex wp-container-core-group-is-layout-75b88fce wp-block-group-is-layout-flex\">\n<div style=\"--size:24px;width:24px;height:24px;flex:0 1 24px\" class=\"wp-block-the-framework-icon animation-none shrink-0\"><span><\/span><\/div>\n\n\n\n<p>Seguimiento completo del env\u00edo &#8211; Controla tu pallet desde la recogida hasta la entrega con total visibilidad.<\/p>\n<\/div>\n\n\n\n<div class=\"wp-block-group is-nowrap is-layout-flex wp-container-core-group-is-layout-75b88fce wp-block-group-is-layout-flex\">\n<div style=\"--size:24px;width:24px;height:24px;flex:0 1 24px\" class=\"wp-block-the-framework-icon animation-none shrink-0\"><span><\/span><\/div>\n\n\n\n<p>Tama\u00f1os de pallet flexibles &#8211; Paga solo por el espacio que realmente necesitas.<\/p>\n<\/div>\n\n\n\n<p>Ideal para:<\/p>\n\n\n\n<div class=\"wp-block-group is-nowrap is-layout-flex wp-container-core-group-is-layout-75b88fce wp-block-group-is-layout-flex\">\n<div style=\"--size:24px;width:24px;height:24px;flex:0 1 24px\" class=\"wp-block-the-framework-icon animation-up shrink-0\"><span><\/span><\/div>\n\n\n\n<p>Peque\u00f1as empresas que env\u00edan productos o suministros por Europa<\/p>\n<\/div>\n\n\n\n<div class=\"wp-block-group is-nowrap is-layout-flex wp-container-core-group-is-layout-75b88fce wp-block-group-is-layout-flex\">\n<div style=\"--size:24px;width:24px;height:24px;flex:0 1 24px\" class=\"wp-block-the-framework-icon animation-up shrink-0\"><span><\/span><\/div>\n\n\n\n<p>Particulares que necesitan transportar art\u00edculos voluminosos, como muebles o enseres<\/p>\n<\/div>\n\n\n\n<div class=\"wp-block-group is-nowrap is-layout-flex wp-container-core-group-is-layout-75b88fce wp-block-group-is-layout-flex\">\n<div style=\"--size:24px;width:24px;height:24px;flex:0 1 24px\" class=\"wp-block-the-framework-icon animation-up shrink-0\"><span><\/span><\/div>\n\n\n\n<p>Tiendas online que gestionan devoluciones de productos grandes o pedidos internacionales<\/p>\n<\/div>\n<\/div>\n\n\n\n<div class=\"wp-block-column is-vertically-aligned-center is-layout-flow wp-block-column-is-layout-flow\">\n<figure class=\"wp-block-image size-full\"><img decoding=\"async\" src=\"https:\/\/palletways.online\/wp-content\/uploads\/2026\/01\/EU-map-of-routes-SVG.svg\" alt=\"\" class=\"wp-image-558\" style=\"aspect-ratio:4\/3;object-fit:contain\" \/><\/figure>\n<\/div>\n<\/div>\n\n\n\n<div class=\"reverse-columns\"><div class=\"wp-block-columns is-layout-flex wp-container-core-columns-is-layout-28f84493 wp-block-columns-is-layout-flex\">\n<div class=\"wp-block-column is-vertically-aligned-center is-layout-flow wp-block-column-is-layout-flow\">\n<figure class=\"wp-block-image size-large\"><img decoding=\"async\" src=\"https:\/\/palletways.online\/wp-content\/uploads\/2025\/12\/hero-screenshot-1-1024x693.png\" alt=\"\" class=\"wp-image-272\" style=\"aspect-ratio:4\/3;object-fit:cover\" \/><\/figure>\n<\/div>\n\n\n\n<div class=\"wp-block-column is-vertically-aligned-center is-layout-flow wp-block-column-is-layout-flow\">\n<h4 class=\"wp-block-heading has-text-align-left has-text-color has-link-color wp-elements-b37528a2a25d8aa95970efbfc9e1c6e3\" style=\"--accent-text: #003875; color:#003875;margin-bottom:var(--wp--preset--spacing--xl)\">\u00bfC\u00f3mo funciona?<\/h4>\n\n\n\n<ol start=\"1\" style=\"margin-left:-20px\" class=\"wp-block-list\">\n<li><strong>Solicita tu presupuesto<\/strong> &#8211; Introduce los datos de recogida y entrega y consulta el precio al instante.&nbsp;<\/li>\n<\/ol>\n\n\n\n<ol start=\"2\" style=\"margin-left:-20px\" class=\"wp-block-list\">\n<li><strong>Reserva online<\/strong> &#8211; Elige el tama\u00f1o del pallet y la fecha de recogida, sin necesidad de crear una cuenta.<\/li>\n<\/ol>\n\n\n\n<ol start=\"3\" style=\"margin-left:-20px\" class=\"wp-block-list\">\n<li><strong>Haz seguimiento de tu env\u00edo<\/strong> &#8211; Mantente informado con seguimiento en tiempo real durante todo el proceso.<\/li>\n<\/ol>\n<\/div>\n<\/div><\/div>\n\n\n\n<div class=\"wp-block-group has-global-padding is-layout-constrained wp-block-group-is-layout-constrained\" style=\"margin-bottom:var(--wp--preset--spacing--xxl)\">\n<div class=\"wp-block-group has-neutral-100-background-color has-background has-global-padding is-layout-constrained wp-container-core-group-is-layout-2fb6fc15 wp-block-group-is-layout-constrained\" style=\"border-radius:1rem;margin-top:var(--wp--preset--spacing--5-xl);margin-bottom:var(--wp--preset--spacing--xl);padding-top:var(--wp--preset--spacing--xxl);padding-right:var(--wp--preset--spacing--lg);padding-bottom:var(--wp--preset--spacing--xxl);padding-left:var(--wp--preset--spacing--lg)\">\n<h2 class=\"wp-block-heading has-text-align-center has-text-color has-link-color wp-elements-dd4f8272cdb358186a4c609ac750501b\" style=\"--accent-text: #003875; color:#003875;margin-bottom:var(--wp--preset--spacing--xl)\">Entregas fiables en toda Europa<\/h2>\n\n\n\n<div class=\"wp-block-group has-global-padding is-layout-constrained wp-container-core-group-is-layout-f36bc466 wp-block-group-is-layout-constrained\">\n<p class=\"has-text-align-left has-body-l-font-size\">Desde Espa\u00f1a a Suecia o de Francia a Finlandia, nuestra amplia red garantiza que tus pallets lleguen a destino de forma segura y puntual.<br>Cada env\u00edo se apoya en las d\u00e9cadas de experiencia log\u00edstica de Palletways, para que env\u00edes con total tranquilidad.<br>Empieza a enviar internacionalmente hoy mismo<\/p>\n\n\n\n<p class=\"has-text-align-left has-body-l-font-size\">\u00danete a los miles de clientes que conf\u00edan en Palletways Online para un transporte paletizado r\u00e1pido, flexible y econ\u00f3mico en toda Europa.<\/p>\n\n\n\n<div class=\"wp-block-buttons is-content-justification-center is-layout-flex wp-container-core-buttons-is-layout-a89b3969 wp-block-buttons-is-layout-flex\">\n<div class=\"wp-block-button  is-style-primary\"><a style=\"\" class=\"wp-block-button __link wp-element-button\" href=\"\/es\/#quote-form\">Solicita tu presupuesto internacional<\/a><\/div>\n<\/div>\n<\/div>\n<\/div>\n<\/div>\n<\/div>\n","protected":false},"excerpt":{"rendered":"<p>En Palletways Online, el transporte internacional de pallets es simple, econ\u00f3mico y sin complicaciones.<\/p>\n<p>Tanto si env\u00edas mercanc\u00eda a un cliente en Francia, devuelves muebles a Italia o transportas stock a un socio comercial en Alemania, te facilitamos el env\u00edo seguro de pallets a cualquier punto de Europa.<\/p>\n","protected":false},"author":2,"featured_media":0,"parent":0,"menu_order":0,"comment_status":"closed","ping_status":"closed","template":"","meta":{"view_count":42,"faq_page":false,"footnotes":""},"class_list":["post-541","page","type-page","status-publish","hentry"],"yoast_head":"<!-- This site is optimized with the Yoast SEO plugin v27.2 - https:\/\/yoast.com\/product\/yoast-seo-wordpress\/ -->\n<title>Env\u00edos internacionales de pallets - Palletways Online Iberia<\/title>\n<meta name=\"robots\" content=\"index, follow, max-snippet:-1, max-image-preview:large, max-video-preview:-1\" \/>\n<link rel=\"canonical\" href=\"https:\/\/palletways.online\/es\/envios-internacionales-de-pallets\/\" \/>\n<meta property=\"og:locale\" content=\"es_ES\" \/>\n<meta property=\"og:type\" content=\"article\" \/>\n<meta property=\"og:title\" content=\"Env\u00edos internacionales de pallets - Palletways Online Iberia\" \/>\n<meta property=\"og:description\" content=\"En Palletways Online, el transporte internacional de pallets es simple, econ\u00f3mico y sin complicaciones. Tanto si env\u00edas mercanc\u00eda a un cliente en Francia, devuelves muebles a Italia o transportas stock a un socio comercial en Alemania, te facilitamos el env\u00edo seguro de pallets a cualquier punto de Europa.\" \/>\n<meta property=\"og:url\" content=\"https:\/\/palletways.online\/es\/envios-internacionales-de-pallets\/\" \/>\n<meta property=\"og:site_name\" content=\"Palletways Online Iberia\" \/>\n<meta property=\"article:modified_time\" content=\"2026-02-26T16:07:27+00:00\" \/>\n<meta name=\"twitter:card\" content=\"summary_large_image\" \/>\n<meta name=\"twitter:label1\" content=\"Tiempo de lectura\" \/>\n\t<meta name=\"twitter:data1\" content=\"3 minutos\" \/>\n<script type=\"application\/ld+json\" class=\"yoast-schema-graph\">{\"@context\":\"https:\/\/schema.org\",\"@graph\":[{\"@type\":\"WebPage\",\"@id\":\"https:\/\/palletways.online\/es\/envios-internacionales-de-pallets\/\",\"url\":\"https:\/\/palletways.online\/es\/envios-internacionales-de-pallets\/\",\"name\":\"Env\u00edos internacionales de pallets - Palletways Online Iberia\",\"isPartOf\":{\"@id\":\"https:\/\/palletways.online\/es\/#website\"},\"primaryImageOfPage\":{\"@id\":\"https:\/\/palletways.online\/es\/envios-internacionales-de-pallets\/#primaryimage\"},\"image\":{\"@id\":\"https:\/\/palletways.online\/es\/envios-internacionales-de-pallets\/#primaryimage\"},\"thumbnailUrl\":\"https:\/\/palletways.online\/wp-content\/uploads\/2026\/01\/Lorry-PW-1024x587.jpeg\",\"datePublished\":\"2026-02-25T16:20:08+00:00\",\"dateModified\":\"2026-02-26T16:07:27+00:00\",\"breadcrumb\":{\"@id\":\"https:\/\/palletways.online\/es\/envios-internacionales-de-pallets\/#breadcrumb\"},\"inLanguage\":\"es\",\"potentialAction\":[{\"@type\":\"ReadAction\",\"target\":[\"https:\/\/palletways.online\/es\/envios-internacionales-de-pallets\/\"]}]},{\"@type\":\"ImageObject\",\"inLanguage\":\"es\",\"@id\":\"https:\/\/palletways.online\/es\/envios-internacionales-de-pallets\/#primaryimage\",\"url\":\"https:\/\/palletways.online\/wp-content\/uploads\/2026\/01\/Lorry-PW-1024x587.jpeg\",\"contentUrl\":\"https:\/\/palletways.online\/wp-content\/uploads\/2026\/01\/Lorry-PW-1024x587.jpeg\"},{\"@type\":\"BreadcrumbList\",\"@id\":\"https:\/\/palletways.online\/es\/envios-internacionales-de-pallets\/#breadcrumb\",\"itemListElement\":[{\"@type\":\"ListItem\",\"position\":1,\"name\":\"Home\",\"item\":\"https:\/\/palletways.online\/es\/\"},{\"@type\":\"ListItem\",\"position\":2,\"name\":\"Env\u00edos internacionales de pallets\"}]},{\"@type\":\"WebSite\",\"@id\":\"https:\/\/palletways.online\/es\/#website\",\"url\":\"https:\/\/palletways.online\/es\/\",\"name\":\"Palletways Online Iberia\",\"description\":\"\",\"potentialAction\":[{\"@type\":\"SearchAction\",\"target\":{\"@type\":\"EntryPoint\",\"urlTemplate\":\"https:\/\/palletways.online\/es\/?s={search_term_string}\"},\"query-input\":{\"@type\":\"PropertyValueSpecification\",\"valueRequired\":true,\"valueName\":\"search_term_string\"}}],\"inLanguage\":\"es\"}]}<\/script>\n<!-- \/ Yoast SEO plugin. -->","yoast_head_json":{"title":"Env\u00edos internacionales de pallets - Palletways Online Iberia","robots":{"index":"index","follow":"follow","max-snippet":"max-snippet:-1","max-image-preview":"max-image-preview:large","max-video-preview":"max-video-preview:-1"},"canonical":"https:\/\/palletways.online\/es\/envios-internacionales-de-pallets\/","og_locale":"es_ES","og_type":"article","og_title":"Env\u00edos internacionales de pallets - Palletways Online Iberia","og_description":"En Palletways Online, el transporte internacional de pallets es simple, econ\u00f3mico y sin complicaciones. Tanto si env\u00edas mercanc\u00eda a un cliente en Francia, devuelves muebles a Italia o transportas stock a un socio comercial en Alemania, te facilitamos el env\u00edo seguro de pallets a cualquier punto de Europa.","og_url":"https:\/\/palletways.online\/es\/envios-internacionales-de-pallets\/","og_site_name":"Palletways Online Iberia","article_modified_time":"2026-02-26T16:07:27+00:00","twitter_card":"summary_large_image","twitter_misc":{"Tiempo de lectura":"3 minutos"},"schema":{"@context":"https:\/\/schema.org","@graph":[{"@type":"WebPage","@id":"https:\/\/palletways.online\/es\/envios-internacionales-de-pallets\/","url":"https:\/\/palletways.online\/es\/envios-internacionales-de-pallets\/","name":"Env\u00edos internacionales de pallets - Palletways Online Iberia","isPartOf":{"@id":"https:\/\/palletways.online\/es\/#website"},"primaryImageOfPage":{"@id":"https:\/\/palletways.online\/es\/envios-internacionales-de-pallets\/#primaryimage"},"image":{"@id":"https:\/\/palletways.online\/es\/envios-internacionales-de-pallets\/#primaryimage"},"thumbnailUrl":"https:\/\/palletways.online\/wp-content\/uploads\/2026\/01\/Lorry-PW-1024x587.jpeg","datePublished":"2026-02-25T16:20:08+00:00","dateModified":"2026-02-26T16:07:27+00:00","breadcrumb":{"@id":"https:\/\/palletways.online\/es\/envios-internacionales-de-pallets\/#breadcrumb"},"inLanguage":"es","potentialAction":[{"@type":"ReadAction","target":["https:\/\/palletways.online\/es\/envios-internacionales-de-pallets\/"]}]},{"@type":"ImageObject","inLanguage":"es","@id":"https:\/\/palletways.online\/es\/envios-internacionales-de-pallets\/#primaryimage","url":"https:\/\/palletways.online\/wp-content\/uploads\/2026\/01\/Lorry-PW-1024x587.jpeg","contentUrl":"https:\/\/palletways.online\/wp-content\/uploads\/2026\/01\/Lorry-PW-1024x587.jpeg"},{"@type":"BreadcrumbList","@id":"https:\/\/palletways.online\/es\/envios-internacionales-de-pallets\/#breadcrumb","itemListElement":[{"@type":"ListItem","position":1,"name":"Home","item":"https:\/\/palletways.online\/es\/"},{"@type":"ListItem","position":2,"name":"Env\u00edos internacionales de pallets"}]},{"@type":"WebSite","@id":"https:\/\/palletways.online\/es\/#website","url":"https:\/\/palletways.online\/es\/","name":"Palletways Online Iberia","description":"","potentialAction":[{"@type":"SearchAction","target":{"@type":"EntryPoint","urlTemplate":"https:\/\/palletways.online\/es\/?s={search_term_string}"},"query-input":{"@type":"PropertyValueSpecification","valueRequired":true,"valueName":"search_term_string"}}],"inLanguage":"es"}]}},"lang":"es","translations":{"es":541,"en":110},"pll_sync_post":[],"_links":{"self":[{"href":"https:\/\/palletways.online\/es\/wp-json\/wp\/v2\/pages\/541","targetHints":{"allow":["GET"]}}],"collection":[{"href":"https:\/\/palletways.online\/es\/wp-json\/wp\/v2\/pages"}],"about":[{"href":"https:\/\/palletways.online\/es\/wp-json\/wp\/v2\/types\/page"}],"author":[{"embeddable":true,"href":"https:\/\/palletways.online\/es\/wp-json\/wp\/v2\/users\/2"}],"replies":[{"embeddable":true,"href":"https:\/\/palletways.online\/es\/wp-json\/wp\/v2\/comments?post=541"}],"version-history":[{"count":6,"href":"https:\/\/palletways.online\/es\/wp-json\/wp\/v2\/pages\/541\/revisions"}],"predecessor-version":[{"id":709,"href":"https:\/\/palletways.online\/es\/wp-json\/wp\/v2\/pages\/541\/revisions\/709"}],"wp:attachment":[{"href":"https:\/\/palletways.online\/es\/wp-json\/wp\/v2\/media?parent=541"}],"curies":[{"name":"wp","href":"https:\/\/api.w.org\/{rel}","templated":true}]}}