{"id":551,"date":"2026-02-25T17:49:32","date_gmt":"2026-02-25T17:49:32","guid":{"rendered":"https:\/\/palletways.online\/es\/?page_id=551"},"modified":"2026-03-11T09:47:37","modified_gmt":"2026-03-11T09:47:37","slug":"preparar-tu-pallet","status":"publish","type":"page","link":"https:\/\/palletways.online\/es\/preparar-tu-pallet\/","title":{"rendered":"Preparar tu pallet"},"content":{"rendered":"\n<div class=\"wp-block-cover\" style=\"margin-bottom:var(--wp--preset--spacing--4-xl);padding-top:var(--wp--preset--spacing--4-xl);padding-bottom:var(--wp--preset--spacing--4-xl);min-height:30svh;aspect-ratio:unset;\"><img decoding=\"async\" class=\"wp-block-cover__image-background wp-image-531 size-large\" alt=\"\" src=\"https:\/\/palletways.online\/wp-content\/uploads\/2026\/01\/Lorry-PW-1024x587.jpeg\" style=\"object-position:81% 78%\" data-object-fit=\"cover\" data-object-position=\"81% 78%\" \/><span aria-hidden=\"true\" class=\"wp-block-cover__background has-black-background-color has-background-dim-40 has-background-dim\"><\/span><div class=\"wp-block-cover__inner-container has-global-padding is-layout-constrained wp-block-cover-is-layout-constrained\">\n<div class=\"wp-block-group has-global-padding is-layout-constrained wp-block-group-is-layout-constrained\">\n<div class=\"wp-block-columns is-layout-flex wp-container-core-columns-is-layout-28f84493 wp-block-columns-is-layout-flex\">\n<div class=\"wp-block-column is-vertically-aligned-center is-layout-flow wp-container-core-column-is-layout-86b72393 wp-block-column-is-layout-flow\">\n<ol itemscope itemtype=\"https:\/\/schema.org\/BreadcrumbList\" class=\"wp-elements-e4c33ec0092b97fff79b6b3421a6e1af wp-block-the-framework-breadcrumbs has-text-color has-white-color\">\n    <li itemprop=\"itemListElement\" itemscope itemtype=\"https:\/\/schema.org\/ListItem\"><a style=\"--accent-text: var(--wp--preset--color--white);\" itemscope itemtype=\"https:\/\/schema.org\/WebPage\" itemprop=\"item\" itemid=\"https:\/\/palletways.online\/es\" href=\"https:\/\/palletways.online\/es\"><span itemprop=\"name\">Palletways Online Iberia<\/span><\/a><meta itemprop=\"position\" content=\"1\" \/><\/li><svg width=\"8\" height=\"14\" viewBox=\"0 0 8 14\" fill=\"none\" xmlns=\"http:\/\/www.w3.org\/2000\/svg\"><path d=\"M6.59241 0.333374L1.40723 13.6667\" stroke=\"currentColor\" stroke-width=\"1.5\"\/><\/svg><li itemprop=\"itemListElement\" itemscope itemtype=\"https:\/\/schema.org\/ListItem\"><span itemprop=\"name\">P\u00e1gina<\/span><meta itemprop=\"position\" content=\"2\" \/><\/li><\/ol>\n\n\n\n<div class=\"wp-block-group has-global-padding is-content-justification-left is-layout-constrained wp-container-core-group-is-layout-74cbbf86 wp-block-group-is-layout-constrained\">\n<h1 class=\"wp-block-heading has-white-color has-text-color has-link-color wp-elements-a177c0e514b050d1594f464f054f2e7c\">C\u00f3mo preparar tu pallet para la recogida y la entrega<\/h1>\n\n\n\n<p class=\"has-white-color has-text-color has-link-color wp-elements-e42a59bf7306f7c5f37acc5247cbde85\">Preparar correctamente tu pallet es fundamental para que viaje de forma segura a trav\u00e9s de la red Palletways. Sigue estos sencillos pasos para asegurarte de que tu pallet est\u00e1 apto para el transporte, est\u00e1 bien protegido y listo para la recogida.<\/p>\n\n\n\n<p>Todos los pallets deben presentarse al conductor en condiciones adecuadas para el transporte por carretera. El conductor tendr\u00e1 la \u00faltima palabra sobre la idoneidad del pallet para su transporte.<\/p>\n<\/div>\n<\/div>\n\n\n\n<div class=\"wp-block-column is-vertically-aligned-center is-layout-flow wp-block-column-is-layout-flow\"><\/div>\n<\/div>\n<\/div>\n<\/div><\/div>\n\n\n\n<div class=\"wp-block-group has-global-padding is-layout-constrained wp-block-group-is-layout-constrained\" style=\"margin-bottom:var(--wp--preset--spacing--4-xl)\">\n<div class=\"wp-block-columns is-layout-flex wp-container-core-columns-is-layout-f27e9562 wp-block-columns-is-layout-flex\">\n<div class=\"wp-block-column is-layout-flow wp-block-column-is-layout-flow\" style=\"flex-basis:25%\">\n<div class=\"wp-block-group has-global-padding is-layout-constrained wp-block-group-is-layout-constrained wp-container-3 is-position-sticky\" style=\"padding-top:var(--wp--preset--spacing--lg)\">\n<div class=\"wp-block-group has-border-color has-global-padding is-layout-constrained wp-container-core-group-is-layout-337b8cc2 wp-block-group-is-layout-constrained\" style=\"border-color:#74C043;border-width:2px;border-radius:0.6rem;padding-top:var(--wp--preset--spacing--lg);padding-right:var(--wp--preset--spacing--lg);padding-bottom:var(--wp--preset--spacing--lg);padding-left:var(--wp--preset--spacing--lg)\">\n<h6 class=\"wp-block-heading\">Topics<\/h6>\n\n\n\n<div class=\"wp-block-group has-global-padding is-layout-constrained wp-container-core-group-is-layout-53fa5211 wp-block-group-is-layout-constrained\" style=\"padding-left:var(--wp--preset--spacing--md)\">\n<h6 class=\"wp-block-heading has-secondary-color has-text-color has-link-color wp-elements-ec4c9600715a9d37d078926bbf52112c\"><a style=\"--accent-text: var(--wp--preset--color--primary);\" href=\"#prepare-for-delivery\">C\u00f3mo preparar un pallet para el env\u00edo<\/a><\/h6>\n\n\n\n<div class=\"wp-block-group has-global-padding is-layout-constrained wp-container-core-group-is-layout-cd528046 wp-block-group-is-layout-constrained\" style=\"padding-left:var(--wp--preset--spacing--lg)\">\n<h6 class=\"wp-block-heading has-secondary-color has-text-color has-link-color has-body-font-size wp-elements-859453b6db9b11c7b819c06f90e0259d\"><a style=\"--accent-text: var(--wp--preset--color--primary);\" href=\"#choose-pallet\">1. Elige un pallet resistente y estable<\/a><\/h6>\n\n\n\n<h6 class=\"wp-block-heading has-secondary-color has-text-color has-link-color has-body-font-size wp-elements-ba573b295bf8291eeb752acbe04215a9\"><a style=\"--accent-text: var(--wp--preset--color--primary);\" href=\"#secure-goods\">2. Asegura y protege correctamente la mercanc\u00eda<\/a><\/h6>\n\n\n\n<h6 class=\"wp-block-heading has-secondary-color has-text-color has-link-color has-body-font-size wp-elements-2a5929f2fd3f4b079554b970cbdb5c7e\"><a style=\"--accent-text: var(--wp--preset--color--primary);\" href=\"#declare-weight\">3. Declara el peso correcto<\/a><\/h6>\n\n\n\n<h6 class=\"wp-block-heading has-secondary-color has-text-color has-link-color has-body-font-size wp-elements-2b464ad59048ea8ea7888e223e75eda1\"><a style=\"--accent-text: var(--wp--preset--color--primary);\" href=\"#label-pallet\">4. Etiqueta el pallet de forma clara<\/a><\/h6>\n\n\n\n<h6 class=\"wp-block-heading has-secondary-color has-text-color has-link-color has-body-font-size wp-elements-ac6b1503bc02567520590e4b46ca256d\"><a style=\"--accent-text: var(--wp--preset--color--primary);\" href=\"#max-pallet-weight\">5. Peso m\u00e1ximo por pallet<\/a><\/h6>\n<\/div>\n\n\n\n<h6 class=\"wp-block-heading has-secondary-color has-text-color has-link-color wp-elements-4c1290fcd968c8d808d434d98eb77ea6\"><a style=\"--accent-text: var(--wp--preset--color--secondary);\" href=\"#why-preparation-matters\">Por qu\u00e9 es importante preparar bien tu pallet<\/a><\/h6>\n<\/div>\n<\/div>\n<\/div>\n<\/div>\n\n\n\n<div class=\"wp-block-column is-layout-flow wp-block-column-is-layout-flow\" style=\"padding-top:var(--wp--preset--spacing--lg);padding-bottom:var(--wp--preset--spacing--lg);flex-basis:75%\">\n<h3 class=\"wp-block-heading\" id=\"prepare-for-delivery\">C\u00f3mo preparar un pallet para el env\u00edo<\/h3>\n\n\n\n<div id=\"choose-pallet\" class=\"wp-block-group has-global-padding is-layout-constrained wp-block-group-is-layout-constrained\">\n<h4 class=\"wp-block-heading\">1. Elige un pallet resistente y estable<\/h4>\n\n\n\n<p>Al enviar un pallet a trav\u00e9s de nuestra red en Iberia, aseg\u00farate de que sea de madera de alta calidad, lo suficientemente resistente para soportar la mercanc\u00eda.<\/p>\n\n\n\n<ul class=\"wp-block-list\">\n<li>Utiliza un pallet robusto y sin da\u00f1os, capaz de soportar m\u00faltiples manipulaciones.<\/li>\n\n\n\n<li>Para recogidas o entregas con plataforma elevadora (tail-lift), utiliza un pallet de entrada por los cuatro lados.<\/li>\n\n\n\n<li>La mercanc\u00eda no debe sobresalir de la base del pallet. Los bultos que sobresalen corren riesgo de da\u00f1o y pueden ser rechazados en la recogida.<\/li>\n\n\n\n<li>Si el pallet est\u00e1 roto o es inestable, sustit\u00fayelo antes de la recogida para evitar retrasos.<\/li>\n<\/ul>\n<\/div>\n\n\n\n<div id=\"secure-goods\" class=\"wp-block-group has-global-padding is-layout-constrained wp-block-group-is-layout-constrained\">\n<h4 class=\"wp-block-heading\">2. Asegura y protege correctamente la mercanc\u00eda<\/h4>\n\n\n\n<p>Una correcta sujeci\u00f3n garantiza que la mercanc\u00eda llegue segura y en perfecto estado.<\/p>\n\n\n\n<ul class=\"wp-block-list\">\n<li>Utiliza flejes resistentes o film retr\u00e1ctil para fijar la carga firmemente al pallet.<\/li>\n\n\n\n<li>Envuelve la mercanc\u00eda al pallet, no solo alrededor de los productos, para aumentar la estabilidad.<\/li>\n\n\n\n<li>Los pallets pueden estar expuestos a la intemperie, por lo que se recomienda envolverlos completamente para protegerlos de la lluvia y el polvo.<\/li>\n\n\n\n<li>Realiza una prueba de estabilidad: si al empujar suavemente puedes mover o inclinar la carga, no est\u00e1 suficientemente asegurada.<\/li>\n\n\n\n<li>En pallets medios o cuartos, marca claramente \u201cNo apilar\u201d si el apilado puede causar da\u00f1os.<\/li>\n<\/ul>\n<\/div>\n\n\n\n<div id=\"declare-weight\" class=\"wp-block-group has-global-padding is-layout-constrained wp-block-group-is-layout-constrained\">\n<h4 class=\"wp-block-heading\">3. Declara el peso correcto<\/h4>\n\n\n\n<p>Indica siempre el peso total real del pallet. Una declaraci\u00f3n incorrecta puede provocar retrasos, recogidas fallidas o cancelaciones.<\/p>\n\n\n\n<p>Adem\u00e1s, un peso preciso permite una manipulaci\u00f3n segura dentro de la red Palletways.<\/p>\n<\/div>\n\n\n\n<div id=\"label-pallet\" class=\"wp-block-group has-global-padding is-layout-constrained wp-block-group-is-layout-constrained\">\n<h4 class=\"wp-block-heading\">4. Etiqueta el pallet de forma clara<\/h4>\n\n\n\n<p>Un etiquetado correcto garantiza que el pallet llegue a su destino sin incidencias.<\/p>\n\n\n\n<p>\u2022 Coloca las <strong>etiquetas en al menos dos lados del pal\u00e9<\/strong>.<\/p>\n\n\n\n<p>\u2022 Incluye obligatoriamente la siguiente informaci\u00f3n: <\/p>\n\n\n\n<ul class=\"wp-block-list\">\n<li>Nombre completo y direcci\u00f3n del remitente<\/li>\n\n\n\n<li>Nombre completo, direcci\u00f3n y c\u00f3digo postal del destinatario<\/li>\n\n\n\n<li>N\u00fameros de referencia o datos de contacto, si procede<\/li>\n<\/ul>\n\n\n\n<p>Los pallets correctamente etiquetados se gestionan de forma m\u00e1s r\u00e1pida y eficiente dentro del sistema de distribuci\u00f3n.<\/p>\n<\/div>\n\n\n\n<div id=\"max-pallet-weight\" class=\"wp-block-group has-global-padding is-layout-constrained wp-block-group-is-layout-constrained\">\n<h4 class=\"wp-block-heading\">5. Peso m\u00e1ximo por pallet<\/h4>\n\n\n\n<p>En la red Palletways Iberia, el peso m\u00e1ximo por pallet es:<br>1.200 kg (para mercanc\u00eda recogida o entregada con plataforma elevadora)<\/p>\n<\/div>\n\n\n\n<div class=\"wp-block-group has-global-padding is-layout-constrained wp-block-group-is-layout-constrained\">\n<h3 class=\"wp-block-heading\" id=\"why-preparation-matters\">Por qu\u00e9 es importante preparar bien tu pallet<\/h3>\n\n\n\n<p>Seguir estas recomendaciones ayuda a:<\/p>\n\n\n\n<ul class=\"wp-block-list\">\n<li>Evitar da\u00f1os durante el transporte paletizado<\/li>\n\n\n\n<li>Agilizar los tiempos de recogida y entrega<\/li>\n\n\n\n<li>Garantizar que tu pallet se mueva de forma segura por la red Palletways<\/li>\n<\/ul>\n\n\n\n<p>Una preparaci\u00f3n adecuada asegura una experiencia de env\u00edo fluida y fiable, tanto si env\u00edas un solo pallet como si realizas env\u00edos regulares.<\/p>\n<\/div>\n<\/div>\n<\/div>\n<\/div>\n","protected":false},"excerpt":{"rendered":"<p>Topics C\u00f3mo preparar un pallet para el env\u00edo 1. Elige un pallet resistente y estable 2. Asegura y protege correctamente la mercanc\u00eda 3. Declara el peso correcto 4. Etiqueta el pallet de forma clara 5. Peso m\u00e1ximo por pallet Por qu\u00e9 es importante preparar bien tu pallet C\u00f3mo preparar un pallet para el env\u00edo 1. [&hellip;]<\/p>\n","protected":false},"author":2,"featured_media":0,"parent":0,"menu_order":0,"comment_status":"closed","ping_status":"closed","template":"","meta":{"view_count":62,"faq_page":false,"footnotes":""},"class_list":["post-551","page","type-page","status-publish","hentry"],"yoast_head":"<!-- This site is optimized with the Yoast SEO plugin v27.2 - https:\/\/yoast.com\/product\/yoast-seo-wordpress\/ -->\n<title>Preparar tu pallet - Palletways Online Iberia<\/title>\n<meta name=\"robots\" content=\"index, follow, max-snippet:-1, max-image-preview:large, max-video-preview:-1\" \/>\n<link rel=\"canonical\" href=\"https:\/\/palletways.online\/es\/preparar-tu-pallet\/\" \/>\n<meta property=\"og:locale\" content=\"es_ES\" \/>\n<meta property=\"og:type\" content=\"article\" \/>\n<meta property=\"og:title\" content=\"Preparar tu pallet - Palletways Online Iberia\" \/>\n<meta property=\"og:description\" content=\"Topics C\u00f3mo preparar un pallet para el env\u00edo 1. Elige un pallet resistente y estable 2. Asegura y protege correctamente la mercanc\u00eda 3. Declara el peso correcto 4. Etiqueta el pallet de forma clara 5. Peso m\u00e1ximo por pallet Por qu\u00e9 es importante preparar bien tu pallet C\u00f3mo preparar un pallet para el env\u00edo 1. [&hellip;]\" \/>\n<meta property=\"og:url\" content=\"https:\/\/palletways.online\/es\/preparar-tu-pallet\/\" \/>\n<meta property=\"og:site_name\" content=\"Palletways Online Iberia\" \/>\n<meta property=\"article:modified_time\" content=\"2026-03-11T09:47:37+00:00\" \/>\n<meta name=\"twitter:card\" content=\"summary_large_image\" \/>\n<meta name=\"twitter:label1\" content=\"Tiempo de lectura\" \/>\n\t<meta name=\"twitter:data1\" content=\"3 minutos\" \/>\n<script type=\"application\/ld+json\" class=\"yoast-schema-graph\">{\"@context\":\"https:\/\/schema.org\",\"@graph\":[{\"@type\":\"WebPage\",\"@id\":\"https:\/\/palletways.online\/es\/preparar-tu-pallet\/\",\"url\":\"https:\/\/palletways.online\/es\/preparar-tu-pallet\/\",\"name\":\"Preparar tu pallet - Palletways Online Iberia\",\"isPartOf\":{\"@id\":\"https:\/\/palletways.online\/es\/#website\"},\"primaryImageOfPage\":{\"@id\":\"https:\/\/palletways.online\/es\/preparar-tu-pallet\/#primaryimage\"},\"image\":{\"@id\":\"https:\/\/palletways.online\/es\/preparar-tu-pallet\/#primaryimage\"},\"thumbnailUrl\":\"https:\/\/palletways.online\/wp-content\/uploads\/2026\/01\/Lorry-PW-1024x587.jpeg\",\"datePublished\":\"2026-02-25T17:49:32+00:00\",\"dateModified\":\"2026-03-11T09:47:37+00:00\",\"breadcrumb\":{\"@id\":\"https:\/\/palletways.online\/es\/preparar-tu-pallet\/#breadcrumb\"},\"inLanguage\":\"es\",\"potentialAction\":[{\"@type\":\"ReadAction\",\"target\":[\"https:\/\/palletways.online\/es\/preparar-tu-pallet\/\"]}]},{\"@type\":\"ImageObject\",\"inLanguage\":\"es\",\"@id\":\"https:\/\/palletways.online\/es\/preparar-tu-pallet\/#primaryimage\",\"url\":\"https:\/\/palletways.online\/wp-content\/uploads\/2026\/01\/Lorry-PW-1024x587.jpeg\",\"contentUrl\":\"https:\/\/palletways.online\/wp-content\/uploads\/2026\/01\/Lorry-PW-1024x587.jpeg\"},{\"@type\":\"BreadcrumbList\",\"@id\":\"https:\/\/palletways.online\/es\/preparar-tu-pallet\/#breadcrumb\",\"itemListElement\":[{\"@type\":\"ListItem\",\"position\":1,\"name\":\"Home\",\"item\":\"https:\/\/palletways.online\/es\/\"},{\"@type\":\"ListItem\",\"position\":2,\"name\":\"Preparar tu pallet\"}]},{\"@type\":\"WebSite\",\"@id\":\"https:\/\/palletways.online\/es\/#website\",\"url\":\"https:\/\/palletways.online\/es\/\",\"name\":\"Palletways Online Iberia\",\"description\":\"\",\"potentialAction\":[{\"@type\":\"SearchAction\",\"target\":{\"@type\":\"EntryPoint\",\"urlTemplate\":\"https:\/\/palletways.online\/es\/?s={search_term_string}\"},\"query-input\":{\"@type\":\"PropertyValueSpecification\",\"valueRequired\":true,\"valueName\":\"search_term_string\"}}],\"inLanguage\":\"es\"}]}<\/script>\n<!-- \/ Yoast SEO plugin. -->","yoast_head_json":{"title":"Preparar tu pallet - Palletways Online Iberia","robots":{"index":"index","follow":"follow","max-snippet":"max-snippet:-1","max-image-preview":"max-image-preview:large","max-video-preview":"max-video-preview:-1"},"canonical":"https:\/\/palletways.online\/es\/preparar-tu-pallet\/","og_locale":"es_ES","og_type":"article","og_title":"Preparar tu pallet - Palletways Online Iberia","og_description":"Topics C\u00f3mo preparar un pallet para el env\u00edo 1. Elige un pallet resistente y estable 2. Asegura y protege correctamente la mercanc\u00eda 3. Declara el peso correcto 4. Etiqueta el pallet de forma clara 5. Peso m\u00e1ximo por pallet Por qu\u00e9 es importante preparar bien tu pallet C\u00f3mo preparar un pallet para el env\u00edo 1. [&hellip;]","og_url":"https:\/\/palletways.online\/es\/preparar-tu-pallet\/","og_site_name":"Palletways Online Iberia","article_modified_time":"2026-03-11T09:47:37+00:00","twitter_card":"summary_large_image","twitter_misc":{"Tiempo de lectura":"3 minutos"},"schema":{"@context":"https:\/\/schema.org","@graph":[{"@type":"WebPage","@id":"https:\/\/palletways.online\/es\/preparar-tu-pallet\/","url":"https:\/\/palletways.online\/es\/preparar-tu-pallet\/","name":"Preparar tu pallet - Palletways Online Iberia","isPartOf":{"@id":"https:\/\/palletways.online\/es\/#website"},"primaryImageOfPage":{"@id":"https:\/\/palletways.online\/es\/preparar-tu-pallet\/#primaryimage"},"image":{"@id":"https:\/\/palletways.online\/es\/preparar-tu-pallet\/#primaryimage"},"thumbnailUrl":"https:\/\/palletways.online\/wp-content\/uploads\/2026\/01\/Lorry-PW-1024x587.jpeg","datePublished":"2026-02-25T17:49:32+00:00","dateModified":"2026-03-11T09:47:37+00:00","breadcrumb":{"@id":"https:\/\/palletways.online\/es\/preparar-tu-pallet\/#breadcrumb"},"inLanguage":"es","potentialAction":[{"@type":"ReadAction","target":["https:\/\/palletways.online\/es\/preparar-tu-pallet\/"]}]},{"@type":"ImageObject","inLanguage":"es","@id":"https:\/\/palletways.online\/es\/preparar-tu-pallet\/#primaryimage","url":"https:\/\/palletways.online\/wp-content\/uploads\/2026\/01\/Lorry-PW-1024x587.jpeg","contentUrl":"https:\/\/palletways.online\/wp-content\/uploads\/2026\/01\/Lorry-PW-1024x587.jpeg"},{"@type":"BreadcrumbList","@id":"https:\/\/palletways.online\/es\/preparar-tu-pallet\/#breadcrumb","itemListElement":[{"@type":"ListItem","position":1,"name":"Home","item":"https:\/\/palletways.online\/es\/"},{"@type":"ListItem","position":2,"name":"Preparar tu pallet"}]},{"@type":"WebSite","@id":"https:\/\/palletways.online\/es\/#website","url":"https:\/\/palletways.online\/es\/","name":"Palletways Online Iberia","description":"","potentialAction":[{"@type":"SearchAction","target":{"@type":"EntryPoint","urlTemplate":"https:\/\/palletways.online\/es\/?s={search_term_string}"},"query-input":{"@type":"PropertyValueSpecification","valueRequired":true,"valueName":"search_term_string"}}],"inLanguage":"es"}]}},"lang":"es","translations":{"es":551,"en":114},"pll_sync_post":[],"_links":{"self":[{"href":"https:\/\/palletways.online\/es\/wp-json\/wp\/v2\/pages\/551","targetHints":{"allow":["GET"]}}],"collection":[{"href":"https:\/\/palletways.online\/es\/wp-json\/wp\/v2\/pages"}],"about":[{"href":"https:\/\/palletways.online\/es\/wp-json\/wp\/v2\/types\/page"}],"author":[{"embeddable":true,"href":"https:\/\/palletways.online\/es\/wp-json\/wp\/v2\/users\/2"}],"replies":[{"embeddable":true,"href":"https:\/\/palletways.online\/es\/wp-json\/wp\/v2\/comments?post=551"}],"version-history":[{"count":8,"href":"https:\/\/palletways.online\/es\/wp-json\/wp\/v2\/pages\/551\/revisions"}],"predecessor-version":[{"id":730,"href":"https:\/\/palletways.online\/es\/wp-json\/wp\/v2\/pages\/551\/revisions\/730"}],"wp:attachment":[{"href":"https:\/\/palletways.online\/es\/wp-json\/wp\/v2\/media?parent=551"}],"curies":[{"name":"wp","href":"https:\/\/api.w.org\/{rel}","templated":true}]}}