{"id":309,"date":"2026-02-18T00:27:01","date_gmt":"2026-02-18T00:27:01","guid":{"rendered":"https:\/\/palletways.online\/hu\/?page_id=309"},"modified":"2026-04-17T12:41:07","modified_gmt":"2026-04-17T10:41:07","slug":"tiltott-aruk","status":"publish","type":"page","link":"https:\/\/palletways.online\/hu\/tiltott-aruk\/","title":{"rendered":"Tiltott aruk"},"content":{"rendered":"\n<div class=\"wp-block-cover\" style=\"margin-bottom:var(--wp--preset--spacing--4-xl);padding-top:var(--wp--preset--spacing--4-xl);padding-bottom:var(--wp--preset--spacing--4-xl);min-height:30svh;aspect-ratio:unset;\"><img decoding=\"async\" class=\"wp-block-cover__image-background wp-image-531 size-large\" alt=\"\" src=\"https:\/\/palletways.online\/wp-content\/uploads\/2026\/01\/Lorry-PW-1024x587.jpeg\" style=\"object-position:81% 78%\" data-object-fit=\"cover\" data-object-position=\"81% 78%\"\/><span aria-hidden=\"true\" class=\"wp-block-cover__background has-black-background-color has-background-dim-40 has-background-dim\"><\/span><div class=\"wp-block-cover__inner-container has-global-padding is-layout-constrained wp-block-cover-is-layout-constrained\">\n<div class=\"wp-block-group has-global-padding is-layout-constrained wp-block-group-is-layout-constrained\">\n<div class=\"wp-block-columns is-layout-flex wp-container-core-columns-is-layout-28f84493 wp-block-columns-is-layout-flex\">\n<div class=\"wp-block-column is-vertically-aligned-center is-layout-flow wp-container-core-column-is-layout-86b72393 wp-block-column-is-layout-flow\">\n<ol itemscope itemtype=\"https:\/\/schema.org\/BreadcrumbList\" class=\"wp-elements-e4c33ec0092b97fff79b6b3421a6e1af wp-block-the-framework-breadcrumbs has-text-color has-white-color\">\n    <li itemprop=\"itemListElement\" itemscope itemtype=\"https:\/\/schema.org\/ListItem\"><a style=\"--accent-text: var(--wp--preset--color--white);\" itemscope itemtype=\"https:\/\/schema.org\/WebPage\" itemprop=\"item\" itemid=\"https:\/\/palletways.online\/hu\" href=\"https:\/\/palletways.online\/hu\"><span itemprop=\"name\">Palletways Online Hungary<\/span><\/a><meta itemprop=\"position\" content=\"1\" \/><\/li><svg width=\"8\" height=\"14\" viewBox=\"0 0 8 14\" fill=\"none\" xmlns=\"http:\/\/www.w3.org\/2000\/svg\"><path d=\"M6.59241 0.333374L1.40723 13.6667\" stroke=\"currentColor\" stroke-width=\"1.5\"\/><\/svg><li itemprop=\"itemListElement\" itemscope itemtype=\"https:\/\/schema.org\/ListItem\"><span itemprop=\"name\">Oldal<\/span><meta itemprop=\"position\" content=\"2\" \/><\/li><\/ol>\n\n\n\n<div class=\"wp-block-group has-global-padding is-content-justification-left is-layout-constrained wp-container-core-group-is-layout-74cbbf86 wp-block-group-is-layout-constrained\"><h1 class=\"wp-block-post-title\">Tiltott aruk<\/h1><\/div>\n<\/div>\n\n\n\n<div class=\"wp-block-column is-vertically-aligned-center is-layout-flow wp-block-column-is-layout-flow\"><\/div>\n<\/div>\n<\/div>\n<\/div><\/div>\n\n\n\n<div class=\"wp-block-group has-global-padding is-layout-constrained wp-block-group-is-layout-constrained\">\n<p>A k\u00f6vetkez\u0151 t\u00e1rgyak (vagy az azokhoz le\u00edr\u00e1sukban vagy tartalmukban hasonl\u00f3 eszk\u00f6z\u00f6k) sz\u00e1ll\u00edt\u00e1sa<br>a h\u00e1l\u00f3zat egyetlen szolg\u00e1ltat\u00e1s\u00e1n kereszt\u00fcl sem megengedett:<\/p>\n\n\n\n<ul class=\"wp-block-list\">\n<li>V\u00e9rk\u00e9sz\u00edtm\u00e9nyek<\/li>\n\n\n\n<li>Korom vagy hasonl\u00f3 term\u00e9kek<\/li>\n\n\n\n<li>K\u00e9szp\u00e9nz, hitelk\u00e1rty\u00e1k, bet\u00e9ti k\u00e1rty\u00e1k<\/li>\n\n\n\n<li>Motorok (el\u0151zetes j\u00f3v\u00e1hagy\u00e1s n\u00e9lk\u00fcl)<\/li>\n\n\n\n<li>Robban\u00f3anyagok, pl. t\u0171zij\u00e1t\u00e9kok, csillagsz\u00f3r\u00f3k, hadianyagok \u00e9s l\u0151szerek<\/li>\n\n\n\n<li>T\u0171zvesz\u00e9lyes folyad\u00e9kok<\/li>\n\n\n\n<li>T\u0171zvesz\u00e9lyes szil\u00e1rd anyagok<\/li>\n\n\n\n<li>G\u00e1zok, pl. aeroszolok \u00e9s kempingg\u00e1zpalackok<\/li>\n\n\n\n<li>Sebess\u00e9gv\u00e1lt\u00f3k (el\u0151zetes j\u00f3v\u00e1hagy\u00e1s n\u00e9lk\u00fcl)<\/li>\n\n\n\n<li>Vesz\u00e9lyes \u00e1ruk<\/li>\n\n\n\n<li>Kalcium-oxid (UN1910)<\/li>\n\n\n\n<li>Emberi maradv\u00e1nyok (kiv\u00e9ve a hamvakat)<\/li>\n\n\n\n<li>Elef\u00e1ntcsont vagy elef\u00e1ntcsontb\u00f3l k\u00e9sz\u00fclt term\u00e9kek<\/li>\n\n\n\n<li>Illeg\u00e1lis k\u00e1b\u00edt\u00f3szerek<\/li>\n\n\n\n<li>T\u0171zvesz\u00e9lyes folyad\u00e9kot vagy szil\u00e1rd anyagot tartalmaz\u00f3 t\u00e1rgyak<\/li>\n\n\n\n<li>Kis mennyis\u00e9g\u0171 robban\u00f3anyagot tartalmaz\u00f3 t\u00e1rgyak, pl. kar\u00e1csonyi durran\u00f3k (crackers),<br>konfetti\u00e1gy\u00fak<\/li>\n\n\n\n<li>L\u00edtium akkumul\u00e1torok, bele\u00e9rtve az akkumul\u00e1toros j\u00e1t\u00e9kokban \u00e9s laptopokban tal\u00e1lhat\u00f3kat is<br>(&gt;100 Wh)<\/li>\n\n\n\n<li>\u00c9l\u0151\u00e1llat<\/li>\n\n\n\n<li>Romland\u00f3 \u00e1ruk, pl. fagyasztott, h\u0171t\u00f6tt vagy friss \u00e9lelmiszerek<\/li>\n\n\n\n<li>Doh\u00e1ny \u00e9s doh\u00e1nyterm\u00e9kek<\/li>\n\n\n\n<li>M\u00e9rgez\u0151 \u00e9s fert\u0151z\u0151 anyagok, pl. n\u00f6v\u00e9nyv\u00e9d\u0151 szerek, gyomirt\u00f3k \u00e9s m\u00e9rgek<\/li>\n\n\n\n<li>Fegyverek, pl. l\u0151fegyverek, kardok \u00e9s k\u00e9sek<br><strong>\u00c9vente fel\u00fclvizsg\u00e1lva, kiv\u00e9ve, ha tov\u00e1bbi elemek hozz\u00e1ad\u00e1sa v\u00e1lik sz\u00fcks\u00e9gess\u00e9<\/strong><\/li>\n<\/ul>\n<\/div>\n\n\n\n<p><\/p>\n","protected":false},"excerpt":{"rendered":"<p>A k\u00f6vetkez\u0151 t\u00e1rgyak (vagy az azokhoz le\u00edr\u00e1sukban vagy tartalmukban hasonl\u00f3 eszk\u00f6z\u00f6k) sz\u00e1ll\u00edt\u00e1saa h\u00e1l\u00f3zat egyetlen szolg\u00e1ltat\u00e1s\u00e1n kereszt\u00fcl sem megengedett:<\/p>\n","protected":false},"author":2,"featured_media":0,"parent":0,"menu_order":0,"comment_status":"closed","ping_status":"closed","template":"","meta":{"view_count":34,"faq_page":false,"footnotes":""},"class_list":["post-309","page","type-page","status-publish","hentry"],"yoast_head":"<!-- This site is optimized with the Yoast SEO plugin v27.2 - https:\/\/yoast.com\/product\/yoast-seo-wordpress\/ -->\n<title>Tiltott aruk - Palletways Online Hungary<\/title>\n<meta name=\"robots\" content=\"index, follow, max-snippet:-1, max-image-preview:large, max-video-preview:-1\" \/>\n<link rel=\"canonical\" href=\"https:\/\/palletways.online\/hu\/tiltott-aruk\/\" \/>\n<meta property=\"og:locale\" content=\"hu_HU\" \/>\n<meta property=\"og:type\" content=\"article\" \/>\n<meta property=\"og:title\" content=\"Tiltott aruk - Palletways Online Hungary\" \/>\n<meta property=\"og:description\" content=\"A k\u00f6vetkez\u0151 t\u00e1rgyak (vagy az azokhoz le\u00edr\u00e1sukban vagy tartalmukban hasonl\u00f3 eszk\u00f6z\u00f6k) sz\u00e1ll\u00edt\u00e1saa h\u00e1l\u00f3zat egyetlen szolg\u00e1ltat\u00e1s\u00e1n kereszt\u00fcl sem megengedett:\" \/>\n<meta property=\"og:url\" content=\"https:\/\/palletways.online\/hu\/tiltott-aruk\/\" \/>\n<meta property=\"og:site_name\" content=\"Palletways Online Hungary\" \/>\n<meta property=\"article:modified_time\" content=\"2026-04-17T10:41:07+00:00\" \/>\n<meta name=\"twitter:card\" content=\"summary_large_image\" \/>\n<meta name=\"twitter:label1\" content=\"Becs\u00fclt olvas\u00e1si id\u0151\" \/>\n\t<meta name=\"twitter:data1\" content=\"1 perc\" \/>\n<script type=\"application\/ld+json\" class=\"yoast-schema-graph\">{\"@context\":\"https:\/\/schema.org\",\"@graph\":[{\"@type\":\"WebPage\",\"@id\":\"https:\/\/palletways.online\/hu\/tiltott-aruk\/\",\"url\":\"https:\/\/palletways.online\/hu\/tiltott-aruk\/\",\"name\":\"Tiltott aruk - Palletways Online Hungary\",\"isPartOf\":{\"@id\":\"https:\/\/palletways.online\/hu\/#website\"},\"primaryImageOfPage\":{\"@id\":\"https:\/\/palletways.online\/hu\/tiltott-aruk\/#primaryimage\"},\"image\":{\"@id\":\"https:\/\/palletways.online\/hu\/tiltott-aruk\/#primaryimage\"},\"thumbnailUrl\":\"https:\/\/palletways.online\/wp-content\/uploads\/2026\/01\/Lorry-PW-1024x587.jpeg\",\"datePublished\":\"2026-02-18T00:27:01+00:00\",\"dateModified\":\"2026-04-17T10:41:07+00:00\",\"breadcrumb\":{\"@id\":\"https:\/\/palletways.online\/hu\/tiltott-aruk\/#breadcrumb\"},\"inLanguage\":\"hu\",\"potentialAction\":[{\"@type\":\"ReadAction\",\"target\":[\"https:\/\/palletways.online\/hu\/tiltott-aruk\/\"]}]},{\"@type\":\"ImageObject\",\"inLanguage\":\"hu\",\"@id\":\"https:\/\/palletways.online\/hu\/tiltott-aruk\/#primaryimage\",\"url\":\"https:\/\/palletways.online\/wp-content\/uploads\/2026\/01\/Lorry-PW-1024x587.jpeg\",\"contentUrl\":\"https:\/\/palletways.online\/wp-content\/uploads\/2026\/01\/Lorry-PW-1024x587.jpeg\"},{\"@type\":\"BreadcrumbList\",\"@id\":\"https:\/\/palletways.online\/hu\/tiltott-aruk\/#breadcrumb\",\"itemListElement\":[{\"@type\":\"ListItem\",\"position\":1,\"name\":\"Home\",\"item\":\"https:\/\/palletways.online\/hu\/\"},{\"@type\":\"ListItem\",\"position\":2,\"name\":\"Tiltott aruk\"}]},{\"@type\":\"WebSite\",\"@id\":\"https:\/\/palletways.online\/hu\/#website\",\"url\":\"https:\/\/palletways.online\/hu\/\",\"name\":\"Palletways Online Hungary\",\"description\":\"\",\"potentialAction\":[{\"@type\":\"SearchAction\",\"target\":{\"@type\":\"EntryPoint\",\"urlTemplate\":\"https:\/\/palletways.online\/hu\/?s={search_term_string}\"},\"query-input\":{\"@type\":\"PropertyValueSpecification\",\"valueRequired\":true,\"valueName\":\"search_term_string\"}}],\"inLanguage\":\"hu\"}]}<\/script>\n<!-- \/ Yoast SEO plugin. -->","yoast_head_json":{"title":"Tiltott aruk - Palletways Online Hungary","robots":{"index":"index","follow":"follow","max-snippet":"max-snippet:-1","max-image-preview":"max-image-preview:large","max-video-preview":"max-video-preview:-1"},"canonical":"https:\/\/palletways.online\/hu\/tiltott-aruk\/","og_locale":"hu_HU","og_type":"article","og_title":"Tiltott aruk - Palletways Online Hungary","og_description":"A k\u00f6vetkez\u0151 t\u00e1rgyak (vagy az azokhoz le\u00edr\u00e1sukban vagy tartalmukban hasonl\u00f3 eszk\u00f6z\u00f6k) sz\u00e1ll\u00edt\u00e1saa h\u00e1l\u00f3zat egyetlen szolg\u00e1ltat\u00e1s\u00e1n kereszt\u00fcl sem megengedett:","og_url":"https:\/\/palletways.online\/hu\/tiltott-aruk\/","og_site_name":"Palletways Online Hungary","article_modified_time":"2026-04-17T10:41:07+00:00","twitter_card":"summary_large_image","twitter_misc":{"Becs\u00fclt olvas\u00e1si id\u0151":"1 perc"},"schema":{"@context":"https:\/\/schema.org","@graph":[{"@type":"WebPage","@id":"https:\/\/palletways.online\/hu\/tiltott-aruk\/","url":"https:\/\/palletways.online\/hu\/tiltott-aruk\/","name":"Tiltott aruk - Palletways Online Hungary","isPartOf":{"@id":"https:\/\/palletways.online\/hu\/#website"},"primaryImageOfPage":{"@id":"https:\/\/palletways.online\/hu\/tiltott-aruk\/#primaryimage"},"image":{"@id":"https:\/\/palletways.online\/hu\/tiltott-aruk\/#primaryimage"},"thumbnailUrl":"https:\/\/palletways.online\/wp-content\/uploads\/2026\/01\/Lorry-PW-1024x587.jpeg","datePublished":"2026-02-18T00:27:01+00:00","dateModified":"2026-04-17T10:41:07+00:00","breadcrumb":{"@id":"https:\/\/palletways.online\/hu\/tiltott-aruk\/#breadcrumb"},"inLanguage":"hu","potentialAction":[{"@type":"ReadAction","target":["https:\/\/palletways.online\/hu\/tiltott-aruk\/"]}]},{"@type":"ImageObject","inLanguage":"hu","@id":"https:\/\/palletways.online\/hu\/tiltott-aruk\/#primaryimage","url":"https:\/\/palletways.online\/wp-content\/uploads\/2026\/01\/Lorry-PW-1024x587.jpeg","contentUrl":"https:\/\/palletways.online\/wp-content\/uploads\/2026\/01\/Lorry-PW-1024x587.jpeg"},{"@type":"BreadcrumbList","@id":"https:\/\/palletways.online\/hu\/tiltott-aruk\/#breadcrumb","itemListElement":[{"@type":"ListItem","position":1,"name":"Home","item":"https:\/\/palletways.online\/hu\/"},{"@type":"ListItem","position":2,"name":"Tiltott aruk"}]},{"@type":"WebSite","@id":"https:\/\/palletways.online\/hu\/#website","url":"https:\/\/palletways.online\/hu\/","name":"Palletways Online Hungary","description":"","potentialAction":[{"@type":"SearchAction","target":{"@type":"EntryPoint","urlTemplate":"https:\/\/palletways.online\/hu\/?s={search_term_string}"},"query-input":{"@type":"PropertyValueSpecification","valueRequired":true,"valueName":"search_term_string"}}],"inLanguage":"hu"}]}},"lang":"hu","translations":{"hu":309,"en":307},"pll_sync_post":[],"_links":{"self":[{"href":"https:\/\/palletways.online\/hu\/wp-json\/wp\/v2\/pages\/309","targetHints":{"allow":["GET"]}}],"collection":[{"href":"https:\/\/palletways.online\/hu\/wp-json\/wp\/v2\/pages"}],"about":[{"href":"https:\/\/palletways.online\/hu\/wp-json\/wp\/v2\/types\/page"}],"author":[{"embeddable":true,"href":"https:\/\/palletways.online\/hu\/wp-json\/wp\/v2\/users\/2"}],"replies":[{"embeddable":true,"href":"https:\/\/palletways.online\/hu\/wp-json\/wp\/v2\/comments?post=309"}],"version-history":[{"count":3,"href":"https:\/\/palletways.online\/hu\/wp-json\/wp\/v2\/pages\/309\/revisions"}],"predecessor-version":[{"id":500,"href":"https:\/\/palletways.online\/hu\/wp-json\/wp\/v2\/pages\/309\/revisions\/500"}],"wp:attachment":[{"href":"https:\/\/palletways.online\/hu\/wp-json\/wp\/v2\/media?parent=309"}],"curies":[{"name":"wp","href":"https:\/\/api.w.org\/{rel}","templated":true}]}}