{"id":34,"date":"2026-02-05T15:51:45","date_gmt":"2026-02-05T15:51:45","guid":{"rendered":"https:\/\/palletways.online\/hu\/?page_id=34"},"modified":"2026-02-18T17:17:33","modified_gmt":"2026-02-18T17:17:33","slug":"rolunk","status":"publish","type":"page","link":"https:\/\/palletways.online\/hu\/rolunk\/","title":{"rendered":"Rolunk"},"content":{"rendered":"\n<div class=\"wp-block-cover\" style=\"margin-bottom:var(--wp--preset--spacing--4-xl);padding-top:var(--wp--preset--spacing--4-xl);padding-bottom:var(--wp--preset--spacing--4-xl);min-height:30svh;aspect-ratio:unset;\"><img decoding=\"async\" class=\"wp-block-cover__image-background wp-image-531 size-large\" alt=\"\" src=\"https:\/\/palletways.online\/wp-content\/uploads\/2026\/01\/Lorry-PW-1024x587.jpeg\" style=\"object-position:81% 78%\" data-object-fit=\"cover\" data-object-position=\"81% 78%\" \/><span aria-hidden=\"true\" class=\"wp-block-cover__background has-black-background-color has-background-dim-40 has-background-dim\"><\/span><div class=\"wp-block-cover__inner-container has-global-padding is-layout-constrained wp-block-cover-is-layout-constrained\">\n<div class=\"wp-block-group has-global-padding is-layout-constrained wp-block-group-is-layout-constrained\">\n<div class=\"wp-block-columns is-layout-flex wp-container-core-columns-is-layout-28f84493 wp-block-columns-is-layout-flex\">\n<div class=\"wp-block-column is-vertically-aligned-center is-layout-flow wp-container-core-column-is-layout-86b72393 wp-block-column-is-layout-flow\">\n<ol itemscope itemtype=\"https:\/\/schema.org\/BreadcrumbList\" class=\"wp-elements-e4c33ec0092b97fff79b6b3421a6e1af wp-block-the-framework-breadcrumbs has-text-color has-white-color\">\n    <li itemprop=\"itemListElement\" itemscope itemtype=\"https:\/\/schema.org\/ListItem\"><a style=\"--accent-text: var(--wp--preset--color--white);\" itemscope itemtype=\"https:\/\/schema.org\/WebPage\" itemprop=\"item\" itemid=\"https:\/\/palletways.online\/hu\" href=\"https:\/\/palletways.online\/hu\"><span itemprop=\"name\">Palletways Online Hungary<\/span><\/a><meta itemprop=\"position\" content=\"1\" \/><\/li><svg width=\"8\" height=\"14\" viewBox=\"0 0 8 14\" fill=\"none\" xmlns=\"http:\/\/www.w3.org\/2000\/svg\"><path d=\"M6.59241 0.333374L1.40723 13.6667\" stroke=\"currentColor\" stroke-width=\"1.5\"\/><\/svg><li itemprop=\"itemListElement\" itemscope itemtype=\"https:\/\/schema.org\/ListItem\"><span itemprop=\"name\">Oldal<\/span><meta itemprop=\"position\" content=\"2\" \/><\/li><\/ol>\n\n\n\n<div class=\"wp-block-group has-global-padding is-content-justification-left is-layout-constrained wp-container-core-group-is-layout-74cbbf86 wp-block-group-is-layout-constrained\">\n<h1 class=\"wp-block-heading has-white-color has-text-color has-link-color wp-elements-6ea580ae3f45f5c4ee253cd5cc012415\">K\u00f6sz\u00f6ntj\u00fck a Palletways Online weboldal\u00e1n<\/h1>\n\n\n\n<p class=\"has-white-color has-text-color has-link-color wp-elements-4d4baeb2e56879ad8704f358f39a5f04\">A Palletways Online a leggyorsabb \u00e9s legink\u00e1bb k\u00f6lts\u00e9ghat\u00e9kony megold\u00e1s, ha raklapos \u00e1rut szeretne feladni Eur\u00f3p\u00e1ba \u2013 an\u00e9lk\u00fcl, hogy hossz\u00fa t\u00e1v\u00fa \u00fczleti szerz\u0151d\u00e9sekkel k\u00f6telezn\u00e9 el mag\u00e1t. Legyen sz\u00f3 egy mag\u00e1nszem\u00e9ly nagym\u00e9ret\u0171 vissz\u00e1ruj\u00e1r\u00f3l vagy egy kisv\u00e1llalkoz\u00e1s eseti \u00e1rusz\u00e1ll\u00edt\u00e1s\u00e1r\u00f3l, platformunkon a raklapos felad\u00e1s \u00e9ppolyan egyszer\u0171 \u00e9s stresszmentes, mint egy kiscsomag k\u00fcld\u00e9se.<\/p>\n<\/div>\n<\/div>\n\n\n\n<div class=\"wp-block-column is-vertically-aligned-center is-layout-flow wp-block-column-is-layout-flow\"><\/div>\n<\/div>\n<\/div>\n<\/div><\/div>\n\n\n\n<div class=\"wp-block-group has-global-padding is-layout-constrained wp-container-core-group-is-layout-822991c2 wp-block-group-is-layout-constrained\" style=\"margin-top:var(--wp--preset--spacing--3-xl);margin-bottom:var(--wp--preset--spacing--3-xl);padding-top:0\">\n<div class=\"wp-block-group has-global-padding is-layout-constrained wp-container-core-group-is-layout-92ef7b19 wp-block-group-is-layout-constrained\">\n<h2 class=\"wp-block-heading has-text-align-center has-text-color has-link-color wp-elements-80aeed6f13c8f9e65714fce6a6b73868\" style=\"--accent-text: #003875; color:#003875;margin-bottom:var(--wp--preset--spacing--xl)\">T\u00f6bb vagyunk, mint egy egyszer\u0171 \u00e1r-\u00f6sszehasonl\u00edt\u00f3 oldal<\/h2>\n<\/div>\n\n\n\n<div class=\"wp-block-columns is-layout-flex wp-container-core-columns-is-layout-28f84493 wp-block-columns-is-layout-flex\">\n<div class=\"wp-block-column is-vertically-aligned-center is-layout-flow wp-block-column-is-layout-flow\">\n<p class=\"has-body-l-font-size\">\u00d6n k\u00f6zvetlen\u00fcl a Palletways h\u00e1l\u00f3zat\u00e1hoz csatlakozik, amely Eur\u00f3pa legmegb\u00edzhat\u00f3bb logisztikai rendszere. Ugyanazt a magas sz\u00ednvonal\u00fa szolg\u00e1ltat\u00e1st ny\u00fajtjuk, amelyet a piacvezet\u0151 nagyv\u00e1llalatok is ig\u00e9nybe vesznek, de n\u00e1lunk nincs elv\u00e1rt heti forgalom vagy minimum mennyis\u00e9g. Akkor k\u00fcldhet raklapot, amikor csak sz\u00fcks\u00e9ge van r\u00e1, \u00e9lvezve egy vil\u00e1gsz\u00ednvonal\u00fa nemzetk\u00f6zi h\u00e1l\u00f3zat pontoss\u00e1g\u00e1t \u00e9s szak\u00e9rtelm\u00e9t.<\/p>\n\n\n\n<p class=\"has-body-l-font-size\">We provide the same reliable service used by major companies, without requiring a set volume of pallets each week. You can send one-off shipments whenever you need to, backed by the efficiency and expertise of a world-class logistics network.&nbsp;<\/p>\n<\/div>\n\n\n\n<div class=\"wp-block-column is-vertically-aligned-center is-layout-flow wp-block-column-is-layout-flow\">\n<figure class=\"wp-block-image size-full\"><img decoding=\"async\" src=\"https:\/\/palletways.online\/wp-content\/uploads\/2026\/01\/Palletways_Online_FAQ_NBG_Op1-scaled.jpg\" alt=\"\" class=\"wp-image-562\" style=\"aspect-ratio:4\/3;object-fit:cover\" \/><\/figure>\n<\/div>\n<\/div>\n\n\n\n<div class=\"wp-block-columns is-layout-flex wp-container-core-columns-is-layout-28f84493 wp-block-columns-is-layout-flex\">\n<div class=\"wp-block-column is-vertically-aligned-center is-layout-flow wp-block-column-is-layout-flow\">\n<figure class=\"wp-block-image size-full\"><img loading=\"lazy\" decoding=\"async\" width=\"800\" height=\"600\" src=\"https:\/\/palletways.online\/hu\/wp-content\/uploads\/sites\/5\/2026\/02\/Heading-3.png\" alt=\"\" class=\"wp-image-359\" style=\"aspect-ratio:4\/3;object-fit:contain\" srcset=\"https:\/\/palletways.online\/hu\/wp-content\/uploads\/sites\/5\/2026\/02\/Heading-3.png 800w, https:\/\/palletways.online\/hu\/wp-content\/uploads\/sites\/5\/2026\/02\/Heading-3-300x225.png 300w, https:\/\/palletways.online\/hu\/wp-content\/uploads\/sites\/5\/2026\/02\/Heading-3-768x576.png 768w, https:\/\/palletways.online\/hu\/wp-content\/uploads\/sites\/5\/2026\/02\/Heading-3-600x450.png 600w\" sizes=\"auto, (max-width: 800px) 100vw, 800px\" \/><\/figure>\n<\/div>\n\n\n\n<div class=\"wp-block-column is-vertically-aligned-center is-layout-flow wp-block-column-is-layout-flow\">\n<p class=\"has-body-l-font-size\">K\u00f6nnyen kezelhet\u0151 rendszer\u00fcnkben pillanatok alatt kisz\u00e1molhatja a sz\u00e1ll\u00edt\u00e1si d\u00edjat, \u00e9s n\u00e9h\u00e1ny kattint\u00e1ssal meg is rendelheti a fuvart. A foglal\u00e1st k\u00f6vet\u0151en teljes k\u00f6r\u0171 nyomon k\u00f6vet\u00e9st biztos\u00edtunk a felv\u00e9telt\u0151l eg\u00e9szen a k\u00e9zbes\u00edt\u00e9sig, \u00edgy \u00d6n mindig pontosan tudja, merre j\u00e1r a k\u00fcldem\u00e9nye.<\/p>\n\n\n\n<p class=\"has-body-l-font-size\">A Palletways Online-n\u00e1l a glob\u00e1lis h\u00e1l\u00f3zatok stabilit\u00e1s\u00e1t \u00f6tv\u00f6zz\u00fck a kisv\u00e1llalati rugalmass\u00e1ggal. K\u00f6lts\u00e9ghat\u00e9kony megold\u00e1sokat k\u00edn\u00e1lunk minden ig\u00e9nyre, \u00e9s t\u00f6bbf\u00e9le raklapm\u00e9ret k\u00f6z\u00fcl v\u00e1laszthat, \u00edgy t\u00e9nyleg csak a lefoglalt hely\u00e9rt kell fizetnie. Kiemelt ter\u00fcleteink:<\/p>\n\n\n\n<ul class=\"wp-block-list has-body-l-font-size\">\n<li>Eseti raklapos sz\u00e1ll\u00edtm\u00e1nyok mag\u00e1nszem\u00e9lyeknek \u00e9s c\u00e9geknek.<\/li>\n\n\n\n<li>Nagym\u00e9ret\u0171 term\u00e9kek visszak\u00fcld\u00e9se (pl. lakberendez\u00e9si t\u00e1rgyak vagy \u00e9p\u00fcletg\u00e9p\u00e9szeti \u00e1ruk).<\/li>\n\n\n\n<li>Gy\u0171jt\u0151fuvaroz\u00e1si megold\u00e1sok fejl\u0151d\u0151 v\u00e1llalkoz\u00e1sok sz\u00e1m\u00e1ra az Magyarorsz\u00e1gon \u00e9s Eur\u00f3pa-szerte.<\/li>\n<\/ul>\n<\/div>\n<\/div>\n<\/div>\n\n\n\n<div class=\"wp-block-group has-global-padding is-layout-constrained wp-block-group-is-layout-constrained\" style=\"margin-bottom:var(--wp--preset--spacing--xxl)\">\n<div class=\"wp-block-group has-neutral-100-background-color has-background has-global-padding is-layout-constrained wp-block-group-is-layout-constrained\" style=\"border-radius:1rem;margin-top:var(--wp--preset--spacing--5-xl);margin-bottom:var(--wp--preset--spacing--xl);padding-top:var(--wp--preset--spacing--xxl);padding-bottom:var(--wp--preset--spacing--xxl)\">\n<div class=\"wp-block-group has-global-padding is-layout-constrained wp-container-core-group-is-layout-70f4fdbb wp-block-group-is-layout-constrained\">\n<h2 class=\"wp-block-heading has-text-align-center has-text-color has-link-color wp-elements-fae3cb1884ec9e38ed41b4ce977f76e1\" style=\"--accent-text: #003875; color:#003875;margin-bottom:var(--wp--preset--spacing--xl)\">Profi raklapos sz\u00e1ll\u00edt\u00e1s \u2013 rejtett k\u00f6lts\u00e9gek n\u00e9lk\u00fcl<\/h2>\n<\/div>\n\n\n\n<div class=\"wp-block-group has-global-padding is-layout-constrained wp-container-core-group-is-layout-f36bc466 wp-block-group-is-layout-constrained\">\n<p class=\"has-text-align-left has-body-l-font-size\">H\u00e1zt\u00f3l-h\u00e1zig szolg\u00e1ltat\u00e1sunkkal, \u00e1tl\u00e1that\u00f3 \u00e1raz\u00e1ssal \u00e9s szak\u00e9rt\u0151 \u00fcgyf\u00e9lszolg\u00e1lattal vessz\u00fck le a v\u00e1ll\u00e1r\u00f3l a sz\u00e1ll\u00edt\u00e1s terh\u00e9t. Ha k\u00fcldem\u00e9nye t\u00fal nagy, t\u00fal neh\u00e9z vagy t\u00fal k\u00e9nyes egy hagyom\u00e1nyos fut\u00e1rszolg\u00e1lat sz\u00e1m\u00e1ra, n\u00e1lunk megtal\u00e1lja a biztons\u00e1gos \u00e9s megfizethet\u0151 alternat\u00edv\u00e1t.<\/p>\n\n\n\n<p class=\"has-body-l-font-size\">Csatlakozzon \u00d6n is ahhoz a t\u00f6bb ezer el\u00e9gedett \u00fcgyf\u00e9lhez, akik a Palletways Online-t v\u00e1lasztj\u00e1k a gyors \u00e9s kisz\u00e1m\u00edthat\u00f3 sz\u00e1ll\u00edt\u00e1s \u00e9rdek\u00e9ben. Haszn\u00e1lja ki Eur\u00f3pa vezet\u0151 raklapos h\u00e1l\u00f3zat\u00e1nak erej\u00e9t \u00e9s megb\u00edzhat\u00f3s\u00e1g\u00e1t!<br>Pr\u00f3b\u00e1lja ki a raklapk\u00fcld\u00e9s okosabb m\u00f3dj\u00e1t \u2013 \u00fczleti fi\u00f3k vagy k\u00f6telez\u0151 szerz\u0151d\u00e9s n\u00e9lk\u00fcl!<\/p>\n\n\n\n<div class=\"wp-block-buttons is-content-justification-center is-layout-flex wp-container-core-buttons-is-layout-a89b3969 wp-block-buttons-is-layout-flex\">\n<div class=\"wp-block-button  is-style-primary\"><a style=\"\" class=\"wp-block-button __link wp-element-button\" href=\"\/#quote-form\">D\u00edjkalkul\u00e1ci\u00f3 \u00e9s megrendel\u00e9s<\/a><\/div>\n<\/div>\n<\/div>\n<\/div>\n<\/div>\n","protected":false},"excerpt":{"rendered":"<p>T\u00f6bb vagyunk, mint egy egyszer\u0171 \u00e1r-\u00f6sszehasonl\u00edt\u00f3 oldal \u00d6n k\u00f6zvetlen\u00fcl a Palletways h\u00e1l\u00f3zat\u00e1hoz csatlakozik, amely Eur\u00f3pa legmegb\u00edzhat\u00f3bb logisztikai rendszere. Ugyanazt a magas sz\u00ednvonal\u00fa szolg\u00e1ltat\u00e1st ny\u00fajtjuk, amelyet a piacvezet\u0151 nagyv\u00e1llalatok is ig\u00e9nybe vesznek, de n\u00e1lunk nincs elv\u00e1rt heti forgalom vagy minimum mennyis\u00e9g. Akkor k\u00fcldhet raklapot, amikor csak sz\u00fcks\u00e9ge van r\u00e1, \u00e9lvezve egy vil\u00e1gsz\u00ednvonal\u00fa nemzetk\u00f6zi h\u00e1l\u00f3zat pontoss\u00e1g\u00e1t \u00e9s [&hellip;]<\/p>\n","protected":false},"author":2,"featured_media":0,"parent":0,"menu_order":0,"comment_status":"closed","ping_status":"closed","template":"","meta":{"view_count":124,"faq_page":false,"footnotes":""},"class_list":["post-34","page","type-page","status-publish","hentry"],"yoast_head":"<!-- This site is optimized with the Yoast SEO plugin v27.2 - https:\/\/yoast.com\/product\/yoast-seo-wordpress\/ -->\n<title>Rolunk - Palletways Online Hungary<\/title>\n<meta name=\"robots\" content=\"index, follow, max-snippet:-1, max-image-preview:large, max-video-preview:-1\" \/>\n<link rel=\"canonical\" href=\"https:\/\/palletways.online\/hu\/rolunk\/\" \/>\n<meta property=\"og:locale\" content=\"hu_HU\" \/>\n<meta property=\"og:type\" content=\"article\" \/>\n<meta property=\"og:title\" content=\"Rolunk - Palletways Online Hungary\" \/>\n<meta property=\"og:description\" content=\"T\u00f6bb vagyunk, mint egy egyszer\u0171 \u00e1r-\u00f6sszehasonl\u00edt\u00f3 oldal \u00d6n k\u00f6zvetlen\u00fcl a Palletways h\u00e1l\u00f3zat\u00e1hoz csatlakozik, amely Eur\u00f3pa legmegb\u00edzhat\u00f3bb logisztikai rendszere. Ugyanazt a magas sz\u00ednvonal\u00fa szolg\u00e1ltat\u00e1st ny\u00fajtjuk, amelyet a piacvezet\u0151 nagyv\u00e1llalatok is ig\u00e9nybe vesznek, de n\u00e1lunk nincs elv\u00e1rt heti forgalom vagy minimum mennyis\u00e9g. Akkor k\u00fcldhet raklapot, amikor csak sz\u00fcks\u00e9ge van r\u00e1, \u00e9lvezve egy vil\u00e1gsz\u00ednvonal\u00fa nemzetk\u00f6zi h\u00e1l\u00f3zat pontoss\u00e1g\u00e1t \u00e9s [&hellip;]\" \/>\n<meta property=\"og:url\" content=\"https:\/\/palletways.online\/hu\/rolunk\/\" \/>\n<meta property=\"og:site_name\" content=\"Palletways Online Hungary\" \/>\n<meta property=\"article:modified_time\" content=\"2026-02-18T17:17:33+00:00\" \/>\n<meta name=\"twitter:card\" content=\"summary_large_image\" \/>\n<meta name=\"twitter:label1\" content=\"Becs\u00fclt olvas\u00e1si id\u0151\" \/>\n\t<meta name=\"twitter:data1\" content=\"3 perc\" \/>\n<script type=\"application\/ld+json\" class=\"yoast-schema-graph\">{\"@context\":\"https:\/\/schema.org\",\"@graph\":[{\"@type\":\"WebPage\",\"@id\":\"https:\/\/palletways.online\/hu\/rolunk\/\",\"url\":\"https:\/\/palletways.online\/hu\/rolunk\/\",\"name\":\"Rolunk - Palletways Online Hungary\",\"isPartOf\":{\"@id\":\"https:\/\/palletways.online\/hu\/#website\"},\"primaryImageOfPage\":{\"@id\":\"https:\/\/palletways.online\/hu\/rolunk\/#primaryimage\"},\"image\":{\"@id\":\"https:\/\/palletways.online\/hu\/rolunk\/#primaryimage\"},\"thumbnailUrl\":\"https:\/\/palletways.online\/wp-content\/uploads\/2026\/01\/Lorry-PW-1024x587.jpeg\",\"datePublished\":\"2026-02-05T15:51:45+00:00\",\"dateModified\":\"2026-02-18T17:17:33+00:00\",\"breadcrumb\":{\"@id\":\"https:\/\/palletways.online\/hu\/rolunk\/#breadcrumb\"},\"inLanguage\":\"hu\",\"potentialAction\":[{\"@type\":\"ReadAction\",\"target\":[\"https:\/\/palletways.online\/hu\/rolunk\/\"]}]},{\"@type\":\"ImageObject\",\"inLanguage\":\"hu\",\"@id\":\"https:\/\/palletways.online\/hu\/rolunk\/#primaryimage\",\"url\":\"https:\/\/palletways.online\/wp-content\/uploads\/2026\/01\/Lorry-PW-1024x587.jpeg\",\"contentUrl\":\"https:\/\/palletways.online\/wp-content\/uploads\/2026\/01\/Lorry-PW-1024x587.jpeg\"},{\"@type\":\"BreadcrumbList\",\"@id\":\"https:\/\/palletways.online\/hu\/rolunk\/#breadcrumb\",\"itemListElement\":[{\"@type\":\"ListItem\",\"position\":1,\"name\":\"Home\",\"item\":\"https:\/\/palletways.online\/hu\/\"},{\"@type\":\"ListItem\",\"position\":2,\"name\":\"Rolunk\"}]},{\"@type\":\"WebSite\",\"@id\":\"https:\/\/palletways.online\/hu\/#website\",\"url\":\"https:\/\/palletways.online\/hu\/\",\"name\":\"Palletways Online Hungary\",\"description\":\"\",\"potentialAction\":[{\"@type\":\"SearchAction\",\"target\":{\"@type\":\"EntryPoint\",\"urlTemplate\":\"https:\/\/palletways.online\/hu\/?s={search_term_string}\"},\"query-input\":{\"@type\":\"PropertyValueSpecification\",\"valueRequired\":true,\"valueName\":\"search_term_string\"}}],\"inLanguage\":\"hu\"}]}<\/script>\n<!-- \/ Yoast SEO plugin. -->","yoast_head_json":{"title":"Rolunk - Palletways Online Hungary","robots":{"index":"index","follow":"follow","max-snippet":"max-snippet:-1","max-image-preview":"max-image-preview:large","max-video-preview":"max-video-preview:-1"},"canonical":"https:\/\/palletways.online\/hu\/rolunk\/","og_locale":"hu_HU","og_type":"article","og_title":"Rolunk - Palletways Online Hungary","og_description":"T\u00f6bb vagyunk, mint egy egyszer\u0171 \u00e1r-\u00f6sszehasonl\u00edt\u00f3 oldal \u00d6n k\u00f6zvetlen\u00fcl a Palletways h\u00e1l\u00f3zat\u00e1hoz csatlakozik, amely Eur\u00f3pa legmegb\u00edzhat\u00f3bb logisztikai rendszere. Ugyanazt a magas sz\u00ednvonal\u00fa szolg\u00e1ltat\u00e1st ny\u00fajtjuk, amelyet a piacvezet\u0151 nagyv\u00e1llalatok is ig\u00e9nybe vesznek, de n\u00e1lunk nincs elv\u00e1rt heti forgalom vagy minimum mennyis\u00e9g. Akkor k\u00fcldhet raklapot, amikor csak sz\u00fcks\u00e9ge van r\u00e1, \u00e9lvezve egy vil\u00e1gsz\u00ednvonal\u00fa nemzetk\u00f6zi h\u00e1l\u00f3zat pontoss\u00e1g\u00e1t \u00e9s [&hellip;]","og_url":"https:\/\/palletways.online\/hu\/rolunk\/","og_site_name":"Palletways Online Hungary","article_modified_time":"2026-02-18T17:17:33+00:00","twitter_card":"summary_large_image","twitter_misc":{"Becs\u00fclt olvas\u00e1si id\u0151":"3 perc"},"schema":{"@context":"https:\/\/schema.org","@graph":[{"@type":"WebPage","@id":"https:\/\/palletways.online\/hu\/rolunk\/","url":"https:\/\/palletways.online\/hu\/rolunk\/","name":"Rolunk - Palletways Online Hungary","isPartOf":{"@id":"https:\/\/palletways.online\/hu\/#website"},"primaryImageOfPage":{"@id":"https:\/\/palletways.online\/hu\/rolunk\/#primaryimage"},"image":{"@id":"https:\/\/palletways.online\/hu\/rolunk\/#primaryimage"},"thumbnailUrl":"https:\/\/palletways.online\/wp-content\/uploads\/2026\/01\/Lorry-PW-1024x587.jpeg","datePublished":"2026-02-05T15:51:45+00:00","dateModified":"2026-02-18T17:17:33+00:00","breadcrumb":{"@id":"https:\/\/palletways.online\/hu\/rolunk\/#breadcrumb"},"inLanguage":"hu","potentialAction":[{"@type":"ReadAction","target":["https:\/\/palletways.online\/hu\/rolunk\/"]}]},{"@type":"ImageObject","inLanguage":"hu","@id":"https:\/\/palletways.online\/hu\/rolunk\/#primaryimage","url":"https:\/\/palletways.online\/wp-content\/uploads\/2026\/01\/Lorry-PW-1024x587.jpeg","contentUrl":"https:\/\/palletways.online\/wp-content\/uploads\/2026\/01\/Lorry-PW-1024x587.jpeg"},{"@type":"BreadcrumbList","@id":"https:\/\/palletways.online\/hu\/rolunk\/#breadcrumb","itemListElement":[{"@type":"ListItem","position":1,"name":"Home","item":"https:\/\/palletways.online\/hu\/"},{"@type":"ListItem","position":2,"name":"Rolunk"}]},{"@type":"WebSite","@id":"https:\/\/palletways.online\/hu\/#website","url":"https:\/\/palletways.online\/hu\/","name":"Palletways Online Hungary","description":"","potentialAction":[{"@type":"SearchAction","target":{"@type":"EntryPoint","urlTemplate":"https:\/\/palletways.online\/hu\/?s={search_term_string}"},"query-input":{"@type":"PropertyValueSpecification","valueRequired":true,"valueName":"search_term_string"}}],"inLanguage":"hu"}]}},"lang":"hu","translations":{"hu":34,"en":67},"pll_sync_post":[],"_links":{"self":[{"href":"https:\/\/palletways.online\/hu\/wp-json\/wp\/v2\/pages\/34","targetHints":{"allow":["GET"]}}],"collection":[{"href":"https:\/\/palletways.online\/hu\/wp-json\/wp\/v2\/pages"}],"about":[{"href":"https:\/\/palletways.online\/hu\/wp-json\/wp\/v2\/types\/page"}],"author":[{"embeddable":true,"href":"https:\/\/palletways.online\/hu\/wp-json\/wp\/v2\/users\/2"}],"replies":[{"embeddable":true,"href":"https:\/\/palletways.online\/hu\/wp-json\/wp\/v2\/comments?post=34"}],"version-history":[{"count":6,"href":"https:\/\/palletways.online\/hu\/wp-json\/wp\/v2\/pages\/34\/revisions"}],"predecessor-version":[{"id":360,"href":"https:\/\/palletways.online\/hu\/wp-json\/wp\/v2\/pages\/34\/revisions\/360"}],"wp:attachment":[{"href":"https:\/\/palletways.online\/hu\/wp-json\/wp\/v2\/media?parent=34"}],"curies":[{"name":"wp","href":"https:\/\/api.w.org\/{rel}","templated":true}]}}