{"id":36,"date":"2026-02-05T15:52:04","date_gmt":"2026-02-05T15:52:04","guid":{"rendered":"https:\/\/palletways.online\/hu\/?page_id=36"},"modified":"2026-02-18T16:58:25","modified_gmt":"2026-02-18T16:58:25","slug":"miert-minket","status":"publish","type":"page","link":"https:\/\/palletways.online\/hu\/miert-minket\/","title":{"rendered":"Mi\u00e9rt v\u00e1lasszon minket?"},"content":{"rendered":"\n<div class=\"wp-block-cover\" style=\"margin-bottom:var(--wp--preset--spacing--3-xl);padding-top:var(--wp--preset--spacing--4-xl);padding-bottom:var(--wp--preset--spacing--4-xl);min-height:30svh;aspect-ratio:unset;\"><img decoding=\"async\" class=\"wp-block-cover__image-background size-large\" alt=\"\" src=\"https:\/\/palletways.online\/hu\/wp-content\/uploads\/2026\/01\/Lorry-PW-1024x587.jpeg\" style=\"object-position:81% 78%\" data-object-fit=\"cover\" data-object-position=\"81% 78%\"\/><span aria-hidden=\"true\" class=\"wp-block-cover__background has-black-background-color has-background-dim-40 has-background-dim\"><\/span><div class=\"wp-block-cover__inner-container has-global-padding is-layout-constrained wp-block-cover-is-layout-constrained\">\n<div class=\"wp-block-group has-global-padding is-layout-constrained wp-block-group-is-layout-constrained\">\n<div class=\"wp-block-columns is-layout-flex wp-container-core-columns-is-layout-28f84493 wp-block-columns-is-layout-flex\">\n<div class=\"wp-block-column is-vertically-aligned-center is-layout-flow wp-container-core-column-is-layout-86b72393 wp-block-column-is-layout-flow\">\n<ol itemscope itemtype=\"https:\/\/schema.org\/BreadcrumbList\" class=\"wp-elements-e4c33ec0092b97fff79b6b3421a6e1af wp-block-the-framework-breadcrumbs has-text-color has-white-color\">\n    <li itemprop=\"itemListElement\" itemscope itemtype=\"https:\/\/schema.org\/ListItem\"><a style=\"--accent-text: var(--wp--preset--color--white);\" itemscope itemtype=\"https:\/\/schema.org\/WebPage\" itemprop=\"item\" itemid=\"https:\/\/palletways.online\/hu\" href=\"https:\/\/palletways.online\/hu\"><span itemprop=\"name\">Palletways Online Hungary<\/span><\/a><meta itemprop=\"position\" content=\"1\" \/><\/li><svg width=\"8\" height=\"14\" viewBox=\"0 0 8 14\" fill=\"none\" xmlns=\"http:\/\/www.w3.org\/2000\/svg\"><path d=\"M6.59241 0.333374L1.40723 13.6667\" stroke=\"currentColor\" stroke-width=\"1.5\"\/><\/svg><li itemprop=\"itemListElement\" itemscope itemtype=\"https:\/\/schema.org\/ListItem\"><span itemprop=\"name\">Oldal<\/span><meta itemprop=\"position\" content=\"2\" \/><\/li><\/ol>\n\n\n\n<div class=\"wp-block-group has-global-padding is-content-justification-left is-layout-constrained wp-container-core-group-is-layout-74cbbf86 wp-block-group-is-layout-constrained\"><h1 class=\"has-text-align-left has-link-color wp-elements-dc70db3f2266c7b6256c1c82fbe804c4 wp-block-post-title has-text-color has-white-color\">Mi\u00e9rt v\u00e1lasszon minket?<\/h1>\n\n<div class=\"has-link-color wp-elements-3c3c06fb318883fa267eb5bde7d8ec55 wp-block-post-excerpt has-text-color has-white-color has-body-font-size\"><p class=\"wp-block-post-excerpt__excerpt\">Ha megb\u00edzhat\u00f3 megold\u00e1st keres raklapjai c\u00e9lba juttat\u00e1s\u00e1hoz, v\u00e1lassza a Palletways Online-t! Legyen sz\u00f3 belf\u00f6ldi vagy nemzetk\u00f6zi fuvaroz\u00e1sr\u00f3l, k\u00edn\u00e1latunkban megtal\u00e1lja a szupergyors, m\u00e1snapi k\u00e9zbes\u00edt\u00e9st \u00e9s a kedvez\u0151 \u00e1r\u00fa economy szolg\u00e1ltat\u00e1st is. <\/p><\/div><\/div>\n<\/div>\n\n\n\n<div class=\"wp-block-column is-vertically-aligned-center is-layout-flow wp-block-column-is-layout-flow\"><\/div>\n<\/div>\n<\/div>\n<\/div><\/div>\n\n\n\n<div class=\"wp-block-group has-global-padding is-layout-constrained wp-container-core-group-is-layout-5e152caa wp-block-group-is-layout-constrained\" style=\"margin-bottom:var(--wp--preset--spacing--4-xl)\">\n<div class=\"wp-block-group has-global-padding is-layout-constrained wp-container-core-group-is-layout-f36bc466 wp-block-group-is-layout-constrained\">\n<h2 class=\"wp-block-heading has-text-align-center has-secondary-color has-text-color has-link-color wp-elements-14bdad17b156794f84da67117e24afd0\">Mi\u00e9rt \u00e9rdemes vel\u00fcnk sz\u00e1ll\u00edttatnia?<\/h2>\n\n\n\n<p class=\"has-text-align-center\">N\u00e1lunk a raklapfelad\u00e1s nem j\u00e1r bizonytalans\u00e1ggal: minden k\u00fcldem\u00e9nyhez teljes k\u00f6r\u0171 nyomon k\u00f6vet\u00e9st biztos\u00edtunk. Modern rendszer\u00fcnknek k\u00f6sz\u00f6nhet\u0151en 2 \u00f3r\u00e1s pontoss\u00e1ggal megadjuk a v\u00e1rhat\u00f3 \u00e9rkez\u00e9si id\u0151t (ETA), a felv\u00e9telt pedig bar\u00e1ts\u00e1gos, helyi szakembereink v\u00e9gzik. Ez a raklapos sz\u00e1ll\u00edt\u00e1s legegyszer\u0171bb m\u00f3dja.<\/p>\n<\/div>\n\n\n\n<div class=\"wp-block-group has-global-padding is-layout-constrained wp-container-core-group-is-layout-704e782a wp-block-group-is-layout-constrained\">\n<div class=\"wp-block-group is-layout-grid wp-container-core-group-is-layout-29271053 wp-block-group-is-layout-grid\">\n<div style=\"--grid-tablet-column-span:1;--grid-tablet-row-span:1;--grid-mobile-column-span:2;--grid-mobile-row-span:1\" class=\"wp-block-the-framework-grid-cell is-layout-flex wp-container-the-framework-grid-cell-is-layout-d5da30a0 wp-block-the-framework-grid-cell-is-layout-flex\">\n<div class=\"wp-block-group has-neutral-200-background-color has-background is-vertical is-content-justification-center is-layout-flex wp-container-core-group-is-layout-1af53e0b wp-block-group-is-layout-flex\" style=\"border-radius:1rem;min-height:100%;padding-top:var(--wp--preset--spacing--lg);padding-right:var(--wp--preset--spacing--xl);padding-bottom:var(--wp--preset--spacing--lg);padding-left:var(--wp--preset--spacing--xl)\">\n<h5 class=\"wp-block-heading has-text-align-center has-secondary-color has-text-color has-link-color wp-elements-394cdc785f9bf45f91a422ada47f50c2\">Tapasztalt csapat<\/h5>\n\n\n\n<p class=\"has-text-align-center\">Bar\u00e1ts\u00e1gos sof\u0151rjeink, seg\u00edt\u0151k\u00e9sz \u00fcgyf\u00e9lszolg\u00e1latunk \u00e9s megb\u00edzhat\u00f3 h\u00e1l\u00f3zatunk teszi a Palletways Online-t a legjobb v\u00e1laszt\u00e1ss\u00e1 az Egyes\u00fclt Kir\u00e1lys\u00e1g raklapsz\u00e1ll\u00edt\u00e1s\u00e1hoz.<\/p>\n<\/div>\n<\/div>\n\n\n\n<div style=\"--grid-tablet-column-span:1;--grid-tablet-row-span:1;--grid-mobile-column-span:2;--grid-mobile-row-span:1\" class=\"wp-block-the-framework-grid-cell is-layout-flex wp-container-the-framework-grid-cell-is-layout-d5da30a0 wp-block-the-framework-grid-cell-is-layout-flex\">\n<div class=\"wp-block-group has-neutral-200-background-color has-background is-vertical is-content-justification-center is-layout-flex wp-container-core-group-is-layout-1af53e0b wp-block-group-is-layout-flex\" style=\"border-radius:1rem;min-height:100%;padding-top:var(--wp--preset--spacing--lg);padding-right:var(--wp--preset--spacing--xl);padding-bottom:var(--wp--preset--spacing--lg);padding-left:var(--wp--preset--spacing--xl)\">\n<h5 class=\"wp-block-heading has-text-align-center has-secondary-color has-text-color has-link-color wp-elements-62f6f53a62c40a6da477a85b10f3df91\">M\u00e1snapi felv\u00e9tel \u00e9s k\u00e9zbes\u00edt\u00e9s<\/h5>\n\n\n\n<p class=\"has-text-align-center\">Gyorsan kell \u00fatnak ind\u00edtania egy raklapot? A legt\u00f6bb belf\u00f6ldi ir\u00e1nyba m\u00e1snapi felv\u00e9telt \u00e9s kisz\u00e1ll\u00edt\u00e1st biztos\u00edtunk. Helyi dep\u00f3ink naponta t\u00f6bb ezer k\u00fcldem\u00e9nyt kezelnek, \u00edgy \u00e1ruja a m\u00e1r j\u00f3l bej\u00e1ratott Palletways h\u00e1l\u00f3zaton kereszt\u00fcl rekordsebess\u00e9ggel \u00e9r c\u00e9lba. Emellett rugalmas, id\u0151z\u00edtett szolg\u00e1ltat\u00e1sokat is k\u00edn\u00e1lunk, p\u00e9ld\u00e1ul d\u00e9lel\u0151tti k\u00e9zbes\u00edt\u00e9st.<\/p>\n<\/div>\n<\/div>\n\n\n\n<div style=\"--grid-tablet-column-span:1;--grid-tablet-row-span:1;--grid-mobile-column-span:2;--grid-mobile-row-span:1\" class=\"wp-block-the-framework-grid-cell is-layout-flex wp-container-the-framework-grid-cell-is-layout-d5da30a0 wp-block-the-framework-grid-cell-is-layout-flex\">\n<div class=\"wp-block-group has-neutral-200-background-color has-background is-vertical is-content-justification-center is-layout-flex wp-container-core-group-is-layout-1af53e0b wp-block-group-is-layout-flex\" style=\"border-radius:1rem;min-height:100%;padding-top:var(--wp--preset--spacing--lg);padding-right:var(--wp--preset--spacing--xl);padding-bottom:var(--wp--preset--spacing--lg);padding-left:var(--wp--preset--spacing--xl)\">\n<h5 class=\"wp-block-heading has-text-align-center has-secondary-color has-text-color has-link-color wp-elements-ebcaacfb0cf7208c029dbbc0337c0e80\">2 \u00f3r\u00e1s id\u0151ablak (ETA) a pontos tervez\u00e9s\u00e9rt<\/h5>\n\n\n\n<p class=\"has-text-align-center\">Tudjuk, hogy az id\u0151 p\u00e9nz. Ez\u00e9rt k\u00fcldem\u00e9nyeihez 2 \u00f3r\u00e1s v\u00e1rhat\u00f3 \u00e9rkez\u00e9si id\u0151t (ETA) biztos\u00edtunk. Nincs t\u00f6bb\u00e9 eg\u00e9sz napos v\u00e1rakoz\u00e1s a fut\u00e1rra: \u00d6n \u00e9s \u00fcgyfelei is magabiztosan tervezhetik meg a napjukat.<\/p>\n<\/div>\n<\/div>\n\n\n\n<div style=\"--grid-tablet-column-span:1;--grid-tablet-row-span:1;--grid-mobile-column-span:2;--grid-mobile-row-span:1\" class=\"wp-block-the-framework-grid-cell is-layout-flex wp-container-the-framework-grid-cell-is-layout-d5da30a0 wp-block-the-framework-grid-cell-is-layout-flex\">\n<div class=\"wp-block-group has-neutral-200-background-color has-background is-vertical is-content-justification-center is-layout-flex wp-container-core-group-is-layout-1af53e0b wp-block-group-is-layout-flex\" style=\"border-radius:1rem;min-height:100%;padding-top:var(--wp--preset--spacing--lg);padding-right:var(--wp--preset--spacing--xl);padding-bottom:var(--wp--preset--spacing--lg);padding-left:var(--wp--preset--spacing--xl)\">\n<h5 class=\"wp-block-heading has-text-align-center has-secondary-color has-text-color has-link-color wp-elements-0bab864098f275f71be7848267c31c28\">Teljes k\u00f6r\u0171 k\u00f6vet\u00e9s a Palletways Port\u00e1lon kereszt\u00fcl<\/h5>\n\n\n\n<p class=\"has-text-align-center\">Legyen t\u00e1j\u00e9kozott a sz\u00e1ll\u00edt\u00e1s minden szakasz\u00e1ban! Teljesen nyomon k\u00f6vethet\u0151 szolg\u00e1ltat\u00e1sunk maxim\u00e1lis \u00e1tl\u00e1that\u00f3s\u00e1got \u00e9s biztons\u00e1got ny\u00fajt. A felv\u00e9telt\u0151l a lerakod\u00e1sig a Palletways Port\u00e1lon kereszt\u00fcl \u00e9l\u0151ben l\u00e1thatja a st\u00e1tuszfriss\u00edt\u00e9seket, a v\u00e1rhat\u00f3 \u00e9rkez\u00e9si id\u0151t \u00e9s a digit\u00e1lis \u00e1tv\u00e9teli elismerv\u00e9nyt (POD).<\/p>\n<\/div>\n<\/div>\n\n\n\n<div style=\"--grid-tablet-column-span:1;--grid-tablet-row-span:1;--grid-mobile-column-span:2;--grid-mobile-row-span:1\" class=\"wp-block-the-framework-grid-cell is-layout-flex wp-container-the-framework-grid-cell-is-layout-d5da30a0 wp-block-the-framework-grid-cell-is-layout-flex\">\n<div class=\"wp-block-group has-neutral-200-background-color has-background is-vertical is-content-justification-center is-layout-flex wp-container-core-group-is-layout-1af53e0b wp-block-group-is-layout-flex\" style=\"border-radius:1rem;min-height:100%;padding-top:var(--wp--preset--spacing--lg);padding-right:var(--wp--preset--spacing--xl);padding-bottom:var(--wp--preset--spacing--lg);padding-left:var(--wp--preset--spacing--xl)\">\n<h5 class=\"wp-block-heading has-text-align-center has-secondary-color has-text-color has-link-color wp-elements-0c647cf72be57a004586c681f7ea8ebb\">Egyszer\u0171 online fuvarmegrendel\u00e9s<\/h5>\n\n\n\n<p class=\"has-text-align-center\">A raklapfelad\u00e1s m\u00e9g sosem volt ilyen egyszer\u0171. Csak adja meg a raklap m\u00e9reteit, valamint a felv\u00e9teli \u00e9s sz\u00e1ll\u00edt\u00e1si c\u00edmet, a t\u00f6bbit pedig b\u00edzza r\u00e1nk! Rendszer\u00fcnk azonnal kisz\u00e1m\u00edtja a leggyorsabb \u00fatvonalat \u00e9s egy versenyk\u00e9pes \u00e1raj\u00e1nlatot ad, amivel id\u0151t \u00e9s energi\u00e1t takar\u00edt meg \u00d6nnek.<\/p>\n<\/div>\n<\/div>\n\n\n\n<div style=\"--grid-tablet-column-span:1;--grid-tablet-row-span:1;--grid-mobile-column-span:2;--grid-mobile-row-span:1\" class=\"wp-block-the-framework-grid-cell is-layout-flex wp-container-the-framework-grid-cell-is-layout-d5da30a0 wp-block-the-framework-grid-cell-is-layout-flex\">\n<div class=\"wp-block-group has-neutral-200-background-color has-background is-vertical is-content-justification-center is-layout-flex wp-container-core-group-is-layout-1af53e0b wp-block-group-is-layout-flex\" style=\"border-radius:1rem;min-height:100%;padding-top:var(--wp--preset--spacing--lg);padding-right:var(--wp--preset--spacing--xl);padding-bottom:var(--wp--preset--spacing--lg);padding-left:var(--wp--preset--spacing--xl)\">\n<h5 class=\"wp-block-heading has-text-align-center has-secondary-color has-text-color has-link-color wp-elements-e4c41e4d1372778ff0ad049e14f1f130\">Tapasztalja meg a k\u00fcl\u00f6nbs\u00e9get \u2013 sz\u00e1ll\u00edtson a Palletways Online-nal!<\/h5>\n\n\n\n<p class=\"has-text-align-center\">Csatlakozzon a t\u00f6bb ezer el\u00e9gedett \u00fcgyf\u00e9lhez, akik a gyors \u00e9s megb\u00edzhat\u00f3 raklapos sz\u00e1ll\u00edt\u00e1s \u00e9rdek\u00e9ben m\u00e1r minket v\u00e1lasztottak. A m\u00e1snapi k\u00e9zbes\u00edt\u00e9st\u0151l a t\u0171pontos nyomon k\u00f6vet\u00e9sig \u2013 n\u00e1lunk minden adott a sikeres logisztik\u00e1hoz.<\/p>\n<\/div>\n<\/div>\n\n\n\n<div style=\"--grid-column-span:2\" class=\"wp-block-the-framework-grid-cell wp-container-content-06a31fd9 is-layout-flex wp-container-the-framework-grid-cell-is-layout-d5da30a0 wp-block-the-framework-grid-cell-is-layout-flex\">\n<div class=\"wp-block-group has-neutral-200-background-color has-background has-global-padding is-layout-constrained wp-container-core-group-is-layout-2410ff92 wp-block-group-is-layout-constrained\" style=\"border-radius:1rem;padding-top:var(--wp--preset--spacing--lg);padding-right:var(--wp--preset--spacing--xl);padding-bottom:var(--wp--preset--spacing--lg);padding-left:var(--wp--preset--spacing--xl)\">\n<h5 class=\"wp-block-heading has-text-align-center has-secondary-color has-text-color has-link-color wp-elements-4d6c3669b6af4ed7e4cd542cf079179d\">A Palletways h\u00e1l\u00f3zat ereje \u00e9s szak\u00e9rtelme<\/h5>\n\n\n\n<p class=\"has-text-align-center\">Raklapjai a t\u00f6bb mint 30 \u00e9ves tapasztalattal rendelkez\u0151 Palletways h\u00e1l\u00f3zat\u00e1n kereszt\u00fcl utaznak. Minden tagunk elk\u00f6telezett a legmagasabb szolg\u00e1ltat\u00e1si sz\u00ednvonal mellett, garant\u00e1lva, hogy \u00e1ruj\u00e1t minden f\u00e1zisban gondosan kezelj\u00e9k. <\/p>\n\n\n\n<p class=\"has-text-align-center\">G\u00e9pj\u00e1rm\u0171vezet\u0151ink h\u00edresek szak\u00e9rtelm\u00fckr\u0151l \u00e9s seg\u00edt\u0151k\u00e9szs\u00e9g\u00fckr\u0151l, \u00edgy a folyamat a h\u00e1zt\u00f3l a dep\u00f3ig z\u00f6kken\u0151mentes.<\/p>\n<\/div>\n<\/div>\n<\/div>\n\n\n\n<div class=\"wp-block-buttons is-vertical is-content-justification-center is-layout-flex wp-container-core-buttons-is-layout-b1fecf6e wp-block-buttons-is-layout-flex\">\n<div class=\"wp-block-button  is-style-primary\"><a style=\"\" class=\"wp-block-button __link wp-element-button\" href=\"https:\/\/palletways.online\/hu\/\">K\u00e9rjen raklapos sz\u00e1ll\u00edt\u00e1si aj\u00e1nlatot<\/a><\/div>\n<\/div>\n<\/div>\n<\/div>\n","protected":false},"excerpt":{"rendered":"<p>Ha megb\u00edzhat\u00f3 megold\u00e1st keres raklapjai c\u00e9lba juttat\u00e1s\u00e1hoz, v\u00e1lassza a Palletways Online-t! Legyen sz\u00f3 belf\u00f6ldi vagy nemzetk\u00f6zi fuvaroz\u00e1sr\u00f3l, k\u00edn\u00e1latunkban megtal\u00e1lja a szupergyors, m\u00e1snapi k\u00e9zbes\u00edt\u00e9st \u00e9s a kedvez\u0151 \u00e1r\u00fa economy szolg\u00e1ltat\u00e1st is.<\/p>\n","protected":false},"author":2,"featured_media":0,"parent":0,"menu_order":0,"comment_status":"closed","ping_status":"closed","template":"","meta":{"view_count":121,"faq_page":false,"footnotes":""},"class_list":["post-36","page","type-page","status-publish","hentry"],"yoast_head":"<!-- This site is optimized with the Yoast SEO plugin v27.2 - https:\/\/yoast.com\/product\/yoast-seo-wordpress\/ -->\n<title>Mi\u00e9rt v\u00e1lasszon minket? - Palletways Online Hungary<\/title>\n<meta name=\"robots\" content=\"index, follow, max-snippet:-1, max-image-preview:large, max-video-preview:-1\" \/>\n<link rel=\"canonical\" href=\"https:\/\/palletways.online\/hu\/miert-minket\/\" \/>\n<meta property=\"og:locale\" content=\"hu_HU\" \/>\n<meta property=\"og:type\" content=\"article\" \/>\n<meta property=\"og:title\" content=\"Mi\u00e9rt v\u00e1lasszon minket? - Palletways Online Hungary\" \/>\n<meta property=\"og:description\" content=\"Ha megb\u00edzhat\u00f3 megold\u00e1st keres raklapjai c\u00e9lba juttat\u00e1s\u00e1hoz, v\u00e1lassza a Palletways Online-t! Legyen sz\u00f3 belf\u00f6ldi vagy nemzetk\u00f6zi fuvaroz\u00e1sr\u00f3l, k\u00edn\u00e1latunkban megtal\u00e1lja a szupergyors, m\u00e1snapi k\u00e9zbes\u00edt\u00e9st \u00e9s a kedvez\u0151 \u00e1r\u00fa economy szolg\u00e1ltat\u00e1st is.\" \/>\n<meta property=\"og:url\" content=\"https:\/\/palletways.online\/hu\/miert-minket\/\" \/>\n<meta property=\"og:site_name\" content=\"Palletways Online Hungary\" \/>\n<meta property=\"article:modified_time\" content=\"2026-02-18T16:58:25+00:00\" \/>\n<meta name=\"twitter:card\" content=\"summary_large_image\" \/>\n<meta name=\"twitter:label1\" content=\"Becs\u00fclt olvas\u00e1si id\u0151\" \/>\n\t<meta name=\"twitter:data1\" content=\"3 perc\" \/>\n<script type=\"application\/ld+json\" class=\"yoast-schema-graph\">{\"@context\":\"https:\/\/schema.org\",\"@graph\":[{\"@type\":\"WebPage\",\"@id\":\"https:\/\/palletways.online\/hu\/miert-minket\/\",\"url\":\"https:\/\/palletways.online\/hu\/miert-minket\/\",\"name\":\"Mi\u00e9rt v\u00e1lasszon minket? - Palletways Online Hungary\",\"isPartOf\":{\"@id\":\"https:\/\/palletways.online\/hu\/#website\"},\"datePublished\":\"2026-02-05T15:52:04+00:00\",\"dateModified\":\"2026-02-18T16:58:25+00:00\",\"breadcrumb\":{\"@id\":\"https:\/\/palletways.online\/hu\/miert-minket\/#breadcrumb\"},\"inLanguage\":\"hu\",\"potentialAction\":[{\"@type\":\"ReadAction\",\"target\":[\"https:\/\/palletways.online\/hu\/miert-minket\/\"]}]},{\"@type\":\"BreadcrumbList\",\"@id\":\"https:\/\/palletways.online\/hu\/miert-minket\/#breadcrumb\",\"itemListElement\":[{\"@type\":\"ListItem\",\"position\":1,\"name\":\"Home\",\"item\":\"https:\/\/palletways.online\/hu\/\"},{\"@type\":\"ListItem\",\"position\":2,\"name\":\"Mi\u00e9rt v\u00e1lasszon minket?\"}]},{\"@type\":\"WebSite\",\"@id\":\"https:\/\/palletways.online\/hu\/#website\",\"url\":\"https:\/\/palletways.online\/hu\/\",\"name\":\"Palletways Online Hungary\",\"description\":\"\",\"potentialAction\":[{\"@type\":\"SearchAction\",\"target\":{\"@type\":\"EntryPoint\",\"urlTemplate\":\"https:\/\/palletways.online\/hu\/?s={search_term_string}\"},\"query-input\":{\"@type\":\"PropertyValueSpecification\",\"valueRequired\":true,\"valueName\":\"search_term_string\"}}],\"inLanguage\":\"hu\"}]}<\/script>\n<!-- \/ Yoast SEO plugin. -->","yoast_head_json":{"title":"Mi\u00e9rt v\u00e1lasszon minket? - Palletways Online Hungary","robots":{"index":"index","follow":"follow","max-snippet":"max-snippet:-1","max-image-preview":"max-image-preview:large","max-video-preview":"max-video-preview:-1"},"canonical":"https:\/\/palletways.online\/hu\/miert-minket\/","og_locale":"hu_HU","og_type":"article","og_title":"Mi\u00e9rt v\u00e1lasszon minket? - Palletways Online Hungary","og_description":"Ha megb\u00edzhat\u00f3 megold\u00e1st keres raklapjai c\u00e9lba juttat\u00e1s\u00e1hoz, v\u00e1lassza a Palletways Online-t! Legyen sz\u00f3 belf\u00f6ldi vagy nemzetk\u00f6zi fuvaroz\u00e1sr\u00f3l, k\u00edn\u00e1latunkban megtal\u00e1lja a szupergyors, m\u00e1snapi k\u00e9zbes\u00edt\u00e9st \u00e9s a kedvez\u0151 \u00e1r\u00fa economy szolg\u00e1ltat\u00e1st is.","og_url":"https:\/\/palletways.online\/hu\/miert-minket\/","og_site_name":"Palletways Online Hungary","article_modified_time":"2026-02-18T16:58:25+00:00","twitter_card":"summary_large_image","twitter_misc":{"Becs\u00fclt olvas\u00e1si id\u0151":"3 perc"},"schema":{"@context":"https:\/\/schema.org","@graph":[{"@type":"WebPage","@id":"https:\/\/palletways.online\/hu\/miert-minket\/","url":"https:\/\/palletways.online\/hu\/miert-minket\/","name":"Mi\u00e9rt v\u00e1lasszon minket? - Palletways Online Hungary","isPartOf":{"@id":"https:\/\/palletways.online\/hu\/#website"},"datePublished":"2026-02-05T15:52:04+00:00","dateModified":"2026-02-18T16:58:25+00:00","breadcrumb":{"@id":"https:\/\/palletways.online\/hu\/miert-minket\/#breadcrumb"},"inLanguage":"hu","potentialAction":[{"@type":"ReadAction","target":["https:\/\/palletways.online\/hu\/miert-minket\/"]}]},{"@type":"BreadcrumbList","@id":"https:\/\/palletways.online\/hu\/miert-minket\/#breadcrumb","itemListElement":[{"@type":"ListItem","position":1,"name":"Home","item":"https:\/\/palletways.online\/hu\/"},{"@type":"ListItem","position":2,"name":"Mi\u00e9rt v\u00e1lasszon minket?"}]},{"@type":"WebSite","@id":"https:\/\/palletways.online\/hu\/#website","url":"https:\/\/palletways.online\/hu\/","name":"Palletways Online Hungary","description":"","potentialAction":[{"@type":"SearchAction","target":{"@type":"EntryPoint","urlTemplate":"https:\/\/palletways.online\/hu\/?s={search_term_string}"},"query-input":{"@type":"PropertyValueSpecification","valueRequired":true,"valueName":"search_term_string"}}],"inLanguage":"hu"}]}},"lang":"hu","translations":{"hu":36,"en":86},"pll_sync_post":[],"_links":{"self":[{"href":"https:\/\/palletways.online\/hu\/wp-json\/wp\/v2\/pages\/36","targetHints":{"allow":["GET"]}}],"collection":[{"href":"https:\/\/palletways.online\/hu\/wp-json\/wp\/v2\/pages"}],"about":[{"href":"https:\/\/palletways.online\/hu\/wp-json\/wp\/v2\/types\/page"}],"author":[{"embeddable":true,"href":"https:\/\/palletways.online\/hu\/wp-json\/wp\/v2\/users\/2"}],"replies":[{"embeddable":true,"href":"https:\/\/palletways.online\/hu\/wp-json\/wp\/v2\/comments?post=36"}],"version-history":[{"count":10,"href":"https:\/\/palletways.online\/hu\/wp-json\/wp\/v2\/pages\/36\/revisions"}],"predecessor-version":[{"id":346,"href":"https:\/\/palletways.online\/hu\/wp-json\/wp\/v2\/pages\/36\/revisions\/346"}],"wp:attachment":[{"href":"https:\/\/palletways.online\/hu\/wp-json\/wp\/v2\/media?parent=36"}],"curies":[{"name":"wp","href":"https:\/\/api.w.org\/{rel}","templated":true}]}}