{"id":48,"date":"2026-02-05T15:53:40","date_gmt":"2026-02-05T15:53:40","guid":{"rendered":"https:\/\/palletways.online\/hu\/?page_id=48"},"modified":"2026-02-10T00:38:47","modified_gmt":"2026-02-10T00:38:47","slug":"raklap-elokeszitese","status":"publish","type":"page","link":"https:\/\/palletways.online\/hu\/raklap-elokeszitese\/","title":{"rendered":"Csomagol\u00e1si seg\u00e9dlet"},"content":{"rendered":"\n<div class=\"wp-block-cover\" style=\"margin-bottom:var(--wp--preset--spacing--4-xl);padding-top:var(--wp--preset--spacing--4-xl);padding-bottom:var(--wp--preset--spacing--4-xl);min-height:30svh;aspect-ratio:unset;\"><img decoding=\"async\" class=\"wp-block-cover__image-background wp-image-531 size-large\" alt=\"\" src=\"https:\/\/palletways.online\/wp-content\/uploads\/2026\/01\/Lorry-PW-1024x587.jpeg\" style=\"object-position:81% 78%\" data-object-fit=\"cover\" data-object-position=\"81% 78%\"\/><span aria-hidden=\"true\" class=\"wp-block-cover__background has-black-background-color has-background-dim-40 has-background-dim\"><\/span><div class=\"wp-block-cover__inner-container has-global-padding is-layout-constrained wp-block-cover-is-layout-constrained\">\n<div class=\"wp-block-group has-global-padding is-layout-constrained wp-block-group-is-layout-constrained\">\n<div class=\"wp-block-columns is-layout-flex wp-container-core-columns-is-layout-28f84493 wp-block-columns-is-layout-flex\">\n<div class=\"wp-block-column is-vertically-aligned-center is-layout-flow wp-container-core-column-is-layout-86b72393 wp-block-column-is-layout-flow\">\n<ol itemscope itemtype=\"https:\/\/schema.org\/BreadcrumbList\" class=\"wp-elements-e4c33ec0092b97fff79b6b3421a6e1af wp-block-the-framework-breadcrumbs has-text-color has-white-color\">\n    <li itemprop=\"itemListElement\" itemscope itemtype=\"https:\/\/schema.org\/ListItem\"><a style=\"--accent-text: var(--wp--preset--color--white);\" itemscope itemtype=\"https:\/\/schema.org\/WebPage\" itemprop=\"item\" itemid=\"https:\/\/palletways.online\/hu\" href=\"https:\/\/palletways.online\/hu\"><span itemprop=\"name\">Palletways Online Hungary<\/span><\/a><meta itemprop=\"position\" content=\"1\" \/><\/li><svg width=\"8\" height=\"14\" viewBox=\"0 0 8 14\" fill=\"none\" xmlns=\"http:\/\/www.w3.org\/2000\/svg\"><path d=\"M6.59241 0.333374L1.40723 13.6667\" stroke=\"currentColor\" stroke-width=\"1.5\"\/><\/svg><li itemprop=\"itemListElement\" itemscope itemtype=\"https:\/\/schema.org\/ListItem\"><span itemprop=\"name\">Oldal<\/span><meta itemprop=\"position\" content=\"2\" \/><\/li><\/ol>\n\n\n\n<div class=\"wp-block-group has-global-padding is-content-justification-left is-layout-constrained wp-container-core-group-is-layout-74cbbf86 wp-block-group-is-layout-constrained\">\n<h1 class=\"wp-block-heading has-white-color has-text-color has-link-color wp-elements-959b617e5c9e5b5d51ad80ab7bed3ca7\">\u00datmutat\u00f3 a k\u00fcldem\u00e9nyek sz\u00e1ll\u00edt\u00e1sra val\u00f3 el\u0151k\u00e9sz\u00edt\u00e9s\u00e9hez<\/h1>\n\n\n\n<p class=\"has-white-color has-text-color has-link-color wp-elements-e6ddeb4b4a157a8344e4371be48a8363\">Az \u00e1ru szakszer\u0171 r\u00f6gz\u00edt\u00e9se \u00e9s csomagol\u00e1sa kulcsfontoss\u00e1g\u00fa ahhoz, hogy k\u00fcldem\u00e9nye s\u00e9r\u00fcl\u00e9smentesen haladhasson v\u00e9gig a Palletways h\u00e1l\u00f3zat\u00e1n. K\u00e9rj\u00fck, k\u00f6vesse az al\u00e1bbi egyszer\u0171 l\u00e9p\u00e9seket, hogy sz\u00e1ll\u00edtm\u00e1nya stabil, biztons\u00e1gos \u00e9s felv\u00e9telre k\u00e9sz \u00e1llapotba ker\u00fclj\u00f6n.<\/p>\n\n\n\n<p class=\"has-white-color has-text-color has-link-color wp-elements-7ddbc4d3a0aafaa86edd624a080980b0\">A felad\u00e1sra sz\u00e1nt t\u00e9teleket minden esetben a k\u00f6z\u00fati fuvaroz\u00e1sra alkalmas m\u00f3don kell \u00e1tadni munkat\u00e1rsunknak. Fontos tudni, hogy a k\u00fcldem\u00e9ny sz\u00e1ll\u00edthat\u00f3s\u00e1g\u00e1r\u00f3l \u00e9s a r\u00f6gz\u00edt\u00e9s megfelel\u0151s\u00e9g\u00e9r\u0151l minden esetben a helysz\u00ednen tart\u00f3zkod\u00f3 g\u00e9pj\u00e1rm\u0171vezet\u0151 hoz v\u00e9gleges d\u00f6nt\u00e9st.<\/p>\n<\/div>\n<\/div>\n\n\n\n<div class=\"wp-block-column is-vertically-aligned-center is-layout-flow wp-block-column-is-layout-flow\"><\/div>\n<\/div>\n<\/div>\n<\/div><\/div>\n\n\n\n<div class=\"wp-block-group has-global-padding is-layout-constrained wp-block-group-is-layout-constrained\" style=\"margin-bottom:var(--wp--preset--spacing--4-xl)\">\n<div class=\"wp-block-columns is-layout-flex wp-container-core-columns-is-layout-f27e9562 wp-block-columns-is-layout-flex\">\n<div class=\"wp-block-column is-layout-flow wp-block-column-is-layout-flow\" style=\"flex-basis:25%\">\n<div class=\"wp-block-group has-global-padding is-layout-constrained wp-block-group-is-layout-constrained wp-container-3 is-position-sticky\" style=\"padding-top:var(--wp--preset--spacing--lg)\">\n<div class=\"wp-block-group has-border-color has-global-padding is-layout-constrained wp-container-core-group-is-layout-337b8cc2 wp-block-group-is-layout-constrained\" style=\"border-color:#74C043;border-width:2px;border-radius:0.6rem;padding-top:var(--wp--preset--spacing--lg);padding-right:var(--wp--preset--spacing--lg);padding-bottom:var(--wp--preset--spacing--lg);padding-left:var(--wp--preset--spacing--lg)\">\n<h6 class=\"wp-block-heading\">Topics<\/h6>\n\n\n\n<div class=\"wp-block-group has-global-padding is-layout-constrained wp-container-core-group-is-layout-53fa5211 wp-block-group-is-layout-constrained\" style=\"padding-left:var(--wp--preset--spacing--md)\">\n<h6 class=\"wp-block-heading has-secondary-color has-text-color has-link-color wp-elements-e31c8e40221a5e303016489ce50f4dda\"><a style=\"--accent-text: var(--wp--preset--color--primary);\" href=\"#prepare-for-delivery\">Hogyan k\u00e9sz\u00edts\u00fck el\u0151 a raklapot a sz\u00e1ll\u00edt\u00e1sra?<\/a><\/h6>\n\n\n\n<div class=\"wp-block-group has-global-padding is-layout-constrained wp-container-core-group-is-layout-cd528046 wp-block-group-is-layout-constrained\" style=\"padding-left:var(--wp--preset--spacing--lg)\">\n<h6 class=\"wp-block-heading has-secondary-color has-text-color has-link-color has-body-font-size wp-elements-670e63feec0588996fa14eb2dfa4e9b3\"><a style=\"--accent-text: var(--wp--preset--color--primary);\" href=\"#choose-pallet\">1. V\u00e1lasszon er\u0151s \u00e9s stabil raklapot<\/a><\/h6>\n\n\n\n<h6 class=\"wp-block-heading has-secondary-color has-text-color has-link-color has-body-font-size wp-elements-c801ddec580b75f5bd5306fa2ddb5c55\"><a style=\"--accent-text: var(--wp--preset--color--primary);\" href=\"#secure-goods\">2. R\u00f6gz\u00edtse \u00e9s v\u00e9dje megfelel\u0151en az \u00e1rut<\/a><\/h6>\n\n\n\n<h6 class=\"wp-block-heading has-secondary-color has-text-color has-link-color has-body-font-size wp-elements-c8c7688d27470550789b324b73f458b2\"><a style=\"--accent-text: var(--wp--preset--color--primary);\" href=\"#declare-weight\">3. Adja meg a k\u00fcldem\u00e9ny pontos s\u00faly\u00e1t<\/a><\/h6>\n\n\n\n<h6 class=\"wp-block-heading has-secondary-color has-text-color has-link-color has-body-font-size wp-elements-a96646701230921b715fe3e690d914c5\"><a style=\"--accent-text: var(--wp--preset--color--primary);\" href=\"#label-pallet\">4. Jel\u00f6lje meg egy\u00e9rtelm\u0171en a raklapot<\/a><\/h6>\n\n\n\n<h6 class=\"wp-block-heading has-secondary-color has-text-color has-link-color has-body-font-size wp-elements-2381978cc31b10c03ed34f959f864a21\"><a style=\"--accent-text: var(--wp--preset--color--primary);\" href=\"#max-pallet-weight\">5. Maxim\u00e1lis raklaps\u00faly<\/a><\/h6>\n<\/div>\n\n\n\n<h6 class=\"wp-block-heading has-secondary-color has-text-color has-link-color wp-elements-ae6e2feb2675f8572af3769034cc6bda\"><a style=\"--accent-text: var(--wp--preset--color--secondary);\" href=\"#why-preparation-matters\">Mi\u00e9rt fontos a raklapok megfelel\u0151 el\u0151k\u00e9sz\u00edt\u00e9se?<\/a><\/h6>\n<\/div>\n<\/div>\n<\/div>\n<\/div>\n\n\n\n<div class=\"wp-block-column is-layout-flow wp-block-column-is-layout-flow\" style=\"padding-top:var(--wp--preset--spacing--lg);padding-bottom:var(--wp--preset--spacing--lg);flex-basis:75%\">\n<h3 class=\"wp-block-heading\" id=\"prepare-for-delivery\">Hogyan k\u00e9sz\u00edts\u00fck el\u0151 a raklapot a sz\u00e1ll\u00edt\u00e1sra?<\/h3>\n\n\n\n<div id=\"choose-pallet\" class=\"wp-block-group has-global-padding is-layout-constrained wp-block-group-is-layout-constrained\">\n<h4 class=\"wp-block-heading\">1. V\u00e1lasszon er\u0151s \u00e9s stabil raklapot<\/h4>\n\n\n\n<p>Amikor belf\u00f6ldi vagy nemzetk\u00f6zi h\u00e1l\u00f3zatunkon kereszt\u00fcl k\u00fcld \u00e1rut, elengedhetetlen, hogy j\u00f3 min\u0151s\u00e9g\u0171, a rakom\u00e1ny s\u00faly\u00e1t elb\u00edr\u00f3 fa raklapot haszn\u00e1ljon.<\/p>\n\n\n\n<ul class=\"wp-block-list\">\n<li>Haszn\u00e1ljon \u00e9p \u00e9s massz\u00edv alapot: Csak olyan s\u00e9rtetlen raklapot v\u00e1lasszon, amely kib\u00edrja a gy\u0171jt\u0151h\u00e1l\u00f3zatban t\u00f6rt\u00e9n\u0151 t\u00f6bbsz\u00f6ri mozgat\u00e1st \u00e9s \u00e1trakod\u00e1st.<\/li>\n\n\n\n<li>Emel\u0151h\u00e1tfalas sz\u00e1ll\u00edt\u00e1s: Amennyiben a felv\u00e9tel vagy a k\u00e9zbes\u00edt\u00e9s emel\u0151h\u00e1tfalas teheraut\u00f3val t\u00f6rt\u00e9nik, mindenk\u00e9ppen szabv\u00e1nyos, n\u00e9gyir\u00e1ny\u00fa targonc\u00e1zhat\u00f3 raklapot (p\u00e9ld\u00e1ul EUR-raklapot) haszn\u00e1ljon.<\/li>\n\n\n\n<li>\u00dcgyeljen a t\u00falny\u00fal\u00e1sra: Az \u00e1ru nem l\u00f3ghat t\u00fal a raklap sz\u00e9lein. A t\u00falny\u00fal\u00f3 t\u00e9telek fokozottan s\u00e9r\u00fcl\u00e9svesz\u00e9lyesek, ez\u00e9rt munkat\u00e1rsunk megtagadhatja az ilyen k\u00fcldem\u00e9nyek \u00e1tv\u00e9tel\u00e9t.<\/li>\n<\/ul>\n\n\n\n<p>Cser\u00e9lje a s\u00e9r\u00fclt eszk\u00f6zt: Ha a raklap t\u00f6r\u00f6tt vagy instabil, a sz\u00e1ll\u00edt\u00e1si k\u00e9sedelmek elker\u00fcl\u00e9se \u00e9rdek\u00e9ben m\u00e9g a g\u00e9pj\u00e1rm\u0171vezet\u0151 \u00e9rkez\u00e9se el\u0151tt cser\u00e9lje ki egy megfelel\u0151 \u00e1llapot\u00fara.<\/p>\n<\/div>\n\n\n\n<div id=\"secure-goods\" class=\"wp-block-group has-global-padding is-layout-constrained wp-block-group-is-layout-constrained\">\n<h4 class=\"wp-block-heading\">2. R\u00f6gz\u00edtse \u00e9s v\u00e9dje megfelel\u0151en az \u00e1rut<\/h4>\n\n\n\n<p>A szakszer\u0171 r\u00f6gz\u00edt\u00e9s garant\u00e1lja, hogy k\u00fcldem\u00e9nye \u00e9ps\u00e9gben \u00e9s s\u00e9rtetlen\u00fcl \u00e9rkezzen meg a c\u00e9l\u00e1llom\u00e1sra.<\/p>\n\n\n\n<ul class=\"wp-block-list\">\n<li>Haszn\u00e1ljon er\u0151s r\u00f6gz\u00edt\u0151eszk\u00f6z\u00f6ket: Alkalmazzon massz\u00edv p\u00e1ntol\u00f3szalagot vagy g\u00e9pi ny\u00fajthat\u00f3 f\u00f3li\u00e1t (stretch f\u00f3lia), hogy az \u00e1rut szorosan az alaphoz r\u00f6gz\u00edtse.<\/li>\n\n\n\n<li>Stabiliz\u00e1lja a rakom\u00e1nyt: Ne csak a term\u00e9keket tekerje k\u00f6rbe, hanem a f\u00f3li\u00e1z\u00e1st vezesse r\u00e1 a raklap als\u00f3 r\u00e9sz\u00e9re is. \u00cdgy az \u00e1ru \u00e9s az alap egyetlen stabil egys\u00e9get alkot.<\/li>\n\n\n\n<li>Id\u0151j\u00e1r\u00e1s elleni v\u00e9delem: Mivel a sz\u00e1ll\u00edtm\u00e1nyok az \u00e1trakod\u00e1s sor\u00e1n ki lehetnek t\u00e9ve a k\u00f6rnyezeti hat\u00e1soknak, javasoljuk a teljes k\u00f6r\u0171 f\u00f3li\u00e1z\u00e1st az es\u0151 \u00e9s a por elleni v\u00e9delem \u00e9rdek\u00e9ben.<\/li>\n\n\n\n<li>V\u00e9gezzen stabilit\u00e1si tesztet: Ha a rakom\u00e1ny egy enyhe l\u00f6k\u00e9st\u0151l megmozdul vagy megbillen, a r\u00f6gz\u00edt\u00e9s nem kiel\u00e9g\u00edt\u0151 a k\u00f6z\u00fati fuvaroz\u00e1shoz.<\/li>\n\n\n\n<li>Jel\u00f6lje a halmozhat\u00f3s\u00e1got: F\u00e9l vagy negyed magass\u00e1g\u00fa egys\u00e9gek eset\u00e9n j\u00f3l l\u00e1that\u00f3an t\u00fcntesse fel a \u201eNem halmozhat\u00f3\u201d (Do Not Stack) jelz\u00e9st, amennyiben az egym\u00e1sra pakol\u00e1s k\u00e1rt tehet az \u00e1ruban.<\/li>\n<\/ul>\n<\/div>\n\n\n\n<div id=\"declare-weight\" class=\"wp-block-group has-global-padding is-layout-constrained wp-block-group-is-layout-constrained\">\n<h4 class=\"wp-block-heading\">3. Adja meg a k\u00fcldem\u00e9ny pontos s\u00faly\u00e1t<\/h4>\n\n\n\n<p>Mindig a raklap t\u00e9nyleges, teljes \u00f6sszs\u00faly\u00e1t t\u00fcntesse fel a rendel\u00e9skor. A pontatlanul megadott adatok sz\u00e1ll\u00edt\u00e1si k\u00e9sedelmet, meghi\u00fasult felv\u00e9telt vagy a megb\u00edz\u00e1s t\u00f6rl\u00e9s\u00e9t vonhatj\u00e1k maguk ut\u00e1n.<\/p>\n\n\n\n<p>A hiteles s\u00falyinform\u00e1ci\u00f3 elengedhetetlen a biztons\u00e1gos \u00e1rukezel\u00e9shez \u00e9s a k\u00f6z\u00fati fuvaroz\u00e1si szab\u00e1lyok betart\u00e1s\u00e1hoz a Palletways h\u00e1l\u00f3zat\u00e1n bel\u00fcl. Emellett a pontos adatok garant\u00e1lj\u00e1k, hogy a d\u00edjkalkul\u00e1ci\u00f3 sor\u00e1n a val\u00f3s k\u00f6lts\u00e9gekkel sz\u00e1molhasson, elker\u00fclve az ut\u00f3lagos fel\u00e1rakat.<\/p>\n<\/div>\n\n\n\n<div id=\"label-pallet\" class=\"wp-block-group has-global-padding is-layout-constrained wp-block-group-is-layout-constrained\">\n<h4 class=\"wp-block-heading\">4. Jel\u00f6lje meg egy\u00e9rtelm\u0171en a raklapot<\/h4>\n\n\n\n<p>A pontos \u00e9s olvashat\u00f3 c\u00edmz\u00e9s alapfelt\u00e9tele annak, hogy sz\u00e1ll\u00edtm\u00e1nya k\u00e9sedelem n\u00e9lk\u00fcl eljusson a megadott c\u00edmre.<\/p>\n\n\n\n<ul class=\"wp-block-list\">\n<li>Haszn\u00e1ljon t\u00f6bb c\u00edmk\u00e9t: A c\u00edmz\u00e9st a raklap legal\u00e1bb k\u00e9t oldal\u00e1ra r\u00f6gz\u00edtse, j\u00f3l l\u00e1that\u00f3 m\u00f3don.<\/li>\n\n\n\n<li>Adja meg a teljes k\u00f6r\u0171 adatokat: K\u00e9rj\u00fck, t\u00fcntesse fel az al\u00e1bbi inform\u00e1ci\u00f3kat:\n<ul class=\"wp-block-list\">\n<li>A felad\u00f3 pontos neve \u00e9s c\u00edme.\u00a0<\/li>\n\n\n\n<li>A c\u00edmzett teljes neve, c\u00edme \u00e9s ir\u00e1ny\u00edt\u00f3sz\u00e1ma.<\/li>\n\n\n\n<li>Minden egy\u00e9b hivatkoz\u00e1si sz\u00e1mot vagy el\u00e9rhet\u0151s\u00e9get (p\u00e9ld\u00e1ul telefonsz\u00e1mot).<\/li>\n<\/ul>\n<\/li>\n<\/ul>\n\n\n\n<p>A prec\u00edzen feliratozott k\u00fcldem\u00e9nyek hat\u00e9konyabban haladnak \u00e1t a belf\u00f6ldi \u00e9s nemzetk\u00f6zi logisztikai rendszer\u00fcnk\u00f6n, \u00e9s megk\u00f6nny\u00edtik a k\u00fcldem\u00e9ny nyomon k\u00f6vet\u00e9s\u00e9t a felv\u00e9telt\u0151l a k\u00e9zbes\u00edt\u00e9sig.<\/p>\n<\/div>\n\n\n\n<div id=\"max-pallet-weight\" class=\"wp-block-group has-global-padding is-layout-constrained wp-block-group-is-layout-constrained\">\n<h4 class=\"wp-block-heading\">5. Maxim\u00e1lis raklaps\u00faly<\/h4>\n\n\n\n<p>A Palletways magyarorsz\u00e1gi h\u00e1l\u00f3zat\u00e1ban az egy raklapra vonatkoz\u00f3 maxim\u00e1lis s\u00falyhat\u00e1r:<\/p>\n\n\n\n<p>1200 kg (azon k\u00fcldem\u00e9nyek eset\u00e9ben, ahol a felv\u00e9tel vagy a k\u00e9zbes\u00edt\u00e9s emel\u0151h\u00e1tfalas teheraut\u00f3val t\u00f6rt\u00e9nik).<\/p>\n\n\n\n<p>K\u00e9rj\u00fck, vegye figyelembe, hogy a biztons\u00e1gos mozgat\u00e1s \u00e9s a g\u00e9pj\u00e1rm\u0171vek emel\u0151h\u00e1tfal\u00e1nak teherb\u00edr\u00e1sa \u00e9rdek\u00e9ben ezt a s\u00falykorl\u00e1tot szigor\u00faan be kell tartani a k\u00f6z\u00fati \u00e1rusz\u00e1ll\u00edt\u00e1s sor\u00e1n.<\/p>\n<\/div>\n\n\n\n<div class=\"wp-block-group has-global-padding is-layout-constrained wp-block-group-is-layout-constrained\">\n<h3 class=\"wp-block-heading\" id=\"why-preparation-matters\">Mi\u00e9rt fontos a raklapok megfelel\u0151 el\u0151k\u00e9sz\u00edt\u00e9se?<\/h3>\n\n\n\n<p>A pontos csomagol\u00e1si \u00e9s r\u00f6gz\u00edt\u00e9si l\u00e9p\u00e9sek betart\u00e1sa az al\u00e1bbiakban seg\u00edt:<\/p>\n\n\n\n<ul class=\"wp-block-list\">\n<li>Megel\u0151zi a s\u00e9r\u00fcl\u00e9seket a raklapos sz\u00e1ll\u00edt\u00e1s teljes folyamata alatt.<\/li>\n\n\n\n<li>Felgyors\u00edtja a felv\u00e9teli \u00e9s k\u00e9zbes\u00edt\u00e9si id\u0151t, elker\u00fclve a felesleges v\u00e1rakoz\u00e1st.<\/li>\n\n\n\n<li>Garant\u00e1lja a biztons\u00e1gos \u00e1rukezel\u00e9st a Palletways magyarorsz\u00e1gi \u00e9s nemzetk\u00f6zi gy\u0171jt\u0151h\u00e1l\u00f3zat\u00e1ban.<\/li>\n<\/ul>\n\n\n\n<p>Ha r\u00e1sz\u00e1nja az id\u0151t a k\u00fcldem\u00e9ny szakszer\u0171 el\u0151k\u00e9sz\u00edt\u00e9s\u00e9re, azzal z\u00f6kken\u0151mentes \u00e9s megb\u00edzhat\u00f3 sz\u00e1ll\u00edt\u00e1si \u00e9lm\u00e9nyt biztos\u00edt saj\u00e1t maga \u00e9s partnerei sz\u00e1m\u00e1ra is \u2013 f\u00fcggetlen\u00fcl att\u00f3l, hogy eseti jelleggel k\u00fcld egyetlen raklapot, vagy rendszeres \u00e1rusz\u00e1ll\u00edt\u00e1st tervez.<\/p>\n<\/div>\n<\/div>\n<\/div>\n<\/div>\n","protected":false},"excerpt":{"rendered":"<p>Topics Hogyan k\u00e9sz\u00edts\u00fck el\u0151 a raklapot a sz\u00e1ll\u00edt\u00e1sra? 1. V\u00e1lasszon er\u0151s \u00e9s stabil raklapot 2. R\u00f6gz\u00edtse \u00e9s v\u00e9dje megfelel\u0151en az \u00e1rut 3. Adja meg a k\u00fcldem\u00e9ny pontos s\u00faly\u00e1t 4. Jel\u00f6lje meg egy\u00e9rtelm\u0171en a raklapot 5. Maxim\u00e1lis raklaps\u00faly Mi\u00e9rt fontos a raklapok megfelel\u0151 el\u0151k\u00e9sz\u00edt\u00e9se? Hogyan k\u00e9sz\u00edts\u00fck el\u0151 a raklapot a sz\u00e1ll\u00edt\u00e1sra? 1. V\u00e1lasszon er\u0151s \u00e9s stabil [&hellip;]<\/p>\n","protected":false},"author":2,"featured_media":0,"parent":0,"menu_order":0,"comment_status":"closed","ping_status":"closed","template":"","meta":{"view_count":119,"faq_page":false,"footnotes":""},"class_list":["post-48","page","type-page","status-publish","hentry"],"yoast_head":"<!-- This site is optimized with the Yoast SEO plugin v27.2 - https:\/\/yoast.com\/product\/yoast-seo-wordpress\/ -->\n<title>Csomagol\u00e1si seg\u00e9dlet - Palletways Online Hungary<\/title>\n<meta name=\"robots\" content=\"index, follow, max-snippet:-1, max-image-preview:large, max-video-preview:-1\" \/>\n<link rel=\"canonical\" href=\"https:\/\/palletways.online\/hu\/raklap-elokeszitese\/\" \/>\n<meta property=\"og:locale\" content=\"hu_HU\" \/>\n<meta property=\"og:type\" content=\"article\" \/>\n<meta property=\"og:title\" content=\"Csomagol\u00e1si seg\u00e9dlet - Palletways Online Hungary\" \/>\n<meta property=\"og:description\" content=\"Topics Hogyan k\u00e9sz\u00edts\u00fck el\u0151 a raklapot a sz\u00e1ll\u00edt\u00e1sra? 1. V\u00e1lasszon er\u0151s \u00e9s stabil raklapot 2. R\u00f6gz\u00edtse \u00e9s v\u00e9dje megfelel\u0151en az \u00e1rut 3. Adja meg a k\u00fcldem\u00e9ny pontos s\u00faly\u00e1t 4. Jel\u00f6lje meg egy\u00e9rtelm\u0171en a raklapot 5. Maxim\u00e1lis raklaps\u00faly Mi\u00e9rt fontos a raklapok megfelel\u0151 el\u0151k\u00e9sz\u00edt\u00e9se? Hogyan k\u00e9sz\u00edts\u00fck el\u0151 a raklapot a sz\u00e1ll\u00edt\u00e1sra? 1. V\u00e1lasszon er\u0151s \u00e9s stabil [&hellip;]\" \/>\n<meta property=\"og:url\" content=\"https:\/\/palletways.online\/hu\/raklap-elokeszitese\/\" \/>\n<meta property=\"og:site_name\" content=\"Palletways Online Hungary\" \/>\n<meta property=\"article:modified_time\" content=\"2026-02-10T00:38:47+00:00\" \/>\n<meta name=\"twitter:card\" content=\"summary_large_image\" \/>\n<meta name=\"twitter:label1\" content=\"Becs\u00fclt olvas\u00e1si id\u0151\" \/>\n\t<meta name=\"twitter:data1\" content=\"6 perc\" \/>\n<script type=\"application\/ld+json\" class=\"yoast-schema-graph\">{\"@context\":\"https:\/\/schema.org\",\"@graph\":[{\"@type\":\"WebPage\",\"@id\":\"https:\/\/palletways.online\/hu\/raklap-elokeszitese\/\",\"url\":\"https:\/\/palletways.online\/hu\/raklap-elokeszitese\/\",\"name\":\"Csomagol\u00e1si seg\u00e9dlet - Palletways Online Hungary\",\"isPartOf\":{\"@id\":\"https:\/\/palletways.online\/hu\/#website\"},\"primaryImageOfPage\":{\"@id\":\"https:\/\/palletways.online\/hu\/raklap-elokeszitese\/#primaryimage\"},\"image\":{\"@id\":\"https:\/\/palletways.online\/hu\/raklap-elokeszitese\/#primaryimage\"},\"thumbnailUrl\":\"https:\/\/palletways.online\/wp-content\/uploads\/2026\/01\/Lorry-PW-1024x587.jpeg\",\"datePublished\":\"2026-02-05T15:53:40+00:00\",\"dateModified\":\"2026-02-10T00:38:47+00:00\",\"breadcrumb\":{\"@id\":\"https:\/\/palletways.online\/hu\/raklap-elokeszitese\/#breadcrumb\"},\"inLanguage\":\"hu\",\"potentialAction\":[{\"@type\":\"ReadAction\",\"target\":[\"https:\/\/palletways.online\/hu\/raklap-elokeszitese\/\"]}]},{\"@type\":\"ImageObject\",\"inLanguage\":\"hu\",\"@id\":\"https:\/\/palletways.online\/hu\/raklap-elokeszitese\/#primaryimage\",\"url\":\"https:\/\/palletways.online\/wp-content\/uploads\/2026\/01\/Lorry-PW-1024x587.jpeg\",\"contentUrl\":\"https:\/\/palletways.online\/wp-content\/uploads\/2026\/01\/Lorry-PW-1024x587.jpeg\"},{\"@type\":\"BreadcrumbList\",\"@id\":\"https:\/\/palletways.online\/hu\/raklap-elokeszitese\/#breadcrumb\",\"itemListElement\":[{\"@type\":\"ListItem\",\"position\":1,\"name\":\"Home\",\"item\":\"https:\/\/palletways.online\/hu\/\"},{\"@type\":\"ListItem\",\"position\":2,\"name\":\"Csomagol\u00e1si seg\u00e9dlet\"}]},{\"@type\":\"WebSite\",\"@id\":\"https:\/\/palletways.online\/hu\/#website\",\"url\":\"https:\/\/palletways.online\/hu\/\",\"name\":\"Palletways Online Hungary\",\"description\":\"\",\"potentialAction\":[{\"@type\":\"SearchAction\",\"target\":{\"@type\":\"EntryPoint\",\"urlTemplate\":\"https:\/\/palletways.online\/hu\/?s={search_term_string}\"},\"query-input\":{\"@type\":\"PropertyValueSpecification\",\"valueRequired\":true,\"valueName\":\"search_term_string\"}}],\"inLanguage\":\"hu\"}]}<\/script>\n<!-- \/ Yoast SEO plugin. -->","yoast_head_json":{"title":"Csomagol\u00e1si seg\u00e9dlet - Palletways Online Hungary","robots":{"index":"index","follow":"follow","max-snippet":"max-snippet:-1","max-image-preview":"max-image-preview:large","max-video-preview":"max-video-preview:-1"},"canonical":"https:\/\/palletways.online\/hu\/raklap-elokeszitese\/","og_locale":"hu_HU","og_type":"article","og_title":"Csomagol\u00e1si seg\u00e9dlet - Palletways Online Hungary","og_description":"Topics Hogyan k\u00e9sz\u00edts\u00fck el\u0151 a raklapot a sz\u00e1ll\u00edt\u00e1sra? 1. V\u00e1lasszon er\u0151s \u00e9s stabil raklapot 2. R\u00f6gz\u00edtse \u00e9s v\u00e9dje megfelel\u0151en az \u00e1rut 3. Adja meg a k\u00fcldem\u00e9ny pontos s\u00faly\u00e1t 4. Jel\u00f6lje meg egy\u00e9rtelm\u0171en a raklapot 5. Maxim\u00e1lis raklaps\u00faly Mi\u00e9rt fontos a raklapok megfelel\u0151 el\u0151k\u00e9sz\u00edt\u00e9se? Hogyan k\u00e9sz\u00edts\u00fck el\u0151 a raklapot a sz\u00e1ll\u00edt\u00e1sra? 1. V\u00e1lasszon er\u0151s \u00e9s stabil [&hellip;]","og_url":"https:\/\/palletways.online\/hu\/raklap-elokeszitese\/","og_site_name":"Palletways Online Hungary","article_modified_time":"2026-02-10T00:38:47+00:00","twitter_card":"summary_large_image","twitter_misc":{"Becs\u00fclt olvas\u00e1si id\u0151":"6 perc"},"schema":{"@context":"https:\/\/schema.org","@graph":[{"@type":"WebPage","@id":"https:\/\/palletways.online\/hu\/raklap-elokeszitese\/","url":"https:\/\/palletways.online\/hu\/raklap-elokeszitese\/","name":"Csomagol\u00e1si seg\u00e9dlet - Palletways Online Hungary","isPartOf":{"@id":"https:\/\/palletways.online\/hu\/#website"},"primaryImageOfPage":{"@id":"https:\/\/palletways.online\/hu\/raklap-elokeszitese\/#primaryimage"},"image":{"@id":"https:\/\/palletways.online\/hu\/raklap-elokeszitese\/#primaryimage"},"thumbnailUrl":"https:\/\/palletways.online\/wp-content\/uploads\/2026\/01\/Lorry-PW-1024x587.jpeg","datePublished":"2026-02-05T15:53:40+00:00","dateModified":"2026-02-10T00:38:47+00:00","breadcrumb":{"@id":"https:\/\/palletways.online\/hu\/raklap-elokeszitese\/#breadcrumb"},"inLanguage":"hu","potentialAction":[{"@type":"ReadAction","target":["https:\/\/palletways.online\/hu\/raklap-elokeszitese\/"]}]},{"@type":"ImageObject","inLanguage":"hu","@id":"https:\/\/palletways.online\/hu\/raklap-elokeszitese\/#primaryimage","url":"https:\/\/palletways.online\/wp-content\/uploads\/2026\/01\/Lorry-PW-1024x587.jpeg","contentUrl":"https:\/\/palletways.online\/wp-content\/uploads\/2026\/01\/Lorry-PW-1024x587.jpeg"},{"@type":"BreadcrumbList","@id":"https:\/\/palletways.online\/hu\/raklap-elokeszitese\/#breadcrumb","itemListElement":[{"@type":"ListItem","position":1,"name":"Home","item":"https:\/\/palletways.online\/hu\/"},{"@type":"ListItem","position":2,"name":"Csomagol\u00e1si seg\u00e9dlet"}]},{"@type":"WebSite","@id":"https:\/\/palletways.online\/hu\/#website","url":"https:\/\/palletways.online\/hu\/","name":"Palletways Online Hungary","description":"","potentialAction":[{"@type":"SearchAction","target":{"@type":"EntryPoint","urlTemplate":"https:\/\/palletways.online\/hu\/?s={search_term_string}"},"query-input":{"@type":"PropertyValueSpecification","valueRequired":true,"valueName":"search_term_string"}}],"inLanguage":"hu"}]}},"lang":"hu","translations":{"hu":48,"en":114},"pll_sync_post":[],"_links":{"self":[{"href":"https:\/\/palletways.online\/hu\/wp-json\/wp\/v2\/pages\/48","targetHints":{"allow":["GET"]}}],"collection":[{"href":"https:\/\/palletways.online\/hu\/wp-json\/wp\/v2\/pages"}],"about":[{"href":"https:\/\/palletways.online\/hu\/wp-json\/wp\/v2\/types\/page"}],"author":[{"embeddable":true,"href":"https:\/\/palletways.online\/hu\/wp-json\/wp\/v2\/users\/2"}],"replies":[{"embeddable":true,"href":"https:\/\/palletways.online\/hu\/wp-json\/wp\/v2\/comments?post=48"}],"version-history":[{"count":6,"href":"https:\/\/palletways.online\/hu\/wp-json\/wp\/v2\/pages\/48\/revisions"}],"predecessor-version":[{"id":184,"href":"https:\/\/palletways.online\/hu\/wp-json\/wp\/v2\/pages\/48\/revisions\/184"}],"wp:attachment":[{"href":"https:\/\/palletways.online\/hu\/wp-json\/wp\/v2\/media?parent=48"}],"curies":[{"name":"wp","href":"https:\/\/api.w.org\/{rel}","templated":true}]}}